{"id":99,"date":"2015-12-27T10:21:15","date_gmt":"2015-12-27T09:21:15","guid":{"rendered":"http:\/\/konstforening.konstkluster.se\/?page_id=99"},"modified":"2021-09-03T16:14:24","modified_gmt":"2021-09-03T14:14:24","slug":"styrelse","status":"publish","type":"page","link":"https:\/\/www.konstkluster.se\/konstforening\/styrelse\/","title":{"rendered":"Styrelse"},"content":{"rendered":"<p>Styrelsens sammans\u00e4ttning, enl beslut vid NOAK \u00e5rsm\u00f6te (2021-09-02).<\/p>\n<p>Ir\u00e9ne Johansson (ordf\u00f6rande)<br \/>\nKristina Jonasson (kass\u00f6r)<br \/>\nSigvard Kunni (sekreterare)<br \/>\nSvetlana Kotelnikova<br \/>\nBrittmari Hagmarker<br \/>\nHelene Sj\u00f6dal<br \/>\nGunilla Herner Lundberg<\/p>\n<p>Margareta Frid (suppleant)<br \/>\nMarianne Sernhede (suppleant)<\/p>\n<p><a href=\"https:\/\/www.konstkluster.se\/konstforening\/tidigare-ars-styrelser\/\">Historik<\/a><\/p>\n<hr \/>\n","protected":false},"excerpt":{"rendered":"<p>Styrelsens sammans\u00e4ttning, enl beslut vid NOAK \u00e5rsm\u00f6te (2021-09-02). Ir\u00e9ne Johansson (ordf\u00f6rande) Kristina Jonasson (kass\u00f6r) Sigvard Kunni (sekreterare) Svetlana Kotelnikova Brittmari Hagmarker Helene Sj\u00f6dal Gunilla Herner Lundberg Margareta Frid (suppleant) Marianne Sernhede (suppleant) Historik<\/p>\n","protected":false},"author":2,"featured_media":0,"parent":0,"menu_order":0,"comment_status":"closed","ping_status":"closed","template":"","meta":{"footnotes":""},"class_list":["post-99","page","type-page","status-publish","hentry"],"_links":{"self":[{"href":"https:\/\/www.konstkluster.se\/konstforening\/wp-json\/wp\/v2\/pages\/99","targetHints":{"allow":["GET"]}}],"collection":[{"href":"https:\/\/www.konstkluster.se\/konstforening\/wp-json\/wp\/v2\/pages"}],"about":[{"href":"https:\/\/www.konstkluster.se\/konstforening\/wp-json\/wp\/v2\/types\/page"}],"author":[{"embeddable":true,"href":"https:\/\/www.konstkluster.se\/konstforening\/wp-json\/wp\/v2\/users\/2"}],"replies":[{"embeddable":true,"href":"https:\/\/www.konstkluster.se\/konstforening\/wp-json\/wp\/v2\/comments?post=99"}],"version-history":[{"count":25,"href":"https:\/\/www.konstkluster.se\/konstforening\/wp-json\/wp\/v2\/pages\/99\/revisions"}],"predecessor-version":[{"id":2733,"href":"https:\/\/www.konstkluster.se\/konstforening\/wp-json\/wp\/v2\/pages\/99\/revisions\/2733"}],"wp:attachment":[{"href":"https:\/\/www.konstkluster.se\/konstforening\/wp-json\/wp\/v2\/media?parent=99"}],"curies":[{"name":"wp","href":"https:\/\/api.w.org\/{rel}","templated":true}]}}