{"id":978,"date":"2017-04-03T22:10:08","date_gmt":"2017-04-03T20:10:08","guid":{"rendered":"http:\/\/www.konstkluster.se\/konstforening\/?page_id=978"},"modified":"2018-09-18T15:11:41","modified_gmt":"2018-09-18T13:11:41","slug":"ateljebesok-hos-anita-steiner","status":"publish","type":"page","link":"https:\/\/www.konstkluster.se\/konstforening\/ateljebesok-hos-anita-steiner\/","title":{"rendered":"Atelj\u00e9bes\u00f6k hos Anita Steiner"},"content":{"rendered":"<p>Medlemmar och \u00f6vriga intresserade \u00e4r varmt v\u00e4lkomna till ett atelj\u00e9bes\u00f6k hos konstn\u00e4ren och f\u00f6rfattaren\u00a0<strong>Anita Steiner<\/strong>\u00a0p\u00e5 H\u00e4ls\u00f6.<\/p>\n<p><strong>Tid:<\/strong>\u00a0onsdag 3 maj 2017 kl 18:30<br \/>\n<strong>Plats:<\/strong> Varvsv\u00e4gen 32 p\u00e5 H\u00e4ls\u00f6 i G\u00f6teborgs norra sk\u00e4rg\u00e5rd (se <a href=\"https:\/\/www.google.se\/maps\/place\/Varvsv%C3%A4gen+32,+475+50+H%C3%A4ls%C3%B6\/@57.7348184,11.6562894,17z\/data=!3m1!4b1!4m5!3m4!1s0x464f8f572eacf223:0x63b8b3747a5b5943!8m2!3d57.7348184!4d11.6584834?hl=sv\" target=\"_blank\" rel=\"noopener\">karta<\/a>)<br \/>\n<strong>Kostnad:\u00a0<\/strong>(betalas med\u00a0Swish eller\u00a0kontant direkt p\u00e5 plats)<br \/>\nF\u00f6r medlemmar: 80 SEK<br \/>\nF\u00f6r icke-medlemmar: 100 SEK<\/p>\n<p><strong>Anm\u00e4lan &amp; \u00f6vrig info:<\/strong><br \/>\nSkriv ett\u00a0<a href=\"mailto:konstforening@konstkluster.se\">mail<\/a>\u00a0eller ring till Margareta Frid p\u00e5 tfn 0709 93 93 01.<br \/>\nSista anm\u00e4lnings<span style=\"color: #000000;\">datum: 28 maj\u00a02017<\/span><br \/>\n<span style=\"color: #000000;\"> Max antal platser: 10\u00a0st\u00a0 \u00a0<span style=\"color: #ff0000;\"><strong>ATELJ\u00c9BES\u00d6KET \u00c4R FULLTECKNAT!<\/strong><\/span><\/span><\/p>\n<p><a href=\"https:\/\/www.konstkluster.se\/konstforening\/wp-content\/uploads\/2017\/04\/Bifogad-fil-utan-namn-00003.jpg\"><img loading=\"lazy\" decoding=\"async\" class=\"alignright wp-image-979 size-medium\" src=\"https:\/\/www.konstkluster.se\/konstforening\/wp-content\/uploads\/2017\/04\/Bifogad-fil-utan-namn-00003-91x300.jpg\" alt=\"\" width=\"91\" height=\"300\" srcset=\"https:\/\/www.konstkluster.se\/konstforening\/wp-content\/uploads\/2017\/04\/Bifogad-fil-utan-namn-00003-91x300.jpg 91w, https:\/\/www.konstkluster.se\/konstforening\/wp-content\/uploads\/2017\/04\/Bifogad-fil-utan-namn-00003-312x1024.jpg 312w\" sizes=\"auto, (max-width: 91px) 100vw, 91px\" \/><\/a>Anita Steiner har m\u00e5ng\u00e5rig erfarenhet fr\u00e5n sitt arbete med akvarell, grafik, olja och teckning.\u00a0Hon jobbar\u00a0\u00e4ven som f\u00f6rfattare och illustrerar bildhistoriska b\u00f6cker, som baseras p\u00e5 en grundlig research innan boken g\u00e5r iv\u00e4g till tryck.<\/p>\n<p>Under v\u00e5rt atelj\u00e9bes\u00f6k \u00e4r det fokus p\u00e5 hennes grafiska arbete. I sin atelj\u00e9 p\u00e5 H\u00e4ls\u00f6 har Anita vad hon\u00a0beh\u00f6ver f\u00f6r att trycka sin grafik. Hon kommer att ber\u00e4tta om olika processer innan en grafisk bild blir klar.<\/p>\n<p>Det bjuds p\u00e5 kaffe och fika.<\/p>\n<p>Anita Steiner finns representerad p\u00e5 museer och i landsting.<\/p>\n<p>Hemsida: <a href=\"http:\/\/www.jacob-seglar-till-kina.se\/\" target=\"_blank\" rel=\"noopener\">http:\/\/www.jacob-seglar-till-kina.se<\/a><\/p>\n<p><a href=\"https:\/\/www.konstkluster.se\/konstforening\/wp-content\/uploads\/2015\/08\/FUlogoKV-Gbg.png\" rel=\"attachment wp-att-82\"><img loading=\"lazy\" decoding=\"async\" class=\"size-medium wp-image-82 alignleft\" src=\"https:\/\/www.konstkluster.se\/konstforening\/wp-content\/uploads\/2015\/08\/FUlogoKV-Gbg-300x37.png\" alt=\"Folkuniversitetet i G\u00f6teborg\" width=\"300\" height=\"37\" srcset=\"https:\/\/www.konstkluster.se\/konstforening\/wp-content\/uploads\/2015\/08\/FUlogoKV-Gbg-300x37.png 300w, https:\/\/www.konstkluster.se\/konstforening\/wp-content\/uploads\/2015\/08\/FUlogoKV-Gbg-825x105.png 825w, https:\/\/www.konstkluster.se\/konstforening\/wp-content\/uploads\/2015\/08\/FUlogoKV-Gbg.png 855w\" sizes=\"auto, (max-width: 300px) 100vw, 300px\" \/><\/a><\/p>\n<h1><\/h1>\n<hr \/>\n","protected":false},"excerpt":{"rendered":"<p>Medlemmar och \u00f6vriga intresserade \u00e4r varmt v\u00e4lkomna till ett atelj\u00e9bes\u00f6k hos konstn\u00e4ren och f\u00f6rfattaren\u00a0Anita Steiner\u00a0p\u00e5 H\u00e4ls\u00f6. Tid:\u00a0onsdag 3 maj 2017 kl 18:30 Plats: Varvsv\u00e4gen 32 p\u00e5 H\u00e4ls\u00f6 i G\u00f6teborgs norra sk\u00e4rg\u00e5rd (se karta) Kostnad:\u00a0(betalas med\u00a0Swish eller\u00a0kontant direkt p\u00e5 plats) F\u00f6r medlemmar: 80 SEK F\u00f6r icke-medlemmar: 100 SEK Anm\u00e4lan &amp; \u00f6vrig info: Skriv ett\u00a0mail\u00a0eller ring till &hellip; <a href=\"https:\/\/www.konstkluster.se\/konstforening\/ateljebesok-hos-anita-steiner\/\" class=\"more-link\">Forts\u00e4tt l\u00e4sa <span class=\"screen-reader-text\">Atelj\u00e9bes\u00f6k hos Anita Steiner<\/span><\/a><\/p>\n","protected":false},"author":2,"featured_media":0,"parent":0,"menu_order":0,"comment_status":"closed","ping_status":"closed","template":"","meta":{"footnotes":""},"class_list":["post-978","page","type-page","status-publish","hentry"],"_links":{"self":[{"href":"https:\/\/www.konstkluster.se\/konstforening\/wp-json\/wp\/v2\/pages\/978","targetHints":{"allow":["GET"]}}],"collection":[{"href":"https:\/\/www.konstkluster.se\/konstforening\/wp-json\/wp\/v2\/pages"}],"about":[{"href":"https:\/\/www.konstkluster.se\/konstforening\/wp-json\/wp\/v2\/types\/page"}],"author":[{"embeddable":true,"href":"https:\/\/www.konstkluster.se\/konstforening\/wp-json\/wp\/v2\/users\/2"}],"replies":[{"embeddable":true,"href":"https:\/\/www.konstkluster.se\/konstforening\/wp-json\/wp\/v2\/comments?post=978"}],"version-history":[{"count":16,"href":"https:\/\/www.konstkluster.se\/konstforening\/wp-json\/wp\/v2\/pages\/978\/revisions"}],"predecessor-version":[{"id":1782,"href":"https:\/\/www.konstkluster.se\/konstforening\/wp-json\/wp\/v2\/pages\/978\/revisions\/1782"}],"wp:attachment":[{"href":"https:\/\/www.konstkluster.se\/konstforening\/wp-json\/wp\/v2\/media?parent=978"}],"curies":[{"name":"wp","href":"https:\/\/api.w.org\/{rel}","templated":true}]}}