{"id":941,"date":"2017-03-08T21:27:42","date_gmt":"2017-03-08T20:27:42","guid":{"rendered":"http:\/\/www.konstkluster.se\/konstforening\/?page_id=941"},"modified":"2017-09-19T19:08:36","modified_gmt":"2017-09-19T17:08:36","slug":"teckna-med-noak","status":"publish","type":"page","link":"https:\/\/www.konstkluster.se\/konstforening\/teckna-med-noak\/","title":{"rendered":"Teckna med NOAK"},"content":{"rendered":"<h2>Studiecirkel<\/h2>\n<p>T<span style=\"color: #000000;\">eckna med oss i den nya bildsalen p\u00e5 Hedenskolan. Vi turas om att sitta modell (kl\u00e4der p\u00e5). Vi b\u00f6rjar tisdagen den 28 mars kl 18:30-20:30 och tr\u00e4ffas totalt vid fem tillf\u00e4llen, var fjortonde dag.<\/span><\/p>\n<p><span style=\"color: #000000;\">Du tar med dig ditt eget material. Val av block och pennor \u00e4r upp dig sj\u00e4lv att best\u00e4mma. Tanken \u00e4r att vi tr\u00e4ffas och tecknar och har det kul. Inga krav, bara \u00f6va.<\/span><\/p>\n<p><span style=\"color: #000000;\">S\u00e5v\u00e4l medlemmar som icke medlemmar inbjuds att delta, f\u00f6rst till kvarn.<\/span><\/p>\n<h2><span style=\"color: #000000;\">Bokning<\/span><\/h2>\n<p style=\"padding-left: 30px;\"><span style=\"color: #000000;\"><strong>Cirkelledare:<\/strong>\u00a0Margareta Frid och Anita Bergendahl- Steiner<\/span><br \/>\n<span style=\"color: #000000;\"> <strong>Lokal<\/strong>: Bildsalen p\u00e5 Hedens skola, H\u00f6n\u00f6. (se <a style=\"color: #000000;\" href=\"https:\/\/www.google.se\/maps\/place\/Hedens+skola+och+f%C3%B6rskola\/@57.7016898,11.6728827,11z\/data=!4m8!1m2!2m1!1zaGVkZW5za29sYW4gw7Zja2Vyw7Y!3m4!1s0x464f8f9d6711c141:0x2c997c5c25179ca1!8m2!3d57.6977077!4d11.6532752\" target=\"_blank\" rel=\"noopener noreferrer\">karta<\/a>)<\/span><br \/>\n<span style=\"color: #000000;\"> <strong>Tid:<\/strong> kl 18:30-20:30<\/span><br \/>\n<span style=\"color: #000000;\"> <strong>Startdatum:\u00a0<\/strong>tisdagen 28 mars 2017<\/span><br \/>\n<span style=\"color: #000000;\"> <strong>Antal sammankomster:\u00a0<\/strong>5 st<\/span><br \/>\n<span style=\"color: #000000;\"> <strong>Studietillf\u00e4llen<\/strong>: 28\/3, 11\/4, 25\/4, 9\/5, 23\/5<\/span><br \/>\n<span style=\"color: #000000;\"><strong>Platser kvar:<\/strong> Ja<\/span><br \/>\n<span style=\"color: #000000;\"> <strong>Avgift f\u00f6r medlem:<\/strong> 40 SEK\/studietillf\u00e4lle<\/span><br \/>\n<span style=\"color: #000000;\"> <strong>Avgift f\u00f6r icke medlem:<\/strong>\u00a080 SEK\/studietillf\u00e4lle<\/span><\/p>\n<h2><span style=\"color: #000000;\">Anm\u00e4lan<\/span><\/h2>\n<p>Anm\u00e4l dig g\u00e4rna till samtliga 5 tillf\u00e4llen direkt, s\u00e5 att du \u00e4r s\u00e4ker p\u00e5 att f\u00e5 en plats. Vi planerar f\u00f6r 7 fasta platser och ut\u00f6ver dessa n\u00e5gra f\u00f6r dem som bara kan komma vid n\u00e5got enstaka tillf\u00e4lle.<\/p>\n<p>Anm\u00e4lan sker via <a href=\"mailto:frid.margareta@gmail.com\">mail <\/a>eller\u00a0ring till Margareta Frid p\u00e5 tfn 0709 93 93 01.<\/p>\n<p>Avgiften ska betalas omg\u00e5ende efter det att svarsmail skickats ut om erh\u00e5llen studiecirkelplats, se inbetalningsalternativ <a href=\"https:\/\/www.konstkluster.se\/konstforening\/inbetalning\/\">h\u00e4r<\/a>.<\/p>\n<p>&nbsp;<\/p>\n<p><a href=\"https:\/\/www.konstkluster.se\/konstforening\/wp-content\/uploads\/2015\/08\/FUlogoKV-Gbg.png\" rel=\"attachment wp-att-82\"><img loading=\"lazy\" decoding=\"async\" class=\"size-medium wp-image-82 alignleft\" src=\"https:\/\/www.konstkluster.se\/konstforening\/wp-content\/uploads\/2015\/08\/FUlogoKV-Gbg-300x37.png\" alt=\"Folkuniversitetet i G\u00f6teborg\" width=\"300\" height=\"37\" srcset=\"https:\/\/www.konstkluster.se\/konstforening\/wp-content\/uploads\/2015\/08\/FUlogoKV-Gbg-300x37.png 300w, https:\/\/www.konstkluster.se\/konstforening\/wp-content\/uploads\/2015\/08\/FUlogoKV-Gbg-825x105.png 825w, https:\/\/www.konstkluster.se\/konstforening\/wp-content\/uploads\/2015\/08\/FUlogoKV-Gbg.png 855w\" sizes=\"auto, (max-width: 300px) 100vw, 300px\" \/><\/a><\/p>\n<p>&nbsp;<\/p>\n<p>&nbsp;<\/p>\n<p>&nbsp;<\/p>\n<hr \/>\n","protected":false},"excerpt":{"rendered":"<p>Studiecirkel Teckna med oss i den nya bildsalen p\u00e5 Hedenskolan. Vi turas om att sitta modell (kl\u00e4der p\u00e5). Vi b\u00f6rjar tisdagen den 28 mars kl 18:30-20:30 och tr\u00e4ffas totalt vid fem tillf\u00e4llen, var fjortonde dag. Du tar med dig ditt eget material. Val av block och pennor \u00e4r upp dig sj\u00e4lv att best\u00e4mma. Tanken \u00e4r &hellip; <a href=\"https:\/\/www.konstkluster.se\/konstforening\/teckna-med-noak\/\" class=\"more-link\">Forts\u00e4tt l\u00e4sa <span class=\"screen-reader-text\">Teckna med NOAK<\/span><\/a><\/p>\n","protected":false},"author":2,"featured_media":0,"parent":0,"menu_order":0,"comment_status":"closed","ping_status":"closed","template":"","meta":{"footnotes":""},"class_list":["post-941","page","type-page","status-publish","hentry"],"_links":{"self":[{"href":"https:\/\/www.konstkluster.se\/konstforening\/wp-json\/wp\/v2\/pages\/941","targetHints":{"allow":["GET"]}}],"collection":[{"href":"https:\/\/www.konstkluster.se\/konstforening\/wp-json\/wp\/v2\/pages"}],"about":[{"href":"https:\/\/www.konstkluster.se\/konstforening\/wp-json\/wp\/v2\/types\/page"}],"author":[{"embeddable":true,"href":"https:\/\/www.konstkluster.se\/konstforening\/wp-json\/wp\/v2\/users\/2"}],"replies":[{"embeddable":true,"href":"https:\/\/www.konstkluster.se\/konstforening\/wp-json\/wp\/v2\/comments?post=941"}],"version-history":[{"count":18,"href":"https:\/\/www.konstkluster.se\/konstforening\/wp-json\/wp\/v2\/pages\/941\/revisions"}],"predecessor-version":[{"id":1116,"href":"https:\/\/www.konstkluster.se\/konstforening\/wp-json\/wp\/v2\/pages\/941\/revisions\/1116"}],"wp:attachment":[{"href":"https:\/\/www.konstkluster.se\/konstforening\/wp-json\/wp\/v2\/media?parent=941"}],"curies":[{"name":"wp","href":"https:\/\/api.w.org\/{rel}","templated":true}]}}