{"id":924,"date":"2017-03-05T21:20:19","date_gmt":"2017-03-05T20:20:19","guid":{"rendered":"http:\/\/www.konstkluster.se\/konstforening\/?page_id=924"},"modified":"2020-05-17T11:53:59","modified_gmt":"2020-05-17T09:53:59","slug":"naturmalning-sommar-2017","status":"publish","type":"page","link":"https:\/\/www.konstkluster.se\/konstforening\/naturmalning-sommar-2017\/","title":{"rendered":"Naturm\u00e5lning 2017"},"content":{"rendered":"<p>Vi tr\u00e4ffas utomhus och m\u00e5lar i v\u00e5r vackra n\u00e4rmilj\u00f6. Du best\u00e4mmer sj\u00e4lv b\u00e5de vad du m\u00e5lar och vilket material du v\u00e4ljer.<\/p>\n<p><strong>Tid:<\/strong><span style=\"color: #000000;\">\u00a0l\u00f6rdagarna 5 aug, 12 aug, 26 aug, 2 sep, 9 sep, <del>16 sep<\/del> \u00a0&#8230;o<\/span>m v\u00e4dret till\u00e5ter<br \/>\n<strong>Plats:<\/strong>\u00a0vi\u00a0tr\u00e4ffas kl 12 p\u00e5 parkeringsplatsen vid H\u00f6n\u00f6 kyrkog\u00e5rd (se\u00a0<a href=\"https:\/\/www.google.se\/maps\/place\/H%C3%B6n%C3%B6+Kyrkog%C3%A5rd\/@57.6850824,11.6386098,17z\/data=!3m1!4b1!4m5!3m4!1s0x464f8f8faaaaaaab:0x59085eac79615f7c!8m2!3d57.6850796!4d11.6408038?hl=sv\" target=\"_blank\" rel=\"noopener noreferrer\">karta<\/a>)<br \/>\n<strong>Kostnad:<\/strong>\u00a0gratis<\/p>\n<p><em><span style=\"color: #ff0000;\">L\u00f6rdagen den 16 sep \u00e4r tr\u00e4ffen tyv\u00e4rr inst\u00e4lld.<\/span><\/em><\/p>\n<p><strong>Information:<br \/>\n<\/strong>Vi erbjuder m\u00e5lningstr\u00e4ffar under n\u00e5gra l\u00f6rdagar\u00a0&#8211; du v\u00e4ljer sj\u00e4lv om du vill delta i samtliga tr\u00e4ffar\u00a0eller enbart vid n\u00e5got enstaka tillf\u00e4lle.<\/p>\n<p><a href=\"https:\/\/www.konstkluster.se\/konstforening\/wp-content\/uploads\/2017\/03\/20170619_153226.jpg\"><img loading=\"lazy\" decoding=\"async\" class=\"alignleft size-medium wp-image-1033\" src=\"https:\/\/www.konstkluster.se\/konstforening\/wp-content\/uploads\/2017\/03\/20170619_153226-180x300.jpg\" alt=\"\" width=\"180\" height=\"300\" srcset=\"https:\/\/www.konstkluster.se\/konstforening\/wp-content\/uploads\/2017\/03\/20170619_153226-180x300.jpg 180w, https:\/\/www.konstkluster.se\/konstforening\/wp-content\/uploads\/2017\/03\/20170619_153226-768x1280.jpg 768w, https:\/\/www.konstkluster.se\/konstforening\/wp-content\/uploads\/2017\/03\/20170619_153226-614x1024.jpg 614w, https:\/\/www.konstkluster.se\/konstforening\/wp-content\/uploads\/2017\/03\/20170619_153226.jpg 1536w\" sizes=\"auto, (max-width: 180px) 100vw, 180px\" \/><\/a><\/p>\n<p><a href=\"https:\/\/www.konstkluster.se\/konstforening\/wp-content\/uploads\/2016\/08\/IMG_20160812_105802.jpg\"><img loading=\"lazy\" decoding=\"async\" class=\"alignright wp-image-741 size-medium\" src=\"https:\/\/www.konstkluster.se\/konstforening\/wp-content\/uploads\/2016\/08\/IMG_20160812_105802-300x300.jpg\" alt=\"IMG_20160812_105802\" width=\"300\" height=\"300\" srcset=\"https:\/\/www.konstkluster.se\/konstforening\/wp-content\/uploads\/2016\/08\/IMG_20160812_105802-300x300.jpg 300w, https:\/\/www.konstkluster.se\/konstforening\/wp-content\/uploads\/2016\/08\/IMG_20160812_105802-150x150.jpg 150w, https:\/\/www.konstkluster.se\/konstforening\/wp-content\/uploads\/2016\/08\/IMG_20160812_105802-768x768.jpg 768w, https:\/\/www.konstkluster.se\/konstforening\/wp-content\/uploads\/2016\/08\/IMG_20160812_105802-1024x1024.jpg 1024w, https:\/\/www.konstkluster.se\/konstforening\/wp-content\/uploads\/2016\/08\/IMG_20160812_105802.jpg 1268w\" sizes=\"auto, (max-width: 300px) 100vw, 300px\" \/><\/a><\/p>\n<p style=\"text-align: center;\">Tag med l\u00e4mpligt material f\u00f6r ditt arbete, t ex f\u00f6r akryl- akvarell- oljem\u00e5lning eller f\u00f6r teckning, kanske lite f\u00f6rt\u00e4ring ocks\u00e5.<\/p>\n<p>Vill du vara med? Ingen f\u00f6ranm\u00e4lan, det \u00e4r bara att dyka upp och delta.<\/p>\n<p>Har du fr\u00e5gor? Kontakta Sigvard Kunni\u00a0antingen via\u00a0<a href=\"mailto:kunni.s38@outlook.com\">mail<\/a>\u00a0eller telefon 031-966513.<\/p>\n<p>V\u00e4lkommen!<\/p>\n<p><a href=\"https:\/\/www.konstkluster.se\/konstforening\/wp-content\/uploads\/2015\/08\/FUlogoKV-Gbg.png\" rel=\"attachment wp-att-82\"><img loading=\"lazy\" decoding=\"async\" class=\"size-medium wp-image-82 alignleft\" src=\"https:\/\/www.konstkluster.se\/konstforening\/wp-content\/uploads\/2015\/08\/FUlogoKV-Gbg-300x37.png\" alt=\"Folkuniversitetet i G\u00f6teborg\" width=\"300\" height=\"37\" srcset=\"https:\/\/www.konstkluster.se\/konstforening\/wp-content\/uploads\/2015\/08\/FUlogoKV-Gbg-300x37.png 300w, https:\/\/www.konstkluster.se\/konstforening\/wp-content\/uploads\/2015\/08\/FUlogoKV-Gbg-825x105.png 825w, https:\/\/www.konstkluster.se\/konstforening\/wp-content\/uploads\/2015\/08\/FUlogoKV-Gbg.png 855w\" sizes=\"auto, (max-width: 300px) 100vw, 300px\" \/><\/a><\/p>\n<hr \/>\n","protected":false},"excerpt":{"rendered":"<p>Vi tr\u00e4ffas utomhus och m\u00e5lar i v\u00e5r vackra n\u00e4rmilj\u00f6. Du best\u00e4mmer sj\u00e4lv b\u00e5de vad du m\u00e5lar och vilket material du v\u00e4ljer. Tid:\u00a0l\u00f6rdagarna 5 aug, 12 aug, 26 aug, 2 sep, 9 sep, 16 sep \u00a0&#8230;om v\u00e4dret till\u00e5ter Plats:\u00a0vi\u00a0tr\u00e4ffas kl 12 p\u00e5 parkeringsplatsen vid H\u00f6n\u00f6 kyrkog\u00e5rd (se\u00a0karta) Kostnad:\u00a0gratis L\u00f6rdagen den 16 sep \u00e4r tr\u00e4ffen tyv\u00e4rr inst\u00e4lld. &hellip; <a href=\"https:\/\/www.konstkluster.se\/konstforening\/naturmalning-sommar-2017\/\" class=\"more-link\">Forts\u00e4tt l\u00e4sa <span class=\"screen-reader-text\">Naturm\u00e5lning 2017<\/span><\/a><\/p>\n","protected":false},"author":2,"featured_media":0,"parent":0,"menu_order":0,"comment_status":"closed","ping_status":"closed","template":"","meta":{"footnotes":""},"class_list":["post-924","page","type-page","status-publish","hentry"],"_links":{"self":[{"href":"https:\/\/www.konstkluster.se\/konstforening\/wp-json\/wp\/v2\/pages\/924","targetHints":{"allow":["GET"]}}],"collection":[{"href":"https:\/\/www.konstkluster.se\/konstforening\/wp-json\/wp\/v2\/pages"}],"about":[{"href":"https:\/\/www.konstkluster.se\/konstforening\/wp-json\/wp\/v2\/types\/page"}],"author":[{"embeddable":true,"href":"https:\/\/www.konstkluster.se\/konstforening\/wp-json\/wp\/v2\/users\/2"}],"replies":[{"embeddable":true,"href":"https:\/\/www.konstkluster.se\/konstforening\/wp-json\/wp\/v2\/comments?post=924"}],"version-history":[{"count":18,"href":"https:\/\/www.konstkluster.se\/konstforening\/wp-json\/wp\/v2\/pages\/924\/revisions"}],"predecessor-version":[{"id":2448,"href":"https:\/\/www.konstkluster.se\/konstforening\/wp-json\/wp\/v2\/pages\/924\/revisions\/2448"}],"wp:attachment":[{"href":"https:\/\/www.konstkluster.se\/konstforening\/wp-json\/wp\/v2\/media?parent=924"}],"curies":[{"name":"wp","href":"https:\/\/api.w.org\/{rel}","templated":true}]}}