{"id":909,"date":"2017-03-05T20:31:02","date_gmt":"2017-03-05T19:31:02","guid":{"rendered":"http:\/\/www.konstkluster.se\/konstforening\/?page_id=909"},"modified":"2017-08-31T17:25:24","modified_gmt":"2017-08-31T15:25:24","slug":"ateljebesok-hos-morgan-ekeras","status":"publish","type":"page","link":"https:\/\/www.konstkluster.se\/konstforening\/ateljebesok-hos-morgan-ekeras\/","title":{"rendered":"Atelj\u00e9bes\u00f6k hos Morgan Eker\u00e5s"},"content":{"rendered":"<p>S\u00e5v\u00e4l medlemmar som \u00f6vriga intresserade \u00e4r varmt v\u00e4lkomna till ett atelj\u00e9bes\u00f6k hos konstn\u00e4r\u00a0<strong>Morgan Eker\u00e5s<\/strong>. Begr\u00e4nsat antal platser.<\/p>\n<p><strong>Tid:<\/strong>\u00a0s\u00f6ndag 3 september 2017 kl 14:00-16:00<br \/>\n<strong>Plats:<\/strong>\u00a0F\u00e4rjen\u00e4s konstverkstad (Karl IX:s v\u00e4g 3, G\u00f6teborg, se <a href=\"https:\/\/www.google.se\/maps\/place\/Karl+IX:s+v%C3%A4g+3,+418+34+G%C3%B6teborg\/@57.6951741,11.898987,17z\/data=!3m1!4b1!4m5!3m4!1s0x464f8cc858eafce5:0xc3e50252075fc02e!8m2!3d57.6951741!4d11.9011757?hl=sv\" target=\"_blank\" rel=\"noopener noreferrer\">karta<\/a>)<br \/>\n<strong>Kostnad: <\/strong>(betalas med <a href=\"https:\/\/www.konstkluster.se\/konstforening\/inbetalning\/\">swish<\/a> eller\u00a0kontant direkt p\u00e5 plats)<br \/>\nF\u00f6r medlemmar: 80 SEK<br \/>\nF\u00f6r icke-medlemmar: 100 SEK<\/p>\n<p><strong>Anm\u00e4lan &amp; \u00f6vrig info:<\/strong><br \/>\nSkriv ett\u00a0<a href=\"mailto:konstforening@konstkluster.se\">mail<\/a> till konstf\u00f6reningen eller ring till Margareta Frid p\u00e5 tfn 0709 93 93 01.<br \/>\n<span style=\"color: #000000;\"> Sista anm\u00e4lningsdatum: 2 september\u00a02017<\/span><br \/>\nMax antal platser: 15<span style=\"color: #ff0000;\">\u00a0<\/span>st<\/p>\n<p>Under detta atelj\u00e9bes\u00f6k som kommer Morgan Eker\u00e5s att visa olika tekniker i oljem\u00e5lning.<\/p>\n<p>Morgan Eker\u00e5s \u00e4r verksam som konstn\u00e4r med sin bas i G\u00f6teborg. Morgan arbetar s\u00e5v\u00e4l i akvarell som i olja, han har deltagit i olika konstskolor sedan 1990 och\u00a0h\u00e5llit p\u00e5 med detta allt sedan dess.\u00a0Sedan 2003 har han jobbat som undervisande konstn\u00e4r vid Medborgarskolan i G\u00f6teborg och anordnar numera \u00e4ven egna kurser och utst\u00e4llningar i den egna atelj\u00e9n, F\u00e4rjen\u00e4s Konstverkstad.<\/p>\n<div id='gallery-1' class='gallery galleryid-909 gallery-columns-4 gallery-size-thumbnail'><figure class='gallery-item'>\n\t\t\t<div class='gallery-icon landscape'>\n\t\t\t\t<a href='https:\/\/www.konstkluster.se\/konstforening\/ateljebesok-hos-morgan-ekeras\/morgan-ekeras-olja1\/'><img loading=\"lazy\" decoding=\"async\" width=\"150\" height=\"150\" src=\"https:\/\/www.konstkluster.se\/konstforening\/wp-content\/uploads\/2017\/03\/Morgan-Eker\u00e5s-olja1-150x150.png\" class=\"attachment-thumbnail size-thumbnail\" alt=\"\" \/><\/a>\n\t\t\t<\/div><\/figure><figure class='gallery-item'>\n\t\t\t<div class='gallery-icon landscape'>\n\t\t\t\t<a href='https:\/\/www.konstkluster.se\/konstforening\/ateljebesok-hos-morgan-ekeras\/morgan-ekeras-olja2\/'><img loading=\"lazy\" decoding=\"async\" width=\"150\" height=\"150\" src=\"https:\/\/www.konstkluster.se\/konstforening\/wp-content\/uploads\/2017\/03\/Morgan-Eker\u00e5s-olja2-150x150.png\" class=\"attachment-thumbnail size-thumbnail\" alt=\"\" \/><\/a>\n\t\t\t<\/div><\/figure><figure class='gallery-item'>\n\t\t\t<div class='gallery-icon landscape'>\n\t\t\t\t<a href='https:\/\/www.konstkluster.se\/konstforening\/ateljebesok-hos-morgan-ekeras\/morgan-ekeras-olja3\/'><img loading=\"lazy\" decoding=\"async\" width=\"150\" height=\"150\" src=\"https:\/\/www.konstkluster.se\/konstforening\/wp-content\/uploads\/2017\/03\/Morgan-Eker\u00e5s-olja3-150x150.png\" class=\"attachment-thumbnail size-thumbnail\" alt=\"\" \/><\/a>\n\t\t\t<\/div><\/figure><figure class='gallery-item'>\n\t\t\t<div class='gallery-icon portrait'>\n\t\t\t\t<a href='https:\/\/www.konstkluster.se\/konstforening\/ateljebesok-hos-morgan-ekeras\/morgan-ekeras-olja4\/'><img loading=\"lazy\" decoding=\"async\" width=\"150\" height=\"150\" src=\"https:\/\/www.konstkluster.se\/konstforening\/wp-content\/uploads\/2017\/03\/Morgan-Eker\u00e5s-olja4-150x150.png\" class=\"attachment-thumbnail size-thumbnail\" alt=\"\" \/><\/a>\n\t\t\t<\/div><\/figure>\n\t\t<\/div>\n\n<p>Vid v\u00e5rt bes\u00f6k blir vi bjudna p\u00e5 kaffe och bulle.<\/p>\n<p>Morgan har varit styrelseledamot i s\u00e5v\u00e4l KKV som KC-V\u00e4st, ut\u00f6ver medlemskap i dessa s\u00e5 \u00e4r han sedan flera \u00e5r medlem i KRO.<\/p>\n<p><a href=\"http:\/\/kkvgbg.se\/\" target=\"_blank\" rel=\"noopener noreferrer\">KKV<\/a>, Konstn\u00e4rernas Kollektivverkstad<br \/>\n<a href=\"http:\/\/www.kc-vast.se\/index.php\/Kcvast\/soek_konstnaer\/vald\/110\/\" target=\"_blank\" rel=\"noopener noreferrer\">KC-V\u00e4st<\/a>, Konstn\u00e4rscentrum V\u00e4st<br \/>\n<a href=\"http:\/\/www.kro.se\/\" target=\"_blank\" rel=\"noopener noreferrer\">KRO<\/a>, Konstn\u00e4rernas Riksorganisation<\/p>\n<p>L\u00e4s mer om F\u00e4rjen\u00e4s konstverkstad:\u00a0<a href=\"http:\/\/morganekeras.se\/\" target=\"_blank\" rel=\"noopener noreferrer\">hemsida<\/a> respektive <a href=\"https:\/\/www.facebook.com\/F%C3%A4rjen%C3%A4s-Konstverkstad-1439739696328789\/?fref=ts\" target=\"_blank\" rel=\"noopener noreferrer\">Facebook<br \/>\n<\/a><br \/>\n<a href=\"https:\/\/www.konstkluster.se\/konstforening\/wp-content\/uploads\/2015\/08\/FUlogoKV-Gbg.png\" rel=\"attachment wp-att-82\"><img loading=\"lazy\" decoding=\"async\" class=\"size-medium wp-image-82 alignleft\" src=\"https:\/\/www.konstkluster.se\/konstforening\/wp-content\/uploads\/2015\/08\/FUlogoKV-Gbg-300x37.png\" alt=\"Folkuniversitetet i G\u00f6teborg\" width=\"300\" height=\"37\" srcset=\"https:\/\/www.konstkluster.se\/konstforening\/wp-content\/uploads\/2015\/08\/FUlogoKV-Gbg-300x37.png 300w, https:\/\/www.konstkluster.se\/konstforening\/wp-content\/uploads\/2015\/08\/FUlogoKV-Gbg-825x105.png 825w, https:\/\/www.konstkluster.se\/konstforening\/wp-content\/uploads\/2015\/08\/FUlogoKV-Gbg.png 855w\" sizes=\"auto, (max-width: 300px) 100vw, 300px\" \/><\/a><\/p>\n<p>&nbsp;<\/p>\n<hr \/>\n","protected":false},"excerpt":{"rendered":"<p>S\u00e5v\u00e4l medlemmar som \u00f6vriga intresserade \u00e4r varmt v\u00e4lkomna till ett atelj\u00e9bes\u00f6k hos konstn\u00e4r\u00a0Morgan Eker\u00e5s. Begr\u00e4nsat antal platser. Tid:\u00a0s\u00f6ndag 3 september 2017 kl 14:00-16:00 Plats:\u00a0F\u00e4rjen\u00e4s konstverkstad (Karl IX:s v\u00e4g 3, G\u00f6teborg, se karta) Kostnad: (betalas med swish eller\u00a0kontant direkt p\u00e5 plats) F\u00f6r medlemmar: 80 SEK F\u00f6r icke-medlemmar: 100 SEK Anm\u00e4lan &amp; \u00f6vrig info: Skriv ett\u00a0mail till &hellip; <a href=\"https:\/\/www.konstkluster.se\/konstforening\/ateljebesok-hos-morgan-ekeras\/\" class=\"more-link\">Forts\u00e4tt l\u00e4sa <span class=\"screen-reader-text\">Atelj\u00e9bes\u00f6k hos Morgan Eker\u00e5s<\/span><\/a><\/p>\n","protected":false},"author":2,"featured_media":0,"parent":0,"menu_order":0,"comment_status":"closed","ping_status":"closed","template":"","meta":{"footnotes":""},"class_list":["post-909","page","type-page","status-publish","hentry"],"_links":{"self":[{"href":"https:\/\/www.konstkluster.se\/konstforening\/wp-json\/wp\/v2\/pages\/909","targetHints":{"allow":["GET"]}}],"collection":[{"href":"https:\/\/www.konstkluster.se\/konstforening\/wp-json\/wp\/v2\/pages"}],"about":[{"href":"https:\/\/www.konstkluster.se\/konstforening\/wp-json\/wp\/v2\/types\/page"}],"author":[{"embeddable":true,"href":"https:\/\/www.konstkluster.se\/konstforening\/wp-json\/wp\/v2\/users\/2"}],"replies":[{"embeddable":true,"href":"https:\/\/www.konstkluster.se\/konstforening\/wp-json\/wp\/v2\/comments?post=909"}],"version-history":[{"count":21,"href":"https:\/\/www.konstkluster.se\/konstforening\/wp-json\/wp\/v2\/pages\/909\/revisions"}],"predecessor-version":[{"id":1083,"href":"https:\/\/www.konstkluster.se\/konstforening\/wp-json\/wp\/v2\/pages\/909\/revisions\/1083"}],"wp:attachment":[{"href":"https:\/\/www.konstkluster.se\/konstforening\/wp-json\/wp\/v2\/media?parent=909"}],"curies":[{"name":"wp","href":"https:\/\/api.w.org\/{rel}","templated":true}]}}