{"id":906,"date":"2017-03-05T20:29:54","date_gmt":"2017-03-05T19:29:54","guid":{"rendered":"http:\/\/www.konstkluster.se\/konstforening\/?page_id=906"},"modified":"2018-09-18T15:05:24","modified_gmt":"2018-09-18T13:05:24","slug":"ateljebesok-hos-thomas-willard","status":"publish","type":"page","link":"https:\/\/www.konstkluster.se\/konstforening\/ateljebesok-hos-thomas-willard\/","title":{"rendered":"Atelj\u00e9bes\u00f6k hos Thomas Willard"},"content":{"rendered":"<p>S\u00e5v\u00e4l medlemmar som \u00f6vriga intresserade \u00e4r varmt v\u00e4lkomna till ett atelj\u00e9bes\u00f6k hos konstn\u00e4r\u00a0<strong>Thomas Willard<\/strong>.\u00a0\u00a0F\u00f6rst till kvarn g\u00e4ller och medlemmar i NOAK f\u00e5r subventionerad deltagaravgift.<\/p>\n<p><strong>Tid:<\/strong>\u00a0onsdag 5 april 2017 kl 18:00<br \/>\n<strong>Plats:<\/strong>\u00a0Smedjegatans atelj\u00e9 i G\u00f6teborg,\u00a0(Smedjegatan 5, se <a href=\"https:\/\/www.google.se\/maps\/place\/Smedjegatan+5,+411+13+G%C3%B6teborg\/@57.7067175,11.9603166,17z\/data=!3m1!4b1!4m5!3m4!1s0x464ff366f9dada71:0xb7af735eb8c2055!8m2!3d57.7067175!4d11.9625053?hl=sv\">karta<\/a>;\u00a0g\u00e5 in p\u00e5 g\u00e5rden och f\u00f6lj v\u00e4nster husfasad runt h\u00f6rnet 5b, atelj\u00e9n ligger p\u00e5 v\u00e5ning 2)<br \/>\n<strong>Kostnad:\u00a0<\/strong>(betalas med\u00a0Swish eller\u00a0kontant direkt p\u00e5 plats)<br \/>\nF\u00f6r medlemmar: 80 SEK<br \/>\nF\u00f6r icke-medlemmar: 100 SEK<\/p>\n<p><strong>Anm\u00e4lan &amp; \u00f6vrig info:<\/strong><br \/>\nSkriv ett\u00a0<a href=\"mailto:konstforening@konstkluster.se\">mail<\/a>\u00a0eller ring till Margareta Frid p\u00e5 tfn 0709 93 93 01.<br \/>\nSista anm\u00e4lningsdatum: 31 mars 2017<br \/>\nMax antal platser: 10 st\u00a0 \u00a0<span style=\"color: #ff0000;\"><strong>ATELJ\u00c9BES\u00d6KET \u00c4R FULLTECKNAT!<\/strong><\/span><\/p>\n<p><a href=\"https:\/\/www.konstkluster.se\/konstforening\/wp-content\/uploads\/2017\/03\/FullSizeR1.jpg\" rel=\"attachment wp-att-259\"><img loading=\"lazy\" decoding=\"async\" class=\"wp-image-916 size-medium alignright\" src=\"https:\/\/www.konstkluster.se\/konstforening\/wp-content\/uploads\/2017\/03\/FullSizeR1-300x287.jpg\" width=\"300\" height=\"287\" srcset=\"https:\/\/www.konstkluster.se\/konstforening\/wp-content\/uploads\/2017\/03\/FullSizeR1-300x287.jpg 300w, https:\/\/www.konstkluster.se\/konstforening\/wp-content\/uploads\/2017\/03\/FullSizeR1.jpg 502w\" sizes=\"auto, (max-width: 300px) 100vw, 300px\" \/><\/a>Om Thomas Willard, fr\u00e5n kulturtidningen <a href=\"http:\/\/www.zenitkultur.com\/artist.php?id=489\" target=\"_blank\" rel=\"noopener\">Zenit<\/a>:<\/p>\n<p class=\"x_MsoNormal\">\u201dI Thomas Willards oljem\u00e5lningar finns en sp\u00e4nnande kontrast mellan stillhet och kaos. Han m\u00e5lar i m\u00e4ttade f\u00e4rger i flera lager, m\u00f6rker st\u00e4lls mot ljus och sl\u00e4ta ytor mot detaljer i pastos. Tillsammans bildar de en dynamisk helhet, ofta med tydliga sp\u00e5r av konstn\u00e4rens arbete med penseln.<\/p>\n<p class=\"x_MsoNormal\">Mina bilder kr\u00e4ver n\u00e5got av sin betraktare. De s\u00e4ger en del, men man m\u00e5ste ge dem tid f\u00f6r att ta dem till sig, f\u00f6rklarar Thomas Willard\u201d<\/p>\n<p>L\u00e4s mer om Willards\u00a0konst\u00a0p\u00e5\u00a0Facebook:\u00a0<a href=\"https:\/\/www.facebook.com\/thomas.willard.1650\" target=\"_blank\" rel=\"noopener\">Thomas Willard Konstn\u00e4r<\/a><\/p>\n<p><a href=\"https:\/\/www.konstkluster.se\/konstforening\/wp-content\/uploads\/2015\/08\/FUlogoKV-Gbg.png\" rel=\"attachment wp-att-82\"><img loading=\"lazy\" decoding=\"async\" class=\"size-medium wp-image-82 alignleft\" src=\"https:\/\/www.konstkluster.se\/konstforening\/wp-content\/uploads\/2015\/08\/FUlogoKV-Gbg-300x37.png\" alt=\"Folkuniversitetet i G\u00f6teborg\" width=\"300\" height=\"37\" srcset=\"https:\/\/www.konstkluster.se\/konstforening\/wp-content\/uploads\/2015\/08\/FUlogoKV-Gbg-300x37.png 300w, https:\/\/www.konstkluster.se\/konstforening\/wp-content\/uploads\/2015\/08\/FUlogoKV-Gbg-825x105.png 825w, https:\/\/www.konstkluster.se\/konstforening\/wp-content\/uploads\/2015\/08\/FUlogoKV-Gbg.png 855w\" sizes=\"auto, (max-width: 300px) 100vw, 300px\" \/><\/a><\/p>\n<p>&nbsp;<\/p>\n<h1><\/h1>\n<hr \/>\n","protected":false},"excerpt":{"rendered":"<p>S\u00e5v\u00e4l medlemmar som \u00f6vriga intresserade \u00e4r varmt v\u00e4lkomna till ett atelj\u00e9bes\u00f6k hos konstn\u00e4r\u00a0Thomas Willard.\u00a0\u00a0F\u00f6rst till kvarn g\u00e4ller och medlemmar i NOAK f\u00e5r subventionerad deltagaravgift. Tid:\u00a0onsdag 5 april 2017 kl 18:00 Plats:\u00a0Smedjegatans atelj\u00e9 i G\u00f6teborg,\u00a0(Smedjegatan 5, se karta;\u00a0g\u00e5 in p\u00e5 g\u00e5rden och f\u00f6lj v\u00e4nster husfasad runt h\u00f6rnet 5b, atelj\u00e9n ligger p\u00e5 v\u00e5ning 2) Kostnad:\u00a0(betalas med\u00a0Swish eller\u00a0kontant &hellip; <a href=\"https:\/\/www.konstkluster.se\/konstforening\/ateljebesok-hos-thomas-willard\/\" class=\"more-link\">Forts\u00e4tt l\u00e4sa <span class=\"screen-reader-text\">Atelj\u00e9bes\u00f6k hos Thomas Willard<\/span><\/a><\/p>\n","protected":false},"author":2,"featured_media":0,"parent":0,"menu_order":0,"comment_status":"closed","ping_status":"closed","template":"","meta":{"footnotes":""},"class_list":["post-906","page","type-page","status-publish","hentry"],"_links":{"self":[{"href":"https:\/\/www.konstkluster.se\/konstforening\/wp-json\/wp\/v2\/pages\/906","targetHints":{"allow":["GET"]}}],"collection":[{"href":"https:\/\/www.konstkluster.se\/konstforening\/wp-json\/wp\/v2\/pages"}],"about":[{"href":"https:\/\/www.konstkluster.se\/konstforening\/wp-json\/wp\/v2\/types\/page"}],"author":[{"embeddable":true,"href":"https:\/\/www.konstkluster.se\/konstforening\/wp-json\/wp\/v2\/users\/2"}],"replies":[{"embeddable":true,"href":"https:\/\/www.konstkluster.se\/konstforening\/wp-json\/wp\/v2\/comments?post=906"}],"version-history":[{"count":15,"href":"https:\/\/www.konstkluster.se\/konstforening\/wp-json\/wp\/v2\/pages\/906\/revisions"}],"predecessor-version":[{"id":1779,"href":"https:\/\/www.konstkluster.se\/konstforening\/wp-json\/wp\/v2\/pages\/906\/revisions\/1779"}],"wp:attachment":[{"href":"https:\/\/www.konstkluster.se\/konstforening\/wp-json\/wp\/v2\/media?parent=906"}],"curies":[{"name":"wp","href":"https:\/\/api.w.org\/{rel}","templated":true}]}}