{"id":884,"date":"2017-01-31T12:51:06","date_gmt":"2017-01-31T11:51:06","guid":{"rendered":"http:\/\/www.konstkluster.se\/konstforening\/?page_id=884"},"modified":"2018-12-11T19:18:22","modified_gmt":"2018-12-11T18:18:22","slug":"arsmote-2017","status":"publish","type":"page","link":"https:\/\/www.konstkluster.se\/konstforening\/arsmote-2017\/","title":{"rendered":"\u00c5rsm\u00f6te 2017"},"content":{"rendered":"<div>Alla medlemmar och ni som funderar p\u00e5 att bli medlemmar h\u00e4lsas v\u00e4lkomna till v\u00e5r konstf\u00f6renings \u00e5rsm\u00f6te.<\/div>\n<p>&nbsp;<\/p>\n<div><strong>Tid:<\/strong>\u00a0kl 18:30 torsdag 9 mars 2017<br \/>\n<strong>Plats:<\/strong>\u00a0Tr\u00e4ffpunkten p\u00e5 Solh\u00f6jden, \u00d6cker\u00f6 (<a href=\"https:\/\/www.google.se\/maps\/place\/Solh%C3%B6jden,+475+32+%C3%96cker%C3%B6\/@57.7075475,11.6481916,17z\/data=!3m1!4b1!4m5!3m4!1s0x464f8f7b0687ec71:0xf4235aa2d71a5d2a!8m2!3d57.7075447!4d11.6503856?hl=sv\" target=\"_blank\" rel=\"noopener\">karta<\/a>)<\/div>\n<p>&nbsp;<\/p>\n<div>V\u00e4lkomna!<\/div>\n<h1><\/h1>\n<hr \/>\n","protected":false},"excerpt":{"rendered":"<p>Alla medlemmar och ni som funderar p\u00e5 att bli medlemmar h\u00e4lsas v\u00e4lkomna till v\u00e5r konstf\u00f6renings \u00e5rsm\u00f6te. &nbsp; Tid:\u00a0kl 18:30 torsdag 9 mars 2017 Plats:\u00a0Tr\u00e4ffpunkten p\u00e5 Solh\u00f6jden, \u00d6cker\u00f6 (karta) &nbsp; V\u00e4lkomna!<\/p>\n","protected":false},"author":2,"featured_media":0,"parent":0,"menu_order":0,"comment_status":"closed","ping_status":"closed","template":"","meta":{"footnotes":""},"class_list":["post-884","page","type-page","status-publish","hentry"],"_links":{"self":[{"href":"https:\/\/www.konstkluster.se\/konstforening\/wp-json\/wp\/v2\/pages\/884","targetHints":{"allow":["GET"]}}],"collection":[{"href":"https:\/\/www.konstkluster.se\/konstforening\/wp-json\/wp\/v2\/pages"}],"about":[{"href":"https:\/\/www.konstkluster.se\/konstforening\/wp-json\/wp\/v2\/types\/page"}],"author":[{"embeddable":true,"href":"https:\/\/www.konstkluster.se\/konstforening\/wp-json\/wp\/v2\/users\/2"}],"replies":[{"embeddable":true,"href":"https:\/\/www.konstkluster.se\/konstforening\/wp-json\/wp\/v2\/comments?post=884"}],"version-history":[{"count":9,"href":"https:\/\/www.konstkluster.se\/konstforening\/wp-json\/wp\/v2\/pages\/884\/revisions"}],"predecessor-version":[{"id":2925,"href":"https:\/\/www.konstkluster.se\/konstforening\/wp-json\/wp\/v2\/pages\/884\/revisions\/2925"}],"wp:attachment":[{"href":"https:\/\/www.konstkluster.se\/konstforening\/wp-json\/wp\/v2\/media?parent=884"}],"curies":[{"name":"wp","href":"https:\/\/api.w.org\/{rel}","templated":true}]}}