{"id":825,"date":"2016-11-05T15:43:17","date_gmt":"2016-11-05T14:43:17","guid":{"rendered":"http:\/\/www.konstkluster.se\/konstforening\/?page_id=825"},"modified":"2016-11-20T21:09:17","modified_gmt":"2016-11-20T20:09:17","slug":"konstutlottningskvall-2811-16-kl-1700","status":"publish","type":"page","link":"https:\/\/www.konstkluster.se\/konstforening\/konstutlottningskvall-2811-16-kl-1700\/","title":{"rendered":"Konstutlottningskv\u00e4ll 28\/11-16 kl 17:00"},"content":{"rendered":"<p>Alla medlemmar h\u00e4lsas v\u00e4lkomna till v\u00e5r konstf\u00f6renings allra f\u00f6rsta konstutlottningskv\u00e4ll.<\/p>\n<p><strong>Tid:<\/strong>\u00a0kl 17:00\u00a0m\u00e5ndag 28 november 2016<br \/>\n<strong>Plats:<\/strong>\u00a0Utst\u00e4llningshallen i \u00d6cker\u00f6 bibliotek (se\u00a0<a href=\"https:\/\/www.google.se\/maps\/place\/%C3%96cker%C3%B6+bibliotek\/@57.7090226,11.6522781,17z\/data=!3m1!4b1!4m5!3m4!1s0x464f8f7ab74c407d:0xa7e5bfc102be7246!8m2!3d57.7090226!4d11.6544721?hl=sv\" target=\"_blank\">karta<\/a>)<\/p>\n<p>Som <strong>en rolig uppladdning<\/strong> inf\u00f6r den sp\u00e4nnande lottdragningen kommer vi anordna en liten \u00f6vning som syftar till att ta reda p\u00e5 vad ALLA VI MEDLEMMAR helst vill att NOAK erbjuder\/fokuserar p\u00e5 under kommande \u00e5r. S\u00e5 fundera g\u00e4rna igenom det innan denna kv\u00e4llen.<\/p>\n<p>Under kv\u00e4llen kommer <strong>utlottning av 14 st olika konstverk<\/strong> att ske. Vinsterna i konstlotteriet presenteras <a href=\"https:\/\/www.konstkluster.se\/konstforening\/vinster-noak-konstutlottning-2016\/\">h\u00e4r<\/a>.<\/p>\n<p>N\u00e4r sj\u00e4lva lottningen \u00e4r gjord s\u00e5 kommer konstverken att delas ut direkt i lottvinstordning. Har du inte m\u00f6jlighet att delta f\u00e5r du givetvis din vinst \u00e4nd\u00e5, men du f\u00e5r kanske inte samma m\u00f6jlighet att v\u00e4lja mellan konstverken \u2013 s\u00e5 se till att prioritera denna kv\u00e4ll och kom! <em>Psst \u2013 ett litet n\u00e4rvaropris kommer att utdelas till n\u00e5gon som \u00e4r p\u00e5 plats under kv\u00e4llen<\/em>!!<\/p>\n<p>Vad skall h\u00e4nda n\u00e4sta \u00e5r f\u00f6r att du skall uppleva NOAK-\u00e5ret som riktigt roligt och givande? Vad \u00e4r viktigast f\u00f6r dig? Konstlotteri, atelj\u00e9bes\u00f6k, kurser, samtal, f\u00f6rel\u00e4sningar, gemensamma museibes\u00f6k etc? Har du konkreta \u00f6nskem\u00e5l om n\u00e5got \u2013 vad \u00e4r det? \u00c4r det n\u00e5got s\u00e4rskilt omr\u00e5de du vill att vi s\u00e4rskilt skall fokusera p\u00e5 \u2013 keramik, m\u00e5lning, foto, skulptur, smyckeskonst, glas, konsthistoria etc? Har du helt andra id\u00e9er eller nya uppslag?<\/p>\n<p>Har du inte m\u00f6jlighet att vara med denna kv\u00e4llen s\u00e5 vill vi g\u00e4rna att du ger oss dina synpunkter \u00e4nd\u00e5 \u2013\u00a0<a href=\"mailto:konstforening@konstkluster.se\">maila<\/a> eller h\u00f6r av dig till n\u00e5gon i styrelsen.<\/p>\n<p>VARMT V\u00c4LKOMNA!!<\/p>\n<p>\u00d6nskar hela styrelsen f\u00f6r NOAK \u2013 Norra Sk\u00e4rg\u00e5rdens Allm\u00e4nna Konstf\u00f6rening<\/p>\n<p>Birgitta Sigvard Margareta Anita Pia Kia Lena Svetlana<\/p>\n<p>&nbsp;<\/p>\n<p><a href=\"https:\/\/www.konstkluster.se\/konstforening\/wp-content\/uploads\/2015\/08\/FUlogoKV-Gbg.png\" rel=\"attachment wp-att-82\"><img loading=\"lazy\" decoding=\"async\" class=\"size-medium wp-image-82 alignleft\" src=\"https:\/\/www.konstkluster.se\/konstforening\/wp-content\/uploads\/2015\/08\/FUlogoKV-Gbg-300x37.png\" alt=\"Folkuniversitetet i G\u00f6teborg\" width=\"300\" height=\"37\" srcset=\"https:\/\/www.konstkluster.se\/konstforening\/wp-content\/uploads\/2015\/08\/FUlogoKV-Gbg-300x37.png 300w, https:\/\/www.konstkluster.se\/konstforening\/wp-content\/uploads\/2015\/08\/FUlogoKV-Gbg-825x105.png 825w, https:\/\/www.konstkluster.se\/konstforening\/wp-content\/uploads\/2015\/08\/FUlogoKV-Gbg.png 855w\" sizes=\"auto, (max-width: 300px) 100vw, 300px\" \/><\/a><\/p>\n<p>&nbsp;<\/p>\n<hr \/>\n","protected":false},"excerpt":{"rendered":"<p>Alla medlemmar h\u00e4lsas v\u00e4lkomna till v\u00e5r konstf\u00f6renings allra f\u00f6rsta konstutlottningskv\u00e4ll. Tid:\u00a0kl 17:00\u00a0m\u00e5ndag 28 november 2016 Plats:\u00a0Utst\u00e4llningshallen i \u00d6cker\u00f6 bibliotek (se\u00a0karta) Som en rolig uppladdning inf\u00f6r den sp\u00e4nnande lottdragningen kommer vi anordna en liten \u00f6vning som syftar till att ta reda p\u00e5 vad ALLA VI MEDLEMMAR helst vill att NOAK erbjuder\/fokuserar p\u00e5 under kommande \u00e5r. S\u00e5 &hellip; <a href=\"https:\/\/www.konstkluster.se\/konstforening\/konstutlottningskvall-2811-16-kl-1700\/\" class=\"more-link\">Forts\u00e4tt l\u00e4sa <span class=\"screen-reader-text\">Konstutlottningskv\u00e4ll 28\/11-16 kl 17:00<\/span><\/a><\/p>\n","protected":false},"author":2,"featured_media":0,"parent":0,"menu_order":0,"comment_status":"closed","ping_status":"closed","template":"","meta":{"footnotes":""},"class_list":["post-825","page","type-page","status-publish","hentry"],"_links":{"self":[{"href":"https:\/\/www.konstkluster.se\/konstforening\/wp-json\/wp\/v2\/pages\/825","targetHints":{"allow":["GET"]}}],"collection":[{"href":"https:\/\/www.konstkluster.se\/konstforening\/wp-json\/wp\/v2\/pages"}],"about":[{"href":"https:\/\/www.konstkluster.se\/konstforening\/wp-json\/wp\/v2\/types\/page"}],"author":[{"embeddable":true,"href":"https:\/\/www.konstkluster.se\/konstforening\/wp-json\/wp\/v2\/users\/2"}],"replies":[{"embeddable":true,"href":"https:\/\/www.konstkluster.se\/konstforening\/wp-json\/wp\/v2\/comments?post=825"}],"version-history":[{"count":16,"href":"https:\/\/www.konstkluster.se\/konstforening\/wp-json\/wp\/v2\/pages\/825\/revisions"}],"predecessor-version":[{"id":869,"href":"https:\/\/www.konstkluster.se\/konstforening\/wp-json\/wp\/v2\/pages\/825\/revisions\/869"}],"wp:attachment":[{"href":"https:\/\/www.konstkluster.se\/konstforening\/wp-json\/wp\/v2\/media?parent=825"}],"curies":[{"name":"wp","href":"https:\/\/api.w.org\/{rel}","templated":true}]}}