{"id":815,"date":"2016-11-05T15:17:56","date_gmt":"2016-11-05T14:17:56","guid":{"rendered":"http:\/\/www.konstkluster.se\/konstforening\/?page_id=815"},"modified":"2016-11-05T15:32:04","modified_gmt":"2016-11-05T14:32:04","slug":"akvarellmalning-juli-2016","status":"publish","type":"page","link":"https:\/\/www.konstkluster.se\/konstforening\/akvarellmalning-juli-2016\/","title":{"rendered":"Akvarellm\u00e5lning juli 2016"},"content":{"rendered":"<p>Vi testar lite mera akvarell. Under n\u00e5gra tr\u00e4ffar f\u00f6rs\u00f6ker vi gemensamt att minnas vad Bill l\u00e4rde oss under NOAK kurstillf\u00e4llen i b\u00f6rjan av juni.<\/p>\n<p>Vi best\u00e4mmer gemensamt n\u00e4r o var, inne lr ute beroende\u00a0p\u00e5 v\u00e4der.<\/p>\n<p><strong>Tid:<\/strong>\u00a0ej best\u00e4mt \u00e4nnu, intresset styr.<br \/>\n<strong>Plats:<\/strong>\u00a0utg\u00e5r fr\u00e5n Oxelv\u00e4gen 8, H\u00f6n\u00f6 (se\u00a0<a href=\"https:\/\/www.google.se\/maps\/place\/Oxelv%C3%A4gen+8,+475+41+H%C3%B6n%C3%B6\/@57.69545,11.6438093,17z\/data=!3m1!4b1!4m5!3m4!1s0x464f8f8306124ea1:0x295ffb7578f8d68f!8m2!3d57.69545!4d11.6460033?hl=sv\" target=\"_blank\">karta<\/a>)<br \/>\n<strong>Kostnad:<\/strong>\u00a0gratis<\/p>\n<p><strong>Information:<br \/>\n<\/strong>Var och en tar med sitt eget arbetsmaterial.<\/p>\n<p>Vi\u00a0pr\u00f6var och testar oss fram, diskuterar b\u00e5de olika fabrikat av akvarellf\u00e4rger och olika penslar. Vi f\u00f6rs\u00f6ker l\u00e4ra oss\u00a0hur olika f\u00e4rger interagerar med varandra. Vi l\u00e4r oss av varandra och m\u00e5lar.\u00a0V\u00e5rt gemensamma m\u00e5l \u00e4r att f\u00f6rdjupa v\u00e5ra kunskaper inom akvarellm\u00e5lning.<\/p>\n<p>Anm\u00e4lan sker via <a href=\"mailto:ordforande@konstkluster.se\">mail<\/a> till Birgitta D\u00e4r\u00f6ste.<\/p>\n<p>V\u00e4lkommen!<\/p>\n<p>&nbsp;<\/p>\n<p><a href=\"https:\/\/www.konstkluster.se\/konstforening\/wp-content\/uploads\/2015\/08\/FUlogoKV-Gbg.png\" rel=\"attachment wp-att-82\"><img loading=\"lazy\" decoding=\"async\" class=\"size-medium wp-image-82 alignleft\" src=\"https:\/\/www.konstkluster.se\/konstforening\/wp-content\/uploads\/2015\/08\/FUlogoKV-Gbg-300x37.png\" alt=\"Folkuniversitetet i G\u00f6teborg\" width=\"300\" height=\"37\" srcset=\"https:\/\/www.konstkluster.se\/konstforening\/wp-content\/uploads\/2015\/08\/FUlogoKV-Gbg-300x37.png 300w, https:\/\/www.konstkluster.se\/konstforening\/wp-content\/uploads\/2015\/08\/FUlogoKV-Gbg-825x105.png 825w, https:\/\/www.konstkluster.se\/konstforening\/wp-content\/uploads\/2015\/08\/FUlogoKV-Gbg.png 855w\" sizes=\"auto, (max-width: 300px) 100vw, 300px\" \/><\/a><\/p>\n<p>&nbsp;<\/p>\n<p>&nbsp;<\/p>\n<hr \/>\n","protected":false},"excerpt":{"rendered":"<p>Vi testar lite mera akvarell. Under n\u00e5gra tr\u00e4ffar f\u00f6rs\u00f6ker vi gemensamt att minnas vad Bill l\u00e4rde oss under NOAK kurstillf\u00e4llen i b\u00f6rjan av juni. Vi best\u00e4mmer gemensamt n\u00e4r o var, inne lr ute beroende\u00a0p\u00e5 v\u00e4der. Tid:\u00a0ej best\u00e4mt \u00e4nnu, intresset styr. Plats:\u00a0utg\u00e5r fr\u00e5n Oxelv\u00e4gen 8, H\u00f6n\u00f6 (se\u00a0karta) Kostnad:\u00a0gratis Information: Var och en tar med sitt eget &hellip; <a href=\"https:\/\/www.konstkluster.se\/konstforening\/akvarellmalning-juli-2016\/\" class=\"more-link\">Forts\u00e4tt l\u00e4sa <span class=\"screen-reader-text\">Akvarellm\u00e5lning juli 2016<\/span><\/a><\/p>\n","protected":false},"author":2,"featured_media":0,"parent":0,"menu_order":0,"comment_status":"closed","ping_status":"closed","template":"","meta":{"footnotes":""},"class_list":["post-815","page","type-page","status-publish","hentry"],"_links":{"self":[{"href":"https:\/\/www.konstkluster.se\/konstforening\/wp-json\/wp\/v2\/pages\/815","targetHints":{"allow":["GET"]}}],"collection":[{"href":"https:\/\/www.konstkluster.se\/konstforening\/wp-json\/wp\/v2\/pages"}],"about":[{"href":"https:\/\/www.konstkluster.se\/konstforening\/wp-json\/wp\/v2\/types\/page"}],"author":[{"embeddable":true,"href":"https:\/\/www.konstkluster.se\/konstforening\/wp-json\/wp\/v2\/users\/2"}],"replies":[{"embeddable":true,"href":"https:\/\/www.konstkluster.se\/konstforening\/wp-json\/wp\/v2\/comments?post=815"}],"version-history":[{"count":8,"href":"https:\/\/www.konstkluster.se\/konstforening\/wp-json\/wp\/v2\/pages\/815\/revisions"}],"predecessor-version":[{"id":823,"href":"https:\/\/www.konstkluster.se\/konstforening\/wp-json\/wp\/v2\/pages\/815\/revisions\/823"}],"wp:attachment":[{"href":"https:\/\/www.konstkluster.se\/konstforening\/wp-json\/wp\/v2\/media?parent=815"}],"curies":[{"name":"wp","href":"https:\/\/api.w.org\/{rel}","templated":true}]}}