{"id":756,"date":"2016-08-26T15:01:45","date_gmt":"2016-08-26T13:01:45","guid":{"rendered":"http:\/\/www.konstkluster.se\/konstforening\/?page_id=756"},"modified":"2016-09-16T20:15:33","modified_gmt":"2016-09-16T18:15:33","slug":"ateljebesok-hos-eva-lindelow","status":"publish","type":"page","link":"https:\/\/www.konstkluster.se\/konstforening\/ateljebesok-hos-eva-lindelow\/","title":{"rendered":"Atelj\u00e9bes\u00f6k hos Eva Lindel\u00f6w"},"content":{"rendered":"<p>S\u00e5v\u00e4l medlemmar som \u00f6vriga intresserade \u00e4r varmt v\u00e4lkomna till ett atelj\u00e9bes\u00f6k hos konstn\u00e4r <strong>Eva Lindel\u00f6w.<\/strong><\/p>\n<p><strong>Tid: \u00a0<\/strong>Torsdag 29 september 2016\u00a0kl 18:30<br \/>\n<strong>Plats:<\/strong>\u00a0Lindel\u00f6w Konst &amp; Ram (Kl\u00e5va Hamnv\u00e4g 14\u00a0p\u00e5 H\u00f6n\u00f6, se <a href=\"https:\/\/www.google.se\/maps\/place\/Kl%C3%A5va+hamnv%C3%A4g+14,+475+42+H%C3%B6n%C3%B6\/@57.6810941,11.6443447,17z\/data=!3m1!4b1!4m5!3m4!1s0x464f8f92250e334b:0x3862a56a3a27a27f!8m2!3d57.6810913!4d11.6465387?hl=sv\" target=\"_blank\">karta<\/a>)<br \/>\n<strong>Kostnad:<\/strong>\u00a080 SEK betalas med\u00a0Swish eller\u00a0kontant direkt p\u00e5 plats.<\/p>\n<p><strong>Anm\u00e4lan &amp; \u00f6vrig info:<\/strong><br \/>\nSkriv ett\u00a0<a href=\"mailto:konstforening@konstkluster.se\">mail<\/a> till konstf\u00f6reningen eller ring till Margareta Frid p\u00e5 tfn 0709 93 93 01.<br \/>\nSista anm\u00e4lningsdatum:\u00a026 september<\/p>\n<p><a href=\"https:\/\/www.konstkluster.se\/konstforening\/wp-content\/uploads\/2016\/08\/Eva-m\u00e5lar.jpg\"><img loading=\"lazy\" decoding=\"async\" class=\"alignright size-medium wp-image-764\" src=\"https:\/\/www.konstkluster.se\/konstforening\/wp-content\/uploads\/2016\/08\/Eva-m\u00e5lar-300x225.jpg\" alt=\"Eva i sin atelj\u00e9\" width=\"300\" height=\"225\" srcset=\"https:\/\/www.konstkluster.se\/konstforening\/wp-content\/uploads\/2016\/08\/Eva-m\u00e5lar-300x225.jpg 300w, https:\/\/www.konstkluster.se\/konstforening\/wp-content\/uploads\/2016\/08\/Eva-m\u00e5lar.jpg 314w\" sizes=\"auto, (max-width: 300px) 100vw, 300px\" \/><\/a>Eva Lindel\u00f6w har en gedigen design och konstn\u00e4rsutbildning bl.a. fr\u00e5n HDK. Eva \u00e4r numera bosatt och verksam p\u00e5 H\u00f6n\u00f6, d\u00e4r hon driver en ramverkstad och galleri. Evas konstintresse startade med ett stort intresse f\u00f6r glas och glasbl\u00e5seri. Hon experimenterar med olika tekniker f\u00f6r att f\u00e5 fram \u00f6verraskande m\u00f6nster och strukturer och ge glaset olika former av liv. Eva arrangerar bl.a. kurser i m\u00e5leri och h\u00e5ller i workshops.<\/p>\n<p>L\u00e4s mer om Eva Lindel\u00f6ws konstn\u00e4rsskap :\u00a0<a href=\"http:\/\/www.evalindelow.se\/\" target=\"_blank\">hemsida<\/a>\u00a0<a href=\"https:\/\/www.facebook.com\/Galleri-G%C3%A5rda-utst%C3%A4llningar-g%C3%A5rdsbutik-402532899907230\/?fref=ts\" target=\"_blank\"><br \/>\n<\/a><a href=\"https:\/\/www.facebook.com\/SarahLyckstenPhotography\/?fref=ts\" target=\"_blank\"><br \/>\n<\/a><br \/>\n<a href=\"https:\/\/www.konstkluster.se\/konstforening\/wp-content\/uploads\/2015\/08\/FUlogoKV-Gbg.png\" rel=\"attachment wp-att-82\"><img loading=\"lazy\" decoding=\"async\" class=\"size-medium wp-image-82 alignleft\" src=\"https:\/\/www.konstkluster.se\/konstforening\/wp-content\/uploads\/2015\/08\/FUlogoKV-Gbg-300x37.png\" sizes=\"auto, (max-width: 300px) 100vw, 300px\" srcset=\"https:\/\/www.konstkluster.se\/konstforening\/wp-content\/uploads\/2015\/08\/FUlogoKV-Gbg-300x37.png 300w, https:\/\/www.konstkluster.se\/konstforening\/wp-content\/uploads\/2015\/08\/FUlogoKV-Gbg-825x105.png 825w, https:\/\/www.konstkluster.se\/konstforening\/wp-content\/uploads\/2015\/08\/FUlogoKV-Gbg.png 855w\" alt=\"Folkuniversitetet i G\u00f6teborg\" width=\"300\" height=\"37\" \/><\/a><\/p>\n<p>&nbsp;<\/p>\n<hr \/>\n","protected":false},"excerpt":{"rendered":"<p>S\u00e5v\u00e4l medlemmar som \u00f6vriga intresserade \u00e4r varmt v\u00e4lkomna till ett atelj\u00e9bes\u00f6k hos konstn\u00e4r Eva Lindel\u00f6w. Tid: \u00a0Torsdag 29 september 2016\u00a0kl 18:30 Plats:\u00a0Lindel\u00f6w Konst &amp; Ram (Kl\u00e5va Hamnv\u00e4g 14\u00a0p\u00e5 H\u00f6n\u00f6, se karta) Kostnad:\u00a080 SEK betalas med\u00a0Swish eller\u00a0kontant direkt p\u00e5 plats. Anm\u00e4lan &amp; \u00f6vrig info: Skriv ett\u00a0mail till konstf\u00f6reningen eller ring till Margareta Frid p\u00e5 tfn 0709 &hellip; <a href=\"https:\/\/www.konstkluster.se\/konstforening\/ateljebesok-hos-eva-lindelow\/\" class=\"more-link\">Forts\u00e4tt l\u00e4sa <span class=\"screen-reader-text\">Atelj\u00e9bes\u00f6k hos Eva Lindel\u00f6w<\/span><\/a><\/p>\n","protected":false},"author":2,"featured_media":0,"parent":0,"menu_order":0,"comment_status":"closed","ping_status":"closed","template":"","meta":{"footnotes":""},"class_list":["post-756","page","type-page","status-publish","hentry"],"_links":{"self":[{"href":"https:\/\/www.konstkluster.se\/konstforening\/wp-json\/wp\/v2\/pages\/756","targetHints":{"allow":["GET"]}}],"collection":[{"href":"https:\/\/www.konstkluster.se\/konstforening\/wp-json\/wp\/v2\/pages"}],"about":[{"href":"https:\/\/www.konstkluster.se\/konstforening\/wp-json\/wp\/v2\/types\/page"}],"author":[{"embeddable":true,"href":"https:\/\/www.konstkluster.se\/konstforening\/wp-json\/wp\/v2\/users\/2"}],"replies":[{"embeddable":true,"href":"https:\/\/www.konstkluster.se\/konstforening\/wp-json\/wp\/v2\/comments?post=756"}],"version-history":[{"count":6,"href":"https:\/\/www.konstkluster.se\/konstforening\/wp-json\/wp\/v2\/pages\/756\/revisions"}],"predecessor-version":[{"id":768,"href":"https:\/\/www.konstkluster.se\/konstforening\/wp-json\/wp\/v2\/pages\/756\/revisions\/768"}],"wp:attachment":[{"href":"https:\/\/www.konstkluster.se\/konstforening\/wp-json\/wp\/v2\/media?parent=756"}],"curies":[{"name":"wp","href":"https:\/\/api.w.org\/{rel}","templated":true}]}}