{"id":754,"date":"2016-08-26T14:59:48","date_gmt":"2016-08-26T12:59:48","guid":{"rendered":"http:\/\/www.konstkluster.se\/konstforening\/?page_id=754"},"modified":"2016-10-07T06:49:59","modified_gmt":"2016-10-07T04:49:59","slug":"ateljebesok-hos-margareta-mannervik","status":"publish","type":"page","link":"https:\/\/www.konstkluster.se\/konstforening\/ateljebesok-hos-margareta-mannervik\/","title":{"rendered":"Atelj\u00e9bes\u00f6k hos Margareta Mannervik"},"content":{"rendered":"<p>S\u00e5v\u00e4l medlemmar som \u00f6vriga intresserade \u00e4r varmt v\u00e4lkomna till ett atelj\u00e9bes\u00f6k hos papperskonstn\u00e4r <strong>Margareta Mannervik<\/strong>.<\/p>\n<p><strong>Tid:<\/strong>\u00a0Torsdag 13\u00a0oktober 2016\u00a0kl 18:30<br \/>\n<strong>Plats:<\/strong>\u00a0Hemma hos Mannervik, i hennes atelj\u00e9 (T\u00e5ngenv\u00e4gen 4\u00a0p\u00e5 H\u00f6n\u00f6, se <a href=\"https:\/\/www.google.se\/maps\/place\/T%C3%A5ngenv%C3%A4gen+4,+475+40+H%C3%B6n%C3%B6\/@57.6927447,11.6643905,17z\/data=!3m1!4b1!4m5!3m4!1s0x464f8fa1dfdff025:0x3f0f0390baf3f42c!8m2!3d57.6927419!4d11.6665792?hl=sv\" target=\"_blank\">karta<\/a>)<br \/>\n<strong>Kostnad:<\/strong>\u00a080 SEK betalas med\u00a0Swish eller\u00a0kontant direkt p\u00e5 plats.<\/p>\n<p><strong>Anm\u00e4lan &amp; \u00f6vrig info:<\/strong><br \/>\nSkriv ett\u00a0<a href=\"mailto:konstforening@konstkluster.se\">mail<\/a> till konstf\u00f6reningen eller ring till Margareta Frid p\u00e5 tfn 0709 93 93 01. Du kan \u00e4ven anm\u00e4la dig genom ett klick p\u00e5 detta <a href=\"https:\/\/www.facebook.com\/events\/315290512165755\/\" target=\"_blank\">Facebook-event<\/a>.<br \/>\nSista anm\u00e4lningsdatum: 11 oktober<\/p>\n<p><div id='gallery-1' class='gallery galleryid-754 gallery-columns-3 gallery-size-thumbnail'><figure class='gallery-item'>\n\t\t\t<div class='gallery-icon landscape'>\n\t\t\t\t<a href='https:\/\/www.konstkluster.se\/konstforening\/ateljebesok-hos-margareta-mannervik\/img_1415\/'><img loading=\"lazy\" decoding=\"async\" width=\"150\" height=\"150\" src=\"https:\/\/www.konstkluster.se\/konstforening\/wp-content\/uploads\/2016\/08\/IMG_1415-e1475777148548-150x150.jpg\" class=\"attachment-thumbnail size-thumbnail\" alt=\"\" srcset=\"https:\/\/www.konstkluster.se\/konstforening\/wp-content\/uploads\/2016\/08\/IMG_1415-e1475777148548-150x150.jpg 150w, https:\/\/www.konstkluster.se\/konstforening\/wp-content\/uploads\/2016\/08\/IMG_1415-e1475777148548-300x300.jpg 300w, https:\/\/www.konstkluster.se\/konstforening\/wp-content\/uploads\/2016\/08\/IMG_1415-e1475777148548-768x768.jpg 768w, https:\/\/www.konstkluster.se\/konstforening\/wp-content\/uploads\/2016\/08\/IMG_1415-e1475777148548-1024x1024.jpg 1024w\" sizes=\"auto, (max-width: 150px) 100vw, 150px\" \/><\/a>\n\t\t\t<\/div><\/figure><figure class='gallery-item'>\n\t\t\t<div class='gallery-icon landscape'>\n\t\t\t\t<a href='https:\/\/www.konstkluster.se\/konstforening\/ateljebesok-hos-margareta-mannervik\/img_1425\/'><img loading=\"lazy\" decoding=\"async\" width=\"150\" height=\"150\" src=\"https:\/\/www.konstkluster.se\/konstforening\/wp-content\/uploads\/2016\/08\/IMG_1425-e1475777128584-150x150.jpg\" class=\"attachment-thumbnail size-thumbnail\" alt=\"\" srcset=\"https:\/\/www.konstkluster.se\/konstforening\/wp-content\/uploads\/2016\/08\/IMG_1425-e1475777128584-150x150.jpg 150w, https:\/\/www.konstkluster.se\/konstforening\/wp-content\/uploads\/2016\/08\/IMG_1425-e1475777128584-300x300.jpg 300w, https:\/\/www.konstkluster.se\/konstforening\/wp-content\/uploads\/2016\/08\/IMG_1425-e1475777128584-768x768.jpg 768w, https:\/\/www.konstkluster.se\/konstforening\/wp-content\/uploads\/2016\/08\/IMG_1425-e1475777128584-1024x1024.jpg 1024w\" sizes=\"auto, (max-width: 150px) 100vw, 150px\" \/><\/a>\n\t\t\t<\/div><\/figure><figure class='gallery-item'>\n\t\t\t<div class='gallery-icon landscape'>\n\t\t\t\t<a href='https:\/\/www.konstkluster.se\/konstforening\/ateljebesok-hos-margareta-mannervik\/img_1410\/'><img loading=\"lazy\" decoding=\"async\" width=\"150\" height=\"150\" src=\"https:\/\/www.konstkluster.se\/konstforening\/wp-content\/uploads\/2016\/08\/IMG_1410-e1475777163823-150x150.jpg\" class=\"attachment-thumbnail size-thumbnail\" alt=\"\" srcset=\"https:\/\/www.konstkluster.se\/konstforening\/wp-content\/uploads\/2016\/08\/IMG_1410-e1475777163823-150x150.jpg 150w, https:\/\/www.konstkluster.se\/konstforening\/wp-content\/uploads\/2016\/08\/IMG_1410-e1475777163823-300x300.jpg 300w, https:\/\/www.konstkluster.se\/konstforening\/wp-content\/uploads\/2016\/08\/IMG_1410-e1475777163823-768x768.jpg 768w, https:\/\/www.konstkluster.se\/konstforening\/wp-content\/uploads\/2016\/08\/IMG_1410-e1475777163823-1024x1024.jpg 1024w\" sizes=\"auto, (max-width: 150px) 100vw, 150px\" \/><\/a>\n\t\t\t<\/div><\/figure>\n\t\t<\/div>\n<br \/>\nMargareta Mannervik \u00e4r bildkonstn\u00e4r, pedagog och handpappersmakare. Margareta \u00e4r bosatt och verksam p\u00e5 H\u00f6n\u00f6. Hon studerade vid Konstfackskolan. Hon arbetar med 2 och 3 dim. verk fr\u00e5n st\u00f6rre utsmyckningsuppdrag till mindre verk och grafiska upplagor. Sedan 1980 har Margareta utvecklat sina id\u00e9er och f\u00f6rdjupat sig i experimentella handpapperstekniker fokuserad p\u00e5 Paper Art. Margareta \u00e4r en av v\u00e5ra mest k\u00e4nda papperskonstn\u00e4rer. Under v\u00e5rt bes\u00f6k kommer intresserade att erbjudas att sj\u00e4lva pr\u00f6va p\u00e5 att g\u00f6ra papper.<\/p>\n<p>L\u00e4s mer om Margaretas konstn\u00e4rsskap :\u00a0<a href=\"http:\/\/www.margaretamannervik.se\/\" target=\"_blank\">hemsida<\/a>\u00a0<a href=\"https:\/\/www.facebook.com\/Galleri-G%C3%A5rda-utst%C3%A4llningar-g%C3%A5rdsbutik-402532899907230\/?fref=ts\" target=\"_blank\"><br \/>\n<\/a><a href=\"https:\/\/www.facebook.com\/SarahLyckstenPhotography\/?fref=ts\" target=\"_blank\"><br \/>\n<\/a><br \/>\n<a href=\"https:\/\/www.konstkluster.se\/konstforening\/wp-content\/uploads\/2015\/08\/FUlogoKV-Gbg.png\" rel=\"attachment wp-att-82\"><img loading=\"lazy\" decoding=\"async\" class=\"size-medium wp-image-82 alignleft\" src=\"https:\/\/www.konstkluster.se\/konstforening\/wp-content\/uploads\/2015\/08\/FUlogoKV-Gbg-300x37.png\" sizes=\"auto, (max-width: 300px) 100vw, 300px\" srcset=\"https:\/\/www.konstkluster.se\/konstforening\/wp-content\/uploads\/2015\/08\/FUlogoKV-Gbg-300x37.png 300w, https:\/\/www.konstkluster.se\/konstforening\/wp-content\/uploads\/2015\/08\/FUlogoKV-Gbg-825x105.png 825w, https:\/\/www.konstkluster.se\/konstforening\/wp-content\/uploads\/2015\/08\/FUlogoKV-Gbg.png 855w\" alt=\"Folkuniversitetet i G\u00f6teborg\" width=\"300\" height=\"37\" \/><\/a><\/p>\n<p>&nbsp;<\/p>\n<hr \/>\n","protected":false},"excerpt":{"rendered":"<p>S\u00e5v\u00e4l medlemmar som \u00f6vriga intresserade \u00e4r varmt v\u00e4lkomna till ett atelj\u00e9bes\u00f6k hos papperskonstn\u00e4r Margareta Mannervik. Tid:\u00a0Torsdag 13\u00a0oktober 2016\u00a0kl 18:30 Plats:\u00a0Hemma hos Mannervik, i hennes atelj\u00e9 (T\u00e5ngenv\u00e4gen 4\u00a0p\u00e5 H\u00f6n\u00f6, se karta) Kostnad:\u00a080 SEK betalas med\u00a0Swish eller\u00a0kontant direkt p\u00e5 plats. Anm\u00e4lan &amp; \u00f6vrig info: Skriv ett\u00a0mail till konstf\u00f6reningen eller ring till Margareta Frid p\u00e5 tfn 0709 93 &hellip; <a href=\"https:\/\/www.konstkluster.se\/konstforening\/ateljebesok-hos-margareta-mannervik\/\" class=\"more-link\">Forts\u00e4tt l\u00e4sa <span class=\"screen-reader-text\">Atelj\u00e9bes\u00f6k hos Margareta Mannervik<\/span><\/a><\/p>\n","protected":false},"author":2,"featured_media":0,"parent":0,"menu_order":0,"comment_status":"closed","ping_status":"closed","template":"","meta":{"footnotes":""},"class_list":["post-754","page","type-page","status-publish","hentry"],"_links":{"self":[{"href":"https:\/\/www.konstkluster.se\/konstforening\/wp-json\/wp\/v2\/pages\/754","targetHints":{"allow":["GET"]}}],"collection":[{"href":"https:\/\/www.konstkluster.se\/konstforening\/wp-json\/wp\/v2\/pages"}],"about":[{"href":"https:\/\/www.konstkluster.se\/konstforening\/wp-json\/wp\/v2\/types\/page"}],"author":[{"embeddable":true,"href":"https:\/\/www.konstkluster.se\/konstforening\/wp-json\/wp\/v2\/users\/2"}],"replies":[{"embeddable":true,"href":"https:\/\/www.konstkluster.se\/konstforening\/wp-json\/wp\/v2\/comments?post=754"}],"version-history":[{"count":10,"href":"https:\/\/www.konstkluster.se\/konstforening\/wp-json\/wp\/v2\/pages\/754\/revisions"}],"predecessor-version":[{"id":787,"href":"https:\/\/www.konstkluster.se\/konstforening\/wp-json\/wp\/v2\/pages\/754\/revisions\/787"}],"wp:attachment":[{"href":"https:\/\/www.konstkluster.se\/konstforening\/wp-json\/wp\/v2\/media?parent=754"}],"curies":[{"name":"wp","href":"https:\/\/api.w.org\/{rel}","templated":true}]}}