{"id":746,"date":"2016-08-19T10:00:52","date_gmt":"2016-08-19T08:00:52","guid":{"rendered":"http:\/\/www.konstkluster.se\/konstforening\/?page_id=746"},"modified":"2016-08-19T10:05:28","modified_gmt":"2016-08-19T08:05:28","slug":"extra-arsmote-2016","status":"publish","type":"page","link":"https:\/\/www.konstkluster.se\/konstforening\/extra-arsmote-2016\/","title":{"rendered":"Extra \u00e5rsm\u00f6te 2016"},"content":{"rendered":"<div>Vi kallar till ett extra \u00e5rsm\u00f6te med anledning\u00a0av att\u00a0vi beh\u00f6ver uppdatera vara stadgar och att vi\u00a0vill v\u00e4lja in fler ledam\u00f6ter till styrelsen.<\/div>\n<div>&nbsp; &nbsp;<\/div>\n<div><strong>Tid:<\/strong>\u00a0kl 18:30-19:30 tisdag 6 september 2016<br \/>\n<strong>Plats:<\/strong>\u00a0Tr\u00e4ffpunkten p\u00e5 Solh\u00f6jden, \u00d6cker\u00f6 (<a href=\"https:\/\/www.google.se\/maps\/place\/Solh%C3%B6jden,+475+32+%C3%96cker%C3%B6\/@57.7075475,11.6481916,17z\/data=!3m1!4b1!4m5!3m4!1s0x464f8f7b0687ec71:0xf4235aa2d71a5d2a!8m2!3d57.7075447!4d11.6503856?hl=sv\" target=\"_blank\">karta<\/a>)<\/div>\n<div>&nbsp;<\/div>\n<div>V\u00e4lkomna!<\/div>\n<p>&nbsp;<br \/>\n&nbsp;<\/p>\n<hr \/>\n","protected":false},"excerpt":{"rendered":"<p>Vi kallar till ett extra \u00e5rsm\u00f6te med anledning\u00a0av att\u00a0vi beh\u00f6ver uppdatera vara stadgar och att vi\u00a0vill v\u00e4lja in fler ledam\u00f6ter till styrelsen. &nbsp; &nbsp; Tid:\u00a0kl 18:30-19:30 tisdag 6 september 2016 Plats:\u00a0Tr\u00e4ffpunkten p\u00e5 Solh\u00f6jden, \u00d6cker\u00f6 (karta) &nbsp; V\u00e4lkomna! &nbsp; &nbsp;<\/p>\n","protected":false},"author":2,"featured_media":0,"parent":0,"menu_order":0,"comment_status":"closed","ping_status":"closed","template":"","meta":{"footnotes":""},"class_list":["post-746","page","type-page","status-publish","hentry"],"_links":{"self":[{"href":"https:\/\/www.konstkluster.se\/konstforening\/wp-json\/wp\/v2\/pages\/746","targetHints":{"allow":["GET"]}}],"collection":[{"href":"https:\/\/www.konstkluster.se\/konstforening\/wp-json\/wp\/v2\/pages"}],"about":[{"href":"https:\/\/www.konstkluster.se\/konstforening\/wp-json\/wp\/v2\/types\/page"}],"author":[{"embeddable":true,"href":"https:\/\/www.konstkluster.se\/konstforening\/wp-json\/wp\/v2\/users\/2"}],"replies":[{"embeddable":true,"href":"https:\/\/www.konstkluster.se\/konstforening\/wp-json\/wp\/v2\/comments?post=746"}],"version-history":[{"count":6,"href":"https:\/\/www.konstkluster.se\/konstforening\/wp-json\/wp\/v2\/pages\/746\/revisions"}],"predecessor-version":[{"id":752,"href":"https:\/\/www.konstkluster.se\/konstforening\/wp-json\/wp\/v2\/pages\/746\/revisions\/752"}],"wp:attachment":[{"href":"https:\/\/www.konstkluster.se\/konstforening\/wp-json\/wp\/v2\/media?parent=746"}],"curies":[{"name":"wp","href":"https:\/\/api.w.org\/{rel}","templated":true}]}}