{"id":624,"date":"2016-05-25T12:06:27","date_gmt":"2016-05-25T10:06:27","guid":{"rendered":"http:\/\/www.konstkluster.se\/konstforening\/?page_id=624"},"modified":"2016-05-25T16:32:05","modified_gmt":"2016-05-25T14:32:05","slug":"reseforslag-till-kalvsund","status":"publish","type":"page","link":"https:\/\/www.konstkluster.se\/konstforening\/reseforslag-till-kalvsund\/","title":{"rendered":"Resef\u00f6rslag till Kalvsund"},"content":{"rendered":"<p>Det finns flera s\u00e4tt att komma till den lilla mysiga \u00f6n Kalvsund i G\u00f6teborgs norra sk\u00e4rg\u00e5rd. Den sista delen \u00e5ker man b\u00e5t.<\/p>\n<h6>Egen b\u00e5t<\/h6>\n<p>Om du har egen b\u00e5t, finns en <a href=\"http:\/\/www.ockero.se\/kulturturismochfritid\/gasthamnar.4.4706c4d149799c35d86b94.html\">g\u00e4sthamn <\/a>p\u00e5 Kalvsund.<\/p>\n<h6>Kollektivtrafik<\/h6>\n<ul>\n<li>V\u00e4sttrafik trafikerar med en personf\u00e4rja till Kalvsund, <a href=\"http:\/\/www.vasttrafik.se\/#!\/reseinformation\/tidtabeller\/296-ockero\/\">linje 296<\/a>:<br \/>\nBetalning med V\u00e4sttrafikkort.<br \/>\nCykel f\u00e5r medtas.<br \/>\nF\u00e4rjans h\u00e5llplats p\u00e5 Kalvsund: &#8217;Kalvsund, \u00d6cker\u00f6&#8217;<br \/>\nF\u00e4rjans h\u00e5llplats p\u00e5 \u00d6cker\u00f6: &#8217;\u00d6cker\u00f6 f\u00e4rjel\u00e4ge, \u00d6cker\u00f6&#8217;<br \/>\nF\u00e4rjans h\u00e5llplats p\u00e5 Bj\u00f6rk\u00f6: &#8217;Framn\u00e4s, \u00d6cker\u00f6&#8217;<\/li>\n<\/ul>\n<ul>\n<li>L\u00e4mpliga bussf\u00f6rbindelser:\u00a0Buss 290, R\u00f6d express, 24. (Se karta nedan, f\u00f6r mer info)<br \/>\nBetalning med V\u00e4sttrafikkort.<\/li>\n<\/ul>\n<ul>\n<li>Flexlinjen:<br \/>\nBetalning med V\u00e4sttrafikkort.<br \/>\nRing och boka din resa p\u00e5 031-760 53 99, f\u00f6r mer info se denna <a href=\"http:\/\/www.ockero.se\/trafikresorochgator\/trafikochgator\/anropsstyrdtrafikflexlinjen.4.d3eef9913a7211583fda.html\">l\u00e4nk<\/a>.<br \/>\nL\u00e4mpliga h\u00e5llplatser:\u00a0<a href=\"https:\/\/www.google.com\/maps\/d\/viewer?mid=1VsBjozc0B1-DRHodUBjCyu8PSzE\">m\u00f6tesplats nr 16<\/a>\u00a0(vid Pinan) respektive <a href=\"https:\/\/www.google.com\/maps\/d\/viewer?mid=1VsBjozc0B1-DRHodUBjCyu8PSzE\">m\u00f6tesplats nr 113 <\/a>(vid \u00d6cker\u00f6 f\u00e4rjel\u00e4ge).<\/li>\n<\/ul>\n<h6>Egen bil<\/h6>\n<p>\u00c5ker du med egen bil till G\u00f6teborgs norra sk\u00e4rg\u00e5rd, s\u00e5 v\u00e4lj v\u00e4g 155 mot Torslanda\/\u00d6cker\u00f6. V\u00e4ljer du sedan att ta bilf\u00e4rjan till H\u00f6n\u00f6\/\u00d6cker\u00f6, s\u00e5 finns det gratis parkering vid \u00d6cker\u00f6 f\u00e4rjel\u00e4ge. V\u00e4ljer du bilf\u00e4rjan till Bj\u00f6rk\u00f6, s\u00e5 finns endast begr\u00e4nsade m\u00f6jligheter f\u00f6r parkering vid Framn\u00e4s. (Se karta nedan, f\u00f6r mer info)<\/p>\n<p><iframe loading=\"lazy\" src=\"https:\/\/www.google.com\/maps\/d\/embed?mid=1NIGs4mIrwPtNSp5DFe4SgrKk3Hk\" width=\"640\" height=\"480\"><\/iframe><\/p>\n<p>OBS!<br \/>\nAnv\u00e4nd <a href=\"http:\/\/reseplanerare.vasttrafik.se\/bin\/query.exe\/sn\">V\u00e4sttrafiks Reseplanerare<\/a>, f\u00f6r att f\u00e5 aktuella avg\u00e5ngstider.<\/p>\n","protected":false},"excerpt":{"rendered":"<p>Det finns flera s\u00e4tt att komma till den lilla mysiga \u00f6n Kalvsund i G\u00f6teborgs norra sk\u00e4rg\u00e5rd. Den sista delen \u00e5ker man b\u00e5t. Egen b\u00e5t Om du har egen b\u00e5t, finns en g\u00e4sthamn p\u00e5 Kalvsund. Kollektivtrafik V\u00e4sttrafik trafikerar med en personf\u00e4rja till Kalvsund, linje 296: Betalning med V\u00e4sttrafikkort. Cykel f\u00e5r medtas. F\u00e4rjans h\u00e5llplats p\u00e5 Kalvsund: &#8217;Kalvsund, &hellip; <a href=\"https:\/\/www.konstkluster.se\/konstforening\/reseforslag-till-kalvsund\/\" class=\"more-link\">Forts\u00e4tt l\u00e4sa <span class=\"screen-reader-text\">Resef\u00f6rslag till Kalvsund<\/span><\/a><\/p>\n","protected":false},"author":2,"featured_media":0,"parent":0,"menu_order":0,"comment_status":"closed","ping_status":"closed","template":"","meta":{"footnotes":""},"class_list":["post-624","page","type-page","status-publish","hentry"],"_links":{"self":[{"href":"https:\/\/www.konstkluster.se\/konstforening\/wp-json\/wp\/v2\/pages\/624","targetHints":{"allow":["GET"]}}],"collection":[{"href":"https:\/\/www.konstkluster.se\/konstforening\/wp-json\/wp\/v2\/pages"}],"about":[{"href":"https:\/\/www.konstkluster.se\/konstforening\/wp-json\/wp\/v2\/types\/page"}],"author":[{"embeddable":true,"href":"https:\/\/www.konstkluster.se\/konstforening\/wp-json\/wp\/v2\/users\/2"}],"replies":[{"embeddable":true,"href":"https:\/\/www.konstkluster.se\/konstforening\/wp-json\/wp\/v2\/comments?post=624"}],"version-history":[{"count":9,"href":"https:\/\/www.konstkluster.se\/konstforening\/wp-json\/wp\/v2\/pages\/624\/revisions"}],"predecessor-version":[{"id":634,"href":"https:\/\/www.konstkluster.se\/konstforening\/wp-json\/wp\/v2\/pages\/624\/revisions\/634"}],"wp:attachment":[{"href":"https:\/\/www.konstkluster.se\/konstforening\/wp-json\/wp\/v2\/media?parent=624"}],"curies":[{"name":"wp","href":"https:\/\/api.w.org\/{rel}","templated":true}]}}