{"id":6,"date":"2015-08-14T15:51:37","date_gmt":"2015-08-14T13:51:37","guid":{"rendered":"http:\/\/konstforening.konstkluster.se\/?page_id=6"},"modified":"2023-07-19T12:11:32","modified_gmt":"2023-07-19T10:11:32","slug":"norra-skargardens-konstforening","status":"publish","type":"page","link":"https:\/\/www.konstkluster.se\/konstforening\/","title":{"rendered":"Detta \u00e4r NOAKs f\u00f6rsta hemsida"},"content":{"rendered":"\n<pre class=\"wp-block-preformatted\"><strong>Denna NOAKs ursprungssajt bibeh\u00e5lls endast av historiskt intresse. L\u00e4s om <a href=\"https:\/\/www.konstkluster.se\/konstforening\/tidigare-ars-styrelser\/\">f\u00f6reningens uppstart<\/a>, vilka som bidragit och lite om hur vi gjorde under NOAKs f\u00f6rsta 6 \u00e5r.<br><br>Denna utg\u00e5va av NOAKs hemsida har skapats och l\u00f6pande underh\u00e5llits av <a href=\"https:\/\/www.konstkluster.se\/?page_id=70\" target=\"_blank\" rel=\"noreferrer noopener\">Birgitta D\u00e4r\u00f6ste<\/a>.<\/strong><\/pre>\n\n\n\n<h4 class=\"wp-block-heading has-text-align-center\"><em>Den 8 september 2021 fick NOAK en ny hemsida, vilken fram\u00f6ver kommer att sk\u00f6tas av NOAKs nya styrelse &#8211; se f\u00f6reningens fortsatta utveckling via denna <a rel=\"noreferrer noopener\" href=\"https:\/\/www.noak-ockero.se\/\" target=\"_blank\">l\u00e4nk<\/a>.<\/em><\/h4>\n\n\n\n<hr class=\"wp-block-separator has-css-opacity aligncenter\"\/>\n\n\n<hr \/>\n<h1 data-pm-slice=\"1 1 []\" data-en-clipboard=\"true\"><b>Norra sk\u00e4rg\u00e5rdens allm\u00e4nna konstf\u00f6rening<\/b><\/h1>\n<ul>\n<li>Det finns ett intresse f\u00f6r att starta ett <a href=\"http:\/\/www.konstkluster.se\/?page_id=22\">kulturellt nav<\/a> i G\u00f6teborgs norra sk\u00e4rg\u00e5rd.<\/li>\n<li>Vi startar d\u00e4rf\u00f6r en konstf\u00f6rening, d\u00e4r alla som vill \u00e4r v\u00e4lkomna att bli medlemmar.<\/li>\n<li>Som medlem f\u00e5r du en vinstchans i v\u00e5rt konstlotteri och m\u00f6jlighet att delta i programaktiviteter.<\/li>\n<\/ul>\n<p>V\u00e5rt syfte \u00e4r att v\u00e4cka, underh\u00e5lla och bredda\u00a0intresset f\u00f6r konst i vid bem\u00e4rkelse. F\u00f6rutom m\u00e5lningar och skulpturer kan det exempelvis handla om konsthantverk och arkitektur.<\/p>\n<p>Vi \u00e4r en allm\u00e4nnyttig ideell f\u00f6rening med s\u00e4te i \u00d6cker\u00f6 kommun.<\/p>\n<p><strong>Medlemskap\/\u00e5rsavgift<\/strong><br \/>Medlemskapsavgift f\u00f6r \u00e5r 2021: 250 kr<br \/>Medlemskapsavgift f\u00f6r \u00e5r 2022: 250 kr<\/p>\n<p>Eventuell f\u00f6r\u00e4ndring av \u00e5rsavgift beslutas p\u00e5 \u00e5rsm\u00f6te, som infaller \u00e5ret innan \u00e4ndring kommer att ske.<\/p>\n<p><strong>Vill du bli medlem?<\/strong><br \/>Fyll i en medlemsanm\u00e4lan via\u00a0<a href=\"https:\/\/www.konstkluster.se\/konstforening\/medlemsanmalan\/\">blankett on-line<\/a>.<br \/>Betala in medlemsavgiften p\u00e5 <a href=\"https:\/\/www.konstkluster.se\/konstforening\/inbetalning\/\">n\u00e5got av dessa s\u00e4tt<\/a>.<\/p>\n<p><span style=\"color: #000000;\"><em>Vintern 2020\/2021 skaffar vi en dedikerad dom\u00e4n f\u00f6r NOAK, <a style=\"color: #000000;\" href=\"http:\/\/www.noak-ockero.se\/\">noak-ockero.se<\/a> och vi b\u00f6rjar strax d\u00e4refter fasa in v\u00e5ra nya mailadresser, se nedan:<\/em><\/span><\/p>\n<ul>\n<li><span style=\"color: #000000;\"><em>V\u00e5r gamla mailadress <a href=\"mailto:info@konstkluster.se\">info@konstkluster.se<\/a> ers\u00e4tts med<br \/><a style=\"color: #000000;\" href=\"mailto:info@noak-ockero.se\">info@noak-ockero.se<\/a><\/em><\/span><\/li>\n<li><span style=\"color: #000000;\"><em>V\u00e5r gamla mailadress <a style=\"color: #000000;\" href=\"mailto:konstforening@konstkluster.se\">konstforening@konstkluster.se<\/a> ers\u00e4tts med<br \/><a style=\"color: #000000;\" href=\"mailto:ordforande@noak-ockero.se\">ordforande@noak-ockero.se<\/a><\/em><\/span><\/li>\n<li><span style=\"color: #000000;\"><em>V\u00e5r gamla mailadress <a style=\"color: #000000;\" href=\"mailto:kassor@konstkluster.se\">kassor@konstkluster.se<\/a> ers\u00e4tts med <br \/><a style=\"color: #000000;\" href=\"mailto:kassor@noak-ockero.se\">kassor@noak-ockero.se<\/a><\/em><\/span><\/li>\n<li><span style=\"color: #000000;\"><em>V\u00e5r gamla mailadress <a href=\"mailto:sekreterare@konstkluster.se\">sekreterare@konstkluster.se<\/a> ers\u00e4tts med <br \/><a href=\"mailto:sekreterare@noak-ockero.se\">sekreterare@noak-ockero.se<\/a><\/em><\/span><\/li>\n<li><span style=\"color: #000000;\"><em>V\u00e5r gamla mailadress <a href=\"mailto:webbansvarig@konstkluster.se\">webbansvarig@konstkluster.se<\/a> ers\u00e4tts med <br \/><a href=\"mailto:webbansvarig@noak-ockero.se\">webbansvarig@noak-ockero.se<\/a><\/em><\/span><\/li>\n<\/ul>\n<p><span style=\"color: #000000;\"><em>V\u00e5ra medlemmar och \u00f6vriga som har kontinuerlig kontakt med oss har f\u00e5tt ett mail om detta i slutet av mars 2021<\/em><\/span><span style=\"color: #000000;\"><em>.<\/em><\/span><\/p>\n<p>OBS!<br \/>Du kan beh\u00f6va godk\u00e4nna NOAK mailadress s\u00e5 att ev mail fr\u00e5n oss inte hamnar i din skr\u00e4p-\/spam-\/junkmail.<\/p>\n<pre>G\u00f6r s\u00e5 h\u00e4r: v\u00e4ntar du p\u00e5 ett mail fr\u00e5n oss, s\u00e5 leta regelbundet efter detta i din inbox f\u00f6r spam. N\u00e4r du finner mailet fr\u00e5n NOAK, s\u00e5 godk\u00e4nn detta som ett mail\u00a0fr\u00e5n betrodd avs\u00e4ndare (h\u00f6gerklicka p\u00e5 mailet och v\u00e4lj alternativet skr\u00e4ppost - d\u00e4r hittar du valet att g\u00f6ra avs\u00e4ndaren till en betrodd avs\u00e4ndare). D\u00e4refter kommer mailen fr\u00e5n NOAK att placeras i din vanliga inbox. Mailen i din spam-box raderas efter n\u00e5gon enstaka vecka.<\/pre>\n<hr \/>\n\n\n<p><\/p>\n","protected":false},"excerpt":{"rendered":"<p>Denna NOAKs ursprungssajt bibeh\u00e5lls endast av historiskt intresse. L\u00e4s om f\u00f6reningens uppstart, vilka som bidragit och lite om hur vi gjorde under NOAKs f\u00f6rsta 6 \u00e5r.Denna utg\u00e5va av NOAKs hemsida har skapats och l\u00f6pande underh\u00e5llits av Birgitta D\u00e4r\u00f6ste. Den 8 september 2021 fick NOAK en ny hemsida, vilken fram\u00f6ver kommer att sk\u00f6tas av NOAKs nya &hellip; <a href=\"https:\/\/www.konstkluster.se\/konstforening\/\" class=\"more-link\">Forts\u00e4tt l\u00e4sa <span class=\"screen-reader-text\">Detta \u00e4r NOAKs f\u00f6rsta hemsida<\/span><\/a><\/p>\n","protected":false},"author":2,"featured_media":0,"parent":0,"menu_order":0,"comment_status":"closed","ping_status":"closed","template":"","meta":{"footnotes":""},"class_list":["post-6","page","type-page","status-publish","hentry"],"_links":{"self":[{"href":"https:\/\/www.konstkluster.se\/konstforening\/wp-json\/wp\/v2\/pages\/6","targetHints":{"allow":["GET"]}}],"collection":[{"href":"https:\/\/www.konstkluster.se\/konstforening\/wp-json\/wp\/v2\/pages"}],"about":[{"href":"https:\/\/www.konstkluster.se\/konstforening\/wp-json\/wp\/v2\/types\/page"}],"author":[{"embeddable":true,"href":"https:\/\/www.konstkluster.se\/konstforening\/wp-json\/wp\/v2\/users\/2"}],"replies":[{"embeddable":true,"href":"https:\/\/www.konstkluster.se\/konstforening\/wp-json\/wp\/v2\/comments?post=6"}],"version-history":[{"count":114,"href":"https:\/\/www.konstkluster.se\/konstforening\/wp-json\/wp\/v2\/pages\/6\/revisions"}],"predecessor-version":[{"id":2908,"href":"https:\/\/www.konstkluster.se\/konstforening\/wp-json\/wp\/v2\/pages\/6\/revisions\/2908"}],"wp:attachment":[{"href":"https:\/\/www.konstkluster.se\/konstforening\/wp-json\/wp\/v2\/media?parent=6"}],"curies":[{"name":"wp","href":"https:\/\/api.w.org\/{rel}","templated":true}]}}