{"id":55,"date":"2015-11-20T15:56:46","date_gmt":"2015-11-20T14:56:46","guid":{"rendered":"http:\/\/konstforening.konstkluster.se\/?page_id=55"},"modified":"2021-03-21T14:58:18","modified_gmt":"2021-03-21T13:58:18","slug":"ekonomi","status":"publish","type":"page","link":"https:\/\/www.konstkluster.se\/konstforening\/ekonomi\/","title":{"rendered":"Ekonomi"},"content":{"rendered":"<p>Uppstarten av v\u00e5r allm\u00e4nna konstf\u00f6rening sker i dialog med kultur- o fritidsf\u00f6rvaltningen p\u00e5 \u00d6cker\u00f6 kommun och Folkuniversitetet i G\u00f6teborg.<\/p>\n<p>Vi har ett p\u00e5b\u00f6rjat samarbete med <strong>Folkuniversitetet<\/strong>, som redan st\u00f6ttar oss med ekonomiska bidrag f\u00f6r event och studiecirklar.<\/p>\n<p><strong>\u00d6cker\u00f6 kommuns kultur- och fritidsf\u00f6rvaltning<\/strong> har lovat att ekonomiskt st\u00f6tta v\u00e5r verksamhet.<\/p>\n<p>F\u00f6reningens <a href=\"https:\/\/www.konstkluster.se\/konstforening\/inbetalning\/\">bankkonto<\/a> samt n\u00e5gra d\u00e4rtill h\u00f6rande tj\u00e4nster finns i Swedbank.<\/p>\n<p>Vid ekonomiska fr\u00e5gor kontakta f\u00f6reningens kass\u00f6r via <a href=\"mailto:kassor@noak-ockero.se\">mail<\/a>. (kassor@noak-ockero.se)<\/p>\n<h1><\/h1>\n<hr \/>\n","protected":false},"excerpt":{"rendered":"<p>Uppstarten av v\u00e5r allm\u00e4nna konstf\u00f6rening sker i dialog med kultur- o fritidsf\u00f6rvaltningen p\u00e5 \u00d6cker\u00f6 kommun och Folkuniversitetet i G\u00f6teborg. Vi har ett p\u00e5b\u00f6rjat samarbete med Folkuniversitetet, som redan st\u00f6ttar oss med ekonomiska bidrag f\u00f6r event och studiecirklar. \u00d6cker\u00f6 kommuns kultur- och fritidsf\u00f6rvaltning har lovat att ekonomiskt st\u00f6tta v\u00e5r verksamhet. F\u00f6reningens bankkonto samt n\u00e5gra d\u00e4rtill h\u00f6rande &hellip; <a href=\"https:\/\/www.konstkluster.se\/konstforening\/ekonomi\/\" class=\"more-link\">Forts\u00e4tt l\u00e4sa <span class=\"screen-reader-text\">Ekonomi<\/span><\/a><\/p>\n","protected":false},"author":2,"featured_media":0,"parent":0,"menu_order":0,"comment_status":"closed","ping_status":"open","template":"","meta":{"footnotes":""},"class_list":["post-55","page","type-page","status-publish","hentry"],"_links":{"self":[{"href":"https:\/\/www.konstkluster.se\/konstforening\/wp-json\/wp\/v2\/pages\/55","targetHints":{"allow":["GET"]}}],"collection":[{"href":"https:\/\/www.konstkluster.se\/konstforening\/wp-json\/wp\/v2\/pages"}],"about":[{"href":"https:\/\/www.konstkluster.se\/konstforening\/wp-json\/wp\/v2\/types\/page"}],"author":[{"embeddable":true,"href":"https:\/\/www.konstkluster.se\/konstforening\/wp-json\/wp\/v2\/users\/2"}],"replies":[{"embeddable":true,"href":"https:\/\/www.konstkluster.se\/konstforening\/wp-json\/wp\/v2\/comments?post=55"}],"version-history":[{"count":28,"href":"https:\/\/www.konstkluster.se\/konstforening\/wp-json\/wp\/v2\/pages\/55\/revisions"}],"predecessor-version":[{"id":2669,"href":"https:\/\/www.konstkluster.se\/konstforening\/wp-json\/wp\/v2\/pages\/55\/revisions\/2669"}],"wp:attachment":[{"href":"https:\/\/www.konstkluster.se\/konstforening\/wp-json\/wp\/v2\/media?parent=55"}],"curies":[{"name":"wp","href":"https:\/\/api.w.org\/{rel}","templated":true}]}}