{"id":437,"date":"2016-04-17T20:18:15","date_gmt":"2016-04-17T18:18:15","guid":{"rendered":"http:\/\/www.konstkluster.se\/konstforening\/?page_id=437"},"modified":"2016-05-25T10:52:09","modified_gmt":"2016-05-25T08:52:09","slug":"resforslag","status":"publish","type":"page","link":"https:\/\/www.konstkluster.se\/konstforening\/resforslag\/","title":{"rendered":"Resef\u00f6rslag till G\u00e5rda Galleri"},"content":{"rendered":"<p>Bor du p\u00e5 \u00f6arna och undrar om det g\u00e5r n\u00e5gra bussar s\u00e5 dags p\u00e5 kv\u00e4llen?<\/p>\n<p>Bor du i G\u00f6teborg och funderar \u00f6ver om det ens \u00e4r m\u00f6jligt att ta sig ut till G\u00f6teborgs norra sk\u00e4rg\u00e5rd?<\/p>\n<p>..och kanske\u00a0nu i synnerhet undrar om det \u00e4r m\u00f6jligt att \u00e5ka kollektivt tur och retur mellan centrala G\u00f6teborg och G\u00e5rda Galleri p\u00e5 H\u00f6n\u00f6?<\/p>\n<p>Svaret \u00e4r &#8217;ja&#8217;.<\/p>\n<p>Bor du i stan s\u00e5 kan du f\u00e4rdas utan byte fr\u00e5n\u00a0Nils Ericsson Terminalen till h\u00e5llplatsen vid H\u00f6n\u00f6 kyrka, som ligger cirka 100 m fr\u00e5n G\u00e5rda Galleri.\u00a0F\u00f6r \u00e5terresa p\u00e5 kv\u00e4llen stiger du av bussen p\u00e5 Pinan, tar *H\u00f6n\u00f6f\u00e4rjan och d\u00e4refter f\u00f6rsta l\u00e4mpliga buss fr\u00e5n Lilla Varholmen.<\/p>\n<p>Under h\u00f6gtrafik trafikeras linje 291 av en bekv\u00e4m dubbeld\u00e4ckare. Taxan \u00e4r &#8217;G\u00f6teborg +&#8217; (taxegr\u00e4nsen \u00e4r p\u00e5 Pinan, vilket \u00e4r ben\u00e4mningen p\u00e5 H\u00f6n\u00f6 f\u00e4rjel\u00e4ge).<\/p>\n<figure id=\"attachment_451\" aria-describedby=\"caption-attachment-451\" style=\"width: 191px\" class=\"wp-caption aligncenter\"><a href=\"https:\/\/www.konstkluster.se\/konstforening\/wp-content\/uploads\/2016\/04\/Sk\u00e4rmklipp-TO.jpg\" rel=\"attachment wp-att-439\"><img loading=\"lazy\" decoding=\"async\" class=\"wp-image-451 size-medium\" src=\"https:\/\/www.konstkluster.se\/konstforening\/wp-content\/uploads\/2016\/04\/Sk\u00e4rmklipp-TO-191x300.jpg\" alt=\"\" width=\"191\" height=\"300\" srcset=\"https:\/\/www.konstkluster.se\/konstforening\/wp-content\/uploads\/2016\/04\/Sk\u00e4rmklipp-TO-191x300.jpg 191w, https:\/\/www.konstkluster.se\/konstforening\/wp-content\/uploads\/2016\/04\/Sk\u00e4rmklipp-TO.jpg 333w\" sizes=\"auto, (max-width: 191px) 100vw, 191px\" \/><\/a><figcaption id=\"caption-attachment-451\" class=\"wp-caption-text\">V\u00e4sttrafiks f\u00f6rslag p\u00e5 resor till G\u00e5rda Galleri.<\/figcaption><\/figure>\n<figure id=\"attachment_452\" aria-describedby=\"caption-attachment-452\" style=\"width: 300px\" class=\"wp-caption aligncenter\"><a href=\"https:\/\/www.konstkluster.se\/konstforening\/wp-content\/uploads\/2016\/04\/Sk\u00e4rmklipp.jpg\" rel=\"attachment wp-att-438\"><img loading=\"lazy\" decoding=\"async\" class=\"wp-image-452 size-medium\" src=\"https:\/\/www.konstkluster.se\/konstforening\/wp-content\/uploads\/2016\/04\/Sk\u00e4rmklipp-300x248.jpg\" alt=\"\" width=\"300\" height=\"248\" srcset=\"https:\/\/www.konstkluster.se\/konstforening\/wp-content\/uploads\/2016\/04\/Sk\u00e4rmklipp-300x248.jpg 300w, https:\/\/www.konstkluster.se\/konstforening\/wp-content\/uploads\/2016\/04\/Sk\u00e4rmklipp.jpg 617w\" sizes=\"auto, (max-width: 300px) 100vw, 300px\" \/><\/a><figcaption id=\"caption-attachment-452\" class=\"wp-caption-text\">V\u00e4sttrafiks f\u00f6rslag p\u00e5 resor fr\u00e5n G\u00e5rda Galleri.<\/figcaption><\/figure>\n<p>*H\u00f6n\u00f6f\u00e4rjan \u00e4r en gratis bilf\u00e4rja med plats f\u00f6r ~90 personbilar och passagerarhytter.<\/p>\n<p>PS<br \/>\nK\u00f6r du bil, s\u00e5 v\u00e4lj H\u00f6n\u00f6f\u00e4rjan fr\u00e5n Lilla Varholmen, destination \u00d6cker\u00f6\/H\u00f6n\u00f6. k\u00f6r d\u00e4refter mot H\u00f6n\u00f6 kyrka, parkera d\u00e4r och promenera till G\u00e5rda Galleri.<\/p>\n<figure id=\"attachment_454\" aria-describedby=\"caption-attachment-454\" style=\"width: 300px\" class=\"wp-caption aligncenter\"><a href=\"https:\/\/www.konstkluster.se\/konstforening\/wp-content\/uploads\/2016\/04\/Sk\u00e4rmklippBIL.jpg\" rel=\"attachment wp-att-454\"><img loading=\"lazy\" decoding=\"async\" class=\"wp-image-454 size-medium\" src=\"https:\/\/www.konstkluster.se\/konstforening\/wp-content\/uploads\/2016\/04\/Sk\u00e4rmklippBIL-300x251.jpg\" alt=\"Sk\u00e4rmklippBIL\" width=\"300\" height=\"251\" srcset=\"https:\/\/www.konstkluster.se\/konstforening\/wp-content\/uploads\/2016\/04\/Sk\u00e4rmklippBIL-300x251.jpg 300w, https:\/\/www.konstkluster.se\/konstforening\/wp-content\/uploads\/2016\/04\/Sk\u00e4rmklippBIL.jpg 674w\" sizes=\"auto, (max-width: 300px) 100vw, 300px\" \/><\/a><figcaption id=\"caption-attachment-454\" class=\"wp-caption-text\">V\u00e4sttrafiks f\u00f6rslag p\u00e5 resor med H\u00f6n\u00f6f\u00e4rjan.<\/figcaption><\/figure>\n<p><strong>OBS!<\/strong><br \/>\nV\u00e4sttrafik kan g\u00f6ra f\u00f6r\u00e4ndringar i tidtabellen, g\u00f6r d\u00e4rf\u00f6r en egen s\u00f6kning i <a href=\"http:\/\/reseplanerare.vasttrafik.se\/bin\/query.exe\/sn?S=&amp;Z=&amp;date=2016-04-18&amp;time=09:45&amp;timesel=depart&amp;searchMode=ADVANCED&amp;getstop=1&amp;jsEnabled=yes\" target=\"_blank\">V\u00e4sttrafiks Reseplanerare<\/a> d\u00e5 avresetidpunkten n\u00e4rmar sig.<\/p>\n<hr \/>\n","protected":false},"excerpt":{"rendered":"<p>Bor du p\u00e5 \u00f6arna och undrar om det g\u00e5r n\u00e5gra bussar s\u00e5 dags p\u00e5 kv\u00e4llen? Bor du i G\u00f6teborg och funderar \u00f6ver om det ens \u00e4r m\u00f6jligt att ta sig ut till G\u00f6teborgs norra sk\u00e4rg\u00e5rd? ..och kanske\u00a0nu i synnerhet undrar om det \u00e4r m\u00f6jligt att \u00e5ka kollektivt tur och retur mellan centrala G\u00f6teborg och G\u00e5rda &hellip; <a href=\"https:\/\/www.konstkluster.se\/konstforening\/resforslag\/\" class=\"more-link\">Forts\u00e4tt l\u00e4sa <span class=\"screen-reader-text\">Resef\u00f6rslag till G\u00e5rda Galleri<\/span><\/a><\/p>\n","protected":false},"author":2,"featured_media":0,"parent":0,"menu_order":0,"comment_status":"closed","ping_status":"closed","template":"","meta":{"footnotes":""},"class_list":["post-437","page","type-page","status-publish","hentry"],"_links":{"self":[{"href":"https:\/\/www.konstkluster.se\/konstforening\/wp-json\/wp\/v2\/pages\/437","targetHints":{"allow":["GET"]}}],"collection":[{"href":"https:\/\/www.konstkluster.se\/konstforening\/wp-json\/wp\/v2\/pages"}],"about":[{"href":"https:\/\/www.konstkluster.se\/konstforening\/wp-json\/wp\/v2\/types\/page"}],"author":[{"embeddable":true,"href":"https:\/\/www.konstkluster.se\/konstforening\/wp-json\/wp\/v2\/users\/2"}],"replies":[{"embeddable":true,"href":"https:\/\/www.konstkluster.se\/konstforening\/wp-json\/wp\/v2\/comments?post=437"}],"version-history":[{"count":15,"href":"https:\/\/www.konstkluster.se\/konstforening\/wp-json\/wp\/v2\/pages\/437\/revisions"}],"predecessor-version":[{"id":622,"href":"https:\/\/www.konstkluster.se\/konstforening\/wp-json\/wp\/v2\/pages\/437\/revisions\/622"}],"wp:attachment":[{"href":"https:\/\/www.konstkluster.se\/konstforening\/wp-json\/wp\/v2\/media?parent=437"}],"curies":[{"name":"wp","href":"https:\/\/api.w.org\/{rel}","templated":true}]}}