{"id":386,"date":"2016-03-07T16:20:35","date_gmt":"2016-03-07T15:20:35","guid":{"rendered":"http:\/\/www.konstkluster.se\/konstforening\/?page_id=386"},"modified":"2021-01-25T15:58:24","modified_gmt":"2021-01-25T14:58:24","slug":"stadgar","status":"publish","type":"page","link":"https:\/\/www.konstkluster.se\/konstforening\/stadgar\/","title":{"rendered":"Stadgar"},"content":{"rendered":"<p><strong style=\"line-height: 1.6471;\">I \u00a0Namn<\/strong><\/p>\n<p>F\u00f6reningens namn \u00e4r Norra sk\u00e4rg\u00e5rdens allm\u00e4nna konstf\u00f6rening (NOAK), vilken utg\u00f6r den f\u00f6rsta delen av en st\u00f6rre verksamhet, Konstkluster, som vi h\u00e5ller p\u00e5 att bygga upp.<\/p>\n<p><strong> II \u00a0S\u00e4te<\/strong><\/p>\n<p>F\u00f6reningens hemort skall vara i \u00d6cker\u00f6 kommun.<\/p>\n<p><strong> III\u00a0 Syfte<\/strong><\/p>\n<p>F\u00f6reningen \u00e4r \u00f6ppen f\u00f6r alla konstintresserade och har till syfte att v\u00e4cka, underh\u00e5lla och bredda intresset f\u00f6r konst genom att<\/p>\n<ul>\n<li>arrangera utst\u00e4llningar<\/li>\n<li>anordna f\u00f6redrag, studieverksamhet och \u00f6vriga aktiviteter i \u00e4mnen r\u00f6rande konst och hantverk<\/li>\n<li>anordna konstlotteri varje \u00e5r<\/li>\n<li>skapa tillf\u00e4llen att samtala om konst<\/li>\n<li>bidra till att f\u00f6ra kommunens lokala traditioner vidare<\/li>\n<\/ul>\n<p><strong> IV\u00a0 Medlemskap och medlemsavgifter<\/strong><\/p>\n<ol>\n<li>F\u00f6reningen \u00e4r en allm\u00e4nnyttig ideell f\u00f6rening, var och en som vill delta i f\u00f6reningens arrangemang och\/eller st\u00f6dja f\u00f6reningens syfte kan erh\u00e5lla medlemskap.<\/li>\n<li>F\u00f6r att bli medlem kr\u00e4vs godk\u00e4nnande av v\u00e5ra stadgar och v\u00e5r integritetspolicy (<a href=\"https:\/\/www.konstkluster.se\/konstforening\/noak-integritetspolicy\/\">l\u00e4nk<\/a>).<\/li>\n<li>F\u00f6reningen best\u00e5r av \u00e5rsmedlemmar.<\/li>\n<li>Medlemsavgiften fastst\u00e4lls av \u00e5rsm\u00f6tet.<\/li>\n<li>Medlem som erlagt stadgad \u00e5rsavgift deltar i f\u00f6reningens \u00e5rliga konstlotteri.<\/li>\n<\/ol>\n<p><strong> V Styrelse, verksamhet och valberedning<\/strong><\/p>\n<ol>\n<li>Styrelsen skall best\u00e5 av l\u00e4gst tre och h\u00f6gst sju\u00a0ledam\u00f6ter, samt l\u00e4gst tv\u00e5 och h\u00f6gst tv\u00e5 suppleanter.<\/li>\n<li>Fullv\u00e4rdiga styrelsemedlemmar och suppleanter v\u00e4ljs vid \u00e5rsm\u00f6te eller extra \u00e5rsm\u00f6te.<\/li>\n<li>Styrelsens ordf\u00f6rande och kass\u00f6r v\u00e4ljs f\u00f6r tv\u00e5 \u00e5r i taget.<\/li>\n<li>Styrelsens ledam\u00f6ter och suppleanter v\u00e4ljs f\u00f6r ett \u00e5r i taget.<\/li>\n<li>Styrelsen sammantr\u00e4der p\u00e5 kallelse av ordf\u00f6rande eller d\u00e5 minst h\u00e4lften av styrelsens ledam\u00f6ter kr\u00e4ver detta.<\/li>\n<li>Vid styrelsesammantr\u00e4de har suppleanterna yttrande-, f\u00f6rslags- och r\u00f6str\u00e4tt d\u00e5 de fungerar som ers\u00e4ttare f\u00f6r ordinarie ledamot.<\/li>\n<li>Styrelsen har beslutander\u00e4tt om ordf\u00f6randen och minst h\u00e4lften av \u00f6vriga ledam\u00f6ter \u00e4r n\u00e4rvarande.<\/li>\n<li>Styrelsen kan adjungera en person till styrelsen, f\u00f6r att styrelsen beh\u00f6ver tillf\u00e4llig hj\u00e4lp eller r\u00e5d. En adjungerad ledamot f\u00e5r delta i styrelsem\u00f6te, hj\u00e4lpa till med styrelsens arbete, har n\u00e4rvaro- och f\u00f6rslagsr\u00e4tt men inte r\u00f6str\u00e4tt.<\/li>\n<li>Styrelsen eller av styrelsen utsedd ink\u00f6psgrupp ansvarar f\u00f6r ink\u00f6p av konst till medlemmarnas konstlotteri.<\/li>\n<li>Protokoll skall f\u00f6ras vid styrelsens sammantr\u00e4den.\u00a0Av protokollet ska framg\u00e5 beslut som tagits och en kort sammanfattning omkring diskussioner som f\u00f6rekommit.<\/li>\n<li>Om styrelseledamot avg\u00e5r eller utesluts v\u00e4ljs inom styrelsen suppleant att intr\u00e4da i dennes st\u00e4lle fram tills n\u00e4sta ordinarie \u00e5rsm\u00f6te.<\/li>\n<li>Styrelsen b\u00e4r ansvar f\u00f6r f\u00f6reningens ekonomi, samt att f\u00f6rvalta f\u00f6reningens tillg\u00e5ngar.<\/li>\n<li>F\u00f6reningens firma tecknas av tv\u00e5 i f\u00f6reningen, ordf\u00f6rande tillsammans med kass\u00f6ren.<\/li>\n<li>I utformningen av f\u00f6reningens verksamhet skall beaktas \u00f6nskem\u00e5l och uppslag fr\u00e5n medlemmarna. Verksamheten skall h\u00e5llas relevant i f\u00f6rh\u00e5llande till f\u00f6reningens profil.<\/li>\n<li>Styrelsen tar fram f\u00f6reningens r\u00e4kenskaper och f\u00f6reningens ekonomiska rapport till \u00e5rsm\u00f6tet. I detta ing\u00e5r en verksamhetsber\u00e4ttelse samt en arrangemangsplan f\u00f6r kommande verksamhets\u00e5r.<\/li>\n<li>\u00c5rsm\u00f6tet skall tills\u00e4tta en valberedning best\u00e5ende av tv\u00e5 ledam\u00f6ter, varav en sammankallande. Ledam\u00f6ter i valberedningen f\u00e5r inte tillh\u00f6ra styrelsen.<\/li>\n<\/ol>\n<p><strong> VI\u00a0 Revision<\/strong><\/p>\n<ol>\n<li>F\u00f6r granskning av r\u00e4kenskaper och f\u00f6rvaltning utser \u00e5rsm\u00f6tet tv\u00e5 revisorer, varav en \u00e4r sammankallande. Revisorerna utses f\u00f6r en tid p\u00e5 tv\u00e5 \u00e5r. Revisorerna skall alltid f\u00e5\u00a0tillg\u00e5ng till f\u00f6reningens r\u00e4kenskaper och handlingar.<\/li>\n<li>Revisorernas ber\u00e4ttelse skall vara styrelsen tillhanda senast tv\u00e5 veckor f\u00f6re \u00e5rsm\u00f6tet.<\/li>\n<\/ol>\n<p><strong> VII\u00a0 Verksamhets\u00e5r, \u00e5rsm\u00f6te, f\u00f6reningsm\u00f6te och val<\/strong><\/p>\n<ol>\n<li>Verksamhets\u00e5ret skall vara kalender\u00e5ret. \u00c5rsm\u00f6te skall \u00e4ga rum f\u00f6re mars m\u00e5nads utg\u00e5ng.<\/li>\n<li>Motioner och f\u00f6rslag fr\u00e5n medlemmarna skall vara styrelsen tillhanda senast fem veckor innan \u00e5rsm\u00f6tet.<\/li>\n<li>Kallelse med dagordning och motioner\/f\u00f6rslag s\u00e4nds via mail till medlemmarna senast 2 veckor innan \u00e5rsm\u00f6tet.<\/li>\n<\/ol>\n<ol start=\"4\">\n<li>Vid \u00e5rsm\u00f6tet skall f\u00f6ljande \u00e4renden f\u00f6rekomma:\n<ol>\n<li>Anteckning av m\u00f6tesdeltagare<\/li>\n<li>Val av ordf\u00f6rande f\u00f6r m\u00f6tet<\/li>\n<li>Val av sekreterare f\u00f6r m\u00f6tet<\/li>\n<li>Fastst\u00e4llande av dagordning<\/li>\n<li>Val av tv\u00e5 justeringsm\u00e4n f\u00f6r m\u00f6tet<\/li>\n<li>Fr\u00e5ga om m\u00f6tets beh\u00f6riga utlysande<\/li>\n<li>Styrelsens verksamhetsber\u00e4ttelse och arrangemangsplan<\/li>\n<li>Styrelsens ekonomiska rapport<\/li>\n<li>Revisorernas ber\u00e4ttelse<\/li>\n<li>Fr\u00e5ga om ansvarsfrihet f\u00f6r styrelsen<\/li>\n<li>Val av ordf\u00f6rande<\/li>\n<li>Val av sekreterare<\/li>\n<li>Val av kass\u00f6r<\/li>\n<li>Val av \u00f6vriga styrelseledam\u00f6ter och suppleanter<\/li>\n<li>Val av tv\u00e5 revisorer<\/li>\n<li>Tills\u00e4ttande av valberedning<\/li>\n<li>Fastst\u00e4llande av medlemsavgift<\/li>\n<li>\u00d6vriga \u00e4renden<\/li>\n<\/ol>\n<\/li>\n<\/ol>\n<ol start=\"5\">\n<li>Val:<\/li>\n<\/ol>\n<p>a) \u00a0F\u00f6reningen str\u00e4var efter att ha en valberedning, vars uppgift \u00e4r att l\u00e4mna f\u00f6rslag till val av ordf\u00f6rande och \u00f6vriga styrelseledam\u00f6ter samt av revisorer och ers\u00e4ttare.<\/p>\n<p>b) \u00a0De som nomineras av valberedningen eller av annan vid \u00e5rsm\u00f6tet, skall ha f\u00f6rklarat sig beredda att \u00e5ta sig aktuellt uppdrag.<\/p>\n<p><strong> VIII\u00a0 Stadge\u00e4ndring och uppl\u00f6sning<\/strong><\/p>\n<ol>\n<li>\u00c4ndring av dessa stadgar kr\u00e4ver beslut vid \u00e5rsm\u00f6te eller extra \u00e5rsm\u00f6te. F\u00f6r beslut fordras tv\u00e5 tredjedelars majoritet.<\/li>\n<li>F\u00f6reningens uppl\u00f6sning skall kr\u00e4va likalydande beslut vid tv\u00e5 p\u00e5 varandra f\u00f6ljande f\u00f6reningsm\u00f6ten. F\u00f6r beslut fordras tv\u00e5 tredjedelars majoritet.<\/li>\n<li>Uppl\u00f6ses f\u00f6reningen skall f\u00f6reningens tillg\u00e5ngar \u00f6verl\u00e4mnas till n\u00e5got som gagnar konsten eller som f\u00f6reningen beslutar.<\/li>\n<\/ol>\n<hr \/>\n<p>Stadgarna finns \u00e4ven som nedladdningsbar <a href=\"https:\/\/www.konstkluster.se\/konstforening\/wp-content\/uploads\/2021\/01\/NOAK_stadgar-ver2020-10-28.pdf\" class=\"mtli_attachment mtli_pdf\">fil<\/a>.<\/p>\n\n\n<p><\/p>\n","protected":false},"excerpt":{"rendered":"<p>I \u00a0Namn F\u00f6reningens namn \u00e4r Norra sk\u00e4rg\u00e5rdens allm\u00e4nna konstf\u00f6rening (NOAK), vilken utg\u00f6r den f\u00f6rsta delen av en st\u00f6rre verksamhet, Konstkluster, som vi h\u00e5ller p\u00e5 att bygga upp. II \u00a0S\u00e4te F\u00f6reningens hemort skall vara i \u00d6cker\u00f6 kommun. III\u00a0 Syfte F\u00f6reningen \u00e4r \u00f6ppen f\u00f6r alla konstintresserade och har till syfte att v\u00e4cka, underh\u00e5lla och bredda intresset f\u00f6r &hellip; <a href=\"https:\/\/www.konstkluster.se\/konstforening\/stadgar\/\" class=\"more-link\">Forts\u00e4tt l\u00e4sa <span class=\"screen-reader-text\">Stadgar<\/span><\/a><\/p>\n","protected":false},"author":2,"featured_media":0,"parent":0,"menu_order":0,"comment_status":"closed","ping_status":"closed","template":"","meta":{"footnotes":""},"class_list":["post-386","page","type-page","status-publish","hentry"],"_links":{"self":[{"href":"https:\/\/www.konstkluster.se\/konstforening\/wp-json\/wp\/v2\/pages\/386","targetHints":{"allow":["GET"]}}],"collection":[{"href":"https:\/\/www.konstkluster.se\/konstforening\/wp-json\/wp\/v2\/pages"}],"about":[{"href":"https:\/\/www.konstkluster.se\/konstforening\/wp-json\/wp\/v2\/types\/page"}],"author":[{"embeddable":true,"href":"https:\/\/www.konstkluster.se\/konstforening\/wp-json\/wp\/v2\/users\/2"}],"replies":[{"embeddable":true,"href":"https:\/\/www.konstkluster.se\/konstforening\/wp-json\/wp\/v2\/comments?post=386"}],"version-history":[{"count":29,"href":"https:\/\/www.konstkluster.se\/konstforening\/wp-json\/wp\/v2\/pages\/386\/revisions"}],"predecessor-version":[{"id":2517,"href":"https:\/\/www.konstkluster.se\/konstforening\/wp-json\/wp\/v2\/pages\/386\/revisions\/2517"}],"wp:attachment":[{"href":"https:\/\/www.konstkluster.se\/konstforening\/wp-json\/wp\/v2\/media?parent=386"}],"curies":[{"name":"wp","href":"https:\/\/api.w.org\/{rel}","templated":true}]}}