{"id":380,"date":"2016-03-07T15:52:41","date_gmt":"2016-03-07T14:52:41","guid":{"rendered":"http:\/\/www.konstkluster.se\/konstforening\/?page_id=380"},"modified":"2016-05-19T07:24:59","modified_gmt":"2016-05-19T05:24:59","slug":"anmalan-till-helgkurs-akvarell-11-12-juni-2016","status":"publish","type":"page","link":"https:\/\/www.konstkluster.se\/konstforening\/anmalan-till-helgkurs-akvarell-11-12-juni-2016\/","title":{"rendered":"Anm\u00e4lan till helgkurs akvarell 11-12 juni 2016"},"content":{"rendered":"<p>Fyll i samtliga\u00a0obligatoriska f\u00e4lt (*),\u00a0skicka in din kursanm\u00e4lan.<\/p>\n<p>Anm\u00e4lan \u00e4r bindande, men ej personlig &#8211; detta f\u00f6r att Bill k\u00f6per flygbiljett f\u00f6r att komma hit till v\u00e5ra \u00f6ar och ge oss dessa kurser.<\/p>\n\n<div class=\"wpcf7 no-js\" id=\"wpcf7-f382-o1\" lang=\"sv-SE\" dir=\"ltr\" data-wpcf7-id=\"382\">\n<div class=\"screen-reader-response\"><p role=\"status\" aria-live=\"polite\" aria-atomic=\"true\"><\/p> <ul><\/ul><\/div>\n<form action=\"\/konstforening\/wp-json\/wp\/v2\/pages\/380#wpcf7-f382-o1\" method=\"post\" class=\"wpcf7-form init\" aria-label=\"Kontaktformul\u00e4r\" novalidate=\"novalidate\" data-status=\"init\">\n<fieldset class=\"hidden-fields-container\"><input type=\"hidden\" name=\"_wpcf7\" value=\"382\" \/><input type=\"hidden\" name=\"_wpcf7_version\" value=\"6.1.2\" \/><input type=\"hidden\" name=\"_wpcf7_locale\" value=\"sv_SE\" \/><input type=\"hidden\" name=\"_wpcf7_unit_tag\" value=\"wpcf7-f382-o1\" \/><input type=\"hidden\" name=\"_wpcf7_container_post\" value=\"0\" \/><input type=\"hidden\" name=\"_wpcf7_posted_data_hash\" value=\"\" \/>\n<\/fieldset>\n<hr \/>\n<p>Jag \u00e4r inf\u00f6rst\u00e5dd med att denna kurs anordnas av NOAK i form av en studiecirkel, med st\u00f6ttning ifr\u00e5n studief\u00f6rbundet Folkuniversitetet i G\u00f6teborg.\n<\/p>\n<p>*<span class=\"wpcf7-form-control-wrap\" data-name=\"checkbox-612_anmal_Kurs\"><span class=\"wpcf7-form-control wpcf7-checkbox wpcf7-validates-as-required\"><span class=\"wpcf7-list-item first last\"><span class=\"wpcf7-list-item-label\">Jag vill ha en kursplats p\u00e5 rubricerad kurs:<\/span><input type=\"checkbox\" name=\"checkbox-612_anmal_Kurs[]\" value=\"Jag vill ha en kursplats p\u00e5 rubricerad kurs:\" \/><\/span><\/span><\/span>\n<\/p>\n<hr \/>\n<p> * Namn\n<\/p>\n<p><span class=\"wpcf7-form-control-wrap\" data-name=\"your-name\"><input size=\"40\" maxlength=\"400\" class=\"wpcf7-form-control wpcf7-text wpcf7-validates-as-required\" aria-required=\"true\" aria-invalid=\"false\" value=\"\" type=\"text\" name=\"your-name\" \/><\/span>\n<\/p>\n<p> * E-postadress\n<\/p>\n<p><span class=\"wpcf7-form-control-wrap\" data-name=\"your-email\"><input size=\"40\" maxlength=\"400\" class=\"wpcf7-form-control wpcf7-email wpcf7-validates-as-required wpcf7-text wpcf7-validates-as-email\" aria-required=\"true\" aria-invalid=\"false\" value=\"\" type=\"email\" name=\"your-email\" \/><\/span>\n<\/p>\n<p> * Telefon\n<\/p>\n<p><span class=\"wpcf7-form-control-wrap\" data-name=\"tel-108_tfn\"><input size=\"40\" maxlength=\"400\" class=\"wpcf7-form-control wpcf7-tel wpcf7-validates-as-required wpcf7-text wpcf7-validates-as-tel\" aria-required=\"true\" aria-invalid=\"false\" value=\"\" type=\"tel\" name=\"tel-108_tfn\" \/><\/span>\n<\/p>\n<p> * Bostadsadress\n<\/p>\n<p><span class=\"wpcf7-form-control-wrap\" data-name=\"textarea-186_AdressArea\"><textarea cols=\"40\" rows=\"10\" maxlength=\"2000\" class=\"wpcf7-form-control wpcf7-textarea wpcf7-validates-as-required\" aria-required=\"true\" aria-invalid=\"false\" placeholder=\"\" name=\"textarea-186_AdressArea\"><\/textarea><\/span>\n<\/p>\n<p>Meddelandef\u00e4lt f\u00f6r \u00f6vriga upplysningar\n<\/p>\n<p><span class=\"wpcf7-form-control-wrap\" data-name=\"your-message\"><textarea cols=\"40\" rows=\"10\" maxlength=\"2000\" class=\"wpcf7-form-control wpcf7-textarea\" aria-invalid=\"false\" name=\"your-message\"><\/textarea><\/span>\n<\/p>\n<p><input class=\"wpcf7-form-control wpcf7-submit has-spinner\" type=\"submit\" value=\"Skicka\" \/>\n<\/p><div class=\"wpcf7-response-output\" aria-hidden=\"true\"><\/div>\n<\/form>\n<\/div>\n\n<p>Vi skickar bekr\u00e4ftelse p\u00e5 din kursanm\u00e4lan inom 3 dagar. F\u00f6r dig som erh\u00e5llit en kursplats kr\u00e4ver vi inbetalning av kursavgiften omg\u00e5ende.<\/p>\n<p>PS<br \/>\nEn del e-postklienter placerar\u00a0v\u00e5ra mailutskick i inkorgen f\u00f6r spam\/junk, s\u00e5 leta efter mail ifr\u00e5n oss d\u00e4r \u2013 om du saknar dem i din vanliga inkorg.<\/p>\n<hr \/>\n","protected":false},"excerpt":{"rendered":"<p>Fyll i samtliga\u00a0obligatoriska f\u00e4lt (*),\u00a0skicka in din kursanm\u00e4lan. Anm\u00e4lan \u00e4r bindande, men ej personlig &#8211; detta f\u00f6r att Bill k\u00f6per flygbiljett f\u00f6r att komma hit till v\u00e5ra \u00f6ar och ge oss dessa kurser. Vi skickar bekr\u00e4ftelse p\u00e5 din kursanm\u00e4lan inom 3 dagar. F\u00f6r dig som erh\u00e5llit en kursplats kr\u00e4ver vi inbetalning av kursavgiften omg\u00e5ende. PS &hellip; <a href=\"https:\/\/www.konstkluster.se\/konstforening\/anmalan-till-helgkurs-akvarell-11-12-juni-2016\/\" class=\"more-link\">Forts\u00e4tt l\u00e4sa <span class=\"screen-reader-text\">Anm\u00e4lan till helgkurs akvarell 11-12 juni 2016<\/span><\/a><\/p>\n","protected":false},"author":2,"featured_media":0,"parent":0,"menu_order":0,"comment_status":"closed","ping_status":"closed","template":"","meta":{"footnotes":""},"class_list":["post-380","page","type-page","status-publish","hentry"],"_links":{"self":[{"href":"https:\/\/www.konstkluster.se\/konstforening\/wp-json\/wp\/v2\/pages\/380","targetHints":{"allow":["GET"]}}],"collection":[{"href":"https:\/\/www.konstkluster.se\/konstforening\/wp-json\/wp\/v2\/pages"}],"about":[{"href":"https:\/\/www.konstkluster.se\/konstforening\/wp-json\/wp\/v2\/types\/page"}],"author":[{"embeddable":true,"href":"https:\/\/www.konstkluster.se\/konstforening\/wp-json\/wp\/v2\/users\/2"}],"replies":[{"embeddable":true,"href":"https:\/\/www.konstkluster.se\/konstforening\/wp-json\/wp\/v2\/comments?post=380"}],"version-history":[{"count":7,"href":"https:\/\/www.konstkluster.se\/konstforening\/wp-json\/wp\/v2\/pages\/380\/revisions"}],"predecessor-version":[{"id":598,"href":"https:\/\/www.konstkluster.se\/konstforening\/wp-json\/wp\/v2\/pages\/380\/revisions\/598"}],"wp:attachment":[{"href":"https:\/\/www.konstkluster.se\/konstforening\/wp-json\/wp\/v2\/media?parent=380"}],"curies":[{"name":"wp","href":"https:\/\/api.w.org\/{rel}","templated":true}]}}