{"id":373,"date":"2016-03-07T15:41:13","date_gmt":"2016-03-07T14:41:13","guid":{"rendered":"http:\/\/www.konstkluster.se\/konstforening\/?page_id=373"},"modified":"2022-06-09T09:53:28","modified_gmt":"2022-06-09T07:53:28","slug":"helgkurs-akvarell-11-12-juni-2016","status":"publish","type":"page","link":"https:\/\/www.konstkluster.se\/konstforening\/helgkurs-akvarell-11-12-juni-2016\/","title":{"rendered":"Helgkurs akvarell 11-12 juni 2016"},"content":{"rendered":"<p>Denna information g\u00e4ller en utav de tre korta akvarellkurser, som NOAK anordnar i b\u00f6rjan av juni 2016. S\u00e5v\u00e4l nyb\u00f6rjare som erfarna \u00e4r v\u00e4lkomna, f\u00f6rst till kvarn g\u00e4ller och medlemmar i NOAK f\u00e5r subventionerad kursavgift. Boka in dig f\u00f6r en enstaka kurs eller fler, kanske samtliga?<\/p>\n<p>V\u00e5r g\u00e4stkonstn\u00e4r ifr\u00e5n Sydafrika, <strong>Richard (Bill) Blunt<\/strong>, har 40 \u00e5rs erfarenhet som akvarellm\u00e5lare. Undervisningen kommer att ske p\u00e5 engelska, men det finns kursdeltagare som hj\u00e4lper till med \u00f6vers\u00e4ttning till svenska.<\/p>\n<p><strong>Helgen 11-12 juni 2016 kl 10:00-16:00<\/strong><br \/>\nKursen ges hemma hos Svetlana och Peter,\u00a0<span data-bind=\"text: street\">S\u00f6dra Uddens V\u00e4g<\/span> <span data-bind=\"text: number\">33 p\u00e5 Kalvsund<\/span>. (se <a href=\"https:\/\/www.google.se\/maps\/place\/S%C3%B6dra+Uddens+V%C3%A4g+33,+475+36+Kalvsund\/@57.7050993,11.6831512,17z\/data=!3m1!4b1!4m2!3m1!1s0x464f8f0e4b36058f:0xfe1b8f1f3c5be359\" target=\"_blank\" rel=\"noopener\">karta<\/a>)<\/p>\n<p>Max 6 kursdeltagare.\u00a0\u00a0<span style=\"color: #ff0000;\"><strong>KURSEN \u00c4R FULLBOKAD!<\/strong><\/span><\/p>\n<p><strong>Anm\u00e4lan<\/strong>\u00a0via <a href=\"https:\/\/www.konstkluster.se\/konstforening\/anmalan-till-helgkurs-akvarell-11-12-juni-2016\/\">formul\u00e4r<\/a>. Anm\u00e4lan \u00e4r bindande, dock ej personlig.<br \/>\nI kursavgiften ing\u00e5r lunch, m\u00e5ltidsdryck och kaffe.<br \/>\nKursavgift f\u00f6r medlem: 950\u00a0SEK<br \/>\nKursavgift f\u00f6r icke medlem: 1150\u00a0SEK<\/p>\n<p>Kursavgiften ska betalas omg\u00e5ende efter det att NOAK svarsmail skickats ut om erh\u00e5llen kursplats, se inbetalningsalternativ <a href=\"https:\/\/www.konstkluster.se\/konstforening\/inbetalning\/\">h\u00e4r<\/a>.<\/p>\n<p><a href=\"https:\/\/www.konstkluster.se\/konstforening\/reseforslag-till-kalvsund\/\">Resef\u00f6rslag<\/a>:\u00a0bussar &amp; f\u00e4rjetider.<\/p>\n<figure id=\"attachment_278\" aria-describedby=\"caption-attachment-278\" style=\"width: 225px\" class=\"wp-caption alignright\"><a href=\"https:\/\/www.konstkluster.se\/konstforening\/wp-content\/uploads\/2016\/02\/06092012087-001.jpg\" rel=\"attachment wp-att-278\"><img loading=\"lazy\" decoding=\"async\" class=\"size-medium wp-image-278\" src=\"https:\/\/www.konstkluster.se\/konstforening\/wp-content\/uploads\/2016\/02\/06092012087-001-225x300.jpg\" alt=\"Richard (Bill) Blunt\" width=\"225\" height=\"300\" srcset=\"https:\/\/www.konstkluster.se\/konstforening\/wp-content\/uploads\/2016\/02\/06092012087-001-225x300.jpg 225w, https:\/\/www.konstkluster.se\/konstforening\/wp-content\/uploads\/2016\/02\/06092012087-001-768x1024.jpg 768w, https:\/\/www.konstkluster.se\/konstforening\/wp-content\/uploads\/2016\/02\/06092012087-001.jpg 1944w\" sizes=\"auto, (max-width: 225px) 100vw, 225px\" \/><\/a><figcaption id=\"caption-attachment-278\" class=\"wp-caption-text\">Richard (Bill) Blunt<\/figcaption><\/figure>\n<p>L\u00e4s mera om Bills <a href=\"https:\/\/www.konstkluster.se\/konstforening\/artists-biography\/\">bakgrund och erfarenhet<\/a> som akvarellm\u00e5lare (engelska).<\/p>\n<p>Se n\u00e5gra exempel p\u00e5 Bills <a href=\"https:\/\/www.konstkluster.se\/konstforening\/richard-blunt-examples-of-paintings-in-aquarelle\/\">akvareller<\/a>.<\/p>\n<p>Undervisningen f\u00f6ruts\u00e4tter att var och en kursdeltagare tar med sig sitt eget arbetsmaterial. L\u00e4s Bills <a href=\"https:\/\/www.konstkluster.se\/konstforening\/aquarelle-tools-according-to-bill\/\">f\u00f6rslag<\/a>\u00a0p\u00e5 utrustningslista (engelska).<\/p>\n<p><a href=\"https:\/\/www.konstkluster.se\/konstforening\/wp-content\/uploads\/2015\/08\/FUlogoKV-Gbg.png\" rel=\"attachment wp-att-82\"><img loading=\"lazy\" decoding=\"async\" class=\"size-medium wp-image-82 alignleft\" src=\"https:\/\/www.konstkluster.se\/konstforening\/wp-content\/uploads\/2015\/08\/FUlogoKV-Gbg-300x37.png\" alt=\"Folkuniversitetet i G\u00f6teborg\" width=\"300\" height=\"37\" srcset=\"https:\/\/www.konstkluster.se\/konstforening\/wp-content\/uploads\/2015\/08\/FUlogoKV-Gbg-300x37.png 300w, https:\/\/www.konstkluster.se\/konstforening\/wp-content\/uploads\/2015\/08\/FUlogoKV-Gbg-825x105.png 825w, https:\/\/www.konstkluster.se\/konstforening\/wp-content\/uploads\/2015\/08\/FUlogoKV-Gbg.png 855w\" sizes=\"auto, (max-width: 300px) 100vw, 300px\" \/><\/a><\/p>\n<hr \/>\n","protected":false},"excerpt":{"rendered":"<p>Denna information g\u00e4ller en utav de tre korta akvarellkurser, som NOAK anordnar i b\u00f6rjan av juni 2016. S\u00e5v\u00e4l nyb\u00f6rjare som erfarna \u00e4r v\u00e4lkomna, f\u00f6rst till kvarn g\u00e4ller och medlemmar i NOAK f\u00e5r subventionerad kursavgift. Boka in dig f\u00f6r en enstaka kurs eller fler, kanske samtliga? V\u00e5r g\u00e4stkonstn\u00e4r ifr\u00e5n Sydafrika, Richard (Bill) Blunt, har 40 \u00e5rs &hellip; <a href=\"https:\/\/www.konstkluster.se\/konstforening\/helgkurs-akvarell-11-12-juni-2016\/\" class=\"more-link\">Forts\u00e4tt l\u00e4sa <span class=\"screen-reader-text\">Helgkurs akvarell 11-12 juni 2016<\/span><\/a><\/p>\n","protected":false},"author":2,"featured_media":0,"parent":0,"menu_order":0,"comment_status":"closed","ping_status":"closed","template":"","meta":{"footnotes":""},"class_list":["post-373","page","type-page","status-publish","hentry"],"_links":{"self":[{"href":"https:\/\/www.konstkluster.se\/konstforening\/wp-json\/wp\/v2\/pages\/373","targetHints":{"allow":["GET"]}}],"collection":[{"href":"https:\/\/www.konstkluster.se\/konstforening\/wp-json\/wp\/v2\/pages"}],"about":[{"href":"https:\/\/www.konstkluster.se\/konstforening\/wp-json\/wp\/v2\/types\/page"}],"author":[{"embeddable":true,"href":"https:\/\/www.konstkluster.se\/konstforening\/wp-json\/wp\/v2\/users\/2"}],"replies":[{"embeddable":true,"href":"https:\/\/www.konstkluster.se\/konstforening\/wp-json\/wp\/v2\/comments?post=373"}],"version-history":[{"count":12,"href":"https:\/\/www.konstkluster.se\/konstforening\/wp-json\/wp\/v2\/pages\/373\/revisions"}],"predecessor-version":[{"id":2881,"href":"https:\/\/www.konstkluster.se\/konstforening\/wp-json\/wp\/v2\/pages\/373\/revisions\/2881"}],"wp:attachment":[{"href":"https:\/\/www.konstkluster.se\/konstforening\/wp-json\/wp\/v2\/media?parent=373"}],"curies":[{"name":"wp","href":"https:\/\/api.w.org\/{rel}","templated":true}]}}