{"id":2912,"date":"2025-10-04T15:06:27","date_gmt":"2025-10-04T13:06:27","guid":{"rendered":"https:\/\/www.konstkluster.se\/konstforening\/?page_id=2912"},"modified":"2025-10-05T11:17:37","modified_gmt":"2025-10-05T09:17:37","slug":"overlamningsmote","status":"publish","type":"page","link":"https:\/\/www.konstkluster.se\/konstforening\/overlamningsmote\/","title":{"rendered":"\u00d6verl\u00e4mningsm\u00f6te 14\/9-21"},"content":{"rendered":"\n<p>Samtliga styrelsemedlemmar i b\u00e5de den gamla avg\u00e5ende styrelsen och den nya styrelsen h\u00e4lsas v\u00e4lkomna inf\u00f6r \u00f6verl\u00e4mningen av f\u00f6reningens verksamhet till de nya styrelsemedlemmarna.<\/p>\n\n\n\n<p><strong>Tid:<\/strong>&nbsp;kl 18:00&nbsp;tisdag 14 september 2021<br><strong>Plats:<\/strong>&nbsp;f\u00f6rel\u00e4snings-\/ h\u00f6rsalen i \u00d6cker\u00f6 bibliotek (se&nbsp;<a href=\"https:\/\/www.google.se\/maps\/place\/%C3%96cker%C3%B6+bibliotek\/@57.7090226,11.6522781,17z\/data=!3m1!4b1!4m5!3m4!1s0x464f8f7ab74c407d:0xa7e5bfc102be7246!8m2!3d57.7090226!4d11.6544721?hl=sv\" target=\"_blank\" rel=\"noreferrer noopener\">karta<\/a>)<\/p>\n\n\n\n<p>2021-09-14 h\u00e5lls ett <strong>\u00f6verl\u00e4mningsm\u00f6te<\/strong> inf\u00f6r den nya styrelsen, med anledning av att s\u00e5v\u00e4l Birgitta D\u00e4r\u00f6ste (som byggt upp verksamheten), som Margithe Helgesdotter (som varit kass\u00f6r under flera \u00e5r) nu l\u00e4mnar styrelsen. <\/p>\n\n\n\n<p>F\u00f6r att underl\u00e4tta den nya styrelsens fortsatta arbete, s\u00e5 ges en <a href=\"https:\/\/www.konstkluster.se\/konstforening\/wp-content\/uploads\/2022\/06\/2021-09-14-OverlamningsmoteBD_MH-inklBDanteckningar_uppat2021-09-16ver2.pptx\" class=\"mtli_attachment mtli_pptx\" target=\"_blank\" rel=\"noreferrer noopener\">\u00f6verblick<\/a>&nbsp;\u00f6ver hur vi arbetat hittills. Presentationen beskriver hur Birgittas st\u00e4ndiga str\u00e4van efter total transparens har genomsyrat det l\u00f6pande kontinuerliga arbetet, alltifr\u00e5n id\u00e9starten 2011 och \u00e4nda fram tills denna dag. Detta arbetss\u00e4tt omfattar s\u00e5v\u00e4l hur molntj\u00e4nster utnyttjats f\u00f6r smidigt samarbete omkring v\u00e5rt gemensamma uppdrag och hur diverse plattformar anv\u00e4nts f\u00f6r marknadsunders\u00f6kningar etc. En \u00f6versikt ges \u00f6ver vilka kanaler som vi har annonserat om v\u00e5r verksamhet i, med m\u00e5lbilden att n\u00e5 samtliga \u00e5ldersgrupper s\u00e5v\u00e4l inom den egna kommunen \u00d6cker\u00f6 som i grannkommunen G\u00f6teborg och sj\u00e4lvklart \u00e4ven f\u00f6r mer avl\u00e4gsna deltagare i v\u00e5ra arrangemang. Till sist beskrivs hur samtliga \u00e4gandeskap f\u00f6r alla ing\u00e5ende digitala kanaler har \u00f6verf\u00f6rts fr\u00e5n Birgitta D\u00e4r\u00f6ste till adekvata styrelseroller inom NOAK. Presentationen omfattar \u00e4ven inneh\u00e5llet i Birgittas ursprungliga \u00f6verenskommelse med Folkuniversitetet vid G\u00f6teborgs universitet och inneb\u00f6rden av det viktiga till\u00e4gg (GDPR) som Birgitta arbetade fram f\u00f6r f\u00f6reningens stadgar.<\/p>\n\n\n\n<p>Lite konkreta exempel p\u00e5 hur vi marknadsf\u00f6rt v\u00e5ra aktiviteter: I v\u00e5ra egna kanaler har det sett ut s\u00e5 h\u00e4r: v\u00e5r <a href=\"https:\/\/www.konstkluster.se\/konstforening\/2-kurstillfallen-akvarellkurs-4-5-juni-2016\/\">hemsida<\/a>, <a href=\"https:\/\/www.facebook.com\/Konstkluster\/videos\/405367493368224\/\" target=\"_blank\" rel=\"noreferrer noopener\">Fb<\/a>\u00a0respektive <a href=\"https:\/\/www.instagram.com\/p\/BhJ8Os7hRe_\/\" target=\"_blank\" rel=\"noreferrer noopener\">insta<\/a>. F\u00f6r varje enskilt arrangemang har det skickats ut en inbjudan via mail till v\u00e5ra medlemmar, som exempelvis dessa f\u00f6r <a href=\"https:\/\/www.konstkluster.se\/konstforening\/wp-content\/uploads\/2022\/06\/mail_inbjudan_Balenciaga-2019-02-16.pdf\" class=\"mtli_attachment mtli_pdf\" target=\"_blank\" rel=\"noreferrer noopener\">studiebes\u00f6k<\/a>, <a href=\"https:\/\/www.konstkluster.se\/konstforening\/wp-content\/uploads\/2022\/06\/mail_inbjudan_Alexandra_2017-11-15.pdf\" class=\"mtli_attachment mtli_pdf\" target=\"_blank\" rel=\"noreferrer noopener\">atelj\u00e9bes\u00f6k<\/a> och <a href=\"https:\/\/www.konstkluster.se\/konstforening\/wp-content\/uploads\/2022\/09\/mail_inbjudan_Akvarellmalningskurser_2016-04-11.pdf\" class=\"mtli_attachment mtli_pdf\" target=\"_blank\" rel=\"noreferrer noopener\">m\u00e5lningskurser<\/a>. Sj\u00e4lvklart har vi \u00e4ven printat ut affischer i f\u00e4rg, inplastat och placerat ut p\u00e5 alla de <a href=\"https:\/\/www.konstkluster.se\/konstforening\/wp-content\/uploads\/2025\/10\/NOAK_Vintersalong2019-Annons_RandomKanaler_2018-12-21-3.jpg\">annonspelare<\/a> vi har haft till\u00e5telse till. Vi har annonserat i adekvata Facebook-grupper och k\u00f6rt sponsrade annonser b\u00e5de b\u00e5de Facebook och Instagram. Och skickat \u00f6ver v\u00e5rt marknadsf\u00f6ringsmaterial till Folkuniversitetet, f\u00f6r spridning ocks\u00e5 i deras kanaler.<\/p>\n\n\n\n<p>Inf\u00f6r vart och ett utav v\u00e5ra arrangemang har varje styrelseledamot f\u00f6rt in sitt eget marknadsf\u00f6ringsbidrag i en <a href=\"https:\/\/www.konstkluster.se\/konstforening\/wp-content\/uploads\/2022\/06\/Marknadsforing-Morgan-ateljebesok-o-akvarellkurs-ht-18.docx\" class=\"mtli_attachment mtli_docx\" target=\"_blank\" rel=\"noreferrer noopener\">loggfil f\u00f6r marknadsf\u00f6ring<\/a>, a.k.a. ett ifyllbart formul\u00e4r i Word (placerat p\u00e5 v\u00e5r gemensamma area p\u00e5 Dropbox).<\/p>\n\n\n\n<p>Samtliga filer, mallar, underlag inklusive <a href=\"https:\/\/www.konstkluster.se\/konstforening\/wp-content\/uploads\/2022\/06\/NOAKwebbhotellskonto_inloggning_ver2021-09-22_mDoldaLosenord.pdf\" class=\"mtli_attachment mtli_pdf\" target=\"_blank\" rel=\"noreferrer noopener\">hemsidans samtliga delar<\/a> har l\u00e4mnats \u00f6ver till den nya styrelsen.<\/p>\n\n\n\n<p>VARMT V\u00c4LKOMNA!!<\/p>\n\n\n\n<p>\u00d6nskar Birgitta och Margithe<\/p>\n\n\n\n<p><\/p>\n\n\n\n<p><\/p>\n\n\n<p><a href=\"https:\/\/www.konstkluster.se\/konstforening\/wp-content\/uploads\/2015\/08\/FUlogoKV-Gbg.png\" rel=\"attachment wp-att-82\"><img loading=\"lazy\" decoding=\"async\" class=\"size-medium wp-image-82 alignleft\" src=\"https:\/\/www.konstkluster.se\/konstforening\/wp-content\/uploads\/2015\/08\/FUlogoKV-Gbg-300x37.png\" alt=\"Folkuniversitetet i G\u00f6teborg\" width=\"300\" height=\"37\" srcset=\"https:\/\/www.konstkluster.se\/konstforening\/wp-content\/uploads\/2015\/08\/FUlogoKV-Gbg-300x37.png 300w, https:\/\/www.konstkluster.se\/konstforening\/wp-content\/uploads\/2015\/08\/FUlogoKV-Gbg-825x105.png 825w, https:\/\/www.konstkluster.se\/konstforening\/wp-content\/uploads\/2015\/08\/FUlogoKV-Gbg.png 855w\" sizes=\"auto, (max-width: 300px) 100vw, 300px\" \/><\/a><\/p>\n<hr \/>","protected":false},"excerpt":{"rendered":"<p>Samtliga styrelsemedlemmar i b\u00e5de den gamla avg\u00e5ende styrelsen och den nya styrelsen h\u00e4lsas v\u00e4lkomna inf\u00f6r \u00f6verl\u00e4mningen av f\u00f6reningens verksamhet till de nya styrelsemedlemmarna. Tid:&nbsp;kl 18:00&nbsp;tisdag 14 september 2021Plats:&nbsp;f\u00f6rel\u00e4snings-\/ h\u00f6rsalen i \u00d6cker\u00f6 bibliotek (se&nbsp;karta) 2021-09-14 h\u00e5lls ett \u00f6verl\u00e4mningsm\u00f6te inf\u00f6r den nya styrelsen, med anledning av att s\u00e5v\u00e4l Birgitta D\u00e4r\u00f6ste (som byggt upp verksamheten), som Margithe Helgesdotter &hellip; <a href=\"https:\/\/www.konstkluster.se\/konstforening\/overlamningsmote\/\" class=\"more-link\">Forts\u00e4tt l\u00e4sa <span class=\"screen-reader-text\">\u00d6verl\u00e4mningsm\u00f6te 14\/9-21<\/span><\/a><\/p>\n","protected":false},"author":2,"featured_media":0,"parent":0,"menu_order":0,"comment_status":"closed","ping_status":"closed","template":"","meta":{"footnotes":""},"class_list":["post-2912","page","type-page","status-publish","hentry"],"_links":{"self":[{"href":"https:\/\/www.konstkluster.se\/konstforening\/wp-json\/wp\/v2\/pages\/2912","targetHints":{"allow":["GET"]}}],"collection":[{"href":"https:\/\/www.konstkluster.se\/konstforening\/wp-json\/wp\/v2\/pages"}],"about":[{"href":"https:\/\/www.konstkluster.se\/konstforening\/wp-json\/wp\/v2\/types\/page"}],"author":[{"embeddable":true,"href":"https:\/\/www.konstkluster.se\/konstforening\/wp-json\/wp\/v2\/users\/2"}],"replies":[{"embeddable":true,"href":"https:\/\/www.konstkluster.se\/konstforening\/wp-json\/wp\/v2\/comments?post=2912"}],"version-history":[{"count":32,"href":"https:\/\/www.konstkluster.se\/konstforening\/wp-json\/wp\/v2\/pages\/2912\/revisions"}],"predecessor-version":[{"id":2975,"href":"https:\/\/www.konstkluster.se\/konstforening\/wp-json\/wp\/v2\/pages\/2912\/revisions\/2975"}],"wp:attachment":[{"href":"https:\/\/www.konstkluster.se\/konstforening\/wp-json\/wp\/v2\/media?parent=2912"}],"curies":[{"name":"wp","href":"https:\/\/api.w.org\/{rel}","templated":true}]}}