{"id":2537,"date":"2021-03-09T10:48:13","date_gmt":"2021-03-09T09:48:13","guid":{"rendered":"http:\/\/www.konstkluster.se\/konstforening\/?page_id=2537"},"modified":"2025-10-04T21:30:43","modified_gmt":"2025-10-04T19:30:43","slug":"tidigare-ars-styrelser","status":"publish","type":"page","link":"https:\/\/www.konstkluster.se\/konstforening\/tidigare-ars-styrelser\/","title":{"rendered":"Tidigare \u00e5rs styrelser"},"content":{"rendered":"<p>Nedan visas en \u00f6versikt \u00f6ver tidigare \u00e5rs styrelsesammans\u00e4ttningar i NOAK, vilka som var engagerade under uppstartstiden och lite om arbetsg\u00e5ngen fr\u00e5n start fram tills h\u00f6sten 2021.<\/p>\n<p>2021-09-14 h\u00e5lls ett <strong>\u00f6verl\u00e4mningsm\u00f6te<\/strong> inf\u00f6r den nya styrelsen, f\u00f6r att underl\u00e4tta den nya styrelsens fortsatta arbete. \u00d6verl\u00e4mningsm\u00f6tet h\u00e5lls av Birgitta D\u00e4r\u00f6ste (som byggt upp verksamheten) och f\u00f6reningens ekonomidelar presenteras av Margithe Helgesdotter (som varit kass\u00f6r under flera \u00e5r), d\u00e5 vi nu b\u00e5da l\u00e4mnar styrelsen.<\/p>\n<p>L\u00e4s mer om \u00f6verl\u00e4mningsm\u00f6tets inneh\u00e5ll <a href=\"https:\/\/www.konstkluster.se\/konstforening\/overlamningsmote\/\">h\u00e4r<\/a>.<\/p>\n<pre>Antal betalande medlemmar vid tidpunkten f\u00f6r \u00f6verl\u00e4mningen: 79 st<\/pre>\n<p>Tillstr\u00f6mningen av nya medlemmar grundar sig sannolikt p\u00e5 att vi nu \u00e4ntligen har b\u00f6rjat komma ig\u00e5ng med v\u00e5ra arrangemang igen, efter den l\u00e5nga perioden med Covid-spridningen i samh\u00e4llet.<\/p>\n<p style=\"text-align: center;\"><em>\u00a0&#8211; &#8211; &#8211;\u00a0 omv\u00e4nd kronologisk ordning\u00a0 &#8211; &#8211; &#8211;\u00a0<\/em><\/p>\n<h2>Verksamhets\u00e5r 2021<\/h2>\n<pre>Antal betalande medlemmar vid verksamhets\u00e5rets ing\u00e5ng: 67 st<\/pre>\n<p>(sammans\u00e4ttning enl beslut vid NOAK \u00e5rsm\u00f6te 2021-09-02)<\/p>\n<p style=\"padding-left: 40px;\"><strong>Ordinarie ledam\u00f6ter<\/strong><br \/>\nOrdf\u00f6rande: Ir\u00e9ne Johansson (\u00e5terst\u00e5ende mandattid 1 \u00e5r)<br \/>\nKass\u00f6r: Kristina Jonasson (nyval f\u00f6r 2 \u00e5r)<br \/>\nSekreterare: Sigvard Kunni (omval f\u00f6r 1 \u00e5r)<br \/>\nSvetlana Kotelnikova (omval f\u00f6r 1 \u00e5r)<br \/>\nBrittmari Hagmarker\u00a0(nyval f\u00f6r 1 \u00e5r)<br \/>\nHelene Sj\u00f6dal (nyval f\u00f6r 1 \u00e5r)<br \/>\nGunilla Herner Lundberg (nyval f\u00f6r 1 \u00e5r)<\/p>\n<p style=\"padding-left: 40px;\"><strong>Suppleanter<br \/>\n<\/strong>Margareta Frid (omval f\u00f6r 1 \u00e5r)<br \/>\nMarianne Sernhede (nyval f\u00f6r 1 \u00e5r)<\/p>\n<p>2021-03-09 Dom\u00e4nen noak-ockero.se anskaffas (Birgitta D\u00e4r\u00f6ste)<\/p>\n<p>Anm.<br \/>\n2020 \u00e5rs styrelse driver verksamheten fram till september 2021, eftersom en styrelsemajoritet besl\u00f6t om framskjutet \u00e5rsm\u00f6te pga Corona.<\/p>\n<h2>Verksamhets\u00e5r 2020<\/h2>\n<pre>Antal betalande medlemmar vid verksamhets\u00e5rets ing\u00e5ng: 67 st<\/pre>\n<p>(sammans\u00e4ttning enl beslut vid NOAK <a href=\"https:\/\/www.konstkluster.se\/konstforening\/arsmote-2020\/\">\u00e5rsm\u00f6te<\/a> 2020-02-27)<\/p>\n<p style=\"padding-left: 40px;\"><strong>Ordinarie ledam\u00f6ter<\/strong><br \/>\nOrdf\u00f6rande: Ir\u00e9ne Johansson (nyval f\u00f6r 2 \u00e5r)<br \/>\nKass\u00f6r: Margithe Helgesdotter (omval f\u00f6r 1 \u00e5r)<br \/>\nSekreterare: Sigvard Kunni (omval f\u00f6r 1 \u00e5r)<br \/>\nKristina Jonasson (omval f\u00f6r 1 \u00e5r)<br \/>\nMarianne Sernhede (omval f\u00f6r 1 \u00e5r)<br \/>\nBirgitta D\u00e4r\u00f6ste (nyval f\u00f6r 1 \u00e5r)<br \/>\nSvetlana Kotelnikova (nyval f\u00f6r 1 \u00e5r)<\/p>\n<p style=\"padding-left: 40px;\"><strong>Suppleanter<br \/>\n<\/strong>Margareta Frid (omval f\u00f6r 1 \u00e5r)<br \/>\nMonica Johansson (nyval f\u00f6r 1 \u00e5r)<\/p>\n<p>Inf\u00f6r verksamhets\u00e5r 2020 beg\u00e4r Birgitta D\u00e4r\u00f6ste om att f\u00e5 avsluta sitt ordf\u00f6randeskap, samt p\u00e5b\u00f6rjar \u00f6verl\u00e4mning av \u00f6vriga ansvarsomr\u00e5den till \u00f6vriga styrelseledam\u00f6ter.<\/p>\n<h2>Verksamhets\u00e5r 2019<\/h2>\n<pre>Antal betalande medlemmar vid verksamhets\u00e5rets ing\u00e5ng: 63 st<\/pre>\n<p>(sammans\u00e4ttning enl beslut vid NOAK <a href=\"https:\/\/www.konstkluster.se\/konstforening\/arsmote-2019\/\">\u00e5rsm\u00f6te<\/a> 2019-03-04)<\/p>\n<p style=\"padding-left: 40px;\"><strong>Ordinarie ledam\u00f6ter<\/strong><br \/>\nOrdf\u00f6rande: Birgitta D\u00e4r\u00f6ste (\u00e5terst\u00e5ende mandattid 1 \u00e5r)<br \/>\nKass\u00f6r: Margithe Helgesdotter (\u00e5terst\u00e5ende mandattid 1 \u00e5r)<br \/>\nSekreterare: Sigvard Kunni (omval f\u00f6r 1 \u00e5r)<br \/>\nIr\u00e9ne Johansson (omval f\u00f6r 1 \u00e5r)<br \/>\nMonica Johansson (omval f\u00f6r 1 \u00e5r)<br \/>\nKristina Jonasson (nyval f\u00f6r 1 \u00e5r)<br \/>\nMarianne Sernhede (nyval f\u00f6r 1 \u00e5r)<\/p>\n<p style=\"padding-left: 40px;\"><strong>Suppleanter<br \/>\n<\/strong>Margareta Frid (nyval f\u00f6r 1 \u00e5r)<br \/>\nLena Kollarz (nyval f\u00f6r 1 \u00e5r)<strong><br \/>\n<\/strong><\/p>\n<h2>Verksamhets\u00e5r 2018<\/h2>\n<pre>Antal betalande medlemmar vid verksamhets\u00e5rets ing\u00e5ng: 46 st<\/pre>\n<p>(sammans\u00e4ttning enl beslut vid NOAK <a href=\"https:\/\/www.konstkluster.se\/konstforening\/arsmote-2018\/\">\u00e5rsm\u00f6te<\/a> 2018-02-21)<\/p>\n<p style=\"padding-left: 40px;\"><strong>Ordinarie ledam\u00f6ter<\/strong><br \/>\nOrdf\u00f6rande: Birgitta D\u00e4r\u00f6ste (omval f\u00f6r 2 \u00e5r)<br \/>\nKass\u00f6r: Margithe Helgesdotter (nyval f\u00f6r 2 \u00e5r)<br \/>\nSekreterare: Sigvard Kunni (omval f\u00f6r 1 \u00e5r)<br \/>\nMargareta Frid (omval f\u00f6r 1 \u00e5r)<br \/>\nLena Kollarz (omval f\u00f6r 1 \u00e5r)<br \/>\nIr\u00e9ne Johansson (omval f\u00f6r 1 \u00e5r)<br \/>\nMonica Johansson (nyval f\u00f6r 1 \u00e5r)<\/p>\n<p style=\"padding-left: 40px;\"><strong>Suppleanter<br \/>\n<\/strong>Kristina Jonasson (nyval f\u00f6r 1 \u00e5r)<\/p>\n<p style=\"padding-left: 40px;\"><strong>Adjungerad styrelseledamot<br \/>\n<\/strong>Anita Bergendahl-Steiner (nyval f\u00f6r 1 \u00e5r)<\/p>\n<h2>Verksamhets\u00e5r 2017<\/h2>\n<pre>Antal betalande medlemmar vid verksamhets\u00e5rets ing\u00e5ng: 47 st<\/pre>\n<p>(sammans\u00e4ttning enl beslut vid NOAK <a href=\"https:\/\/www.konstkluster.se\/konstforening\/arsmote-2017\/\">\u00e5rsm\u00f6te<\/a> 2017-03-09)<\/p>\n<p style=\"padding-left: 40px;\"><strong>Ordinarie ledam\u00f6ter<\/strong><br \/>\nOrdf\u00f6rande: Birgitta D\u00e4r\u00f6ste (\u00e5terst\u00e5ende mandattid 1 \u00e5r)<br \/>\nKass\u00f6r: Pia Lorentzon (\u00e5terst\u00e5ende mandattid 1 \u00e5r)<br \/>\nSekreterare: Sigvard Kunni (omval f\u00f6r 1 \u00e5r)<br \/>\nMargareta Frid (omval f\u00f6r 1 \u00e5r)<br \/>\nLena Kollarz (omval f\u00f6r 1 \u00e5r)<br \/>\nIr\u00e9ne Johansson (nyval f\u00f6r 1 \u00e5r)<\/p>\n<p style=\"padding-left: 40px;\"><strong>Suppleanter<br \/>\n<\/strong>Kia Eliasson (omval f\u00f6r 1 \u00e5r)<br \/>\nMonica Johansson (nyval f\u00f6r 1 \u00e5r)<strong><br \/>\n<\/strong><\/p>\n<h2>Verksamhets\u00e5r 2016<\/h2>\n<pre>V\u00e5rt allra f\u00f6rsta verksamhets\u00e5r startar f\u00f6rst\u00e5s med 0 st betalande medlemmar.<\/pre>\n<p>En ut\u00f6kning av styrelsen sker enl beslut vid ett <a href=\"https:\/\/www.konstkluster.se\/konstforening\/extra-arsmote-2016\/\">extra \u00e5rsm\u00f6te<\/a> f\u00f6r NOAK 2016-09-06:<\/p>\n<p style=\"padding-left: 40px;\"><strong>Ordinarie ledamot<br \/>\n<\/strong>Lena Kollarz (nyval f\u00f6r resterande del av innevarande \u00e5r)<\/p>\n<p style=\"padding-left: 40px;\"><strong>Suppleanter<br \/>\n<\/strong>Kia Eliasson (nyval f\u00f6r resterande del av innevarande \u00e5r)<strong><br \/>\n<\/strong><\/p>\n<p>NOAKs allra f\u00f6rsta <a href=\"https:\/\/www.konstkluster.se\/konstforening\/arsmote-inkl-foredrag-103-16-kl-1800\/\">\u00e5rsm\u00f6te<\/a> h\u00e5lls 2016-03-10.<br \/>\nMedlemmarnas f\u00f6rsta val av styrelse:<\/p>\n<p style=\"padding-left: 40px;\"><strong>Ordinarie ledam\u00f6ter<\/strong><br \/>\nOrdf\u00f6rande: Birgitta D\u00e4r\u00f6ste (omval f\u00f6r 2 \u00e5r)<br \/>\nKass\u00f6r: Pia Lorentzon (nyval f\u00f6r 2 \u00e5r)<br \/>\nSekreterare: Sigvard Kunni (nyval f\u00f6r 1 \u00e5r)<br \/>\nMargareta Frid (omval f\u00f6r 1 \u00e5r)<br \/>\nAnita Bergendahl-Steiner (omval f\u00f6r 1 \u00e5r)<\/p>\n<p style=\"padding-left: 40px;\"><strong>Suppleanter<br \/>\n<\/strong>Svetlana Kotelnikova (nyval f\u00f6r 1 \u00e5r)<strong><br \/>\n<\/strong><\/p>\n<p>2016-02-10 <a href=\"https:\/\/www.konstkluster.se\/konstforening\/arr\/\">Kick-off<\/a> f\u00f6r NOAK. Vi startar upp v\u00e5r verksamhet i Norra Sk\u00e4rg\u00e5rdens Allm\u00e4nna Konstf\u00f6rening genom att ge en g\u00e4stf\u00f6rel\u00e4sning och informera om v\u00e5ra kommande arrangemang (<a href=\"https:\/\/www.konstkluster.se\/konstforening\/wp-content\/uploads\/2022\/06\/NOAK_Kick-off-presentation2016-02-10ver2.pptx\" class=\"mtli_attachment mtli_pptx\">presentation<\/a>).<\/p>\n<p>2016-02-01 Startar upp v\u00e5r n\u00e4varo p\u00e5 <a href=\"https:\/\/www.instagram.com\/noak_konstforening\/\" target=\"_blank\" rel=\"noopener\">Instagram<\/a> (Birgitta D\u00e4r\u00f6ste)<\/p>\n<p>Under januari 2016 omarbetar Birgitta D\u00e4r\u00f6ste hemsidan till att bli en multisite, dvs separata WordPress-installationer f\u00f6r <a href=\"https:\/\/www.konstkluster.se\/\" target=\"_blank\" rel=\"noopener\">Konstkluster<\/a> respektive <a href=\"https:\/\/www.konstkluster.se\/konstforening\/\">NOAK<\/a>.<\/p>\n<p>2016-01-01 Startar upp v\u00e5r n\u00e4rvaro p\u00e5 <a href=\"https:\/\/www.facebook.com\/Konstkluster\" target=\"_blank\" rel=\"noopener\">Facebook<\/a> (Birgitta D\u00e4r\u00f6ste)<\/p>\n<h2>Uppstarts\u00e5r 2015<\/h2>\n<pre>Under h\u00f6sten\/vintern 2015 deltar dessa individer i planeringen av arrangemangen, som vi ska presentera och genomf\u00f6ra under v\u00e5rt f\u00f6rsta aktivitets\u00e5r f\u00f6r NOAK: Birgitta D\u00e4r\u00f6ste, Margareta Frid, Svetlana Kotelnikova och Anita Bergendahl-Steiner.<\/pre>\n<p>Under <strong>Konstv\u00e5gens Finissage 2015-08-17<\/strong> informerade vi om v\u00e5rt beslut att tillf\u00e4lligt f\u00f6r\u00e4ndra inriktningen inom Konstkluster, till att nu fokusera p\u00e5 att endast starta upp en allm\u00e4n konstf\u00f6rening och inbj\u00f6d intresserade till att delta.<\/p>\n<p>Vid ett styrelsem\u00f6te 2015-08-11 best\u00e4mmer vi oss f\u00f6r att ge <strong>v\u00e5r nya inriktning<\/strong> arbetsnamnet &#8217;Norra sk\u00e4rg\u00e5rdens allm\u00e4nna konstf\u00f6rening&#8217; med initialf\u00f6rkortningen NOAK.<\/p>\n<p>2015-08-01 Lanserar <a href=\"https:\/\/www.konstkluster.se\/\"><strong>hemsidan<\/strong><\/a> (Birgitta D\u00e4r\u00f6ste)<\/p>\n<p>Med grund i de sv\u00e5righeter vi upplevde i v\u00e5rt letande efter en l\u00e4mplig lokal f\u00f6r Konstkluster, s\u00e5 lyfter Margareta Frid under sommaren 2015 id\u00e9n om att starta en konstf\u00f6rening i st\u00e4llet.<\/p>\n<pre>Under perioden fr\u00e5n januari och fram till sommaren 2015 deltar dessa individer med att f\u00f6rs\u00f6ka f\u00e5 ig\u00e5ng en verksamhet i form av ett Konstkluster: Birgitta D\u00e4r\u00f6ste, Margareta Frid. I b\u00f6rjan av \u00e5ret deltog Maria Johansson Bayindir och Birgit Ericson, i mars tillkommer Anita Bergendahl-Steiner. Under sommaren tillkommer Svetlana Kotelnikova.<\/pre>\n<p><strong>Styrelsem\u00f6te i Konstkluster 2015-03-26 beslutar om ut\u00f6kad styrelsesammans\u00e4ttning<\/strong><\/p>\n<p style=\"padding-left: 40px;\">Maria Johansson Bayindir (nyval f\u00f6r 1 \u00e5r)<br \/>\nAnita Bergendahl-Steiner (nyval f\u00f6r 1 \u00e5r)<\/p>\n<p><strong>Informationsm\u00f6te i \u00d6\u00f6 bibliotek 2015-03-12<\/strong><br \/>\nId\u00e9n om ett Konstkluster presenteras med en powerpointvisning p\u00e5 10 sidor.<br \/>\nUtskrivet material i form av informationsfoldrar mm delas ut.<br \/>\n(Birgitta D\u00e4r\u00f6ste i samarbete med Margareta Frid)<\/p>\n<p>2015-03-04 <strong>Webbhotellkonto<\/strong> anskaffas, <strong>dom\u00e4nen<\/strong> konstkluster.se k\u00f6ps in. En hemsida f\u00f6r v\u00e5r verksamhet b\u00f6rjar byggas upp p\u00e5 en WordPress-installation. (Birgitta D\u00e4r\u00f6ste)<\/p>\n<p><strong>Konstituerande m\u00f6te f\u00f6r Konstkluster 2015-02-12<\/strong><\/p>\n<p style=\"padding-left: 40px;\">Ordf\u00f6rande &amp; kass\u00f6r: Birgitta D\u00e4r\u00f6ste (nyval f\u00f6r 2 \u00e5r)<br \/>\nSekreterare: Margareta Frid (nyval f\u00f6r 1 \u00e5r)<br \/>\nBirgit Ericson (nyval f\u00f6r 1 \u00e5r)<\/p>\n<h2>Uppstartsbiten, som senare mynnade ut i v\u00e5r ig\u00e5ngs\u00e4ttning av NOAK<\/h2>\n<p>\u2666 Under h\u00f6sten 2014 p\u00e5g\u00e5r en kontinuerlig planering, f\u00f6r att under kommande v\u00e5r kunna b\u00f6rja starta upp atelj\u00e9delen och utst\u00e4llningsdelen i en lokal. I dessa m\u00f6ten tr\u00e4ffas Birgitta D\u00e4r\u00f6ste, Margareta Frid och Birgit Ericson.<\/p>\n<p>\u2666 Muntlig presentation samt en powerpoint-visning omkring <a href=\"http:\/\/www.konstkluster.se\/?page_id=43\">id\u00e9n<\/a> om ett Konstkluster, under Konstv\u00e5gens Finissage i \u00d6cker\u00f6 bibliotek 2014-08-14.<br \/>\n(Birgitta D\u00e4r\u00f6ste med st\u00f6ttning av Margareta Frid)<\/p>\n<p>\u2666 Affischering p\u00e5 annonspelare i \u00d6cker\u00f6 kommun 2014-08-01.<br \/>\n(Birgitta D\u00e4r\u00f6ste gjorde affischerna)<\/p>\n<p>\u2666 Mailutskick till \u00d6cker\u00f6 Konstv\u00e5gens samtliga 93 utst\u00e4llare, samt en liten presentationsfolder i papper, som bifogades Kultursamordnaren Lottas utskick till deltagarna 2014-06-30.<br \/>\n(Birgitta D\u00e4r\u00f6ste gjorde presentationsfoldern)<\/p>\n<p>\u2666 M\u00f6te med kultur- och fritidsf\u00f6rvaltningen p\u00e5 \u00d6cker\u00f6 kommun 2014-05-14. Presentation av id\u00e9n och hur den praktiskt och ekonomiskt ska kunna f\u00f6rverkligas.<\/p>\n<div style=\"padding-left: 40px;\" data-pm-slice=\"1 1 []\" data-en-clipboard=\"true\">Birgitta D\u00e4r\u00f6ste (skapare av id\u00e9n om ett Konstkluster)<br \/>\nMargareta Frid (synnerligen v\u00e4rdefull st\u00f6ttepelare av id\u00e9n)<br \/>\n<span style=\"font-size: inherit;\">Ann-Britt Norlander (<\/span>Kultur- och fritidschef)<br \/>\nLotta M Nyberg (Kultursamordnare)<br \/>\n<span style=\"font-size: inherit;\">Lars Thorsson (<\/span><span style=\"font-size: inherit;\">Bibliotekschef<\/span> )<\/div>\n<p>\u2666 Birgitta D\u00e4r\u00f6ste testar av och till sin id\u00e9 p\u00e5 n\u00e5gra utav kursdeltagarna i s\u00e5v\u00e4l akryl-, olje- som keramikkurserna hon st\u00e4ndigt deltar i. Under v\u00e5ren 2014 visar det sig att i synnerhet tre individer blir intresserade av hennes id\u00e9, dessa \u00e4r Margareta Frid, Noomi Edvardsson och Linda Sonesson. Tillsammans med Birgitta ser nu dessa fram emot att tr\u00e4ffas fram\u00f6ver f\u00f6r att sj\u00f6s\u00e4tta id\u00e9n.<\/p>\n<p>\u2666 Under \u00e5ren som f\u00f6ljer unders\u00f6ker Birgitta D\u00e4r\u00f6ste hur en s\u00e5dan uppstart av verksamhet skulle kunna g\u00e5 till. Det blir m\u00e5nga samtal med Skattemyndigheten, banker, studief\u00f6rbunden, kursledare, konstn\u00e4rer, VGR, Almi, Bolagsverket, Konstepidemin, Sintra, Lerverk, KKV, EU-samordnare, Samh\u00e4llsbyggnadsf\u00f6rvaltningen \u00d6cker\u00f6 kommun mm mm &#8211; samt f\u00f6rst\u00e5s m\u00e5nga diskussioner med likasinnade.<\/p>\n<p>\u2666 Birgitta D\u00e4r\u00f6ste b\u00f6rjar f\u00e5 en id\u00e9 om att starta upp en samlande verksamhet med fokus p\u00e5 konst och en lokal f\u00f6r detta. Id\u00e9n b\u00f6rjar ta mer konkret form under 2011 och f\u00f6rst n\u00e5gra \u00e5r senare kommer jag att ben\u00e4mna denna min id\u00e9 f\u00f6r &#8217;<a href=\"https:\/\/www.konstkluster.se\/\" target=\"_blank\" rel=\"noopener\">Konstkluster<\/a>&#8217;.<\/p>\n<hr \/>\n","protected":false},"excerpt":{"rendered":"<p>Nedan visas en \u00f6versikt \u00f6ver tidigare \u00e5rs styrelsesammans\u00e4ttningar i NOAK, vilka som var engagerade under uppstartstiden och lite om arbetsg\u00e5ngen fr\u00e5n start fram tills h\u00f6sten 2021. 2021-09-14 h\u00e5lls ett \u00f6verl\u00e4mningsm\u00f6te inf\u00f6r den nya styrelsen, f\u00f6r att underl\u00e4tta den nya styrelsens fortsatta arbete. \u00d6verl\u00e4mningsm\u00f6tet h\u00e5lls av Birgitta D\u00e4r\u00f6ste (som byggt upp verksamheten) och f\u00f6reningens ekonomidelar presenteras &hellip; <a href=\"https:\/\/www.konstkluster.se\/konstforening\/tidigare-ars-styrelser\/\" class=\"more-link\">Forts\u00e4tt l\u00e4sa <span class=\"screen-reader-text\">Tidigare \u00e5rs styrelser<\/span><\/a><\/p>\n","protected":false},"author":2,"featured_media":0,"parent":0,"menu_order":0,"comment_status":"closed","ping_status":"closed","template":"","meta":{"footnotes":""},"class_list":["post-2537","page","type-page","status-publish","hentry"],"_links":{"self":[{"href":"https:\/\/www.konstkluster.se\/konstforening\/wp-json\/wp\/v2\/pages\/2537","targetHints":{"allow":["GET"]}}],"collection":[{"href":"https:\/\/www.konstkluster.se\/konstforening\/wp-json\/wp\/v2\/pages"}],"about":[{"href":"https:\/\/www.konstkluster.se\/konstforening\/wp-json\/wp\/v2\/types\/page"}],"author":[{"embeddable":true,"href":"https:\/\/www.konstkluster.se\/konstforening\/wp-json\/wp\/v2\/users\/2"}],"replies":[{"embeddable":true,"href":"https:\/\/www.konstkluster.se\/konstforening\/wp-json\/wp\/v2\/comments?post=2537"}],"version-history":[{"count":120,"href":"https:\/\/www.konstkluster.se\/konstforening\/wp-json\/wp\/v2\/pages\/2537\/revisions"}],"predecessor-version":[{"id":2973,"href":"https:\/\/www.konstkluster.se\/konstforening\/wp-json\/wp\/v2\/pages\/2537\/revisions\/2973"}],"wp:attachment":[{"href":"https:\/\/www.konstkluster.se\/konstforening\/wp-json\/wp\/v2\/media?parent=2537"}],"curies":[{"name":"wp","href":"https:\/\/api.w.org\/{rel}","templated":true}]}}