{"id":2522,"date":"2021-03-08T14:56:11","date_gmt":"2021-03-08T13:56:11","guid":{"rendered":"http:\/\/www.konstkluster.se\/konstforening\/?page_id=2522"},"modified":"2025-10-04T17:43:07","modified_gmt":"2025-10-04T15:43:07","slug":"arrangemang-2021","status":"publish","type":"page","link":"https:\/\/www.konstkluster.se\/konstforening\/arrangemang-2021\/","title":{"rendered":"Arrangemang 2021"},"content":{"rendered":"<p><span style=\"color: #ff0000;\"><em>P\u00e5 grund av det os\u00e4kra coronal\u00e4get \u00e4r det fortfarande s\u00e5 att vi inte fullt ut kan genomf\u00f6ra samtliga arrangemang, som vi i styrelsen h\u00e5ller p\u00e5 och planerar f\u00f6r. H\u00e5ll i och h\u00e5ll ut, s\u00e5 kommer vi tillbaks till v\u00e5rt vanliga utbud av roliga aktiviteter s\u00e5 sm\u00e5ningom.<\/em><\/span><\/p>\n<pre>Obs! Denna sida uppdateras inte efter 2021-09-08. Vill du se NOAKs fortsatta utveckling, klicka <a href=\"https:\/\/www.noak-ockero.se\/\" target=\"_blank\" rel=\"noopener\">h\u00e4r<\/a>.<\/pre>\n<p style=\"text-align: center;\"><em>\u00a0&#8211; &#8211; &#8211;\u00a0 arrangemangen saknar l\u00e4nkar \u00a0 &#8211; &#8211; &#8211;<br \/>\n&#8211; d\u00e5 den kommande styrelsen ans\u00e5g marknadsf\u00f6ring online vara on\u00f6dig &#8211;<\/em><\/p>\n<p>2021-04-15 torsdag kl 11:00 Bj\u00f6rk\u00f6 &#8211; i G\u00f6teborgs norra sk\u00e4rg\u00e5rd<strong><br data-rich-text-line-break=\"true\" \/>Vandring bland bl\u00e5sipporna vid Pjonken<\/strong><\/p>\n<p>2021-05-19 onsdag kl 11:00 H\u00e4ls\u00f6 &#8211; i G\u00f6teborgs norra sk\u00e4rg\u00e5rd<strong><br \/>\nVandring, Stuv\u00f6 motionsslinga p\u00e5 H\u00e4ls\u00f6<\/strong><\/p>\n<p>2021-06-30 \u2014 .. 5 st onsdagsf\u00f6rmiddagar p\u00e5 H\u00f6n\u00f6<strong><br \/>\nNaturm\u00e5lning med Sigvard Kunni<\/strong><\/p>\n<p>2021-09-02 torsdag kl 18:30 Nimbus p\u00e5 \u00d6cker\u00f6<br data-rich-text-line-break=\"true\" \/><strong>\u00c5rsm\u00f6te<\/strong><\/p>\n<p>2021-09-04 \u2014 .. 7 st l\u00f6rdagsf\u00f6rmiddagar p\u00e5 Hedens skola, H\u00f6n\u00f6<br \/>\n<strong>Studi<\/strong><strong>e<\/strong><strong>cirkel<\/strong>\u00a0Teckna &amp; m\u00e5la med NOAK<\/p>\n<p>2021-11-02 tisdag kl 17:30 Sockerbruket\/Klippan i G\u00f6teborg<br \/>\n<strong>Atelj\u00e9bes\u00f6k<\/strong> hos Lars Eje Larsson<\/p>\n<p>2021-12-02 torsdag kl 17:30 Utst\u00e4llningshallen, \u00d6cker\u00f6 bibliotek<br \/>\n<strong>Konstutlottningskv\u00e4ll<\/strong><\/p>\n<p>2021-12-11 \u2014 2022-01-31 Utst\u00e4llningshallen, \u00d6cker\u00f6 bibliotek<br \/>\n<strong>Konstutst\u00e4llning<\/strong>\u00a0av NOAKs medlemmar<\/p>\n<p>Vid fr\u00e5gor om arrangemangen kontakta NOAKs ordf\u00f6rande Ir\u00e9ne Johansson (<a href=\"mailto:ordforande@noak-ockero.se\">ordforande@noak-ockero.se<\/a>)<\/p>\n<p><a href=\"https:\/\/www.konstkluster.se\/konstforening\/wp-content\/uploads\/2015\/08\/FUlogoKV-Gbg.png\" rel=\"attachment wp-att-82\"><img loading=\"lazy\" decoding=\"async\" class=\"size-medium wp-image-82 alignleft\" src=\"https:\/\/www.konstkluster.se\/konstforening\/wp-content\/uploads\/2015\/08\/FUlogoKV-Gbg-300x37.png\" alt=\"Folkuniversitetet i G\u00f6teborg\" width=\"300\" height=\"37\" srcset=\"https:\/\/www.konstkluster.se\/konstforening\/wp-content\/uploads\/2015\/08\/FUlogoKV-Gbg-300x37.png 300w, https:\/\/www.konstkluster.se\/konstforening\/wp-content\/uploads\/2015\/08\/FUlogoKV-Gbg-825x105.png 825w, https:\/\/www.konstkluster.se\/konstforening\/wp-content\/uploads\/2015\/08\/FUlogoKV-Gbg.png 855w\" sizes=\"auto, (max-width: 300px) 100vw, 300px\" \/><\/a><\/p>\n<hr \/>\n","protected":false},"excerpt":{"rendered":"<p>P\u00e5 grund av det os\u00e4kra coronal\u00e4get \u00e4r det fortfarande s\u00e5 att vi inte fullt ut kan genomf\u00f6ra samtliga arrangemang, som vi i styrelsen h\u00e5ller p\u00e5 och planerar f\u00f6r. H\u00e5ll i och h\u00e5ll ut, s\u00e5 kommer vi tillbaks till v\u00e5rt vanliga utbud av roliga aktiviteter s\u00e5 sm\u00e5ningom. Obs! Denna sida uppdateras inte efter 2021-09-08. Vill du &hellip; <a href=\"https:\/\/www.konstkluster.se\/konstforening\/arrangemang-2021\/\" class=\"more-link\">Forts\u00e4tt l\u00e4sa <span class=\"screen-reader-text\">Arrangemang 2021<\/span><\/a><\/p>\n","protected":false},"author":2,"featured_media":0,"parent":0,"menu_order":0,"comment_status":"closed","ping_status":"closed","template":"","meta":{"footnotes":""},"class_list":["post-2522","page","type-page","status-publish","hentry"],"_links":{"self":[{"href":"https:\/\/www.konstkluster.se\/konstforening\/wp-json\/wp\/v2\/pages\/2522","targetHints":{"allow":["GET"]}}],"collection":[{"href":"https:\/\/www.konstkluster.se\/konstforening\/wp-json\/wp\/v2\/pages"}],"about":[{"href":"https:\/\/www.konstkluster.se\/konstforening\/wp-json\/wp\/v2\/types\/page"}],"author":[{"embeddable":true,"href":"https:\/\/www.konstkluster.se\/konstforening\/wp-json\/wp\/v2\/users\/2"}],"replies":[{"embeddable":true,"href":"https:\/\/www.konstkluster.se\/konstforening\/wp-json\/wp\/v2\/comments?post=2522"}],"version-history":[{"count":18,"href":"https:\/\/www.konstkluster.se\/konstforening\/wp-json\/wp\/v2\/pages\/2522\/revisions"}],"predecessor-version":[{"id":2943,"href":"https:\/\/www.konstkluster.se\/konstforening\/wp-json\/wp\/v2\/pages\/2522\/revisions\/2943"}],"wp:attachment":[{"href":"https:\/\/www.konstkluster.se\/konstforening\/wp-json\/wp\/v2\/media?parent=2522"}],"curies":[{"name":"wp","href":"https:\/\/api.w.org\/{rel}","templated":true}]}}