{"id":2501,"date":"2021-01-25T15:23:43","date_gmt":"2021-01-25T14:23:43","guid":{"rendered":"http:\/\/www.konstkluster.se\/konstforening\/?page_id=2501"},"modified":"2021-01-25T15:50:51","modified_gmt":"2021-01-25T14:50:51","slug":"extra-arsmote-2020","status":"publish","type":"page","link":"https:\/\/www.konstkluster.se\/konstforening\/extra-arsmote-2020\/","title":{"rendered":"Extra \u00e5rsm\u00f6te 2020"},"content":{"rendered":"<p>Vi kallar till ett extra \u00e5rsm\u00f6te med anledning av att vi beh\u00f6ver uppdatera v\u00e5ra stadgar, d\u00e5 vi \u00f6nskar byta namn p\u00e5 v\u00e5r f\u00f6rening till att heta Norra sk\u00e4rg\u00e5rdens allm\u00e4nna konstf\u00f6rening.<\/p>\n<p>Denna \u00f6nskade namn\u00e4ndring \u00e4r enda punkten p\u00e5 agendan.<\/p>\n<p>I kontakter med Skatteverket och Swedbank har vi ibland noterat en del\u00a0 administrativa oklarheter g\u00e4llande v\u00e5r f\u00f6rening. Som ni kanske noterat s\u00e5 st\u00e5r det Konstkluster n\u00e4r ni g\u00f6r inbetalningar till NOAK. Vi vill d\u00e4rf\u00f6r \u00e4ndra s\u00e5 att det st\u00e5r Norra sk\u00e4rg\u00e5rdens allm\u00e4nna konstf\u00f6rening (NOAK) p\u00e5 v\u00e5rt organisationsnummer. F\u00f6r att g\u00f6ra detta m\u00e5ste vi \u00e4ndra stadgarna, och om man g\u00f6r en \u00e4ndring i stadgarna<br \/>\nbeh\u00f6ver man medlemmarnas godk\u00e4nnande med 2\/3 majoritet.<\/p>\n<p>P\u00e5 grund av de r\u00e5dande restriktionerna omkring fysiska tr\u00e4ffar under Coronapandemin, s\u00e5 kommer i st\u00e4llet ett mailutskick till samtliga NOAKs medlemmar att ske. F\u00f6r att s\u00e4kerst\u00e4lla s\u00e5 stort deltagande i omr\u00f6stningen som m\u00f6jligt, s\u00e5 skickas mailet ut den 11 oktober och omr\u00f6stningen med r\u00f6stsammanr\u00e4kningen avslutas f\u00f6rst den 28 oktober.<\/p>\n<p><a href=\"https:\/\/www.konstkluster.se\/konstforening\/wp-content\/uploads\/2015\/08\/FUlogoKV-Gbg.png\" rel=\"attachment wp-att-82\"><img loading=\"lazy\" decoding=\"async\" class=\"size-medium wp-image-82 alignleft\" src=\"https:\/\/www.konstkluster.se\/konstforening\/wp-content\/uploads\/2015\/08\/FUlogoKV-Gbg-300x37.png\" alt=\"Folkuniversitetet i G\u00f6teborg\" width=\"300\" height=\"37\" srcset=\"https:\/\/www.konstkluster.se\/konstforening\/wp-content\/uploads\/2015\/08\/FUlogoKV-Gbg-300x37.png 300w, https:\/\/www.konstkluster.se\/konstforening\/wp-content\/uploads\/2015\/08\/FUlogoKV-Gbg-825x105.png 825w, https:\/\/www.konstkluster.se\/konstforening\/wp-content\/uploads\/2015\/08\/FUlogoKV-Gbg.png 855w\" sizes=\"auto, (max-width: 300px) 100vw, 300px\" \/><\/a><\/p>\n<hr \/>\n","protected":false},"excerpt":{"rendered":"<p>Vi kallar till ett extra \u00e5rsm\u00f6te med anledning av att vi beh\u00f6ver uppdatera v\u00e5ra stadgar, d\u00e5 vi \u00f6nskar byta namn p\u00e5 v\u00e5r f\u00f6rening till att heta Norra sk\u00e4rg\u00e5rdens allm\u00e4nna konstf\u00f6rening. Denna \u00f6nskade namn\u00e4ndring \u00e4r enda punkten p\u00e5 agendan. I kontakter med Skatteverket och Swedbank har vi ibland noterat en del\u00a0 administrativa oklarheter g\u00e4llande v\u00e5r f\u00f6rening. &hellip; <a href=\"https:\/\/www.konstkluster.se\/konstforening\/extra-arsmote-2020\/\" class=\"more-link\">Forts\u00e4tt l\u00e4sa <span class=\"screen-reader-text\">Extra \u00e5rsm\u00f6te 2020<\/span><\/a><\/p>\n","protected":false},"author":2,"featured_media":0,"parent":0,"menu_order":0,"comment_status":"closed","ping_status":"closed","template":"","meta":{"footnotes":""},"class_list":["post-2501","page","type-page","status-publish","hentry"],"_links":{"self":[{"href":"https:\/\/www.konstkluster.se\/konstforening\/wp-json\/wp\/v2\/pages\/2501","targetHints":{"allow":["GET"]}}],"collection":[{"href":"https:\/\/www.konstkluster.se\/konstforening\/wp-json\/wp\/v2\/pages"}],"about":[{"href":"https:\/\/www.konstkluster.se\/konstforening\/wp-json\/wp\/v2\/types\/page"}],"author":[{"embeddable":true,"href":"https:\/\/www.konstkluster.se\/konstforening\/wp-json\/wp\/v2\/users\/2"}],"replies":[{"embeddable":true,"href":"https:\/\/www.konstkluster.se\/konstforening\/wp-json\/wp\/v2\/comments?post=2501"}],"version-history":[{"count":7,"href":"https:\/\/www.konstkluster.se\/konstforening\/wp-json\/wp\/v2\/pages\/2501\/revisions"}],"predecessor-version":[{"id":2514,"href":"https:\/\/www.konstkluster.se\/konstforening\/wp-json\/wp\/v2\/pages\/2501\/revisions\/2514"}],"wp:attachment":[{"href":"https:\/\/www.konstkluster.se\/konstforening\/wp-json\/wp\/v2\/media?parent=2501"}],"curies":[{"name":"wp","href":"https:\/\/api.w.org\/{rel}","templated":true}]}}