{"id":2488,"date":"2020-09-05T19:17:56","date_gmt":"2020-09-05T17:17:56","guid":{"rendered":"http:\/\/www.konstkluster.se\/konstforening\/?page_id=2488"},"modified":"2020-09-05T19:21:53","modified_gmt":"2020-09-05T17:21:53","slug":"konstutstallning-av-noaks-medlemmar-dec19-feb20","status":"publish","type":"page","link":"https:\/\/www.konstkluster.se\/konstforening\/konstutstallning-av-noaks-medlemmar-dec19-feb20\/","title":{"rendered":"Vintersalong f\u00f6r NOAKs medlemmar"},"content":{"rendered":"<p>Vi har f\u00e5tt m\u00f6jlighet att ha en utst\u00e4llning som vi kallar \u201d<strong>Vintersalong<\/strong>\u201d, under tiden 2020-12-19\u20142021-02-08,&nbsp; i Utst\u00e4llningshallen \u00d6cker\u00f6 bibliotek.<\/p>\n<p>Alla medlemmar \u00e4r v\u00e4lkomna att st\u00e4lla ut, tv\u00e5 stycken konstverk per medlem. Anm\u00e4lan \u00e4r bindande och en avgift p\u00e5 200 kr betalas vid anm\u00e4lan. Konstverken l\u00e4mnas in den 15 december.<\/p>\n<p><strong>Vernissage<\/strong> l\u00f6rdagen den 19 december.<\/p>\n<p>N\u00e4rmare information kommer att l\u00e4mnas under oktober.<\/p>\n\n\n<p><\/p>\n","protected":false},"excerpt":{"rendered":"<p>Vi har f\u00e5tt m\u00f6jlighet att ha en utst\u00e4llning som vi kallar \u201dVintersalong\u201d, under tiden 2020-12-19\u20142021-02-08,&nbsp; i Utst\u00e4llningshallen \u00d6cker\u00f6 bibliotek. Alla medlemmar \u00e4r v\u00e4lkomna att st\u00e4lla ut, tv\u00e5 stycken konstverk per medlem. Anm\u00e4lan \u00e4r bindande och en avgift p\u00e5 200 kr betalas vid anm\u00e4lan. Konstverken l\u00e4mnas in den 15 december. Vernissage l\u00f6rdagen den 19 december. N\u00e4rmare &hellip; <a href=\"https:\/\/www.konstkluster.se\/konstforening\/konstutstallning-av-noaks-medlemmar-dec19-feb20\/\" class=\"more-link\">Forts\u00e4tt l\u00e4sa <span class=\"screen-reader-text\">Vintersalong f\u00f6r NOAKs medlemmar<\/span><\/a><\/p>\n","protected":false},"author":2,"featured_media":0,"parent":0,"menu_order":0,"comment_status":"closed","ping_status":"closed","template":"","meta":{"footnotes":""},"class_list":["post-2488","page","type-page","status-publish","hentry"],"_links":{"self":[{"href":"https:\/\/www.konstkluster.se\/konstforening\/wp-json\/wp\/v2\/pages\/2488","targetHints":{"allow":["GET"]}}],"collection":[{"href":"https:\/\/www.konstkluster.se\/konstforening\/wp-json\/wp\/v2\/pages"}],"about":[{"href":"https:\/\/www.konstkluster.se\/konstforening\/wp-json\/wp\/v2\/types\/page"}],"author":[{"embeddable":true,"href":"https:\/\/www.konstkluster.se\/konstforening\/wp-json\/wp\/v2\/users\/2"}],"replies":[{"embeddable":true,"href":"https:\/\/www.konstkluster.se\/konstforening\/wp-json\/wp\/v2\/comments?post=2488"}],"version-history":[{"count":4,"href":"https:\/\/www.konstkluster.se\/konstforening\/wp-json\/wp\/v2\/pages\/2488\/revisions"}],"predecessor-version":[{"id":2492,"href":"https:\/\/www.konstkluster.se\/konstforening\/wp-json\/wp\/v2\/pages\/2488\/revisions\/2492"}],"wp:attachment":[{"href":"https:\/\/www.konstkluster.se\/konstforening\/wp-json\/wp\/v2\/media?parent=2488"}],"curies":[{"name":"wp","href":"https:\/\/api.w.org\/{rel}","templated":true}]}}