{"id":2459,"date":"2020-07-08T11:22:09","date_gmt":"2020-07-08T09:22:09","guid":{"rendered":"http:\/\/www.konstkluster.se\/konstforening\/?page_id=2459"},"modified":"2021-08-24T20:43:14","modified_gmt":"2021-08-24T18:43:14","slug":"naturmalning-med-sigvard-kunni","status":"publish","type":"page","link":"https:\/\/www.konstkluster.se\/konstforening\/naturmalning-med-sigvard-kunni\/","title":{"rendered":"Naturm\u00e5lning med Sigvard Kunni"},"content":{"rendered":"\n<p>F\u00f6r att uppfylla \u00f6nskningar fr\u00e5n flera av v\u00e5ra medlemmar, s\u00e5 erbjuder vi nu \u00e5terigen dessa m\u00e5lningstr\u00e4ffar med Sigvard p\u00e5 H\u00f6n\u00f6. Samtliga tr\u00e4ffar \u00e4r utomhus och vi m\u00e5lar av sk\u00e4rg\u00e5rdsmilj\u00f6n eller om du f\u00f6redrar att endast inspireras av sammanhanget och det gemytliga s\u00e4llskapet och m\u00e5lar n\u00e5got annat som tilltalar dig.  <\/p>\n\n\n\n<p><strong>Tid:<\/strong>\u00a0torsdagarna 30 jul, 6 aug, 20 aug, 27 aug\u00a0\u2026om v\u00e4dret till\u00e5ter<br><strong>Plats:<\/strong>\u00a0vi\u00a0tr\u00e4ffas kl 11 p\u00e5 parkeringsplatsen vid H\u00f6n\u00f6 kyrkog\u00e5rd (se\u00a0<a rel=\"noreferrer noopener\" href=\"https:\/\/www.google.se\/maps\/place\/H%C3%B6n%C3%B6+Kyrkog%C3%A5rd\/@57.6850824,11.6386098,17z\/data=!3m1!4b1!4m5!3m4!1s0x464f8f8faaaaaaab:0x59085eac79615f7c!8m2!3d57.6850796!4d11.6408038?hl=sv\" target=\"_blank\">karta<\/a>)<\/p>\n\n\n\n<p>Du best\u00e4mmer sj\u00e4lv vilket material du v\u00e4ljer, vid tidigare tr\u00e4ffar har f\u00f6rekommit s\u00e5v\u00e4l akvarell som akryl och olja &#8211; men blyerts eller n\u00e5got annat skulle ju f\u00f6rst\u00e5s ocks\u00e5 kunna vara ett alternativ.<\/p>\n\n\n\n<p>Ingen kostnad, ingen anm\u00e4lan.<\/p>\n\n\n\n<p><\/p>\n\n\n<p><a href=\"https:\/\/www.konstkluster.se\/konstforening\/wp-content\/uploads\/2015\/08\/FUlogoKV-Gbg.png\" rel=\"attachment wp-att-82\"><img loading=\"lazy\" decoding=\"async\" class=\"size-medium wp-image-82 alignleft\" src=\"https:\/\/www.konstkluster.se\/konstforening\/wp-content\/uploads\/2015\/08\/FUlogoKV-Gbg-300x37.png\" alt=\"Folkuniversitetet i G\u00f6teborg\" width=\"300\" height=\"37\" srcset=\"https:\/\/www.konstkluster.se\/konstforening\/wp-content\/uploads\/2015\/08\/FUlogoKV-Gbg-300x37.png 300w, https:\/\/www.konstkluster.se\/konstforening\/wp-content\/uploads\/2015\/08\/FUlogoKV-Gbg-825x105.png 825w, https:\/\/www.konstkluster.se\/konstforening\/wp-content\/uploads\/2015\/08\/FUlogoKV-Gbg.png 855w\" sizes=\"auto, (max-width: 300px) 100vw, 300px\" \/><\/a><\/p>\n<p><\/p>\n<hr>","protected":false},"excerpt":{"rendered":"<p>F\u00f6r att uppfylla \u00f6nskningar fr\u00e5n flera av v\u00e5ra medlemmar, s\u00e5 erbjuder vi nu \u00e5terigen dessa m\u00e5lningstr\u00e4ffar med Sigvard p\u00e5 H\u00f6n\u00f6. Samtliga tr\u00e4ffar \u00e4r utomhus och vi m\u00e5lar av sk\u00e4rg\u00e5rdsmilj\u00f6n eller om du f\u00f6redrar att endast inspireras av sammanhanget och det gemytliga s\u00e4llskapet och m\u00e5lar n\u00e5got annat som tilltalar dig. Tid:\u00a0torsdagarna 30 jul, 6 aug, 20 &hellip; <a href=\"https:\/\/www.konstkluster.se\/konstforening\/naturmalning-med-sigvard-kunni\/\" class=\"more-link\">Forts\u00e4tt l\u00e4sa <span class=\"screen-reader-text\">Naturm\u00e5lning med Sigvard Kunni<\/span><\/a><\/p>\n","protected":false},"author":2,"featured_media":0,"parent":0,"menu_order":0,"comment_status":"closed","ping_status":"closed","template":"","meta":{"footnotes":""},"class_list":["post-2459","page","type-page","status-publish","hentry"],"_links":{"self":[{"href":"https:\/\/www.konstkluster.se\/konstforening\/wp-json\/wp\/v2\/pages\/2459","targetHints":{"allow":["GET"]}}],"collection":[{"href":"https:\/\/www.konstkluster.se\/konstforening\/wp-json\/wp\/v2\/pages"}],"about":[{"href":"https:\/\/www.konstkluster.se\/konstforening\/wp-json\/wp\/v2\/types\/page"}],"author":[{"embeddable":true,"href":"https:\/\/www.konstkluster.se\/konstforening\/wp-json\/wp\/v2\/users\/2"}],"replies":[{"embeddable":true,"href":"https:\/\/www.konstkluster.se\/konstforening\/wp-json\/wp\/v2\/comments?post=2459"}],"version-history":[{"count":6,"href":"https:\/\/www.konstkluster.se\/konstforening\/wp-json\/wp\/v2\/pages\/2459\/revisions"}],"predecessor-version":[{"id":2716,"href":"https:\/\/www.konstkluster.se\/konstforening\/wp-json\/wp\/v2\/pages\/2459\/revisions\/2716"}],"wp:attachment":[{"href":"https:\/\/www.konstkluster.se\/konstforening\/wp-json\/wp\/v2\/media?parent=2459"}],"curies":[{"name":"wp","href":"https:\/\/api.w.org\/{rel}","templated":true}]}}