{"id":2410,"date":"2020-02-06T17:29:02","date_gmt":"2020-02-06T16:29:02","guid":{"rendered":"http:\/\/www.konstkluster.se\/konstforening\/?page_id=2410"},"modified":"2020-02-26T16:34:38","modified_gmt":"2020-02-26T15:34:38","slug":"arsmote-2020","status":"publish","type":"page","link":"https:\/\/www.konstkluster.se\/konstforening\/arsmote-2020\/","title":{"rendered":"\u00c5rsm\u00f6te 2020"},"content":{"rendered":"\n<p>Varmt v\u00e4lkomna till v\u00e5r konstf\u00f6renings \u00e5rsm\u00f6te!<\/p>\n\n\n\n<p>V\u00e5r t\u00e4mligen nya konstf\u00f6rening har nu redan hunnit med 4 aktiva \u00e5r och vi blickar fram\u00e5t med flera redan inplanerade roliga arrangemang f\u00f6r v\u00e5rt femte verksamhets\u00e5r. <br><br>I samband med \u00e5rsm\u00f6tet kommer vi att visa filmen &#8217;Pigmentlaborationer med Arne Isacsson&#8217;.<\/p>\n\n\n\n<p><strong>Tid:<\/strong>\u00a0kl 18:00 torsdag 27 februari 2020<br><strong>Plats:<\/strong>\u00a0Nya Kroken i Kl\u00f4va (v\u00e5ning 2, ing\u00e5ng via trappa p\u00e5 utsidan), p\u00e5 H\u00f6n\u00f6 (<a rel=\"noreferrer noopener\" href=\"https:\/\/www.google.se\/maps\/place\/Nya+Kroken+%E2%80%9D+Bara+riktigt+god+mat%E2%80%9D\/@57.6808813,11.6423145,17z\/data=!3m1!4b1!4m5!3m4!1s0x464f8f0c9f2271c7:0x54c0738f87fe1fb2!8m2!3d57.6808813!4d11.6445085?hl=en&amp;authuser=0\" target=\"_blank\">karta<\/a>)<\/p>\n\n\n<p>NOAK bjuder p\u00e5 kaffe\/te och sm\u00f6rg\u00e5s.<\/p>\n\n\n<p>Alla medlemmar och ni som funderar p\u00e5 att bli medlemmar h\u00e4lsas v\u00e4lkomna! <\/p>\n\n\n<p><a href=\"https:\/\/www.konstkluster.se\/konstforening\/wp-content\/uploads\/2015\/08\/FUlogoKV-Gbg.png\" rel=\"attachment wp-att-82\"><img loading=\"lazy\" decoding=\"async\" class=\"size-medium wp-image-82 alignleft\" src=\"https:\/\/www.konstkluster.se\/konstforening\/wp-content\/uploads\/2015\/08\/FUlogoKV-Gbg-300x37.png\" alt=\"Folkuniversitetet i G\u00f6teborg\" width=\"300\" height=\"37\" srcset=\"https:\/\/www.konstkluster.se\/konstforening\/wp-content\/uploads\/2015\/08\/FUlogoKV-Gbg-300x37.png 300w, https:\/\/www.konstkluster.se\/konstforening\/wp-content\/uploads\/2015\/08\/FUlogoKV-Gbg-825x105.png 825w, https:\/\/www.konstkluster.se\/konstforening\/wp-content\/uploads\/2015\/08\/FUlogoKV-Gbg.png 855w\" sizes=\"auto, (max-width: 300px) 100vw, 300px\" \/><\/a><\/p>\n<hr>\n\n\n<p>     <\/p>\n\n\n\n<p><\/p>\n","protected":false},"excerpt":{"rendered":"<p>Varmt v\u00e4lkomna till v\u00e5r konstf\u00f6renings \u00e5rsm\u00f6te! V\u00e5r t\u00e4mligen nya konstf\u00f6rening har nu redan hunnit med 4 aktiva \u00e5r och vi blickar fram\u00e5t med flera redan inplanerade roliga arrangemang f\u00f6r v\u00e5rt femte verksamhets\u00e5r. I samband med \u00e5rsm\u00f6tet kommer vi att visa filmen &#8217;Pigmentlaborationer med Arne Isacsson&#8217;. Tid:\u00a0kl 18:00 torsdag 27 februari 2020Plats:\u00a0Nya Kroken i Kl\u00f4va (v\u00e5ning &hellip; <a href=\"https:\/\/www.konstkluster.se\/konstforening\/arsmote-2020\/\" class=\"more-link\">Forts\u00e4tt l\u00e4sa <span class=\"screen-reader-text\">\u00c5rsm\u00f6te 2020<\/span><\/a><\/p>\n","protected":false},"author":2,"featured_media":0,"parent":0,"menu_order":0,"comment_status":"closed","ping_status":"closed","template":"","meta":{"footnotes":""},"class_list":["post-2410","page","type-page","status-publish","hentry"],"_links":{"self":[{"href":"https:\/\/www.konstkluster.se\/konstforening\/wp-json\/wp\/v2\/pages\/2410","targetHints":{"allow":["GET"]}}],"collection":[{"href":"https:\/\/www.konstkluster.se\/konstforening\/wp-json\/wp\/v2\/pages"}],"about":[{"href":"https:\/\/www.konstkluster.se\/konstforening\/wp-json\/wp\/v2\/types\/page"}],"author":[{"embeddable":true,"href":"https:\/\/www.konstkluster.se\/konstforening\/wp-json\/wp\/v2\/users\/2"}],"replies":[{"embeddable":true,"href":"https:\/\/www.konstkluster.se\/konstforening\/wp-json\/wp\/v2\/comments?post=2410"}],"version-history":[{"count":9,"href":"https:\/\/www.konstkluster.se\/konstforening\/wp-json\/wp\/v2\/pages\/2410\/revisions"}],"predecessor-version":[{"id":2423,"href":"https:\/\/www.konstkluster.se\/konstforening\/wp-json\/wp\/v2\/pages\/2410\/revisions\/2423"}],"wp:attachment":[{"href":"https:\/\/www.konstkluster.se\/konstforening\/wp-json\/wp\/v2\/media?parent=2410"}],"curies":[{"name":"wp","href":"https:\/\/api.w.org\/{rel}","templated":true}]}}