{"id":2267,"date":"2019-08-28T13:42:53","date_gmt":"2019-08-28T11:42:53","guid":{"rendered":"http:\/\/www.konstkluster.se\/konstforening\/?page_id=2267"},"modified":"2019-08-28T14:11:07","modified_gmt":"2019-08-28T12:11:07","slug":"hitta-till-lenas-atelje","status":"publish","type":"page","link":"https:\/\/www.konstkluster.se\/konstforening\/hitta-till-lenas-atelje\/","title":{"rendered":"Hitta till Lenas atelj\u00e9"},"content":{"rendered":"\n<p>Lena har sin atelj\u00e9 p\u00e5 <a href=\"https:\/\/www.google.se\/maps\/place\/Billdals+Aspv%C3%A4g+144,+427+39+Billdal\/@57.5666009,11.9465467,17z\/data=!3m1!4b1!4m5!3m4!1s0x464fec457ec5e10f:0xe44182967a5d5480!8m2!3d57.5666009!4d11.9487354?hl=en&amp;authuser=0\" target=\"_blank\" rel=\"noreferrer noopener\" aria-label=\"Billdals aspv\u00e4g 144, 427 39  Billdal (\u00f6ppnas i en ny flik)\">Billdals aspv\u00e4g 144, 427 39  Billdal<\/a><\/p>\n\n\n\n<p>Nedan visas f\u00f6rslag p\u00e5 var man kan parkera och hur man hittar till Lenas atelj\u00e9, v\u00e4lkomna!<\/p>\n\n\n\n<figure class=\"wp-block-image\"><img loading=\"lazy\" decoding=\"async\" width=\"635\" height=\"854\" src=\"https:\/\/www.konstkluster.se\/konstforening\/wp-content\/uploads\/2019\/08\/image1_crop.jpeg\" alt=\"bild \u00f6ver v\u00e4gbeskrivning\" class=\"wp-image-2280\" srcset=\"https:\/\/www.konstkluster.se\/konstforening\/wp-content\/uploads\/2019\/08\/image1_crop.jpeg 635w, https:\/\/www.konstkluster.se\/konstforening\/wp-content\/uploads\/2019\/08\/image1_crop-223x300.jpeg 223w\" sizes=\"auto, (max-width: 635px) 100vw, 635px\" \/><figcaption>Parkering och v\u00e4gen till Lenas hus<\/figcaption><\/figure>\n\n\n\n<figure class=\"wp-block-image\"><img loading=\"lazy\" decoding=\"async\" width=\"631\" height=\"735\" src=\"https:\/\/www.konstkluster.se\/konstforening\/wp-content\/uploads\/2019\/08\/image2_crop.jpeg\" alt=\"bild \u00f6ver v\u00e4gbeskrivning\" class=\"wp-image-2281\" srcset=\"https:\/\/www.konstkluster.se\/konstforening\/wp-content\/uploads\/2019\/08\/image2_crop.jpeg 631w, https:\/\/www.konstkluster.se\/konstforening\/wp-content\/uploads\/2019\/08\/image2_crop-258x300.jpeg 258w\" sizes=\"auto, (max-width: 631px) 100vw, 631px\" \/><figcaption>Ing\u00e5ng till atelj\u00e9n via tr\u00e4dg\u00e5rdsgrinden bakom h\u00e4ck p\u00e5 gavelsida av hus<\/figcaption><\/figure>\n\n\n<p><a href=\"https:\/\/www.konstkluster.se\/konstforening\/wp-content\/uploads\/2015\/08\/FUlogoKV-Gbg.png\" rel=\"attachment wp-att-82\"><img loading=\"lazy\" decoding=\"async\" class=\"size-medium wp-image-82 alignleft\" src=\"https:\/\/www.konstkluster.se\/konstforening\/wp-content\/uploads\/2015\/08\/FUlogoKV-Gbg-300x37.png\" alt=\"Folkuniversitetet i G\u00f6teborg\" width=\"300\" height=\"37\" srcset=\"https:\/\/www.konstkluster.se\/konstforening\/wp-content\/uploads\/2015\/08\/FUlogoKV-Gbg-300x37.png 300w, https:\/\/www.konstkluster.se\/konstforening\/wp-content\/uploads\/2015\/08\/FUlogoKV-Gbg-825x105.png 825w, https:\/\/www.konstkluster.se\/konstforening\/wp-content\/uploads\/2015\/08\/FUlogoKV-Gbg.png 855w\" sizes=\"auto, (max-width: 300px) 100vw, 300px\" \/><\/a><\/p>\n<p>\u00a0<\/p>\n<hr \/>\n<p>\u00a0<\/p>\n\n\n<p><\/p>\n","protected":false},"excerpt":{"rendered":"<p>Lena har sin atelj\u00e9 p\u00e5 Billdals aspv\u00e4g 144, 427 39 Billdal Nedan visas f\u00f6rslag p\u00e5 var man kan parkera och hur man hittar till Lenas atelj\u00e9, v\u00e4lkomna! \u00a0 \u00a0<\/p>\n","protected":false},"author":2,"featured_media":0,"parent":0,"menu_order":0,"comment_status":"closed","ping_status":"closed","template":"","meta":{"footnotes":""},"class_list":["post-2267","page","type-page","status-publish","hentry"],"_links":{"self":[{"href":"https:\/\/www.konstkluster.se\/konstforening\/wp-json\/wp\/v2\/pages\/2267","targetHints":{"allow":["GET"]}}],"collection":[{"href":"https:\/\/www.konstkluster.se\/konstforening\/wp-json\/wp\/v2\/pages"}],"about":[{"href":"https:\/\/www.konstkluster.se\/konstforening\/wp-json\/wp\/v2\/types\/page"}],"author":[{"embeddable":true,"href":"https:\/\/www.konstkluster.se\/konstforening\/wp-json\/wp\/v2\/users\/2"}],"replies":[{"embeddable":true,"href":"https:\/\/www.konstkluster.se\/konstforening\/wp-json\/wp\/v2\/comments?post=2267"}],"version-history":[{"count":6,"href":"https:\/\/www.konstkluster.se\/konstforening\/wp-json\/wp\/v2\/pages\/2267\/revisions"}],"predecessor-version":[{"id":2284,"href":"https:\/\/www.konstkluster.se\/konstforening\/wp-json\/wp\/v2\/pages\/2267\/revisions\/2284"}],"wp:attachment":[{"href":"https:\/\/www.konstkluster.se\/konstforening\/wp-json\/wp\/v2\/media?parent=2267"}],"curies":[{"name":"wp","href":"https:\/\/api.w.org\/{rel}","templated":true}]}}