{"id":2218,"date":"2019-08-05T14:36:58","date_gmt":"2019-08-05T12:36:58","guid":{"rendered":"http:\/\/www.konstkluster.se\/konstforening\/?page_id=2218"},"modified":"2019-08-28T15:02:49","modified_gmt":"2019-08-28T13:02:49","slug":"ateljebesok-hos-lena-hedlund","status":"publish","type":"page","link":"https:\/\/www.konstkluster.se\/konstforening\/ateljebesok-hos-lena-hedlund\/","title":{"rendered":"Atelj\u00e9bes\u00f6k hos Lena Hedlund"},"content":{"rendered":"<p>H\u00f6stens f\u00f6rsta atelj\u00e9bes\u00f6k blir hos konstn\u00e4r Lena Hedlund, som bor och arbetar i Billdal, G\u00f6teborg. Lena visar sin atelj\u00e9 och ber\u00e4ttar lite om sitt m\u00e5leri, hon\u00a0m\u00e5lar oftast abstrakt och spontant och tycker om att experimentera med olika tekniker.<\/p>\n<p><span style=\"color: #000000;\">Atelj\u00e9n \u00e4r liten och alla f\u00e5r inte plats samtidigt, men d\u00e5 finns det tillf\u00e4lle f\u00f6r fika och f\u00f6rfriskningar och man kan kika runt p\u00e5 konstverken.<\/span><\/p>\n<p><!--StartFragment--><\/p>\n<p><strong>Tid:<\/strong> Torsdag 19 september 2019 kl 18:00<br \/><strong>Plat<span style=\"color: #000000;\">s:<\/span><\/strong><span style=\"color: #000000;\"> Lenas atelj\u00e9 (Billdals aspv\u00e4g 144, Billdal, <\/span>se <a href=\"https:\/\/www.google.se\/maps\/place\/Billdals+Aspv%C3%A4g+144,+427+39+Billdal\/@57.5666009,11.9465467,17z\/data=!3m1!4b1!4m5!3m4!1s0x464fec457ec5e10f:0xe44182967a5d5480!8m2!3d57.5666009!4d11.9487354?hl=en&amp;authuser=0\" target=\"_blank\" rel=\"noreferrer noopener\" aria-label=\" (\u00f6ppnas i en ny flik)\">karta<\/a>)<br \/><strong>Kostnad:\u00a0<\/strong>(betalas med\u00a0<a href=\"https:\/\/www.konstkluster.se\/konstforening\/inbetalning\/\">swish<\/a>\u00a0eller\u00a0kontant direkt p\u00e5 plats)<br \/>F\u00f6r medlemmar: 80 SEK<br \/>F\u00f6r icke-medlemmar: 100 SEK<\/p>\n<p><strong>Sam\u00e5kning &amp; att hitta till atelj\u00e9n:<br \/><\/strong><span style=\"color: #000000;\">Meddela om du vill sam\u00e5ka, s\u00e5 ska vi f\u00f6rs\u00f6ka ordna detta. F\u00f6r tips om var man kan parkera och hur man hittar till Lenas atelj\u00e9, l\u00e4s <a href=\"https:\/\/www.konstkluster.se\/konstforening\/hitta-till-lenas-atelje\/\">h\u00e4r<\/a>.<\/span><\/p>\n<p><strong>Anm\u00e4lan &amp; \u00f6vrig info:<\/strong><br \/>Skriv e<span style=\"color: #000000;\">tt\u00a0<a style=\"color: #000000;\" href=\"mailto:birene47@outlook.com\">mail<\/a> eller ring till Ir\u00e9ne Johansson p\u00e5 tfn 0733565611.<\/span><br \/>Sista anm\u00e4lningsdatum: 2<span style=\"color: #000000;\">019-09-17<\/span><br \/>Max antal platse<span style=\"color: #000000;\">r: 15 st<\/span><\/p>\n\n\n<ul class=\"wp-block-gallery columns-0 is-cropped wp-block-gallery-1 is-layout-flex wp-block-gallery-is-layout-flex\"><li class=\"blocks-gallery-item\"><figure><a href=\"https:\/\/www.konstkluster.se\/konstforening\/ateljebesok-hos-lena-hedlund\/all_i_see\/\"><img loading=\"lazy\" decoding=\"async\" width=\"1024\" height=\"1015\" src=\"https:\/\/www.konstkluster.se\/konstforening\/wp-content\/uploads\/2019\/08\/All_I_see-1024x1015.jpg\" alt=\"\" data-id=\"2259\" data-link=\"https:\/\/www.konstkluster.se\/konstforening\/ateljebesok-hos-lena-hedlund\/all_i_see\/\" class=\"wp-image-2259\" srcset=\"https:\/\/www.konstkluster.se\/konstforening\/wp-content\/uploads\/2019\/08\/All_I_see-1024x1015.jpg 1024w, https:\/\/www.konstkluster.se\/konstforening\/wp-content\/uploads\/2019\/08\/All_I_see-150x150.jpg 150w, https:\/\/www.konstkluster.se\/konstforening\/wp-content\/uploads\/2019\/08\/All_I_see-300x298.jpg 300w, https:\/\/www.konstkluster.se\/konstforening\/wp-content\/uploads\/2019\/08\/All_I_see-768x762.jpg 768w\" sizes=\"auto, (max-width: 1024px) 100vw, 1024px\" \/><\/a><figcaption>\u2019All I see\u2019 15&#215;15 cm p\u00e5 galleriduk\nTeknik: akryl, tusch, kol<\/figcaption><\/figure><\/li><li class=\"blocks-gallery-item\"><figure><a href=\"https:\/\/www.konstkluster.se\/konstforening\/ateljebesok-hos-lena-hedlund\/looking_forward\/\"><img loading=\"lazy\" decoding=\"async\" width=\"1022\" height=\"1024\" src=\"https:\/\/www.konstkluster.se\/konstforening\/wp-content\/uploads\/2019\/08\/Looking_forward-1022x1024.jpg\" alt=\"\" data-id=\"2260\" data-link=\"https:\/\/www.konstkluster.se\/konstforening\/ateljebesok-hos-lena-hedlund\/looking_forward\/\" class=\"wp-image-2260\" srcset=\"https:\/\/www.konstkluster.se\/konstforening\/wp-content\/uploads\/2019\/08\/Looking_forward-1022x1024.jpg 1022w, https:\/\/www.konstkluster.se\/konstforening\/wp-content\/uploads\/2019\/08\/Looking_forward-150x150.jpg 150w, https:\/\/www.konstkluster.se\/konstforening\/wp-content\/uploads\/2019\/08\/Looking_forward-300x300.jpg 300w, https:\/\/www.konstkluster.se\/konstforening\/wp-content\/uploads\/2019\/08\/Looking_forward-768x769.jpg 768w\" sizes=\"auto, (max-width: 1022px) 100vw, 1022px\" \/><\/a><figcaption>\u2019Looking forward\u2019 15&#215;15 cm p\u00e5 galleriduk \nTeknik: akryl, tusch, kol<\/figcaption><\/figure><\/li><\/ul>\n\n\n<p>Lena m\u00e5lar oftast intuitivt, d\u00e5 hon str\u00e4var efter det spontana uttrycket i m\u00e5lningen, d\u00e4r hon anv\u00e4nder en experimentell teknik med en blandning av collage, akryl och sprayf\u00e4rger.<\/p>\n<p>Lenas utbildningsbakgrund inom konstomr\u00e5det \u00e4r m\u00e5ngfasetterat med b\u00e5de l\u00e4ngre och kortare inslag av studier i m\u00e5nga olika tekniker &#8211; n\u00e5gra exempel: Art college, Creare, Galleri Artha, Ljungskile folkh\u00f6gskola.<\/p>\n<p>Lena har deltagit i ett flertal utst\u00e4llningar s\u00e5v\u00e4l i Sverige som i Europa och USA.<\/p>\n\n\n<ul class=\"wp-block-gallery columns-1 is-cropped wp-block-gallery-2 is-layout-flex wp-block-gallery-is-layout-flex\"><li class=\"blocks-gallery-item\"><figure><img loading=\"lazy\" decoding=\"async\" width=\"1024\" height=\"1024\" src=\"https:\/\/www.konstkluster.se\/konstforening\/wp-content\/uploads\/2019\/08\/Source_of_life-1024x1024.jpg\" alt=\"\" data-id=\"2261\" data-link=\"https:\/\/www.konstkluster.se\/konstforening\/ateljebesok-hos-lena-hedlund\/source_of_life\/\" class=\"wp-image-2261\" srcset=\"https:\/\/www.konstkluster.se\/konstforening\/wp-content\/uploads\/2019\/08\/Source_of_life-1024x1024.jpg 1024w, https:\/\/www.konstkluster.se\/konstforening\/wp-content\/uploads\/2019\/08\/Source_of_life-150x150.jpg 150w, https:\/\/www.konstkluster.se\/konstforening\/wp-content\/uploads\/2019\/08\/Source_of_life-300x300.jpg 300w, https:\/\/www.konstkluster.se\/konstforening\/wp-content\/uploads\/2019\/08\/Source_of_life-768x768.jpg 768w\" sizes=\"auto, (max-width: 1024px) 100vw, 1024px\" \/><figcaption>\u2019Source of life\u2019, 70&#215;70 cm, akryl, collage, Lenas bidrag till samlingsust\u00e4llning, WOMAN\u2019S ESSENCE, kollateralt Venedig Biennalen 10-14\/5 2019<\/figcaption><\/figure><\/li><\/ul>\n\n\n<p>L\u00e4s mera om Lena och hennes konst p\u00e5 hennes <a href=\"http:\/\/www.lenahedlund.com\/\" target=\"_blank\" rel=\"noopener noreferrer\">hemsida<\/a>, <a href=\"https:\/\/www.instagram.com\/arthlund\/\" target=\"_blank\" rel=\"noopener noreferrer\">Instagram<\/a> och <a href=\"https:\/\/www.facebook.com\/lenahedlund.konst\" target=\"_blank\" rel=\"noopener noreferrer\">Facebook<\/a>.&nbsp;<\/p>\n<p><a href=\"https:\/\/www.konstkluster.se\/konstforening\/wp-content\/uploads\/2015\/08\/FUlogoKV-Gbg.png\" rel=\"attachment wp-att-82\"><img loading=\"lazy\" decoding=\"async\" class=\"size-medium wp-image-82 alignleft\" src=\"https:\/\/www.konstkluster.se\/konstforening\/wp-content\/uploads\/2015\/08\/FUlogoKV-Gbg-300x37.png\" alt=\"Folkuniversitetet i G\u00f6teborg\" width=\"300\" height=\"37\" srcset=\"https:\/\/www.konstkluster.se\/konstforening\/wp-content\/uploads\/2015\/08\/FUlogoKV-Gbg-300x37.png 300w, https:\/\/www.konstkluster.se\/konstforening\/wp-content\/uploads\/2015\/08\/FUlogoKV-Gbg-825x105.png 825w, https:\/\/www.konstkluster.se\/konstforening\/wp-content\/uploads\/2015\/08\/FUlogoKV-Gbg.png 855w\" sizes=\"auto, (max-width: 300px) 100vw, 300px\" \/><\/a><\/p>\n<p><\/p>\n<hr><!--EndFragment--><p><\/p>\n<p><\/p>","protected":false},"excerpt":{"rendered":"<p>H\u00f6stens f\u00f6rsta atelj\u00e9bes\u00f6k blir hos konstn\u00e4r Lena Hedlund, som bor och arbetar i Billdal, G\u00f6teborg. Lena visar sin atelj\u00e9 och ber\u00e4ttar lite om sitt m\u00e5leri, hon\u00a0m\u00e5lar oftast abstrakt och spontant och tycker om att experimentera med olika tekniker. Atelj\u00e9n \u00e4r liten och alla f\u00e5r inte plats samtidigt, men d\u00e5 finns det tillf\u00e4lle f\u00f6r fika och &hellip; <a href=\"https:\/\/www.konstkluster.se\/konstforening\/ateljebesok-hos-lena-hedlund\/\" class=\"more-link\">Forts\u00e4tt l\u00e4sa <span class=\"screen-reader-text\">Atelj\u00e9bes\u00f6k hos Lena Hedlund<\/span><\/a><\/p>\n","protected":false},"author":2,"featured_media":0,"parent":0,"menu_order":0,"comment_status":"closed","ping_status":"closed","template":"","meta":{"footnotes":""},"class_list":["post-2218","page","type-page","status-publish","hentry"],"_links":{"self":[{"href":"https:\/\/www.konstkluster.se\/konstforening\/wp-json\/wp\/v2\/pages\/2218","targetHints":{"allow":["GET"]}}],"collection":[{"href":"https:\/\/www.konstkluster.se\/konstforening\/wp-json\/wp\/v2\/pages"}],"about":[{"href":"https:\/\/www.konstkluster.se\/konstforening\/wp-json\/wp\/v2\/types\/page"}],"author":[{"embeddable":true,"href":"https:\/\/www.konstkluster.se\/konstforening\/wp-json\/wp\/v2\/users\/2"}],"replies":[{"embeddable":true,"href":"https:\/\/www.konstkluster.se\/konstforening\/wp-json\/wp\/v2\/comments?post=2218"}],"version-history":[{"count":24,"href":"https:\/\/www.konstkluster.se\/konstforening\/wp-json\/wp\/v2\/pages\/2218\/revisions"}],"predecessor-version":[{"id":2286,"href":"https:\/\/www.konstkluster.se\/konstforening\/wp-json\/wp\/v2\/pages\/2218\/revisions\/2286"}],"wp:attachment":[{"href":"https:\/\/www.konstkluster.se\/konstforening\/wp-json\/wp\/v2\/media?parent=2218"}],"curies":[{"name":"wp","href":"https:\/\/api.w.org\/{rel}","templated":true}]}}