{"id":221,"date":"2016-02-15T14:55:02","date_gmt":"2016-02-15T13:55:02","guid":{"rendered":"http:\/\/www.konstkluster.se\/konstforening\/?page_id=221"},"modified":"2021-08-25T14:06:56","modified_gmt":"2021-08-25T12:06:56","slug":"inbetalning","status":"publish","type":"page","link":"https:\/\/www.konstkluster.se\/konstforening\/inbetalning\/","title":{"rendered":"Inbetalning"},"content":{"rendered":"<p>Inbetalningar till &#8217;Norra sk\u00e4rg\u00e5rdens allm\u00e4nna konstf\u00f6rening&#8217;, NOAK, sker p\u00e5 n\u00e5got av nedanst\u00e5ende s\u00e4tt. V\u00e5r rekommendation \u00e4r att du noggrant noterar vad din inbetalning avser ex medlemsavgift, kursavgift etc i kombination med ditt namn. Vi har tyv\u00e4rr ingen m\u00f6jlighet att sp\u00e5ra inbetalningar som inte tydligt visar avs\u00e4ndare.<\/p>\n<ul>\n<li>Bankkonto: 8105-9 944 571 104-8<\/li>\n<li>Bankgiro: 5021-5045<\/li>\n<li>Swish: 123 528 87 09<\/li>\n<\/ul>\n<pre>Eftersom coronal\u00e4get under \u00e5r 2020 medf\u00f6rde att vi inte kunde erbjuda v\u00e5ra medlemmar n\u00e5gon konstutlottning det \u00e5ret, s\u00e5 besl\u00f6t styrelsen att inbetald medlemsavgift f\u00f6r 2020 ocks\u00e5 ska g\u00e4lla f\u00f6r 2021. Detta inneb\u00e4r att om du betalt in en medlemsavgift antingen under \u00e5r 2020 eller under \u00e5r 2021, s\u00e5 kommer du att erh\u00e5lla en lott i det konstlotteri som vi planerar ha 2021-12-02.<\/pre>\n<p>Vid ekonomiska fr\u00e5gor kontakta f\u00f6reningens kass\u00f6r via <a href=\"mailto:kassor@noak-ockero.se\">mail<\/a>. (kassor@noak-ockero.se)<\/p>\n<hr \/>\n","protected":false},"excerpt":{"rendered":"<p>Inbetalningar till &#8217;Norra sk\u00e4rg\u00e5rdens allm\u00e4nna konstf\u00f6rening&#8217;, NOAK, sker p\u00e5 n\u00e5got av nedanst\u00e5ende s\u00e4tt. V\u00e5r rekommendation \u00e4r att du noggrant noterar vad din inbetalning avser ex medlemsavgift, kursavgift etc i kombination med ditt namn. Vi har tyv\u00e4rr ingen m\u00f6jlighet att sp\u00e5ra inbetalningar som inte tydligt visar avs\u00e4ndare. Bankkonto: 8105-9 944 571 104-8 Bankgiro: 5021-5045 Swish: 123 &hellip; <a href=\"https:\/\/www.konstkluster.se\/konstforening\/inbetalning\/\" class=\"more-link\">Forts\u00e4tt l\u00e4sa <span class=\"screen-reader-text\">Inbetalning<\/span><\/a><\/p>\n","protected":false},"author":2,"featured_media":0,"parent":0,"menu_order":0,"comment_status":"closed","ping_status":"closed","template":"","meta":{"footnotes":""},"class_list":["post-221","page","type-page","status-publish","hentry"],"_links":{"self":[{"href":"https:\/\/www.konstkluster.se\/konstforening\/wp-json\/wp\/v2\/pages\/221","targetHints":{"allow":["GET"]}}],"collection":[{"href":"https:\/\/www.konstkluster.se\/konstforening\/wp-json\/wp\/v2\/pages"}],"about":[{"href":"https:\/\/www.konstkluster.se\/konstforening\/wp-json\/wp\/v2\/types\/page"}],"author":[{"embeddable":true,"href":"https:\/\/www.konstkluster.se\/konstforening\/wp-json\/wp\/v2\/users\/2"}],"replies":[{"embeddable":true,"href":"https:\/\/www.konstkluster.se\/konstforening\/wp-json\/wp\/v2\/comments?post=221"}],"version-history":[{"count":14,"href":"https:\/\/www.konstkluster.se\/konstforening\/wp-json\/wp\/v2\/pages\/221\/revisions"}],"predecessor-version":[{"id":2727,"href":"https:\/\/www.konstkluster.se\/konstforening\/wp-json\/wp\/v2\/pages\/221\/revisions\/2727"}],"wp:attachment":[{"href":"https:\/\/www.konstkluster.se\/konstforening\/wp-json\/wp\/v2\/media?parent=221"}],"curies":[{"name":"wp","href":"https:\/\/api.w.org\/{rel}","templated":true}]}}