{"id":2202,"date":"2019-08-05T11:33:52","date_gmt":"2019-08-05T09:33:52","guid":{"rendered":"http:\/\/www.konstkluster.se\/konstforening\/?page_id=2202"},"modified":"2019-08-05T11:38:08","modified_gmt":"2019-08-05T09:38:08","slug":"teckna-mala-med-noak-ht-19","status":"publish","type":"page","link":"https:\/\/www.konstkluster.se\/konstforening\/teckna-mala-med-noak-ht-19\/","title":{"rendered":"Teckna &#038; m\u00e5la med NOAK ht-19"},"content":{"rendered":"\n<p>Tanken \u00e4r att vi tr\u00e4ffas, tecknar, m\u00e5lar och har det kul. Ta med dig eget tecknings- eller m\u00e5larmaterial och n\u00e5got att teckna\/m\u00e5la p\u00e5.&nbsp; Inga krav, bara \u00f6va.&nbsp;Om du \u00f6nskar ett staffli, s\u00e5 tar du med dig det ocks\u00e5.<\/p>\n\n\n\n<p>V\u00e4lkomna s\u00e5v\u00e4l medlemmar som icke medlemmar, f\u00f6rst till kvarn.<\/p>\n\n\n\n<p>NOAK bjuder p\u00e5 enkel fika.<\/p>\n\n\n\n<h2 class=\"wp-block-heading\">Bokning<\/h2>\n\n\n\n<p><strong>Cirkelledare:<\/strong>\u00a0Ir\u00e9ne Johansson och Kristina Jonasson (obs ingen utbildningskurs) vi inspireras av varandra<br> <strong>Lokal<\/strong>: Bildsalen p\u00e5 Hedens skola, H\u00f6n\u00f6. (se <a rel=\"noreferrer noopener\" href=\"https:\/\/www.google.se\/maps\/place\/Hedens+skola+och+f%C3%B6rskola\/@57.7016898,11.6728827,11z\/data=!4m8!1m2!2m1!1zaGVkZW5za29sYW4gw7Zja2Vyw7Y!3m4!1s0x464f8f9d6711c141:0x2c997c5c25179ca1!8m2!3d57.6977077!4d11.6532752\" target=\"_blank\">karta<\/a>)<br> <strong>Tid:<\/strong> kl 10:00 &#8211; 13:00<br> <strong>Startdatum:<\/strong> l\u00f6rdag 31 augusti 2019<br> <strong>Antal sammankomster:<\/strong> 5 st<br> <strong>Studietillf\u00e4llen<\/strong>:  31\/8, 14\/9, 28\/9, 12\/10 och 26\/10 <br> <strong>Avgift f\u00f6r medlem:<\/strong>\u00a040\u00a0SEK\/studietillf\u00e4lle<br> <strong>Avgift f\u00f6r icke medlem:<\/strong>\u00a080\u00a0SEK\/studietillf\u00e4lle<\/p>\n\n\n\n<p>Anm\u00e4l dig g\u00e4rna till samtliga 5 tillf\u00e4llen direkt, s\u00e5 att du \u00e4r s\u00e4ker p\u00e5 att f\u00e5 en plats. Vi planerar f\u00f6r 7 fasta platser och ut\u00f6ver dessa n\u00e5gra f\u00f6r dem som bara kan komma vid n\u00e5got enstaka tillf\u00e4lle.<\/p>\n\n\n\n<p>Anm\u00e4lan sker via <a href=\"mailto:birene47@outlook.com\">mail<\/a>.<\/p>\n\n\n\n<p>Avgiften ska betalas omg\u00e5ende efter det att svarsmail skickats ut om erh\u00e5llen studiecirkelplats, se inbetalningsalternativ <a href=\"https:\/\/www.konstkluster.se\/konstforening\/inbetalning\/\">h\u00e4r<\/a>.<\/p>\n\n\n<p><a href=\"https:\/\/www.konstkluster.se\/konstforening\/wp-content\/uploads\/2015\/08\/FUlogoKV-Gbg.png\" rel=\"attachment wp-att-82\"><img loading=\"lazy\" decoding=\"async\" class=\"size-medium wp-image-82 alignleft\" src=\"https:\/\/www.konstkluster.se\/konstforening\/wp-content\/uploads\/2015\/08\/FUlogoKV-Gbg-300x37.png\" alt=\"Folkuniversitetet i G\u00f6teborg\" width=\"300\" height=\"37\" srcset=\"https:\/\/www.konstkluster.se\/konstforening\/wp-content\/uploads\/2015\/08\/FUlogoKV-Gbg-300x37.png 300w, https:\/\/www.konstkluster.se\/konstforening\/wp-content\/uploads\/2015\/08\/FUlogoKV-Gbg-825x105.png 825w, https:\/\/www.konstkluster.se\/konstforening\/wp-content\/uploads\/2015\/08\/FUlogoKV-Gbg.png 855w\" sizes=\"auto, (max-width: 300px) 100vw, 300px\" \/><\/a><\/p>\n<p>&nbsp;<\/p>\n<p>&nbsp;<\/p>\n<hr>","protected":false},"excerpt":{"rendered":"<p>Tanken \u00e4r att vi tr\u00e4ffas, tecknar, m\u00e5lar och har det kul. Ta med dig eget tecknings- eller m\u00e5larmaterial och n\u00e5got att teckna\/m\u00e5la p\u00e5.&nbsp; Inga krav, bara \u00f6va.&nbsp;Om du \u00f6nskar ett staffli, s\u00e5 tar du med dig det ocks\u00e5. V\u00e4lkomna s\u00e5v\u00e4l medlemmar som icke medlemmar, f\u00f6rst till kvarn. NOAK bjuder p\u00e5 enkel fika. Bokning Cirkelledare:\u00a0Ir\u00e9ne Johansson &hellip; <a href=\"https:\/\/www.konstkluster.se\/konstforening\/teckna-mala-med-noak-ht-19\/\" class=\"more-link\">Forts\u00e4tt l\u00e4sa <span class=\"screen-reader-text\">Teckna &#038; m\u00e5la med NOAK ht-19<\/span><\/a><\/p>\n","protected":false},"author":2,"featured_media":0,"parent":0,"menu_order":0,"comment_status":"closed","ping_status":"closed","template":"","meta":{"footnotes":""},"class_list":["post-2202","page","type-page","status-publish","hentry"],"_links":{"self":[{"href":"https:\/\/www.konstkluster.se\/konstforening\/wp-json\/wp\/v2\/pages\/2202","targetHints":{"allow":["GET"]}}],"collection":[{"href":"https:\/\/www.konstkluster.se\/konstforening\/wp-json\/wp\/v2\/pages"}],"about":[{"href":"https:\/\/www.konstkluster.se\/konstforening\/wp-json\/wp\/v2\/types\/page"}],"author":[{"embeddable":true,"href":"https:\/\/www.konstkluster.se\/konstforening\/wp-json\/wp\/v2\/users\/2"}],"replies":[{"embeddable":true,"href":"https:\/\/www.konstkluster.se\/konstforening\/wp-json\/wp\/v2\/comments?post=2202"}],"version-history":[{"count":5,"href":"https:\/\/www.konstkluster.se\/konstforening\/wp-json\/wp\/v2\/pages\/2202\/revisions"}],"predecessor-version":[{"id":2243,"href":"https:\/\/www.konstkluster.se\/konstforening\/wp-json\/wp\/v2\/pages\/2202\/revisions\/2243"}],"wp:attachment":[{"href":"https:\/\/www.konstkluster.se\/konstforening\/wp-json\/wp\/v2\/media?parent=2202"}],"curies":[{"name":"wp","href":"https:\/\/api.w.org\/{rel}","templated":true}]}}