{"id":2151,"date":"2019-06-28T10:27:46","date_gmt":"2019-06-28T08:27:46","guid":{"rendered":"http:\/\/www.konstkluster.se\/konstforening\/?page_id=2151"},"modified":"2022-06-09T10:06:50","modified_gmt":"2022-06-09T08:06:50","slug":"fika-pa-hono-hembygdsgard","status":"publish","type":"page","link":"https:\/\/www.konstkluster.se\/konstforening\/fika-pa-hono-hembygdsgard\/","title":{"rendered":"Fika p\u00e5 H\u00f6n\u00f6 hembygdsg\u00e5rd"},"content":{"rendered":"\n<p>V\u00e4lkommen till H\u00f6n\u00f6 hembygdsg\u00e5rd, vi fikar (h\u00f6n\u00f6kaka och kaffebr\u00f6d), vid fint v\u00e4der sitter vi ute i tr\u00e4dg\u00e5rden! <\/p>\n\n\n\n<p>Efter fikat blir det en guidning av g\u00e5rden, finns mycket sp\u00e4nnande att titta\/h\u00f6ra p\u00e5. Kanske kommer gamla minnen tillbaka? <\/p>\n\n\n\n<p><strong>Tid: <\/strong>Onsdag 28 augusti 2019 kl 18:00 &#8211; 20:00<br><strong>Plats:<\/strong>&nbsp;Hembygdsg\u00e5rden p\u00e5 H\u00f6n\u00f6 (G\u00e5rdav\u00e4gen 17. Korsningen R\u00f6dv\u00e4gen\/Hemv\u00e4rnsv\u00e4gen, se&nbsp;<a rel=\"noreferrer noopener\" href=\"https:\/\/www.google.se\/maps\/place\/G%C3%A5rdav%C3%A4gen+17,+475+42+H%C3%B6n%C3%B6\/@57.6923956,11.6491765,17z\/data=!3m1!4b1!4m5!3m4!1s0x464f8f9b63fc8671:0x3455ee6e353d4e07!8m2!3d57.6923956!4d11.6513652?hl=sv&amp;authuser=0\" target=\"_blank\">karta<\/a>) <br><strong>Kostnad:&nbsp;<\/strong>(betalas med&nbsp;<a href=\"https:\/\/www.konstkluster.se\/konstforening\/inbetalning\/\">swish<\/a>&nbsp;eller&nbsp;kontant direkt p\u00e5 plats)<br>F\u00f6r medlemmar: 100 SEK<br>F\u00f6r icke-medlemmar: 120 SEK<\/p>\n\n\n\n<p><strong>Anm\u00e4lan &amp; \u00f6vrig info:<\/strong><br>Skriv ett\u00a0<a href=\"mailto:kickijonasson@hotmail.com\">mail<\/a> eller ring till Kristina Jonasson p\u00e5 tfn 0706059694.<br>Sista anm\u00e4lningsdatum: 2019-08-25<br>Min antal platser: 5 st <br>Max antal platser: 25 st<br><\/p>\n\n\n\n<figure class=\"wp-block-gallery has-nested-images columns-1 is-cropped wp-block-gallery-1 is-layout-flex wp-block-gallery-is-layout-flex\">\n<figure class=\"wp-block-image\"><a href=\"https:\/\/www.konstkluster.se\/konstforening\/konsthantverksdag-i-honohembygdsforenings-tradgard\/hembygdsgard\/\"><img loading=\"lazy\" decoding=\"async\" width=\"800\" height=\"388\" data-id=\"1328\" src=\"https:\/\/www.konstkluster.se\/konstforening\/wp-content\/uploads\/2018\/04\/Hembygdsg\u00e5rd.jpg\" alt=\"\" class=\"wp-image-1328\" srcset=\"https:\/\/www.konstkluster.se\/konstforening\/wp-content\/uploads\/2018\/04\/Hembygdsg\u00e5rd.jpg 800w, https:\/\/www.konstkluster.se\/konstforening\/wp-content\/uploads\/2018\/04\/Hembygdsg\u00e5rd-300x146.jpg 300w, https:\/\/www.konstkluster.se\/konstforening\/wp-content\/uploads\/2018\/04\/Hembygdsg\u00e5rd-768x372.jpg 768w\" sizes=\"auto, (max-width: 800px) 100vw, 800px\" \/><\/a><\/figure>\n<\/figure>\n\n\n\n<p> H\u00f6n\u00f6 Hembygdsf\u00f6rening bildades 1954 och 1961 \u00f6vertogs denna g\u00e5rd, som byggdes under b\u00f6rjan av 1850-talet. H\u00e4r finns t ex \u201dT\u00f6sernas\u201d hem, d\u00e4r de ogifta d\u00f6ttrarna Anna och Olga levde hela sitt liv. G\u00e5rden inrymmer \u00e4ven August i Lyckas Diverseaff\u00e4r fr\u00e5n 1914, d\u00e4r de flesta av varorna kommer fr\u00e5n den gamla aff\u00e4ren i Kl\u00e5va. Det finns mycket mer att se fr\u00e5n f\u00f6rr i tiden p\u00e5 g\u00e5rden, v\u00e4l v\u00e4rt ett bes\u00f6k! <\/p>\n\n\n\n<p>L\u00e4s mer om H\u00f6n\u00f6 hembygdsg\u00e5rd p\u00e5 deras <a href=\"https:\/\/www.hembygd.se\/hono\">hemsida<\/a> och information om alla aktiviteter som anordnas p\u00e5 g\u00e5rden visas \u00e4ven via deras sidor p\u00e5 <a rel=\"noreferrer noopener\" aria-label=\" (\u00f6ppnas i en ny flik)\" href=\"https:\/\/www.facebook.com\/Honohembygdsgard\/?epa=SEARCH_BOX\" target=\"_blank\">Facebook <\/a>och <a href=\"https:\/\/www.instagram.com\/honohembygdsgard\/\" target=\"_blank\" rel=\"noreferrer noopener\" aria-label=\" (\u00f6ppnas i en ny flik)\">Instagram<\/a>. <br><\/p>\n\n\n<p><a href=\"https:\/\/www.konstkluster.se\/konstforening\/wp-content\/uploads\/2015\/08\/FUlogoKV-Gbg.png\" rel=\"attachment wp-att-82\"><img loading=\"lazy\" decoding=\"async\" class=\"size-medium wp-image-82 alignleft\" src=\"https:\/\/www.konstkluster.se\/konstforening\/wp-content\/uploads\/2015\/08\/FUlogoKV-Gbg-300x37.png\" alt=\"Folkuniversitetet i G\u00f6teborg\" width=\"300\" height=\"37\" srcset=\"https:\/\/www.konstkluster.se\/konstforening\/wp-content\/uploads\/2015\/08\/FUlogoKV-Gbg-300x37.png 300w, https:\/\/www.konstkluster.se\/konstforening\/wp-content\/uploads\/2015\/08\/FUlogoKV-Gbg-825x105.png 825w, https:\/\/www.konstkluster.se\/konstforening\/wp-content\/uploads\/2015\/08\/FUlogoKV-Gbg.png 855w\" sizes=\"auto, (max-width: 300px) 100vw, 300px\" \/><\/a><\/p>\n<p>&nbsp;<\/p>\n<p>&nbsp;<\/p>\n<hr>","protected":false},"excerpt":{"rendered":"<p>V\u00e4lkommen till H\u00f6n\u00f6 hembygdsg\u00e5rd, vi fikar (h\u00f6n\u00f6kaka och kaffebr\u00f6d), vid fint v\u00e4der sitter vi ute i tr\u00e4dg\u00e5rden! Efter fikat blir det en guidning av g\u00e5rden, finns mycket sp\u00e4nnande att titta\/h\u00f6ra p\u00e5. Kanske kommer gamla minnen tillbaka? Tid: Onsdag 28 augusti 2019 kl 18:00 &#8211; 20:00Plats:&nbsp;Hembygdsg\u00e5rden p\u00e5 H\u00f6n\u00f6 (G\u00e5rdav\u00e4gen 17. Korsningen R\u00f6dv\u00e4gen\/Hemv\u00e4rnsv\u00e4gen, se&nbsp;karta) Kostnad:&nbsp;(betalas med&nbsp;swish&nbsp;eller&nbsp;kontant direkt &hellip; <a href=\"https:\/\/www.konstkluster.se\/konstforening\/fika-pa-hono-hembygdsgard\/\" class=\"more-link\">Forts\u00e4tt l\u00e4sa <span class=\"screen-reader-text\">Fika p\u00e5 H\u00f6n\u00f6 hembygdsg\u00e5rd<\/span><\/a><\/p>\n","protected":false},"author":2,"featured_media":0,"parent":0,"menu_order":0,"comment_status":"closed","ping_status":"closed","template":"","meta":{"footnotes":""},"class_list":["post-2151","page","type-page","status-publish","hentry"],"_links":{"self":[{"href":"https:\/\/www.konstkluster.se\/konstforening\/wp-json\/wp\/v2\/pages\/2151","targetHints":{"allow":["GET"]}}],"collection":[{"href":"https:\/\/www.konstkluster.se\/konstforening\/wp-json\/wp\/v2\/pages"}],"about":[{"href":"https:\/\/www.konstkluster.se\/konstforening\/wp-json\/wp\/v2\/types\/page"}],"author":[{"embeddable":true,"href":"https:\/\/www.konstkluster.se\/konstforening\/wp-json\/wp\/v2\/users\/2"}],"replies":[{"embeddable":true,"href":"https:\/\/www.konstkluster.se\/konstforening\/wp-json\/wp\/v2\/comments?post=2151"}],"version-history":[{"count":13,"href":"https:\/\/www.konstkluster.se\/konstforening\/wp-json\/wp\/v2\/pages\/2151\/revisions"}],"predecessor-version":[{"id":2883,"href":"https:\/\/www.konstkluster.se\/konstforening\/wp-json\/wp\/v2\/pages\/2151\/revisions\/2883"}],"wp:attachment":[{"href":"https:\/\/www.konstkluster.se\/konstforening\/wp-json\/wp\/v2\/media?parent=2151"}],"curies":[{"name":"wp","href":"https:\/\/api.w.org\/{rel}","templated":true}]}}