{"id":2131,"date":"2019-04-28T15:52:20","date_gmt":"2019-04-28T13:52:20","guid":{"rendered":"http:\/\/www.konstkluster.se\/konstforening\/?page_id=2131"},"modified":"2019-04-28T18:44:15","modified_gmt":"2019-04-28T16:44:15","slug":"ateljebesok-hos-lena-nahlin","status":"publish","type":"page","link":"https:\/\/www.konstkluster.se\/konstforening\/ateljebesok-hos-lena-nahlin\/","title":{"rendered":"Atelj\u00e9bes\u00f6k hos Lena Nahlin"},"content":{"rendered":"\n<p>Vi v\u00e4lkomnar nu till ett efterl\u00e4ngtat bes\u00f6k hos <strong>Lena Nahlin<\/strong> och <strong>H\u00f6n\u00f6 Konsthall<\/strong>. F\u00f6r drygt tio \u00e5r sedan renoverade de den gamla ladug\u00e5rden p\u00e5 sin tomt och omvandlade denna till en stor fin lokal med tv\u00e5 loft, d\u00e4r Lena har sin vackra atelj\u00e9 i det ena utav loften. <\/p>\n\n\n\n<p>H\u00f6n\u00f6 Konsthall \u00e4r bel\u00e4gen i det gamla Hedens By p\u00e5 H\u00f6n\u00f6. Lokalen anv\u00e4nds flitigt till framf\u00f6rallt m\u00e5larkurser, men ocks\u00e5 till utst\u00e4llningar, fester, konserter och mycket annat.<\/p>\n\n\n\n<p><strong>Tid: <\/strong>Onsdag 22 maj 2019 kl 18:00<br><strong>Plats:<\/strong> H\u00f6n\u00f6 Konsthall (All\u00e9v\u00e4gen 19, H\u00f6n\u00f6, se <a href=\"https:\/\/www.google.se\/maps\/place\/H%C3%B6n%C3%B6+Konsthall\/@57.6949467,11.6553887,17z\/data=!3m1!4b1!4m5!3m4!1s0x464f8fa84aa44c53:0x95f57c4cb31d12fd!8m2!3d57.6949467!4d11.6575774?hl=en&amp;authuser=0\" target=\"_blank\" rel=\"noreferrer noopener\" aria-label=\" (\u00f6ppnas i en ny flik)\">karta<\/a>)<br><strong>Kostnad:&nbsp;<\/strong>(betalas med&nbsp;<a href=\"https:\/\/www.konstkluster.se\/konstforening\/inbetalning\/\">swish<\/a>&nbsp;eller&nbsp;kontant direkt p\u00e5 plats)<br>F\u00f6r medlemmar: 80 SEK<br>F\u00f6r icke-medlemmar: 100 SEK<\/p>\n\n\n\n<p><strong>Anm\u00e4lan &amp; \u00f6vrig info:<\/strong><br>Skriv ett\u00a0<a href=\"mailto:birene47@outlook.com\">mail<\/a> eller ring till Ir\u00e9ne Johansson p\u00e5 tfn 0733565611.<br> Sista anm\u00e4lningsdatum: 2019-05-20<br> Max antal platser: 15 st<\/p>\n\n\n\n<p>Lena bjuder p\u00e5 lite fika. <\/p>\n\n\n\n<ul class=\"wp-block-gallery columns-2 is-cropped wp-block-gallery-1 is-layout-flex wp-block-gallery-is-layout-flex\"><li class=\"blocks-gallery-item\"><figure><a href=\"https:\/\/www.konstkluster.se\/konstforening\/?attachment_id=2141\"><img loading=\"lazy\" decoding=\"async\" width=\"1024\" height=\"765\" src=\"https:\/\/www.konstkluster.se\/konstforening\/wp-content\/uploads\/2019\/04\/IMG_01812115-1-1024x765.jpg\" alt=\"\" data-id=\"2141\" data-link=\"https:\/\/www.konstkluster.se\/konstforening\/?attachment_id=2141\" class=\"wp-image-2141\" srcset=\"https:\/\/www.konstkluster.se\/konstforening\/wp-content\/uploads\/2019\/04\/IMG_01812115-1-1024x765.jpg 1024w, https:\/\/www.konstkluster.se\/konstforening\/wp-content\/uploads\/2019\/04\/IMG_01812115-1-300x224.jpg 300w, https:\/\/www.konstkluster.se\/konstforening\/wp-content\/uploads\/2019\/04\/IMG_01812115-1-768x573.jpg 768w\" sizes=\"auto, (max-width: 1024px) 100vw, 1024px\" \/><\/a><\/figure><\/li><li class=\"blocks-gallery-item\"><figure><a href=\"https:\/\/www.konstkluster.se\/konstforening\/?attachment_id=2142\"><img loading=\"lazy\" decoding=\"async\" width=\"1024\" height=\"740\" src=\"https:\/\/www.konstkluster.se\/konstforening\/wp-content\/uploads\/2019\/04\/IMG_01482114-1-1024x740.jpg\" alt=\"\" data-id=\"2142\" data-link=\"https:\/\/www.konstkluster.se\/konstforening\/?attachment_id=2142\" class=\"wp-image-2142\" srcset=\"https:\/\/www.konstkluster.se\/konstforening\/wp-content\/uploads\/2019\/04\/IMG_01482114-1-1024x740.jpg 1024w, https:\/\/www.konstkluster.se\/konstforening\/wp-content\/uploads\/2019\/04\/IMG_01482114-1-300x217.jpg 300w, https:\/\/www.konstkluster.se\/konstforening\/wp-content\/uploads\/2019\/04\/IMG_01482114-1-768x555.jpg 768w, https:\/\/www.konstkluster.se\/konstforening\/wp-content\/uploads\/2019\/04\/IMG_01482114-1.jpg 1194w\" sizes=\"auto, (max-width: 1024px) 100vw, 1024px\" \/><\/a><\/figure><\/li><li class=\"blocks-gallery-item\"><figure><a href=\"https:\/\/www.konstkluster.se\/konstforening\/?attachment_id=2143\"><img loading=\"lazy\" decoding=\"async\" width=\"1024\" height=\"814\" src=\"https:\/\/www.konstkluster.se\/konstforening\/wp-content\/uploads\/2019\/04\/IMG_12372116-1-1024x814.jpg\" alt=\"\" data-id=\"2143\" data-link=\"https:\/\/www.konstkluster.se\/konstforening\/?attachment_id=2143\" class=\"wp-image-2143\" srcset=\"https:\/\/www.konstkluster.se\/konstforening\/wp-content\/uploads\/2019\/04\/IMG_12372116-1-1024x814.jpg 1024w, https:\/\/www.konstkluster.se\/konstforening\/wp-content\/uploads\/2019\/04\/IMG_12372116-1-300x238.jpg 300w, https:\/\/www.konstkluster.se\/konstforening\/wp-content\/uploads\/2019\/04\/IMG_12372116-1-768x610.jpg 768w, https:\/\/www.konstkluster.se\/konstforening\/wp-content\/uploads\/2019\/04\/IMG_12372116-1.jpg 1997w\" sizes=\"auto, (max-width: 1024px) 100vw, 1024px\" \/><\/a><\/figure><\/li><li class=\"blocks-gallery-item\"><figure><a href=\"https:\/\/www.konstkluster.se\/konstforening\/?attachment_id=2144\"><img loading=\"lazy\" decoding=\"async\" width=\"962\" height=\"769\" src=\"https:\/\/www.konstkluster.se\/konstforening\/wp-content\/uploads\/2019\/04\/IMG_91642117-1.jpg\" alt=\"\" data-id=\"2144\" data-link=\"https:\/\/www.konstkluster.se\/konstforening\/?attachment_id=2144\" class=\"wp-image-2144\" srcset=\"https:\/\/www.konstkluster.se\/konstforening\/wp-content\/uploads\/2019\/04\/IMG_91642117-1.jpg 962w, https:\/\/www.konstkluster.se\/konstforening\/wp-content\/uploads\/2019\/04\/IMG_91642117-1-300x240.jpg 300w, https:\/\/www.konstkluster.se\/konstforening\/wp-content\/uploads\/2019\/04\/IMG_91642117-1-768x614.jpg 768w\" sizes=\"auto, (max-width: 962px) 100vw, 962px\" \/><\/a><\/figure><\/li><\/ul>\n\n\n\n<p>L\u00e4s mer om H\u00f6n\u00f6 konsthall p\u00e5 deras <a rel=\"noreferrer noopener\" href=\"https:\/\/honokonsthall.wordpress.com\/\" target=\"_blank\">hemsida<\/a>.<\/p>\n\n\n<p><a href=\"https:\/\/www.konstkluster.se\/konstforening\/wp-content\/uploads\/2015\/08\/FUlogoKV-Gbg.png\" rel=\"attachment wp-att-82\"><img loading=\"lazy\" decoding=\"async\" class=\"size-medium wp-image-82 alignleft\" src=\"https:\/\/www.konstkluster.se\/konstforening\/wp-content\/uploads\/2015\/08\/FUlogoKV-Gbg-300x37.png\" alt=\"Folkuniversitetet i G\u00f6teborg\" width=\"300\" height=\"37\" srcset=\"https:\/\/www.konstkluster.se\/konstforening\/wp-content\/uploads\/2015\/08\/FUlogoKV-Gbg-300x37.png 300w, https:\/\/www.konstkluster.se\/konstforening\/wp-content\/uploads\/2015\/08\/FUlogoKV-Gbg-825x105.png 825w, https:\/\/www.konstkluster.se\/konstforening\/wp-content\/uploads\/2015\/08\/FUlogoKV-Gbg.png 855w\" sizes=\"auto, (max-width: 300px) 100vw, 300px\" \/><\/a><\/p>\n<p>&nbsp;<\/p>\n<p>&nbsp;<\/p>\n<hr>","protected":false},"excerpt":{"rendered":"<p>Vi v\u00e4lkomnar nu till ett efterl\u00e4ngtat bes\u00f6k hos Lena Nahlin och H\u00f6n\u00f6 Konsthall. F\u00f6r drygt tio \u00e5r sedan renoverade de den gamla ladug\u00e5rden p\u00e5 sin tomt och omvandlade denna till en stor fin lokal med tv\u00e5 loft, d\u00e4r Lena har sin vackra atelj\u00e9 i det ena utav loften. H\u00f6n\u00f6 Konsthall \u00e4r bel\u00e4gen i det gamla &hellip; <a href=\"https:\/\/www.konstkluster.se\/konstforening\/ateljebesok-hos-lena-nahlin\/\" class=\"more-link\">Forts\u00e4tt l\u00e4sa <span class=\"screen-reader-text\">Atelj\u00e9bes\u00f6k hos Lena Nahlin<\/span><\/a><\/p>\n","protected":false},"author":2,"featured_media":0,"parent":0,"menu_order":0,"comment_status":"closed","ping_status":"closed","template":"","meta":{"footnotes":""},"class_list":["post-2131","page","type-page","status-publish","hentry"],"_links":{"self":[{"href":"https:\/\/www.konstkluster.se\/konstforening\/wp-json\/wp\/v2\/pages\/2131","targetHints":{"allow":["GET"]}}],"collection":[{"href":"https:\/\/www.konstkluster.se\/konstforening\/wp-json\/wp\/v2\/pages"}],"about":[{"href":"https:\/\/www.konstkluster.se\/konstforening\/wp-json\/wp\/v2\/types\/page"}],"author":[{"embeddable":true,"href":"https:\/\/www.konstkluster.se\/konstforening\/wp-json\/wp\/v2\/users\/2"}],"replies":[{"embeddable":true,"href":"https:\/\/www.konstkluster.se\/konstforening\/wp-json\/wp\/v2\/comments?post=2131"}],"version-history":[{"count":10,"href":"https:\/\/www.konstkluster.se\/konstforening\/wp-json\/wp\/v2\/pages\/2131\/revisions"}],"predecessor-version":[{"id":2149,"href":"https:\/\/www.konstkluster.se\/konstforening\/wp-json\/wp\/v2\/pages\/2131\/revisions\/2149"}],"wp:attachment":[{"href":"https:\/\/www.konstkluster.se\/konstforening\/wp-json\/wp\/v2\/media?parent=2131"}],"curies":[{"name":"wp","href":"https:\/\/api.w.org\/{rel}","templated":true}]}}