{"id":2071,"date":"2019-02-13T11:28:19","date_gmt":"2019-02-13T10:28:19","guid":{"rendered":"http:\/\/www.konstkluster.se\/konstforening\/?page_id=2071"},"modified":"2019-02-15T13:55:35","modified_gmt":"2019-02-15T12:55:35","slug":"presentation-av-noak-riktad-till-senior-sport-school","status":"publish","type":"page","link":"https:\/\/www.konstkluster.se\/konstforening\/presentation-av-noak-riktad-till-senior-sport-school\/","title":{"rendered":"Presentation av NOAK, riktad till Senior Sport School"},"content":{"rendered":"<p>Tv\u00e5 styrelseledam\u00f6ter ur NOAK kommer att presentera v\u00e5r konstf\u00f6rening f\u00f6r deltagare i Senior Sport School. Vi kommer att ge en snabb \u00f6verblick \u00f6ver vilka typer av arrangemang vi anordnar och inbjuda till att delta i dessa fram\u00f6ver. F\u00f6rmiddagens h\u00f6jdpunkt blir ett f\u00f6redrag av Anita Bergendahl-Steiner, f\u00f6rfattare och konstn\u00e4r,\u00a0 som ber\u00e4ttar om sitt arbete vid utgr\u00e4vningen av Ostindiefararen G\u00f6theborg.<\/p>\n<div id='gallery-1' class='gallery galleryid-2071 gallery-columns-2 gallery-size-thumbnail'><figure class='gallery-item'>\n\t\t\t<div class='gallery-icon portrait'>\n\t\t\t\t<a href='https:\/\/www.konstkluster.se\/konstforening\/presentation-av-noak-riktad-till-senior-sport-school\/20190213_170235\/'><img loading=\"lazy\" decoding=\"async\" width=\"150\" height=\"150\" src=\"https:\/\/www.konstkluster.se\/konstforening\/wp-content\/uploads\/2019\/02\/20190213_170235-e1550074732173-150x150.jpg\" class=\"attachment-thumbnail size-thumbnail\" alt=\"\" aria-describedby=\"gallery-1-2086\" \/><\/a>\n\t\t\t<\/div>\n\t\t\t\t<figcaption class='wp-caption-text gallery-caption' id='gallery-1-2086'>\n\t\t\t\tInformationsfolder, med\nNOAKs arrangemang under vintern\/v\u00e5ren 2019\n\t\t\t\t<\/figcaption><\/figure><figure class='gallery-item'>\n\t\t\t<div class='gallery-icon portrait'>\n\t\t\t\t<a href='https:\/\/www.konstkluster.se\/konstforening\/liten-aterblick-pa-2016\/anita_steiner-2\/'><img loading=\"lazy\" decoding=\"async\" width=\"150\" height=\"150\" src=\"https:\/\/www.konstkluster.se\/konstforening\/wp-content\/uploads\/2018\/07\/Anita_Steiner-150x150.jpg\" class=\"attachment-thumbnail size-thumbnail\" alt=\"\" aria-describedby=\"gallery-1-1656\" \/><\/a>\n\t\t\t<\/div>\n\t\t\t\t<figcaption class='wp-caption-text gallery-caption' id='gallery-1-1656'>\n\t\t\t\tF\u00f6rel\u00e4sare: Anita Bergendahl-Steiner,\nmedarbetare vid utgr\u00e4vningen av Ostindiefararen\n\t\t\t\t<\/figcaption><\/figure>\n\t\t<\/div>\n\n<p><strong>Tid:<\/strong>\u00a0tisdag 12 februari 2019 kl 10:00 \u2013 12:00<br \/>\n<strong>Plats:<\/strong>\u00a0de nya lokalerna\u00a0i \u00d6cker\u00f6 bibliotek (se\u00a0<a href=\"https:\/\/www.google.se\/maps\/place\/%C3%96cker%C3%B6+bibliotek\/@57.7090226,11.6522781,17z\/data=!3m1!4b1!4m5!3m4!1s0x464f8f7ab74c407d:0xa7e5bfc102be7246!8m2!3d57.7090226!4d11.6544721?hl=sv\" target=\"_blank\" rel=\"noopener\">karta<\/a>)<\/p>\n<p>Det bjuds p\u00e5 fika.<\/p>\n<hr \/>\n<p>Syftet med <strong>Senior Sport School<\/strong> \u00e4r att\u00a0f\u00f6rb\u00e4ttra livskvalitet och v\u00e4lm\u00e5ende, ett projekt som genomf\u00f6rs genom en samverkan mellan:<\/p>\n<ul>\n<li>V\u00e4stra G\u00f6talandsregionen<\/li>\n<li>SISU Idrottsutbildarna\/ V\u00e4sterg\u00f6tlands idrottsf\u00f6rbund<\/li>\n<li>Fritid och Kultur \u00d6cker\u00f6<\/li>\n<li>Omsorgsf\u00f6rvaltning<\/li>\n<li>F\u00f6reningar<\/li>\n<\/ul>\n<p><a href=\"https:\/\/www.konstkluster.se\/konstforening\/wp-content\/uploads\/2015\/08\/FUlogoKV-Gbg.png\" rel=\"attachment wp-att-82\"><img loading=\"lazy\" decoding=\"async\" class=\"size-medium wp-image-82 alignleft\" src=\"https:\/\/www.konstkluster.se\/konstforening\/wp-content\/uploads\/2015\/08\/FUlogoKV-Gbg-300x37.png\" alt=\"Folkuniversitetet i G\u00f6teborg\" width=\"300\" height=\"37\" srcset=\"https:\/\/www.konstkluster.se\/konstforening\/wp-content\/uploads\/2015\/08\/FUlogoKV-Gbg-300x37.png 300w, https:\/\/www.konstkluster.se\/konstforening\/wp-content\/uploads\/2015\/08\/FUlogoKV-Gbg-825x105.png 825w, https:\/\/www.konstkluster.se\/konstforening\/wp-content\/uploads\/2015\/08\/FUlogoKV-Gbg.png 855w\" sizes=\"auto, (max-width: 300px) 100vw, 300px\" \/><\/a><\/p>\n<p>&nbsp;<\/p>\n<p>&nbsp;<\/p>\n<hr \/>\n","protected":false},"excerpt":{"rendered":"<p>Tv\u00e5 styrelseledam\u00f6ter ur NOAK kommer att presentera v\u00e5r konstf\u00f6rening f\u00f6r deltagare i Senior Sport School. Vi kommer att ge en snabb \u00f6verblick \u00f6ver vilka typer av arrangemang vi anordnar och inbjuda till att delta i dessa fram\u00f6ver. F\u00f6rmiddagens h\u00f6jdpunkt blir ett f\u00f6redrag av Anita Bergendahl-Steiner, f\u00f6rfattare och konstn\u00e4r,\u00a0 som ber\u00e4ttar om sitt arbete vid utgr\u00e4vningen &hellip; <a href=\"https:\/\/www.konstkluster.se\/konstforening\/presentation-av-noak-riktad-till-senior-sport-school\/\" class=\"more-link\">Forts\u00e4tt l\u00e4sa <span class=\"screen-reader-text\">Presentation av NOAK, riktad till Senior Sport School<\/span><\/a><\/p>\n","protected":false},"author":2,"featured_media":0,"parent":0,"menu_order":0,"comment_status":"closed","ping_status":"closed","template":"","meta":{"footnotes":""},"class_list":["post-2071","page","type-page","status-publish","hentry"],"_links":{"self":[{"href":"https:\/\/www.konstkluster.se\/konstforening\/wp-json\/wp\/v2\/pages\/2071","targetHints":{"allow":["GET"]}}],"collection":[{"href":"https:\/\/www.konstkluster.se\/konstforening\/wp-json\/wp\/v2\/pages"}],"about":[{"href":"https:\/\/www.konstkluster.se\/konstforening\/wp-json\/wp\/v2\/types\/page"}],"author":[{"embeddable":true,"href":"https:\/\/www.konstkluster.se\/konstforening\/wp-json\/wp\/v2\/users\/2"}],"replies":[{"embeddable":true,"href":"https:\/\/www.konstkluster.se\/konstforening\/wp-json\/wp\/v2\/comments?post=2071"}],"version-history":[{"count":14,"href":"https:\/\/www.konstkluster.se\/konstforening\/wp-json\/wp\/v2\/pages\/2071\/revisions"}],"predecessor-version":[{"id":2095,"href":"https:\/\/www.konstkluster.se\/konstforening\/wp-json\/wp\/v2\/pages\/2071\/revisions\/2095"}],"wp:attachment":[{"href":"https:\/\/www.konstkluster.se\/konstforening\/wp-json\/wp\/v2\/media?parent=2071"}],"curies":[{"name":"wp","href":"https:\/\/api.w.org\/{rel}","templated":true}]}}