{"id":2045,"date":"2019-02-08T13:47:47","date_gmt":"2019-02-08T12:47:47","guid":{"rendered":"http:\/\/www.konstkluster.se\/konstforening\/?page_id=2045"},"modified":"2019-02-16T10:57:42","modified_gmt":"2019-02-16T09:57:42","slug":"utstallningen-balenciaga-shaping-fashion","status":"publish","type":"page","link":"https:\/\/www.konstkluster.se\/konstforening\/utstallningen-balenciaga-shaping-fashion\/","title":{"rendered":"Utst\u00e4llningen Balenciaga &#8211; Master of Couture"},"content":{"rendered":"<p>Med grund i v\u00e5ra medlemmars \u00f6nskem\u00e5l, anordnar vi en konstresa till Bor\u00e5s med m\u00e5let att delta i en gemensam guidad tur f\u00f6r att bese den internationellt ber\u00f6mda Balencia-utst\u00e4llningen kl 16:00 torsdagen den 4 april.<\/p>\n<p>NOAK kommer att boka den guidade turen, var och en deltagare bokar sj\u00e4lv sin resa. Vi har dock ett f\u00f6rslag p\u00e5 s\u00e5v\u00e4l ditresa, som hemresa &#8211; f\u00f6r att \u00e4ven f\u00e5 till en totalupplevelse i samlad grupp (se detta f\u00f6rslag nedan).<\/p>\n<p><a href=\"https:\/\/www.konstkluster.se\/konstforening\/wp-content\/uploads\/2019\/02\/thumbnail1_Balenciaga_viaMail_frBor\u00e5sKommunikat\u00f6r.png\"><img loading=\"lazy\" decoding=\"async\" class=\"aligncenter wp-image-2048 size-large\" src=\"https:\/\/www.konstkluster.se\/konstforening\/wp-content\/uploads\/2019\/02\/thumbnail1_Balenciaga_viaMail_frBor\u00e5sKommunikat\u00f6r-1024x514.png\" alt=\"Med tillst\u00e5nd fr\u00e5n Kulturhistoriska museerna i Bor\u00e5s, visas en bild fr\u00e5n Textilmuseets hemsida.\" width=\"660\" height=\"331\" srcset=\"https:\/\/www.konstkluster.se\/konstforening\/wp-content\/uploads\/2019\/02\/thumbnail1_Balenciaga_viaMail_frBor\u00e5sKommunikat\u00f6r-1024x514.png 1024w, https:\/\/www.konstkluster.se\/konstforening\/wp-content\/uploads\/2019\/02\/thumbnail1_Balenciaga_viaMail_frBor\u00e5sKommunikat\u00f6r-300x151.png 300w, https:\/\/www.konstkluster.se\/konstforening\/wp-content\/uploads\/2019\/02\/thumbnail1_Balenciaga_viaMail_frBor\u00e5sKommunikat\u00f6r-768x386.png 768w, https:\/\/www.konstkluster.se\/konstforening\/wp-content\/uploads\/2019\/02\/thumbnail1_Balenciaga_viaMail_frBor\u00e5sKommunikat\u00f6r.png 1280w\" sizes=\"auto, (max-width: 660px) 100vw, 660px\" \/><\/a><\/p>\n<div>\n<blockquote>\n<div>Balenciaga &#8211; Master of Couture \u00e4r en internationell utst\u00e4llning fr\u00e5n Victoria and Albert Museum i London som lyfter fram \u201dhaute couturens m\u00e4stare\u201d Crist\u00f3bal Balenciaga.<\/div>\n<div>Utst\u00e4llningen fokuserar p\u00e5 storhetstiden under 1950 &#8211; 1960 talet d\u00e5 hans enast\u00e5ende kreativitet revolutionerade modet. Balenciagas dj\u00e4rva arkitektoniska linjer frigjorda fr\u00e5n kroppens restriktioner p\u00e5verkar modet \u00e4n idag och utst\u00e4llningen visar \u00e4ven plagg av senare designer som fortsatt i m\u00e4starens sp\u00e5r s\u00e5som Hubert de Givenchy, Yohij Yamamoto, Iris Van Herpen och Hussein Chalayan.\u00a0(citat fr\u00e5n Textilmuseets <a href=\"http:\/\/textilmuseet.se\/utstallningararkiv\/balenciagamasterofcouture.5.73348bf8163b3f278c6a9e6a.html\" target=\"_blank\" rel=\"noopener\">hemsida<\/a>, acc 2019-02-08)<\/div>\n<\/blockquote>\n<div><a style=\"font-weight: bold; background-color: transparent; font-family: 'Noto Sans', sans-serif; text-align: inherit;\" href=\"https:\/\/www.konstkluster.se\/konstforening\/wp-content\/uploads\/2019\/02\/thumbnail2_Balenciaga_viaMail_frBor\u00e5sKommunikat\u00f6r.jpg\"><img loading=\"lazy\" decoding=\"async\" class=\"wp-image-2049 size-large\" src=\"https:\/\/www.konstkluster.se\/konstforening\/wp-content\/uploads\/2019\/02\/thumbnail2_Balenciaga_viaMail_frBor\u00e5sKommunikat\u00f6r-1024x683.jpg\" alt=\"Med tillst\u00e5nd fr\u00e5n Kulturhistoriska museerna i Bor\u00e5s, visas en bild fr\u00e5n utst\u00e4llningshallen\" width=\"660\" height=\"440\" srcset=\"https:\/\/www.konstkluster.se\/konstforening\/wp-content\/uploads\/2019\/02\/thumbnail2_Balenciaga_viaMail_frBor\u00e5sKommunikat\u00f6r-1024x683.jpg 1024w, https:\/\/www.konstkluster.se\/konstforening\/wp-content\/uploads\/2019\/02\/thumbnail2_Balenciaga_viaMail_frBor\u00e5sKommunikat\u00f6r-300x200.jpg 300w, https:\/\/www.konstkluster.se\/konstforening\/wp-content\/uploads\/2019\/02\/thumbnail2_Balenciaga_viaMail_frBor\u00e5sKommunikat\u00f6r-768x512.jpg 768w, https:\/\/www.konstkluster.se\/konstforening\/wp-content\/uploads\/2019\/02\/thumbnail2_Balenciaga_viaMail_frBor\u00e5sKommunikat\u00f6r.jpg 1280w\" sizes=\"auto, (max-width: 660px) 100vw, 660px\" \/><\/a><\/div>\n<\/div>\n<div>Bild fr\u00e5n utst\u00e4llningshallen<\/div>\n<p>&nbsp;<\/p>\n<div><\/div>\n<div>Se utf\u00f6rlig information om utst\u00e4llningen och guidningen p\u00e5 Textilmuseets <a href=\"http:\/\/textilmuseet.se\/utstallningararkiv\/balenciagamasterofcouture.5.73348bf8163b3f278c6a9e6a.html\" target=\"_blank\" rel=\"noopener\">hemsida<\/a>.<\/div>\n<h1>Bokning<\/h1>\n<p><strong>Tid:<\/strong>\u00a0torsdag 4 april 2019 kl 16:00 (den guidade turen startar d\u00e5)<br \/>\n<strong>Plats:<\/strong>\u00a0Textilmuseet i Bor\u00e5s (Skaraborgsv\u00e4gen 3A i Bor\u00e5s, se <a href=\"https:\/\/www.google.se\/maps\/place\/Textilmuseet\/@57.725817,12.9350032,17z\/data=!3m1!4b1!4m5!3m4!1s0x43e9afd94af3380d:0x2195fc723b832cbd!8m2!3d57.725817!4d12.937192?hl=sv&amp;authuser=0\" target=\"_blank\" rel=\"noopener\">karta<\/a>)<br \/>\n<strong>Kostnad <\/strong>(betalas i samband med bokning av deltagarplats)<strong>:<br \/>\nI beloppet ing\u00e5r endast entr\u00e9 p\u00e5 Textilmuseet och deltagande i guidningen.<\/strong><br \/>\nMedlem<span style=\"color: #000000;\">mar: 200 SEK<\/span><br \/>\n<span style=\"color: #000000;\"> Icke-medlemmar: 240 SEK<\/span><\/p>\n<p><strong>Anm\u00e4lan &amp; \u00f6vrig info:<br \/>\n<\/strong>Skriv ett\u00a0<a href=\"mailto:birene47@outlook.com\" target=\"_blank\" rel=\"noopener noreferrer\" data-auth=\"NotApplicable\">mail<\/a>\u00a0eller ring till Monica 0760436914 eller Kristina 0706059694.<br \/>\nAnm\u00e4lan \u00e4r bindande, men ej personlig.<br \/>\nSista anm\u00e4lningsdatum: 2019-03-31<br \/>\nMin antal platser: 10 st<br \/>\nMax antal platser: 20 st<\/p>\n<p><strong>Alla, \u00e4ven icke medlemmar, h\u00e4lsas v\u00e4lkomna!<\/strong><\/p>\n<h1>Resef\u00f6rslag<\/h1>\n<div><strong>Utresa<\/strong>: Torsdag 4 april, med buss Bus4you fr\u00e5n Nils Ericsson platsen kl 14:40 framme i Bor\u00e5s kl 15:40.<\/div>\n<div><strong>Hemresa:<\/strong> Torsdag 4 april, med buss Bus4you fr\u00e5n Bor\u00e5s kl 17:55 framme i G\u00f6teborg kl 19:00.<\/div>\n<div><\/div>\n<p>Fr\u00e5n J\u00e4rnv\u00e4gsstationen\/Resecentrum i Bor\u00e5s \u00e4r det g\u00e5ngavst\u00e5nd till Textilmuseet, det tar ca 10 minuter. Om du kommer med t\u00e5g har du stationsbyggnaden p\u00e5 h\u00f6ger sida, kommer du med buss har du stationsbyggnaden p\u00e5 v\u00e4nster sida, forts\u00e4tt rakt fram p\u00e5 Stationsgatan. F\u00f6lj sedan Sven Eriksonsgata \u00f6ver Viskan. Sv\u00e4ng v\u00e4nster in p\u00e5 Nybrogatan, forts\u00e4tt under j\u00e4rnv\u00e4gsbron och rakt fram till Textile Fashion Center.<\/p>\n<p>TEXTILMUSEET \/ Textile Museum of Sweden<br \/>\nAdress: Skaraborgsv\u00e4gen 3A, SE-501 80 Bor\u00e5s<br \/>\n<a title=\"Skyddat av Outlook: http:\/\/www.textilmuseet.se\/. Klicka eller tryck om du vill f\u00f6lja l\u00e4nken.\" href=\"https:\/\/nam02.safelinks.protection.outlook.com\/?url=http%3A%2F%2Fwww.textilmuseet.se%2F&amp;data=02%7C01%7C%7Ce336701546524b303ccd08d68b5786bb%7C84df9e7fe9f640afb435aaaaaaaaaaaa%7C1%7C0%7C636849605464246060&amp;sdata=2mLCkLegF%2FFajlpu8dgdu3sQIzSUczew7Tsv5WOjxZc%3D&amp;reserved=0\" target=\"_blank\" rel=\"noopener noreferrer\" data-auth=\"Verified\">www.textilmuseet.se<\/a><\/p>\n<p>F\u00f6r mer information se Textilmuseets egen <a href=\"http:\/\/www.textilmuseet.se\/\" target=\"_blank\" rel=\"noopener\">hemsida<\/a>, <a href=\"http:\/\/textilmuseet.blogspot.com\/\" target=\"_blank\" rel=\"noopener\">blogg<\/a>, <a href=\"https:\/\/www.facebook.com\/Textilmuseet\" target=\"_blank\" rel=\"noopener\">Facebook<\/a>\u00a0 och <a href=\"https:\/\/www.instagram.com\/textilmuseet\/\" target=\"_blank\" rel=\"noopener\">Instagram<\/a>.<\/p>\n<p><a href=\"https:\/\/www.konstkluster.se\/konstforening\/wp-content\/uploads\/2015\/08\/FUlogoKV-Gbg.png\" rel=\"attachment wp-att-82\"><img loading=\"lazy\" decoding=\"async\" class=\"size-medium wp-image-82 alignleft\" src=\"https:\/\/www.konstkluster.se\/konstforening\/wp-content\/uploads\/2015\/08\/FUlogoKV-Gbg-300x37.png\" alt=\"Folkuniversitetet i G\u00f6teborg\" width=\"300\" height=\"37\" srcset=\"https:\/\/www.konstkluster.se\/konstforening\/wp-content\/uploads\/2015\/08\/FUlogoKV-Gbg-300x37.png 300w, https:\/\/www.konstkluster.se\/konstforening\/wp-content\/uploads\/2015\/08\/FUlogoKV-Gbg-825x105.png 825w, https:\/\/www.konstkluster.se\/konstforening\/wp-content\/uploads\/2015\/08\/FUlogoKV-Gbg.png 855w\" sizes=\"auto, (max-width: 300px) 100vw, 300px\" \/><\/a><\/p>\n<p>&nbsp;<\/p>\n<p>&nbsp;<\/p>\n<hr \/>\n","protected":false},"excerpt":{"rendered":"<p>Med grund i v\u00e5ra medlemmars \u00f6nskem\u00e5l, anordnar vi en konstresa till Bor\u00e5s med m\u00e5let att delta i en gemensam guidad tur f\u00f6r att bese den internationellt ber\u00f6mda Balencia-utst\u00e4llningen kl 16:00 torsdagen den 4 april. NOAK kommer att boka den guidade turen, var och en deltagare bokar sj\u00e4lv sin resa. Vi har dock ett f\u00f6rslag p\u00e5 &hellip; <a href=\"https:\/\/www.konstkluster.se\/konstforening\/utstallningen-balenciaga-shaping-fashion\/\" class=\"more-link\">Forts\u00e4tt l\u00e4sa <span class=\"screen-reader-text\">Utst\u00e4llningen Balenciaga &#8211; Master of Couture<\/span><\/a><\/p>\n","protected":false},"author":2,"featured_media":0,"parent":0,"menu_order":0,"comment_status":"closed","ping_status":"closed","template":"","meta":{"footnotes":""},"class_list":["post-2045","page","type-page","status-publish","hentry"],"_links":{"self":[{"href":"https:\/\/www.konstkluster.se\/konstforening\/wp-json\/wp\/v2\/pages\/2045","targetHints":{"allow":["GET"]}}],"collection":[{"href":"https:\/\/www.konstkluster.se\/konstforening\/wp-json\/wp\/v2\/pages"}],"about":[{"href":"https:\/\/www.konstkluster.se\/konstforening\/wp-json\/wp\/v2\/types\/page"}],"author":[{"embeddable":true,"href":"https:\/\/www.konstkluster.se\/konstforening\/wp-json\/wp\/v2\/users\/2"}],"replies":[{"embeddable":true,"href":"https:\/\/www.konstkluster.se\/konstforening\/wp-json\/wp\/v2\/comments?post=2045"}],"version-history":[{"count":28,"href":"https:\/\/www.konstkluster.se\/konstforening\/wp-json\/wp\/v2\/pages\/2045\/revisions"}],"predecessor-version":[{"id":2098,"href":"https:\/\/www.konstkluster.se\/konstforening\/wp-json\/wp\/v2\/pages\/2045\/revisions\/2098"}],"wp:attachment":[{"href":"https:\/\/www.konstkluster.se\/konstforening\/wp-json\/wp\/v2\/media?parent=2045"}],"curies":[{"name":"wp","href":"https:\/\/api.w.org\/{rel}","templated":true}]}}