{"id":2024,"date":"2019-02-02T11:12:19","date_gmt":"2019-02-02T10:12:19","guid":{"rendered":"http:\/\/www.konstkluster.se\/konstforening\/?page_id=2024"},"modified":"2019-02-08T11:30:39","modified_gmt":"2019-02-08T10:30:39","slug":"ateljebesok-hos-brittmari-hagmarker","status":"publish","type":"page","link":"https:\/\/www.konstkluster.se\/konstforening\/ateljebesok-hos-brittmari-hagmarker\/","title":{"rendered":"Atelj\u00e9bes\u00f6k hos Brittmari Hagmarker"},"content":{"rendered":"<p><span style=\"color: #000000;\">V\u00e4lkommen till ett sp\u00e4nnande bes\u00f6k hemma hos <strong>Brittmari Hagmarker<\/strong> p\u00e5 \u00d6cker\u00f6.<\/span><\/p>\n<p>Brittmari \u00e4r en \u201dtusenkonstn\u00e4r\u201d med m\u00e5nga str\u00e4ngar p\u00e5 sin lyra. Hon sysslar med bl a v\u00e4vnader, applikationer, tygtryck och lite blandteknik.<\/p>\n<p><strong>Tid: <\/strong>Torsdag 14 mars 2019 kl 18:00<br \/>\n<strong>Plats:<\/strong>\u00a0Hemma hos Brittmari Hagmarker (Skolv\u00e4gen 21B p\u00e5 \u00d6cker\u00f6, se <a href=\"https:\/\/www.google.se\/maps\/place\/Skolv%C3%A4gen+21,+475+31+%C3%96cker%C3%B6\/@57.7117477,11.6498117,17z\/data=!3m1!4b1!4m5!3m4!1s0x464f8f64e5e78ef1:0xf0eaf3112bf73621!8m2!3d57.7117449!4d11.6520004?hl=en&amp;authuser=0\" target=\"_blank\" rel=\"noopener\">karta<\/a>)<br \/>\n<strong>Kostnad:\u00a0<\/strong>(betalas med\u00a0<a href=\"https:\/\/www.konstkluster.se\/konstforening\/inbetalning\/\">swish<\/a>\u00a0eller\u00a0kontant direkt p\u00e5 plats)<br \/>\nF\u00f6r medlemmar: 80 SEK<br \/>\nF\u00f6r icke-medlemmar: 100 SEK<\/p>\n<p><strong>Anm\u00e4lan &amp; \u00f6vrig info:<\/strong><br \/>\nSkriv ett\u00a0<a href=\"mailto:konstforening@konstkluster.se\">mail<\/a> till konstf\u00f6reningen eller ring till Ir\u00e9ne Joh<span style=\"color: #000000;\">ansson\u00a0p\u00e5 tfn 0733565611.<\/span><br \/>\n<span style=\"color: #000000;\"> Sista anm\u00e4lningsdatum: 2019-03-10<\/span><br \/>\n<span style=\"color: #000000;\"> Max antal platser: 15 st<\/span><\/p>\n<p><span style=\"color: #000000;\">Brittmari bjuder p\u00e5 lite fika.\u00a0<\/span><\/p>\n<div id='gallery-1' class='gallery galleryid-2024 gallery-columns-2 gallery-size-medium'><figure class='gallery-item'>\n\t\t\t<div class='gallery-icon landscape'>\n\t\t\t\t<a href='https:\/\/www.konstkluster.se\/konstforening\/ateljebesok-hos-brittmari-hagmarker\/tekopp\/'><img loading=\"lazy\" decoding=\"async\" width=\"300\" height=\"225\" src=\"https:\/\/www.konstkluster.se\/konstforening\/wp-content\/uploads\/2019\/02\/tekopp-300x225.jpg\" class=\"attachment-medium size-medium\" alt=\"\" aria-describedby=\"gallery-1-2032\" srcset=\"https:\/\/www.konstkluster.se\/konstforening\/wp-content\/uploads\/2019\/02\/tekopp-300x225.jpg 300w, https:\/\/www.konstkluster.se\/konstforening\/wp-content\/uploads\/2019\/02\/tekopp.jpg 320w\" sizes=\"auto, (max-width: 300px) 100vw, 300px\" \/><\/a>\n\t\t\t<\/div>\n\t\t\t\t<figcaption class='wp-caption-text gallery-caption' id='gallery-1-2032'>\n\t\t\t\tEndast ett litet urval av Brittmaris konst visas h\u00e4r.\n\t\t\t\t<\/figcaption><\/figure><figure class='gallery-item'>\n\t\t\t<div class='gallery-icon portrait'>\n\t\t\t\t<a href='https:\/\/www.konstkluster.se\/konstforening\/ateljebesok-hos-brittmari-hagmarker\/tva-bla-tavlor\/'><img loading=\"lazy\" decoding=\"async\" width=\"182\" height=\"300\" src=\"https:\/\/www.konstkluster.se\/konstforening\/wp-content\/uploads\/2019\/02\/tv\u00e5-bl\u00e5-tavlor-182x300.jpg\" class=\"attachment-medium size-medium\" alt=\"\" srcset=\"https:\/\/www.konstkluster.se\/konstforening\/wp-content\/uploads\/2019\/02\/tv\u00e5-bl\u00e5-tavlor-182x300.jpg 182w, https:\/\/www.konstkluster.se\/konstforening\/wp-content\/uploads\/2019\/02\/tv\u00e5-bl\u00e5-tavlor.jpg 194w\" sizes=\"auto, (max-width: 182px) 100vw, 182px\" \/><\/a>\n\t\t\t<\/div><\/figure>\n\t\t<\/div>\n\n<div id='gallery-2' class='gallery galleryid-2024 gallery-columns-4 gallery-size-thumbnail'><figure class='gallery-item'>\n\t\t\t<div class='gallery-icon landscape'>\n\t\t\t\t<a href='https:\/\/www.konstkluster.se\/konstforening\/ateljebesok-hos-brittmari-hagmarker\/pallar\/'><img loading=\"lazy\" decoding=\"async\" width=\"150\" height=\"150\" src=\"https:\/\/www.konstkluster.se\/konstforening\/wp-content\/uploads\/2019\/02\/pallar-150x150.jpg\" class=\"attachment-thumbnail size-thumbnail\" alt=\"\" \/><\/a>\n\t\t\t<\/div><\/figure><figure class='gallery-item'>\n\t\t\t<div class='gallery-icon landscape'>\n\t\t\t\t<a href='https:\/\/www.konstkluster.se\/konstforening\/ateljebesok-hos-brittmari-hagmarker\/tavla\/'><img loading=\"lazy\" decoding=\"async\" width=\"150\" height=\"150\" src=\"https:\/\/www.konstkluster.se\/konstforening\/wp-content\/uploads\/2019\/02\/tavla-150x150.jpg\" class=\"attachment-thumbnail size-thumbnail\" alt=\"\" \/><\/a>\n\t\t\t<\/div><\/figure><figure class='gallery-item'>\n\t\t\t<div class='gallery-icon portrait'>\n\t\t\t\t<a href='https:\/\/www.konstkluster.se\/konstforening\/ateljebesok-hos-brittmari-hagmarker\/vackra-ljusstakar\/'><img loading=\"lazy\" decoding=\"async\" width=\"150\" height=\"150\" src=\"https:\/\/www.konstkluster.se\/konstforening\/wp-content\/uploads\/2019\/02\/vackra-ljusstakar-150x150.jpg\" class=\"attachment-thumbnail size-thumbnail\" alt=\"\" \/><\/a>\n\t\t\t<\/div><\/figure><figure class='gallery-item'>\n\t\t\t<div class='gallery-icon landscape'>\n\t\t\t\t<a href='https:\/\/www.konstkluster.se\/konstforening\/ateljebesok-hos-brittmari-hagmarker\/rya\/'><img loading=\"lazy\" decoding=\"async\" width=\"150\" height=\"150\" src=\"https:\/\/www.konstkluster.se\/konstforening\/wp-content\/uploads\/2019\/02\/rya-150x150.jpg\" class=\"attachment-thumbnail size-thumbnail\" alt=\"\" \/><\/a>\n\t\t\t<\/div><\/figure>\n\t\t<\/div>\n\n<p><strong>Medlemskap:<\/strong><br \/>\n<a href=\"http:\/\/www.kc-vast.se\/\" target=\"_blank\" rel=\"noopener\">KC-V\u00e4st,<\/a> konstn\u00e4rscentrum V\u00e4st<br \/>\n<a href=\"https:\/\/www.nordictextileart.net\/\" target=\"_blank\" rel=\"noopener\">Nordic Textile Art<\/a><\/p>\n<p>L\u00e4s mer om Brittmaris breda konstn\u00e4rsskap p\u00e5 hennes egen\u00a0<a href=\"http:\/\/www.brittmarihagmarker.se\/\" target=\"_blank\" rel=\"noopener\">hemsida<\/a>.<\/p>\n<p><a href=\"https:\/\/www.konstkluster.se\/konstforening\/wp-content\/uploads\/2015\/08\/FUlogoKV-Gbg.png\" rel=\"attachment wp-att-82\"><img loading=\"lazy\" decoding=\"async\" class=\"size-medium wp-image-82 alignleft\" src=\"https:\/\/www.konstkluster.se\/konstforening\/wp-content\/uploads\/2015\/08\/FUlogoKV-Gbg-300x37.png\" alt=\"Folkuniversitetet i G\u00f6teborg\" width=\"300\" height=\"37\" srcset=\"https:\/\/www.konstkluster.se\/konstforening\/wp-content\/uploads\/2015\/08\/FUlogoKV-Gbg-300x37.png 300w, https:\/\/www.konstkluster.se\/konstforening\/wp-content\/uploads\/2015\/08\/FUlogoKV-Gbg-825x105.png 825w, https:\/\/www.konstkluster.se\/konstforening\/wp-content\/uploads\/2015\/08\/FUlogoKV-Gbg.png 855w\" sizes=\"auto, (max-width: 300px) 100vw, 300px\" \/><\/a><\/p>\n<p>&nbsp;<\/p>\n<p>&nbsp;<\/p>\n<hr \/>\n","protected":false},"excerpt":{"rendered":"<p>V\u00e4lkommen till ett sp\u00e4nnande bes\u00f6k hemma hos Brittmari Hagmarker p\u00e5 \u00d6cker\u00f6. Brittmari \u00e4r en \u201dtusenkonstn\u00e4r\u201d med m\u00e5nga str\u00e4ngar p\u00e5 sin lyra. Hon sysslar med bl a v\u00e4vnader, applikationer, tygtryck och lite blandteknik. Tid: Torsdag 14 mars 2019 kl 18:00 Plats:\u00a0Hemma hos Brittmari Hagmarker (Skolv\u00e4gen 21B p\u00e5 \u00d6cker\u00f6, se karta) Kostnad:\u00a0(betalas med\u00a0swish\u00a0eller\u00a0kontant direkt p\u00e5 plats) F\u00f6r &hellip; <a href=\"https:\/\/www.konstkluster.se\/konstforening\/ateljebesok-hos-brittmari-hagmarker\/\" class=\"more-link\">Forts\u00e4tt l\u00e4sa <span class=\"screen-reader-text\">Atelj\u00e9bes\u00f6k hos Brittmari Hagmarker<\/span><\/a><\/p>\n","protected":false},"author":2,"featured_media":0,"parent":0,"menu_order":0,"comment_status":"closed","ping_status":"closed","template":"","meta":{"footnotes":""},"class_list":["post-2024","page","type-page","status-publish","hentry"],"_links":{"self":[{"href":"https:\/\/www.konstkluster.se\/konstforening\/wp-json\/wp\/v2\/pages\/2024","targetHints":{"allow":["GET"]}}],"collection":[{"href":"https:\/\/www.konstkluster.se\/konstforening\/wp-json\/wp\/v2\/pages"}],"about":[{"href":"https:\/\/www.konstkluster.se\/konstforening\/wp-json\/wp\/v2\/types\/page"}],"author":[{"embeddable":true,"href":"https:\/\/www.konstkluster.se\/konstforening\/wp-json\/wp\/v2\/users\/2"}],"replies":[{"embeddable":true,"href":"https:\/\/www.konstkluster.se\/konstforening\/wp-json\/wp\/v2\/comments?post=2024"}],"version-history":[{"count":12,"href":"https:\/\/www.konstkluster.se\/konstforening\/wp-json\/wp\/v2\/pages\/2024\/revisions"}],"predecessor-version":[{"id":2046,"href":"https:\/\/www.konstkluster.se\/konstforening\/wp-json\/wp\/v2\/pages\/2024\/revisions\/2046"}],"wp:attachment":[{"href":"https:\/\/www.konstkluster.se\/konstforening\/wp-json\/wp\/v2\/media?parent=2024"}],"curies":[{"name":"wp","href":"https:\/\/api.w.org\/{rel}","templated":true}]}}