{"id":1993,"date":"2019-01-13T08:46:28","date_gmt":"2019-01-13T07:46:28","guid":{"rendered":"http:\/\/www.konstkluster.se\/konstforening\/?page_id=1993"},"modified":"2019-01-25T14:43:10","modified_gmt":"2019-01-25T13:43:10","slug":"information-till-utstallare","status":"publish","type":"page","link":"https:\/\/www.konstkluster.se\/konstforening\/information-till-utstallare\/","title":{"rendered":"Information till utst\u00e4llare"},"content":{"rendered":"<p><strong>Inbjudan till samtliga medlemmar i NOAK<br \/>\n<\/strong>F\u00f6reningen har f\u00f6r avsikt att l\u00e5ta medlemmar i NOAK st\u00e4lla ut med ett eller flera alster p\u00e5 \u00d6cker\u00f6 Bibliotek. Utst\u00e4llningen \u00e4r inplanerad 15\/1 &#8212; 18\/2 2019, med vernissage l\u00f6rdagen 19 januari 2019. Vi \u00f6nskar att samtliga verk h\u00e4nger kvar p\u00e5 utst\u00e4llningen under hela perioden.<\/p>\n<p><strong>Anm\u00e4lan &amp; \u00f6vrig info<br \/>\n<\/strong>F\u00f6r all v\u00e5r planering inf\u00f6r denna utst\u00e4llning anv\u00e4nder vi onlinetj\u00e4nsten Survey Monkey. Fr\u00e5n denna sajt kommer du som \u00e4r medlem att f\u00e5 mail.<\/p>\n<p>OBS! Om du saknar ditt mail, s\u00e5 leta efter det i samtliga dina inkorgar &#8211; det h\u00e4nder att mailet placeras i en mapp som heter &#8217;kampanjer&#8217;, &#8217;skr\u00e4ppost&#8217;, &#8217;spam&#8217;, &#8221;junk&#8217;, &#8217;trash&#8217; etc. V\u00e5r avs\u00e4ndaradress ser ut s\u00e5 h\u00e4r: &#8221;konstforening@konstkluster.se via surveymonkey.com&#8221; &lt;member@surveymonkeyuser.com&gt;.<\/p>\n<p>Steg 1: Unders\u00f6kning av intresse (via v\u00e5rt utskick), vi \u00f6nskar din intresseanm\u00e4lan senast 1 juli 2018. (mailet gick ut 2018-05-09, samt p\u00e5minnelse 2018-06-14)<br \/>\nSteg 2: Anm\u00e4lan om deltagande i konstutst\u00e4llningen (via v\u00e5rt utskick), bindande svar inkommet till oss senast 15 sep 2018. (mailet kommer att s\u00e4ndas ut i slutet av augusti m\u00e5nad)<br \/>\nSteg 3: Inbetalning av anm\u00e4lningsavgift, 300 kr, senast 15 sep 2018.<br \/>\nSteg 4: Utskick till samtliga deltagare om lite fakta och information inf\u00f6r utst\u00e4llningen. (mailet gick ut 2018-10-20)<\/p>\n<p>Praktisk information:<br \/>\nInl\u00e4mning av dina konstverk sker tisdag 15 januari kl 10 \u2013 12 eller 18 \u2013 19.<strong><br \/>\n<\/strong>Namn, kontaktinformation och eventuellt pris s\u00e4tter du p\u00e5 baksidan av ditt verk.<br \/>\nH\u00e4mtning av dina konstverk\/\u00f6verl\u00e4mning av s\u00e5lda alster sker m\u00e5ndag 18 februari\u00a0kl 10 \u2013 12 eller 18 \u2013 19.<\/p>\n<p>Om det \u00e4r n\u00e5got du undrar \u00f6ver, s\u00e5 ring till Margareta Frid p\u00e5 tfn 0709 93 93 01.<\/p>\n<p><strong>Anm\u00e4lningstiden \u00e4r st\u00e4ngd.<br \/>\n<\/strong>Vi jobbar f\u00f6r att skapa liknande utst\u00e4llningar fram\u00f6ver.<\/p>\n<p><a href=\"https:\/\/www.konstkluster.se\/konstforening\/wp-content\/uploads\/2015\/08\/FUlogoKV-Gbg.png\" rel=\"attachment wp-att-82\"><img loading=\"lazy\" decoding=\"async\" class=\"size-medium wp-image-82 alignleft\" src=\"https:\/\/www.konstkluster.se\/konstforening\/wp-content\/uploads\/2015\/08\/FUlogoKV-Gbg-300x37.png\" alt=\"Folkuniversitetet i G\u00f6teborg\" width=\"300\" height=\"37\" srcset=\"https:\/\/www.konstkluster.se\/konstforening\/wp-content\/uploads\/2015\/08\/FUlogoKV-Gbg-300x37.png 300w, https:\/\/www.konstkluster.se\/konstforening\/wp-content\/uploads\/2015\/08\/FUlogoKV-Gbg-825x105.png 825w, https:\/\/www.konstkluster.se\/konstforening\/wp-content\/uploads\/2015\/08\/FUlogoKV-Gbg.png 855w\" sizes=\"auto, (max-width: 300px) 100vw, 300px\" \/><\/a><\/p>\n<p>&nbsp;<\/p>\n<hr \/>\n","protected":false},"excerpt":{"rendered":"<p>Inbjudan till samtliga medlemmar i NOAK F\u00f6reningen har f\u00f6r avsikt att l\u00e5ta medlemmar i NOAK st\u00e4lla ut med ett eller flera alster p\u00e5 \u00d6cker\u00f6 Bibliotek. Utst\u00e4llningen \u00e4r inplanerad 15\/1 &#8212; 18\/2 2019, med vernissage l\u00f6rdagen 19 januari 2019. Vi \u00f6nskar att samtliga verk h\u00e4nger kvar p\u00e5 utst\u00e4llningen under hela perioden. Anm\u00e4lan &amp; \u00f6vrig info F\u00f6r &hellip; <a href=\"https:\/\/www.konstkluster.se\/konstforening\/information-till-utstallare\/\" class=\"more-link\">Forts\u00e4tt l\u00e4sa <span class=\"screen-reader-text\">Information till utst\u00e4llare<\/span><\/a><\/p>\n","protected":false},"author":2,"featured_media":0,"parent":0,"menu_order":0,"comment_status":"closed","ping_status":"closed","template":"","meta":{"footnotes":""},"class_list":["post-1993","page","type-page","status-publish","hentry"],"_links":{"self":[{"href":"https:\/\/www.konstkluster.se\/konstforening\/wp-json\/wp\/v2\/pages\/1993","targetHints":{"allow":["GET"]}}],"collection":[{"href":"https:\/\/www.konstkluster.se\/konstforening\/wp-json\/wp\/v2\/pages"}],"about":[{"href":"https:\/\/www.konstkluster.se\/konstforening\/wp-json\/wp\/v2\/types\/page"}],"author":[{"embeddable":true,"href":"https:\/\/www.konstkluster.se\/konstforening\/wp-json\/wp\/v2\/users\/2"}],"replies":[{"embeddable":true,"href":"https:\/\/www.konstkluster.se\/konstforening\/wp-json\/wp\/v2\/comments?post=1993"}],"version-history":[{"count":10,"href":"https:\/\/www.konstkluster.se\/konstforening\/wp-json\/wp\/v2\/pages\/1993\/revisions"}],"predecessor-version":[{"id":2021,"href":"https:\/\/www.konstkluster.se\/konstforening\/wp-json\/wp\/v2\/pages\/1993\/revisions\/2021"}],"wp:attachment":[{"href":"https:\/\/www.konstkluster.se\/konstforening\/wp-json\/wp\/v2\/media?parent=1993"}],"curies":[{"name":"wp","href":"https:\/\/api.w.org\/{rel}","templated":true}]}}