{"id":1976,"date":"2018-12-11T19:10:26","date_gmt":"2018-12-11T18:10:26","guid":{"rendered":"http:\/\/www.konstkluster.se\/konstforening\/?page_id=1976"},"modified":"2018-12-11T19:21:47","modified_gmt":"2018-12-11T18:21:47","slug":"arsmote-2019","status":"publish","type":"page","link":"https:\/\/www.konstkluster.se\/konstforening\/arsmote-2019\/","title":{"rendered":"\u00c5rsm\u00f6te 2019"},"content":{"rendered":"<p>Varmt v\u00e4lkomna till v\u00e5r konstf\u00f6renings \u00e5rsm\u00f6te!<\/p>\n<p>V\u00e5r t\u00e4mligen nya konstf\u00f6rening har nu redan hunnit med 3 aktiva \u00e5r och vi blickar fram\u00e5t med flera redan inplanerade roliga arrangemang f\u00f6r v\u00e5rt fj\u00e4rde verksamhets\u00e5r.<\/p>\n<p><strong>Tid:<\/strong>\u00a0kl 18:00 m\u00e5ndag 4 mars 2019<br \/>\n<strong>Plats:<\/strong>\u00a0Nya Kroken i Kl\u00f4va, p\u00e5 H\u00f6n\u00f6 (<a href=\"https:\/\/www.google.se\/maps\/place\/Nya+Kroken+%E2%80%9D+Bara+riktigt+god+mat%E2%80%9D\/@57.6808813,11.6423145,17z\/data=!3m1!4b1!4m5!3m4!1s0x464f8f0c9f2271c7:0x54c0738f87fe1fb2!8m2!3d57.6808813!4d11.6445085?hl=en&amp;authuser=0\" target=\"_blank\" rel=\"noopener\">karta<\/a>)<\/p>\n<p>Alla medlemmar och ni som funderar p\u00e5 att bli medlemmar h\u00e4lsas v\u00e4lkomna!<\/p>\n<p><a href=\"https:\/\/www.konstkluster.se\/konstforening\/wp-content\/uploads\/2015\/08\/FUlogoKV-Gbg.png\" rel=\"attachment wp-att-82\"><img loading=\"lazy\" decoding=\"async\" class=\"size-medium wp-image-82 alignleft\" src=\"https:\/\/www.konstkluster.se\/konstforening\/wp-content\/uploads\/2015\/08\/FUlogoKV-Gbg-300x37.png\" alt=\"Folkuniversitetet i G\u00f6teborg\" width=\"300\" height=\"37\" srcset=\"https:\/\/www.konstkluster.se\/konstforening\/wp-content\/uploads\/2015\/08\/FUlogoKV-Gbg-300x37.png 300w, https:\/\/www.konstkluster.se\/konstforening\/wp-content\/uploads\/2015\/08\/FUlogoKV-Gbg-825x105.png 825w, https:\/\/www.konstkluster.se\/konstforening\/wp-content\/uploads\/2015\/08\/FUlogoKV-Gbg.png 855w\" sizes=\"auto, (max-width: 300px) 100vw, 300px\" \/><\/a><\/p>\n<p>&nbsp;<\/p>\n<p>&nbsp;<\/p>\n<hr \/>\n","protected":false},"excerpt":{"rendered":"<p>Varmt v\u00e4lkomna till v\u00e5r konstf\u00f6renings \u00e5rsm\u00f6te! V\u00e5r t\u00e4mligen nya konstf\u00f6rening har nu redan hunnit med 3 aktiva \u00e5r och vi blickar fram\u00e5t med flera redan inplanerade roliga arrangemang f\u00f6r v\u00e5rt fj\u00e4rde verksamhets\u00e5r. Tid:\u00a0kl 18:00 m\u00e5ndag 4 mars 2019 Plats:\u00a0Nya Kroken i Kl\u00f4va, p\u00e5 H\u00f6n\u00f6 (karta) Alla medlemmar och ni som funderar p\u00e5 att bli medlemmar &hellip; <a href=\"https:\/\/www.konstkluster.se\/konstforening\/arsmote-2019\/\" class=\"more-link\">Forts\u00e4tt l\u00e4sa <span class=\"screen-reader-text\">\u00c5rsm\u00f6te 2019<\/span><\/a><\/p>\n","protected":false},"author":2,"featured_media":0,"parent":0,"menu_order":0,"comment_status":"closed","ping_status":"closed","template":"","meta":{"footnotes":""},"class_list":["post-1976","page","type-page","status-publish","hentry"],"_links":{"self":[{"href":"https:\/\/www.konstkluster.se\/konstforening\/wp-json\/wp\/v2\/pages\/1976","targetHints":{"allow":["GET"]}}],"collection":[{"href":"https:\/\/www.konstkluster.se\/konstforening\/wp-json\/wp\/v2\/pages"}],"about":[{"href":"https:\/\/www.konstkluster.se\/konstforening\/wp-json\/wp\/v2\/types\/page"}],"author":[{"embeddable":true,"href":"https:\/\/www.konstkluster.se\/konstforening\/wp-json\/wp\/v2\/users\/2"}],"replies":[{"embeddable":true,"href":"https:\/\/www.konstkluster.se\/konstforening\/wp-json\/wp\/v2\/comments?post=1976"}],"version-history":[{"count":7,"href":"https:\/\/www.konstkluster.se\/konstforening\/wp-json\/wp\/v2\/pages\/1976\/revisions"}],"predecessor-version":[{"id":2411,"href":"https:\/\/www.konstkluster.se\/konstforening\/wp-json\/wp\/v2\/pages\/1976\/revisions\/2411"}],"wp:attachment":[{"href":"https:\/\/www.konstkluster.se\/konstforening\/wp-json\/wp\/v2\/media?parent=1976"}],"curies":[{"name":"wp","href":"https:\/\/api.w.org\/{rel}","templated":true}]}}