{"id":1848,"date":"2018-11-14T14:10:20","date_gmt":"2018-11-14T13:10:20","guid":{"rendered":"http:\/\/www.konstkluster.se\/konstforening\/?page_id=1848"},"modified":"2019-02-17T08:53:44","modified_gmt":"2019-02-17T07:53:44","slug":"mala-i-akvarell","status":"publish","type":"page","link":"https:\/\/www.konstkluster.se\/konstforening\/mala-i-akvarell\/","title":{"rendered":"Kurs i akvarellm\u00e5lning, mars-19"},"content":{"rendered":"<p>P\u00e5 v\u00e5ra medlemmars \u00f6nskan erbjuder vi nu fler kurstillf\u00e4llen i akvarellm\u00e5lning med kursledare\u00a0<strong>Morgan Eker\u00e5s<\/strong>. I mars 2019 har vi d\u00e4rf\u00f6r bokat in samtliga fyra onsdagsf\u00f6rmiddagar f\u00f6r en intensivkurs i akvarell, med Morgan i hans nya atelj\u00e9 p\u00e5 Bangatan i G\u00f6teborg.<\/p>\n<p>Kursens uppl\u00e4gg kommer att vara i samma stil som den vi gav i h\u00f6stas, men med ett nytt inneh\u00e5ll.\u00a0I kursen kommer Morgan att visa olika tekniker inom akvarellm\u00e5lning och kursdeltagarna kommer att med sitt eget medhavda material ges pedagogisk ledning och tips.\u00a0Kursen v\u00e4nder sig till s\u00e5v\u00e4l erfarna akvarellm\u00e5lare, som vill f\u00f6rfina sin teknik, som till nyb\u00f6rjare som uppskattar v\u00e4gledning i sina nya stapplande steg.<\/p>\n<p><iframe loading=\"lazy\" src=\"https:\/\/www.facebook.com\/plugins\/video.php?href=https%3A%2F%2Fwww.facebook.com%2FNOAK.konstforening%2Fvideos%2F405367493368224%2F&#038;show_text=0&#038;width=476\" width=\"476\" height=\"476\" style=\"border:none;overflow:hidden\" scrolling=\"no\" frameborder=\"0\" allowTransparency=\"true\" allowFullScreen=\"true\"><\/iframe><\/p>\n<p>Se exempel p\u00e5 Morgans akvarellm\u00e5lningar\u00a0<a href=\"http:\/\/morganekeras.se\/Galleri\/\" target=\"_blank\" rel=\"noopener\">h\u00e4r<\/a>.<\/p>\n<p><span style=\"font-size: 29px; font-weight: bold;\">Bokning<\/span><\/p>\n<p><strong>Kursledare:<\/strong>\u00a0Morgan Eker\u00e5s<br \/>\n<strong>Lokal<\/strong>: Atelj\u00e9 Eker\u00e5s, vid Stigbergstorget p\u00e5 Bangatan 10 i G\u00f6teborg (se <a href=\"https:\/\/www.google.se\/maps\/place\/Bangatan+10,+414+63+G%C3%B6teborg\/@57.6975848,11.9330225,17z\/data=!3m1!4b1!4m5!3m4!1s0x464ff3462b2aae79:0x74bec73f29df2f8f!8m2!3d57.6975848!4d11.9352165?hl=en&amp;authuser=0\">karta<\/a>) . Liten v\u00e4gbeskrivning: N\u00e4r du kommer fr\u00e5n Bangatan, v\u00e4lj ing\u00e5ng fr\u00e5n \u00c5sgatan, via en r\u00f6d port p\u00e5 h\u00f6ger sida.<br \/>\n<strong>Startdatum:<\/strong> onsdag 6 mars 2019<br \/>\n<strong>Antal sammankomster:<\/strong>\u00a04 st<br \/>\n<strong>Kurstillf\u00e4llen<\/strong>:\u00a0 6\/3, 13\/3, 20\/3, 27\/3 2019<br \/>\n<strong>Tid:<\/strong> kl 09:30 &#8212; 12:30<br \/>\n<strong>Kursavgift f\u00f6r medlem:<\/strong>\u00a01400\u00a0SEK<br \/>\n<strong>Kursavgift f\u00f6r icke medlem:<\/strong>\u00a01700 SEK<\/p>\n<p><strong>Minst antal deltagare:<\/strong> 7 st<br \/>\n<strong>H\u00f6gst antal deltagare:<\/strong> 12 st<\/p>\n<p><strong>Anm\u00e4lan<\/strong>\u00a0sker via\u00a0<a href=\"https:\/\/www.konstkluster.se\/konstforening\/anmalan-till-kurs-i-akvarellmalning-vt-19\/\">formul\u00e4r<\/a>, f\u00f6rst till kvarn! Anm\u00e4lan \u00e4r bindande.<\/p>\n<ul>\n<li style=\"padding-left: 60px;\">En anm\u00e4lningsavgift p\u00e5 400 kr inbetalas i samband med anm\u00e4lan (beloppet ing\u00e5r i kursavgiften).<\/li>\n<li style=\"padding-left: 60px;\">Kallelse och slutfaktura p\u00e5 kursavgiften skickas via mail, d\u00e5 vi vet att vi f\u00e5tt in tillr\u00e4ckligt m\u00e5nga anm\u00e4lningar, s\u00e5 att vi kan starta kursen.<\/li>\n<\/ul>\n<p style=\"padding-left: 60px;\">Om du skulle avboka din plats, \u00e5terbetalas ej anm\u00e4lningsavgiften.<br \/>\nOm f\u00f6r f\u00e5 anm\u00e4lningar skulle inkomma, s\u00e5 att kursen inte kan starta, \u00e5terbetalas sj\u00e4lvklart anm\u00e4lningsavgiften.<\/p>\n<p style=\"padding-left: 60px;\">Se v\u00e5ra inbetalningsalternativ <a href=\"https:\/\/www.konstkluster.se\/konstforening\/inbetalning\/\">h\u00e4r<\/a>.<\/p>\n<p>Morgan har utbildat sig p\u00e5 ett flertal konstskolor bl a i G\u00f6teborg och i Paris, se hans <a href=\"http:\/\/morganekeras.se\/Om-mig\/\" target=\"_blank\" rel=\"noopener\">CV och utst\u00e4llningar<\/a>.<\/p>\n<p>L\u00e4s mer om Morgans b\u00e5da atelj\u00e9er &#8211;\u00a0Atelj\u00e9 Eker\u00e5s och F\u00e4rjen\u00e4s konstverkstad &#8211; p\u00e5 hans <a href=\"http:\/\/morganekeras.se\/\" target=\"_blank\" rel=\"noopener noreferrer\">hemsida<\/a>,\u00a0<a href=\"https:\/\/www.facebook.com\/F%C3%A4rjen%C3%A4s-Konstverkstad-1439739696328789\/?fref=ts\" target=\"_blank\" rel=\"noopener noreferrer\">Facebook<\/a> och <a href=\"https:\/\/www.instagram.com\/atelje_ekeras\/\" target=\"_blank\" rel=\"noopener noreferrer\">Instagram<\/a>.<\/p>\n<p><a href=\"http:\/\/kkvgbg.se\/\" target=\"_blank\" rel=\"noopener noreferrer\">KKV<\/a>, Konstn\u00e4rernas Kollektivverkstad<br \/>\n<a href=\"http:\/\/www.kc-vast.se\/index.php\/Kcvast\/soek_konstnaer\/vald\/110\/\" target=\"_blank\" rel=\"noopener noreferrer\">KC-V\u00e4st<\/a>, Konstn\u00e4rscentrum V\u00e4st<br \/>\n<a href=\"http:\/\/www.kro.se\/\" target=\"_blank\" rel=\"noopener noreferrer\">KRO<\/a>, Konstn\u00e4rernas Riksorganisation<\/p>\n<p><a href=\"https:\/\/www.konstkluster.se\/konstforening\/wp-content\/uploads\/2015\/08\/FUlogoKV-Gbg.png\" rel=\"attachment wp-att-82\"><img loading=\"lazy\" decoding=\"async\" class=\"size-medium wp-image-82 alignleft\" src=\"https:\/\/www.konstkluster.se\/konstforening\/wp-content\/uploads\/2015\/08\/FUlogoKV-Gbg-300x37.png\" alt=\"Folkuniversitetet i G\u00f6teborg\" width=\"300\" height=\"37\" srcset=\"https:\/\/www.konstkluster.se\/konstforening\/wp-content\/uploads\/2015\/08\/FUlogoKV-Gbg-300x37.png 300w, https:\/\/www.konstkluster.se\/konstforening\/wp-content\/uploads\/2015\/08\/FUlogoKV-Gbg-825x105.png 825w, https:\/\/www.konstkluster.se\/konstforening\/wp-content\/uploads\/2015\/08\/FUlogoKV-Gbg.png 855w\" sizes=\"auto, (max-width: 300px) 100vw, 300px\" \/><\/a><\/p>\n<p>&nbsp;<\/p>\n<hr \/>\n","protected":false},"excerpt":{"rendered":"<p>P\u00e5 v\u00e5ra medlemmars \u00f6nskan erbjuder vi nu fler kurstillf\u00e4llen i akvarellm\u00e5lning med kursledare\u00a0Morgan Eker\u00e5s. I mars 2019 har vi d\u00e4rf\u00f6r bokat in samtliga fyra onsdagsf\u00f6rmiddagar f\u00f6r en intensivkurs i akvarell, med Morgan i hans nya atelj\u00e9 p\u00e5 Bangatan i G\u00f6teborg. Kursens uppl\u00e4gg kommer att vara i samma stil som den vi gav i h\u00f6stas, men &hellip; <a href=\"https:\/\/www.konstkluster.se\/konstforening\/mala-i-akvarell\/\" class=\"more-link\">Forts\u00e4tt l\u00e4sa <span class=\"screen-reader-text\">Kurs i akvarellm\u00e5lning, mars-19<\/span><\/a><\/p>\n","protected":false},"author":2,"featured_media":0,"parent":0,"menu_order":0,"comment_status":"closed","ping_status":"closed","template":"","meta":{"footnotes":""},"class_list":["post-1848","page","type-page","status-publish","hentry"],"_links":{"self":[{"href":"https:\/\/www.konstkluster.se\/konstforening\/wp-json\/wp\/v2\/pages\/1848","targetHints":{"allow":["GET"]}}],"collection":[{"href":"https:\/\/www.konstkluster.se\/konstforening\/wp-json\/wp\/v2\/pages"}],"about":[{"href":"https:\/\/www.konstkluster.se\/konstforening\/wp-json\/wp\/v2\/types\/page"}],"author":[{"embeddable":true,"href":"https:\/\/www.konstkluster.se\/konstforening\/wp-json\/wp\/v2\/users\/2"}],"replies":[{"embeddable":true,"href":"https:\/\/www.konstkluster.se\/konstforening\/wp-json\/wp\/v2\/comments?post=1848"}],"version-history":[{"count":30,"href":"https:\/\/www.konstkluster.se\/konstforening\/wp-json\/wp\/v2\/pages\/1848\/revisions"}],"predecessor-version":[{"id":2101,"href":"https:\/\/www.konstkluster.se\/konstforening\/wp-json\/wp\/v2\/pages\/1848\/revisions\/2101"}],"wp:attachment":[{"href":"https:\/\/www.konstkluster.se\/konstforening\/wp-json\/wp\/v2\/media?parent=1848"}],"curies":[{"name":"wp","href":"https:\/\/api.w.org\/{rel}","templated":true}]}}