{"id":1801,"date":"2018-10-17T13:12:53","date_gmt":"2018-10-17T11:12:53","guid":{"rendered":"http:\/\/www.konstkluster.se\/konstforening\/?page_id=1801"},"modified":"2019-02-17T09:04:34","modified_gmt":"2019-02-17T08:04:34","slug":"akvarellmalning-forts","status":"publish","type":"page","link":"https:\/\/www.konstkluster.se\/konstforening\/akvarellmalning-forts\/","title":{"rendered":"Akvarellm\u00e5lning, forts"},"content":{"rendered":"<p>P\u00e5 medlemmars \u00f6nskan blir det en forts\u00e4ttning p\u00e5 akvarellm\u00e5lning med\u00a0<strong>Morgan Eker\u00e5s<\/strong>, som kursledare. Kursens uppl\u00e4gg kommer att vara i samma stil som den f\u00f6reg\u00e5ende, men med ett nytt inneh\u00e5ll. Kursen riktar sig b\u00e5de till nyb\u00f6rjare och till de som m\u00e5lat akvarell tidigare.<\/p>\n<p>I kursen kommer Morgan att visa olika tekniker inom akvarellm\u00e5lning och kursdeltagarna kommer att med sitt eget medhavda material ges pedagogisk ledning och tips.<\/p>\n<p><iframe loading=\"lazy\" src=\"https:\/\/www.facebook.com\/plugins\/video.php?href=https%3A%2F%2Fwww.facebook.com%2FNOAK.konstforening%2Fvideos%2F290774481532645%2F&#038;show_text=0&#038;width=560\" width=\"560\" height=\"315\" style=\"border:none;overflow:hidden\" scrolling=\"no\" frameborder=\"0\" allowTransparency=\"true\" allowFullScreen=\"true\"><\/iframe><\/p>\n<p><span style=\"color: #ff0000;\"><strong>KURSEN \u00c4R INST\u00c4LLD!<br \/>\n<\/strong><strong>Pga alldeles f\u00f6r kort framf\u00f6rh\u00e5llning, fr\u00e5n v\u00e5r sida &#8211; s\u00e5 var tyv\u00e4rr m\u00e5nga av de intresserade redan uppbokade p\u00e5 annat.\u00a0 Resultatet blev att vi fick in f\u00f6r f\u00e5 anm\u00e4lningar och vi kommer d\u00e4rf\u00f6r i st\u00e4llet att erbjuda denna kurs under v\u00e5ren 2019.\u00a0<\/strong><strong><br \/>\n<\/strong><\/span><\/p>\n<h2>Bokning<\/h2>\n<p><strong>Kursledare:<\/strong>\u00a0Morgan Eker\u00e5s<br \/>\n<strong>Lokal<\/strong>: Atelj\u00e9 Eker\u00e5s, vid Stigbergstorget p\u00e5 Bangatan 10 i G\u00f6teborg (se <a href=\"https:\/\/www.google.se\/maps\/place\/Bangatan+10,+414+63+G%C3%B6teborg\/@57.6975848,11.9330225,17z\/data=!3m1!4b1!4m5!3m4!1s0x464ff3462b2aae79:0x74bec73f29df2f8f!8m2!3d57.6975848!4d11.9352165?hl=en&amp;authuser=0\">karta<\/a>) . Liten v\u00e4gbeskrivning: N\u00e4r du kommer fr\u00e5n Bangatan, v\u00e4lj ing\u00e5ng fr\u00e5n \u00c5sgatan, via en r\u00f6d port p\u00e5 h\u00f6ger sida.<br \/>\n<strong>Startdatum:<\/strong> onsdag 24 oktober 2018<br \/>\n<strong>Antal sammankomster:<\/strong>\u00a04 st<br \/>\n<strong>Kurstillf\u00e4llen<\/strong>: 24\/10, 31\/10, 7\/11, 14\/11 2018<br \/>\n<strong>Tid:<\/strong> kl 09:30 &#8212; 12:30<br \/>\n<strong>Kursavgift f\u00f6r medlem:<\/strong>\u00a01400\u00a0SEK<br \/>\n<strong>Kursavgift f\u00f6r icke medlem:<\/strong>\u00a01700 SEK<\/p>\n<p><strong>Minst antal deltagare:<\/strong> 7 st<br \/>\n<strong>H\u00f6gst antal deltagare:<\/strong> 12 st<\/p>\n<p><strong>Anm\u00e4lan<\/strong>\u00a0sker via <a href=\"https:\/\/www.konstkluster.se\/konstforening\/anmalan-till-akvarellmalning-forts\/\">formul\u00e4r<\/a>. Anm\u00e4lan \u00e4r bindande.<\/p>\n<p>Avgiften ska betalas omg\u00e5ende efter det att svarsmail skickats ut om erh\u00e5llen deltagarplats, se inbetalningsalternativ <a href=\"https:\/\/www.konstkluster.se\/konstforening\/inbetalning\/\">h\u00e4r<\/a>.<\/p>\n<p>Morgan har utbildat sig p\u00e5 ett flertal konstskolor bl a i G\u00f6teborg och i Paris, se hans <a href=\"http:\/\/morganekeras.se\/Om-mig\/\" target=\"_blank\" rel=\"noopener\">CV och utst\u00e4llningar<\/a>. Se n\u00e5gra exempel av Morgans m\u00e5lningar <a href=\"http:\/\/morganekeras.se\/Galleri\/\" target=\"_blank\" rel=\"noopener\">h\u00e4r<\/a>.<br \/>\nL\u00e4s mera om Morgans atelj\u00e9er,\u00a0Atelj\u00e9 Eker\u00e5s och F\u00e4rjen\u00e4s konstverkstad:\u00a0<a href=\"http:\/\/morganekeras.se\/\" target=\"_blank\" rel=\"noopener noreferrer\">hemsida<\/a>\u00a0respektive\u00a0<a href=\"https:\/\/www.facebook.com\/F%C3%A4rjen%C3%A4s-Konstverkstad-1439739696328789\/?fref=ts\" target=\"_blank\" rel=\"noopener noreferrer\">Facebook<\/a><\/p>\n<p><a href=\"http:\/\/kkvgbg.se\/\" target=\"_blank\" rel=\"noopener noreferrer\">KKV<\/a>, Konstn\u00e4rernas Kollektivverkstad<br \/>\n<a href=\"http:\/\/www.kc-vast.se\/index.php\/Kcvast\/soek_konstnaer\/vald\/110\/\" target=\"_blank\" rel=\"noopener noreferrer\">KC-V\u00e4st<\/a>, Konstn\u00e4rscentrum V\u00e4st<br \/>\n<a href=\"http:\/\/www.kro.se\/\" target=\"_blank\" rel=\"noopener noreferrer\">KRO<\/a>, Konstn\u00e4rernas Riksorganisation<\/p>\n<p><a href=\"https:\/\/www.konstkluster.se\/konstforening\/wp-content\/uploads\/2015\/08\/FUlogoKV-Gbg.png\" rel=\"attachment wp-att-82\"><img loading=\"lazy\" decoding=\"async\" class=\"size-medium wp-image-82 alignleft\" src=\"https:\/\/www.konstkluster.se\/konstforening\/wp-content\/uploads\/2015\/08\/FUlogoKV-Gbg-300x37.png\" alt=\"Folkuniversitetet i G\u00f6teborg\" width=\"300\" height=\"37\" srcset=\"https:\/\/www.konstkluster.se\/konstforening\/wp-content\/uploads\/2015\/08\/FUlogoKV-Gbg-300x37.png 300w, https:\/\/www.konstkluster.se\/konstforening\/wp-content\/uploads\/2015\/08\/FUlogoKV-Gbg-825x105.png 825w, https:\/\/www.konstkluster.se\/konstforening\/wp-content\/uploads\/2015\/08\/FUlogoKV-Gbg.png 855w\" sizes=\"auto, (max-width: 300px) 100vw, 300px\" \/><\/a><\/p>\n<p>&nbsp;<\/p>\n<p>&nbsp;<\/p>\n<p>&nbsp;<\/p>\n<hr \/>\n","protected":false},"excerpt":{"rendered":"<p>P\u00e5 medlemmars \u00f6nskan blir det en forts\u00e4ttning p\u00e5 akvarellm\u00e5lning med\u00a0Morgan Eker\u00e5s, som kursledare. Kursens uppl\u00e4gg kommer att vara i samma stil som den f\u00f6reg\u00e5ende, men med ett nytt inneh\u00e5ll. Kursen riktar sig b\u00e5de till nyb\u00f6rjare och till de som m\u00e5lat akvarell tidigare. I kursen kommer Morgan att visa olika tekniker inom akvarellm\u00e5lning och kursdeltagarna kommer &hellip; <a href=\"https:\/\/www.konstkluster.se\/konstforening\/akvarellmalning-forts\/\" class=\"more-link\">Forts\u00e4tt l\u00e4sa <span class=\"screen-reader-text\">Akvarellm\u00e5lning, forts<\/span><\/a><\/p>\n","protected":false},"author":2,"featured_media":0,"parent":0,"menu_order":0,"comment_status":"closed","ping_status":"closed","template":"","meta":{"footnotes":""},"class_list":["post-1801","page","type-page","status-publish","hentry"],"_links":{"self":[{"href":"https:\/\/www.konstkluster.se\/konstforening\/wp-json\/wp\/v2\/pages\/1801","targetHints":{"allow":["GET"]}}],"collection":[{"href":"https:\/\/www.konstkluster.se\/konstforening\/wp-json\/wp\/v2\/pages"}],"about":[{"href":"https:\/\/www.konstkluster.se\/konstforening\/wp-json\/wp\/v2\/types\/page"}],"author":[{"embeddable":true,"href":"https:\/\/www.konstkluster.se\/konstforening\/wp-json\/wp\/v2\/users\/2"}],"replies":[{"embeddable":true,"href":"https:\/\/www.konstkluster.se\/konstforening\/wp-json\/wp\/v2\/comments?post=1801"}],"version-history":[{"count":14,"href":"https:\/\/www.konstkluster.se\/konstforening\/wp-json\/wp\/v2\/pages\/1801\/revisions"}],"predecessor-version":[{"id":2102,"href":"https:\/\/www.konstkluster.se\/konstforening\/wp-json\/wp\/v2\/pages\/1801\/revisions\/2102"}],"wp:attachment":[{"href":"https:\/\/www.konstkluster.se\/konstforening\/wp-json\/wp\/v2\/media?parent=1801"}],"curies":[{"name":"wp","href":"https:\/\/api.w.org\/{rel}","templated":true}]}}