{"id":179,"date":"2016-02-11T15:42:49","date_gmt":"2016-02-11T14:42:49","guid":{"rendered":"http:\/\/www.konstkluster.se\/konstforening\/?page_id=179"},"modified":"2022-09-29T18:49:11","modified_gmt":"2022-09-29T16:49:11","slug":"arrangemang2016","status":"publish","type":"page","link":"https:\/\/www.konstkluster.se\/konstforening\/arrangemang2016\/","title":{"rendered":"Arrangemang 2016"},"content":{"rendered":"<p>2016-02-10 onsdag kl 18:30 T\u00f6ns-Annas, \u00d6cker\u00f6 hembygdsg\u00e5rd<br \/>\n<a href=\"https:\/\/www.konstkluster.se\/konstforening\/arr\/\"><strong>Kick-off<\/strong><\/a> \u00a0med g\u00e4stf\u00f6rel\u00e4sare Erik Krouth\u00e9n<\/p>\n<p>2016-03-10 torsdag kl 18:00 T\u00f6ns-Annas, \u00d6cker\u00f6 hembygdsg\u00e5rd<br \/>\n<strong><a href=\"https:\/\/www.konstkluster.se\/konstforening\/arsmote-inkl-foredrag-103-16-kl-1800\/\">\u00c5rsm\u00f6te<\/a><\/strong> inkl f\u00f6redrag av Anita Steiner<\/p>\n<p>2016-04-20 onsdag 18:30 Galleri G\u00e5rda, H\u00f6n\u00f6<br \/>\n<strong><a href=\"https:\/\/www.konstkluster.se\/konstforening\/ateljebesok-204-16-kl-1700\/\">Atelj\u00e9bes\u00f6k<\/a>\u00a0<\/strong>hos Sarah Lycksten<\/p>\n<p>2016-06-04&#8211;05 l\u00f6r-s\u00f6n kl 10:00-14:00 S\u00e5sen,\u00a0Kalvsund<br \/>\n2 dgr <strong><a href=\"https:\/\/www.konstkluster.se\/konstforening\/2-kurstillfallen-akvarellkurs-4-5-juni-2016\/\">akvarellkurs<\/a><\/strong>\u00a0med Richard (Bill) Blunt<\/p>\n<p>2016-06-07&#8211;09\u00a0tis-tor kl 14:00-18:00 S\u00e5sen,\u00a0Kalvsund<br \/>\n3 dgr <a href=\"https:\/\/www.konstkluster.se\/konstforening\/akvarellkurs-7-9-juni-2016\/\"><strong>akvarellkurs<\/strong> <\/a>med Richard (Bill) Blunt<\/p>\n<p>2016-06-11&#8211;12 l\u00f6r-s\u00f6n kl 10:00-16:00 privatbostad,\u00a0Kalvsund<br \/>\n2 dgr <a href=\"https:\/\/www.konstkluster.se\/konstforening\/helgkurs-akvarell-11-12-juni-2016\/\"><strong>akvarellkurs<\/strong> <\/a>med Richard (Bill) Blunt<\/p>\n<p>2016 n\u00e5gra utomhustr\u00e4ffar i juli p\u00e5 H\u00f6n\u00f6<br \/>\n<strong><a href=\"https:\/\/www.konstkluster.se\/konstforening\/akvarellmalning-juli-2016\/\">Sommarakvarell<\/a><\/strong><\/p>\n<p>2016 n\u00e5gra utomhustr\u00e4ffar i september p\u00e5 H\u00f6n\u00f6<br \/>\n<strong><a href=\"https:\/\/www.konstkluster.se\/konstforening\/naturmalning-sep-2016\/\">Naturm\u00e5lning<\/a><\/strong><\/p>\n<p>2016-09-06 tisdag kl 18:30-19:30 Tr\u00e4ffpunkten, Solh\u00f6jden \u00d6cker\u00f6<br \/>\n<a href=\"https:\/\/www.konstkluster.se\/konstforening\/extra-arsmote-2016\/\"><strong>Extra \u00e5rsm\u00f6te<\/strong><\/a><\/p>\n<p>2016-09-29 torsdag kl 18:30 Lindel\u00f6w Konst &amp; Ram, H\u00f6n\u00f6<br \/>\n<a href=\"https:\/\/www.konstkluster.se\/konstforening\/ateljebesok-hos-eva-lindelow\/\"><strong>Atelj\u00e9bes\u00f6k<\/strong><\/a> hos Eva Lindel\u00f6w<\/p>\n<p>2016-10-13 torsdag kl 18:30 Mannervik atelj\u00e9, H\u00f6n\u00f6<br \/>\n<strong><a href=\"https:\/\/www.konstkluster.se\/konstforening\/ateljebesok-hos-margareta-mannervik\/\">Atelj\u00e9bes\u00f6k<\/a><\/strong> hos Margareta Mannervik<\/p>\n<p>2016-11-28 m\u00e5ndag \u00a0kl 17:00 Utst\u00e4llningshallen, \u00d6cker\u00f6 bibliotek<br \/>\n<a href=\"https:\/\/www.konstkluster.se\/konstforening\/konstutlottningskvall-2811-16-kl-1700\/\"><strong>Konstutlottningskv\u00e4ll<\/strong><\/a><\/p>\n<p><a href=\"https:\/\/www.konstkluster.se\/konstforening\/wp-content\/uploads\/2015\/08\/FUlogoKV-Gbg.png\" rel=\"attachment wp-att-82\"><img loading=\"lazy\" decoding=\"async\" class=\"size-medium wp-image-82 alignleft\" src=\"https:\/\/www.konstkluster.se\/konstforening\/wp-content\/uploads\/2015\/08\/FUlogoKV-Gbg-300x37.png\" alt=\"Folkuniversitetet i G\u00f6teborg\" width=\"300\" height=\"37\" srcset=\"https:\/\/www.konstkluster.se\/konstforening\/wp-content\/uploads\/2015\/08\/FUlogoKV-Gbg-300x37.png 300w, https:\/\/www.konstkluster.se\/konstforening\/wp-content\/uploads\/2015\/08\/FUlogoKV-Gbg-825x105.png 825w, https:\/\/www.konstkluster.se\/konstforening\/wp-content\/uploads\/2015\/08\/FUlogoKV-Gbg.png 855w\" sizes=\"auto, (max-width: 300px) 100vw, 300px\" \/><\/a><\/p>\n<hr \/>\n","protected":false},"excerpt":{"rendered":"<p>2016-02-10 onsdag kl 18:30 T\u00f6ns-Annas, \u00d6cker\u00f6 hembygdsg\u00e5rd Kick-off \u00a0med g\u00e4stf\u00f6rel\u00e4sare Erik Krouth\u00e9n 2016-03-10 torsdag kl 18:00 T\u00f6ns-Annas, \u00d6cker\u00f6 hembygdsg\u00e5rd \u00c5rsm\u00f6te inkl f\u00f6redrag av Anita Steiner 2016-04-20 onsdag 18:30 Galleri G\u00e5rda, H\u00f6n\u00f6 Atelj\u00e9bes\u00f6k\u00a0hos Sarah Lycksten 2016-06-04&#8211;05 l\u00f6r-s\u00f6n kl 10:00-14:00 S\u00e5sen,\u00a0Kalvsund 2 dgr akvarellkurs\u00a0med Richard (Bill) Blunt 2016-06-07&#8211;09\u00a0tis-tor kl 14:00-18:00 S\u00e5sen,\u00a0Kalvsund 3 dgr akvarellkurs med Richard (Bill) &hellip; <a href=\"https:\/\/www.konstkluster.se\/konstforening\/arrangemang2016\/\" class=\"more-link\">Forts\u00e4tt l\u00e4sa <span class=\"screen-reader-text\">Arrangemang 2016<\/span><\/a><\/p>\n","protected":false},"author":2,"featured_media":0,"parent":0,"menu_order":0,"comment_status":"closed","ping_status":"closed","template":"","meta":{"footnotes":""},"class_list":["post-179","page","type-page","status-publish","hentry"],"_links":{"self":[{"href":"https:\/\/www.konstkluster.se\/konstforening\/wp-json\/wp\/v2\/pages\/179","targetHints":{"allow":["GET"]}}],"collection":[{"href":"https:\/\/www.konstkluster.se\/konstforening\/wp-json\/wp\/v2\/pages"}],"about":[{"href":"https:\/\/www.konstkluster.se\/konstforening\/wp-json\/wp\/v2\/types\/page"}],"author":[{"embeddable":true,"href":"https:\/\/www.konstkluster.se\/konstforening\/wp-json\/wp\/v2\/users\/2"}],"replies":[{"embeddable":true,"href":"https:\/\/www.konstkluster.se\/konstforening\/wp-json\/wp\/v2\/comments?post=179"}],"version-history":[{"count":45,"href":"https:\/\/www.konstkluster.se\/konstforening\/wp-json\/wp\/v2\/pages\/179\/revisions"}],"predecessor-version":[{"id":2886,"href":"https:\/\/www.konstkluster.se\/konstforening\/wp-json\/wp\/v2\/pages\/179\/revisions\/2886"}],"wp:attachment":[{"href":"https:\/\/www.konstkluster.se\/konstforening\/wp-json\/wp\/v2\/media?parent=179"}],"curies":[{"name":"wp","href":"https:\/\/api.w.org\/{rel}","templated":true}]}}