{"id":1783,"date":"2018-10-14T16:49:30","date_gmt":"2018-10-14T14:49:30","guid":{"rendered":"http:\/\/www.konstkluster.se\/konstforening\/?page_id=1783"},"modified":"2018-11-05T15:35:36","modified_gmt":"2018-11-05T14:35:36","slug":"ateljebesok-hos-tina-jerkenstam","status":"publish","type":"page","link":"https:\/\/www.konstkluster.se\/konstforening\/ateljebesok-hos-tina-jerkenstam\/","title":{"rendered":"Atelj\u00e9bes\u00f6k hos Tina Jerkenstam"},"content":{"rendered":"<p>V\u00e4lkomna till ett atelj\u00e9bes\u00f6k hemma hos konstn\u00e4r <strong>Tina Jerkenstam<\/strong> p\u00e5 H\u00f6n\u00f6. Som inledning blir det lite fika och d\u00e4refter ber\u00e4ttar Tina om sitt arbete som konstn\u00e4r.<\/p>\n<p><strong>Tid: <\/strong>Torsdag 8 november 2018 kl <span style=\"color: #000000;\">18:00<\/span><br \/>\n<strong>Plats:<\/strong>\u00a0Hemma hos Tina Jerkenstam (Hamnv\u00e4gen 13 p\u00e5 H\u00f6n\u00f6, se <a href=\"https:\/\/www.google.se\/maps\/place\/Hamnv%C3%A4gen+13,+475+41+H%C3%B6n%C3%B6\/@57.6941207,11.6384276,17z\/data=!3m1!4b1!4m5!3m4!1s0x464f8f83fde6397d:0x92fe3e4a02576429!8m2!3d57.6941207!4d11.6406163?hl=en&amp;authuser=0\" target=\"_blank\" rel=\"noopener\">karta<\/a>)<br \/>\n<strong>Kostnad:\u00a0<\/strong>(betalas med\u00a0<a href=\"https:\/\/www.konstkluster.se\/konstforening\/inbetalning\/\">swish<\/a>\u00a0eller\u00a0kontant direkt p\u00e5 plats)<br \/>\nF\u00f6r medlemmar: 80 SEK<br \/>\nF\u00f6r icke-medlemmar: 100 SEK<\/p>\n<p>Pennor, kritor, penslar och f\u00e4rger. F\u00f6lj med p\u00e5 Tinas resa bland illustrationer, mixed media och m\u00e5leri med bilden och skapandet som yrke.<\/p>\n<div id='gallery-1' class='gallery galleryid-1783 gallery-columns-2 gallery-size-medium'><figure class='gallery-item'>\n\t\t\t<div class='gallery-icon landscape'>\n\t\t\t\t<a href='https:\/\/www.konstkluster.se\/konstforening\/ateljebesok-hos-tina-jerkenstam\/image1\/'><img loading=\"lazy\" decoding=\"async\" width=\"300\" height=\"300\" src=\"https:\/\/www.konstkluster.se\/konstforening\/wp-content\/uploads\/2018\/10\/image1-300x300.jpg\" class=\"attachment-medium size-medium\" alt=\"\" srcset=\"https:\/\/www.konstkluster.se\/konstforening\/wp-content\/uploads\/2018\/10\/image1-300x300.jpg 300w, https:\/\/www.konstkluster.se\/konstforening\/wp-content\/uploads\/2018\/10\/image1-150x150.jpg 150w, https:\/\/www.konstkluster.se\/konstforening\/wp-content\/uploads\/2018\/10\/image1-768x768.jpg 768w, https:\/\/www.konstkluster.se\/konstforening\/wp-content\/uploads\/2018\/10\/image1-1024x1024.jpg 1024w, https:\/\/www.konstkluster.se\/konstforening\/wp-content\/uploads\/2018\/10\/image1.jpg 2048w\" sizes=\"auto, (max-width: 300px) 100vw, 300px\" \/><\/a>\n\t\t\t<\/div><\/figure><figure class='gallery-item'>\n\t\t\t<div class='gallery-icon landscape'>\n\t\t\t\t<a href='https:\/\/www.konstkluster.se\/konstforening\/ateljebesok-hos-tina-jerkenstam\/image4\/'><img loading=\"lazy\" decoding=\"async\" width=\"300\" height=\"300\" src=\"https:\/\/www.konstkluster.se\/konstforening\/wp-content\/uploads\/2018\/10\/image4-300x300.jpg\" class=\"attachment-medium size-medium\" alt=\"\" srcset=\"https:\/\/www.konstkluster.se\/konstforening\/wp-content\/uploads\/2018\/10\/image4-300x300.jpg 300w, https:\/\/www.konstkluster.se\/konstforening\/wp-content\/uploads\/2018\/10\/image4-150x150.jpg 150w, https:\/\/www.konstkluster.se\/konstforening\/wp-content\/uploads\/2018\/10\/image4-768x768.jpg 768w, https:\/\/www.konstkluster.se\/konstforening\/wp-content\/uploads\/2018\/10\/image4-1024x1024.jpg 1024w, https:\/\/www.konstkluster.se\/konstforening\/wp-content\/uploads\/2018\/10\/image4.jpg 1895w\" sizes=\"auto, (max-width: 300px) 100vw, 300px\" \/><\/a>\n\t\t\t<\/div><\/figure><figure class='gallery-item'>\n\t\t\t<div class='gallery-icon landscape'>\n\t\t\t\t<a href='https:\/\/www.konstkluster.se\/konstforening\/ateljebesok-hos-tina-jerkenstam\/image2\/'><img loading=\"lazy\" decoding=\"async\" width=\"300\" height=\"300\" src=\"https:\/\/www.konstkluster.se\/konstforening\/wp-content\/uploads\/2018\/10\/image2-300x300.jpg\" class=\"attachment-medium size-medium\" alt=\"\" srcset=\"https:\/\/www.konstkluster.se\/konstforening\/wp-content\/uploads\/2018\/10\/image2-300x300.jpg 300w, https:\/\/www.konstkluster.se\/konstforening\/wp-content\/uploads\/2018\/10\/image2-150x150.jpg 150w, https:\/\/www.konstkluster.se\/konstforening\/wp-content\/uploads\/2018\/10\/image2-768x768.jpg 768w, https:\/\/www.konstkluster.se\/konstforening\/wp-content\/uploads\/2018\/10\/image2-1024x1024.jpg 1024w\" sizes=\"auto, (max-width: 300px) 100vw, 300px\" \/><\/a>\n\t\t\t<\/div><\/figure><figure class='gallery-item'>\n\t\t\t<div class='gallery-icon portrait'>\n\t\t\t\t<a href='https:\/\/www.konstkluster.se\/konstforening\/ateljebesok-hos-tina-jerkenstam\/image3\/'><img loading=\"lazy\" decoding=\"async\" width=\"253\" height=\"300\" src=\"https:\/\/www.konstkluster.se\/konstforening\/wp-content\/uploads\/2018\/10\/image3-253x300.jpg\" class=\"attachment-medium size-medium\" alt=\"\" srcset=\"https:\/\/www.konstkluster.se\/konstforening\/wp-content\/uploads\/2018\/10\/image3-253x300.jpg 253w, https:\/\/www.konstkluster.se\/konstforening\/wp-content\/uploads\/2018\/10\/image3-768x910.jpg 768w, https:\/\/www.konstkluster.se\/konstforening\/wp-content\/uploads\/2018\/10\/image3-865x1024.jpg 865w, https:\/\/www.konstkluster.se\/konstforening\/wp-content\/uploads\/2018\/10\/image3.jpg 1496w\" sizes=\"auto, (max-width: 253px) 100vw, 253px\" \/><\/a>\n\t\t\t<\/div><\/figure>\n\t\t<\/div>\n\n<p>Det bjuds p\u00e5 fika.<\/p>\n<p><strong>Anm\u00e4lan &amp; \u00f6vrig info:<\/strong><br \/>\nSkriv ett\u00a0<a href=\"mailto:konstforening@konstkluster.se\">mail<\/a> till konstf\u00f6reningen eller ring till Margareta Frid p\u00e5 tfn 0709 93 93 01.<br \/>\nSista anm\u00e4lningsdatum: 2018-11-06<br \/>\nMax antal platser: 15 st\u00a0 \u00a0<strong><span style=\"color: #ff0000;\">FULLBOKAT!!<\/span><\/strong><\/p>\n<p>Se mer av Tinas konstn\u00e4rsskap p\u00e5 hennes <a href=\"https:\/\/www.instagram.com\/tecknartina\/\" target=\"_blank\" rel=\"noopener\">instagramkonto<\/a>\u00a0och p\u00e5 hennes <a href=\"http:\/\/jerkenstam.blogspot.com\/\" target=\"_blank\" rel=\"noopener\">blogg<\/a>.<\/p>\n<p><a href=\"https:\/\/www.konstkluster.se\/konstforening\/wp-content\/uploads\/2015\/08\/FUlogoKV-Gbg.png\" rel=\"attachment wp-att-82\"><img loading=\"lazy\" decoding=\"async\" class=\"size-medium wp-image-82 alignleft\" src=\"https:\/\/www.konstkluster.se\/konstforening\/wp-content\/uploads\/2015\/08\/FUlogoKV-Gbg-300x37.png\" alt=\"Folkuniversitetet i G\u00f6teborg\" width=\"300\" height=\"37\" srcset=\"https:\/\/www.konstkluster.se\/konstforening\/wp-content\/uploads\/2015\/08\/FUlogoKV-Gbg-300x37.png 300w, https:\/\/www.konstkluster.se\/konstforening\/wp-content\/uploads\/2015\/08\/FUlogoKV-Gbg-825x105.png 825w, https:\/\/www.konstkluster.se\/konstforening\/wp-content\/uploads\/2015\/08\/FUlogoKV-Gbg.png 855w\" sizes=\"auto, (max-width: 300px) 100vw, 300px\" \/><\/a><\/p>\n<p>&nbsp;<\/p>\n<p>&nbsp;<\/p>\n<hr \/>\n","protected":false},"excerpt":{"rendered":"<p>V\u00e4lkomna till ett atelj\u00e9bes\u00f6k hemma hos konstn\u00e4r Tina Jerkenstam p\u00e5 H\u00f6n\u00f6. Som inledning blir det lite fika och d\u00e4refter ber\u00e4ttar Tina om sitt arbete som konstn\u00e4r. Tid: Torsdag 8 november 2018 kl 18:00 Plats:\u00a0Hemma hos Tina Jerkenstam (Hamnv\u00e4gen 13 p\u00e5 H\u00f6n\u00f6, se karta) Kostnad:\u00a0(betalas med\u00a0swish\u00a0eller\u00a0kontant direkt p\u00e5 plats) F\u00f6r medlemmar: 80 SEK F\u00f6r icke-medlemmar: 100 &hellip; <a href=\"https:\/\/www.konstkluster.se\/konstforening\/ateljebesok-hos-tina-jerkenstam\/\" class=\"more-link\">Forts\u00e4tt l\u00e4sa <span class=\"screen-reader-text\">Atelj\u00e9bes\u00f6k hos Tina Jerkenstam<\/span><\/a><\/p>\n","protected":false},"author":2,"featured_media":0,"parent":0,"menu_order":0,"comment_status":"closed","ping_status":"closed","template":"","meta":{"footnotes":""},"class_list":["post-1783","page","type-page","status-publish","hentry"],"_links":{"self":[{"href":"https:\/\/www.konstkluster.se\/konstforening\/wp-json\/wp\/v2\/pages\/1783","targetHints":{"allow":["GET"]}}],"collection":[{"href":"https:\/\/www.konstkluster.se\/konstforening\/wp-json\/wp\/v2\/pages"}],"about":[{"href":"https:\/\/www.konstkluster.se\/konstforening\/wp-json\/wp\/v2\/types\/page"}],"author":[{"embeddable":true,"href":"https:\/\/www.konstkluster.se\/konstforening\/wp-json\/wp\/v2\/users\/2"}],"replies":[{"embeddable":true,"href":"https:\/\/www.konstkluster.se\/konstforening\/wp-json\/wp\/v2\/comments?post=1783"}],"version-history":[{"count":11,"href":"https:\/\/www.konstkluster.se\/konstforening\/wp-json\/wp\/v2\/pages\/1783\/revisions"}],"predecessor-version":[{"id":1822,"href":"https:\/\/www.konstkluster.se\/konstforening\/wp-json\/wp\/v2\/pages\/1783\/revisions\/1822"}],"wp:attachment":[{"href":"https:\/\/www.konstkluster.se\/konstforening\/wp-json\/wp\/v2\/media?parent=1783"}],"curies":[{"name":"wp","href":"https:\/\/api.w.org\/{rel}","templated":true}]}}