{"id":1727,"date":"2018-08-26T10:22:13","date_gmt":"2018-08-26T08:22:13","guid":{"rendered":"http:\/\/www.konstkluster.se\/konstforening\/?page_id=1727"},"modified":"2018-11-22T20:43:13","modified_gmt":"2018-11-22T19:43:13","slug":"konstutlottningskvall-2111-18-kl-1700","status":"publish","type":"page","link":"https:\/\/www.konstkluster.se\/konstforening\/konstutlottningskvall-2111-18-kl-1700\/","title":{"rendered":"Konstutlottningskv\u00e4ll 21\/11-18 kl 17:00"},"content":{"rendered":"<p>Alla medlemmar h\u00e4lsas v\u00e4lkomna till NOAK konstf\u00f6renings konstutlottningskv\u00e4ll 2018.<\/p>\n<p><strong>Tid:<\/strong>\u00a0kl 17:00\u00a0onsdag 21 november 2018<br \/>\n<strong>Plats:<\/strong>\u00a0Utst\u00e4llningshallen i \u00d6cker\u00f6 bibliotek (se\u00a0<a href=\"https:\/\/www.google.se\/maps\/place\/%C3%96cker%C3%B6+bibliotek\/@57.7090226,11.6522781,17z\/data=!3m1!4b1!4m5!3m4!1s0x464f8f7ab74c407d:0xa7e5bfc102be7246!8m2!3d57.7090226!4d11.6544721?hl=sv\" target=\"_blank\" rel=\"noopener\">karta<\/a>)<\/p>\n<p>Under onsdagskv\u00e4llen kommer utlottning av de under \u00e5ret ink\u00f6pta konstverken att ske.\u00a0<strong>Vinsterna i konstlotteriet<\/strong> presenteras\u00a0<a href=\"https:\/\/www.konstkluster.se\/konstforening\/vinster-noak-konstutlottning-2018\/\">h\u00e4r<\/a>.<\/p>\n<p>Nytt f\u00f6r i \u00e5r blir att vinsterna kommer att visas i utst\u00e4llningshallen fr\u00e5n m\u00e5ndagskv\u00e4llen, den 19 november, \u00e4nda fram tills utlottningen p\u00e5 onsdagskv\u00e4ll.<\/p>\n<p>N\u00e4r sj\u00e4lva lottningen \u00e4r gjord s\u00e5 kommer konstverken att delas ut direkt i lottvinstordning, d\u00e4r den som vinner fritt f\u00e5r v\u00e4lja bland resterande konstvinster. Vi r\u00e5der dig att f\u00f6rs\u00f6ka n\u00e4rvara vid konstutlottningen. Har du inte m\u00f6jlighet att delta f\u00e5r du givetvis din vinst \u00e4nd\u00e5, men du ges allts\u00e5 ingen m\u00f6jlighet att v\u00e4lja mellan konstverken \u2013 s\u00e5 se till att prioritera denna kv\u00e4ll och kom! <em>Psst \u2013 ett litet n\u00e4rvaropris kommer att utdelas till n\u00e5gon som \u00e4r p\u00e5 plats under kv\u00e4llen<\/em>!! (Lotten f\u00e5r avg\u00f6ra vilket konstverk du f\u00e5r om du inte kan komma, eller sj\u00e4lv har skickat ett eget ombud.)<\/p>\n<p>VARMT V\u00c4LKOMNA!!<\/p>\n<p>\u00d6nskar ordinarie ledam\u00f6ter o suppleanter i NOAK styrelse:<br \/>\nBirgitta, Margareta, Ir\u00e9ne, Sigvard, Lena,\u00a0Monica, Margithe, Kristina<\/p>\n<p><a href=\"https:\/\/www.konstkluster.se\/konstforening\/wp-content\/uploads\/2015\/08\/FUlogoKV-Gbg.png\" rel=\"attachment wp-att-82\"><img loading=\"lazy\" decoding=\"async\" class=\"size-medium wp-image-82 alignleft\" src=\"https:\/\/www.konstkluster.se\/konstforening\/wp-content\/uploads\/2015\/08\/FUlogoKV-Gbg-300x37.png\" alt=\"Folkuniversitetet i G\u00f6teborg\" width=\"300\" height=\"37\" srcset=\"https:\/\/www.konstkluster.se\/konstforening\/wp-content\/uploads\/2015\/08\/FUlogoKV-Gbg-300x37.png 300w, https:\/\/www.konstkluster.se\/konstforening\/wp-content\/uploads\/2015\/08\/FUlogoKV-Gbg-825x105.png 825w, https:\/\/www.konstkluster.se\/konstforening\/wp-content\/uploads\/2015\/08\/FUlogoKV-Gbg.png 855w\" sizes=\"auto, (max-width: 300px) 100vw, 300px\" \/><\/a><\/p>\n<p>&nbsp;<\/p>\n<p>&nbsp;<\/p>\n<hr \/>\n","protected":false},"excerpt":{"rendered":"<p>Alla medlemmar h\u00e4lsas v\u00e4lkomna till NOAK konstf\u00f6renings konstutlottningskv\u00e4ll 2018. Tid:\u00a0kl 17:00\u00a0onsdag 21 november 2018 Plats:\u00a0Utst\u00e4llningshallen i \u00d6cker\u00f6 bibliotek (se\u00a0karta) Under onsdagskv\u00e4llen kommer utlottning av de under \u00e5ret ink\u00f6pta konstverken att ske.\u00a0Vinsterna i konstlotteriet presenteras\u00a0h\u00e4r. Nytt f\u00f6r i \u00e5r blir att vinsterna kommer att visas i utst\u00e4llningshallen fr\u00e5n m\u00e5ndagskv\u00e4llen, den 19 november, \u00e4nda fram tills utlottningen &hellip; <a href=\"https:\/\/www.konstkluster.se\/konstforening\/konstutlottningskvall-2111-18-kl-1700\/\" class=\"more-link\">Forts\u00e4tt l\u00e4sa <span class=\"screen-reader-text\">Konstutlottningskv\u00e4ll 21\/11-18 kl 17:00<\/span><\/a><\/p>\n","protected":false},"author":2,"featured_media":0,"parent":0,"menu_order":0,"comment_status":"closed","ping_status":"closed","template":"","meta":{"footnotes":""},"class_list":["post-1727","page","type-page","status-publish","hentry"],"_links":{"self":[{"href":"https:\/\/www.konstkluster.se\/konstforening\/wp-json\/wp\/v2\/pages\/1727","targetHints":{"allow":["GET"]}}],"collection":[{"href":"https:\/\/www.konstkluster.se\/konstforening\/wp-json\/wp\/v2\/pages"}],"about":[{"href":"https:\/\/www.konstkluster.se\/konstforening\/wp-json\/wp\/v2\/types\/page"}],"author":[{"embeddable":true,"href":"https:\/\/www.konstkluster.se\/konstforening\/wp-json\/wp\/v2\/users\/2"}],"replies":[{"embeddable":true,"href":"https:\/\/www.konstkluster.se\/konstforening\/wp-json\/wp\/v2\/comments?post=1727"}],"version-history":[{"count":12,"href":"https:\/\/www.konstkluster.se\/konstforening\/wp-json\/wp\/v2\/pages\/1727\/revisions"}],"predecessor-version":[{"id":2914,"href":"https:\/\/www.konstkluster.se\/konstforening\/wp-json\/wp\/v2\/pages\/1727\/revisions\/2914"}],"wp:attachment":[{"href":"https:\/\/www.konstkluster.se\/konstforening\/wp-json\/wp\/v2\/media?parent=1727"}],"curies":[{"name":"wp","href":"https:\/\/api.w.org\/{rel}","templated":true}]}}