{"id":1723,"date":"2018-08-26T09:55:08","date_gmt":"2018-08-26T07:55:08","guid":{"rendered":"http:\/\/www.konstkluster.se\/konstforening\/?page_id=1723"},"modified":"2018-08-26T09:55:08","modified_gmt":"2018-08-26T07:55:08","slug":"massa-pa-ockero-gymnasieskola-2","status":"publish","type":"page","link":"https:\/\/www.konstkluster.se\/konstforening\/massa-pa-ockero-gymnasieskola-2\/","title":{"rendered":"M\u00e4ssa p\u00e5 \u00d6cker\u00f6 gymnasieskola"},"content":{"rendered":"<h2>\u00d6ppet hus<\/h2>\n<p>F\u00f6reningskv\u00e4ll p\u00e5 \u00d6cker\u00f6 gymnasieskola, d\u00e4r NOAK konstf\u00f6rening \u00e4r en utav de f\u00f6reningar som presenterar sin verksamhet f\u00f6r gymnasieskolans elever.<\/p>\n<p><strong>Tid:<\/strong>\u00a0torsdag 13 september 2018 kl 16:00 &#8211; 18:00<br \/>\n<strong>Plats:<\/strong>\u00a0samlingslokal &#8221;Stilla Havet&#8221;, \u00d6cker\u00f6 gymnasieskola (Bj\u00f6rnhuvudsv\u00e4gen 45, \u00d6cker\u00f6, se <a href=\"https:\/\/www.google.se\/maps\/place\/Bj%C3%B6rnhuvudsv%C3%A4gen+45,+475+31+%C3%96cker%C3%B6\/@57.7092546,11.6628503,17z\/data=!3m1!4b1!4m5!3m4!1s0x464f8f6e079c8b23:0x84ae4aa1dc22be8f!8m2!3d57.7092518!4d11.665039?hl=sv&amp;authuser=0\" target=\"_blank\" rel=\"noopener\">karta<\/a>)<\/p>\n<p>Elever inbjuds till mingel och att f\u00e5 information om vad f\u00f6reningarna erbjuder.<\/p>\n<p>Det bjuds p\u00e5 fika.<\/p>\n<p>&nbsp;<\/p>\n","protected":false},"excerpt":{"rendered":"<p>\u00d6ppet hus F\u00f6reningskv\u00e4ll p\u00e5 \u00d6cker\u00f6 gymnasieskola, d\u00e4r NOAK konstf\u00f6rening \u00e4r en utav de f\u00f6reningar som presenterar sin verksamhet f\u00f6r gymnasieskolans elever. Tid:\u00a0torsdag 13 september 2018 kl 16:00 &#8211; 18:00 Plats:\u00a0samlingslokal &#8221;Stilla Havet&#8221;, \u00d6cker\u00f6 gymnasieskola (Bj\u00f6rnhuvudsv\u00e4gen 45, \u00d6cker\u00f6, se karta) Elever inbjuds till mingel och att f\u00e5 information om vad f\u00f6reningarna erbjuder. Det bjuds p\u00e5 fika. &hellip; <a href=\"https:\/\/www.konstkluster.se\/konstforening\/massa-pa-ockero-gymnasieskola-2\/\" class=\"more-link\">Forts\u00e4tt l\u00e4sa <span class=\"screen-reader-text\">M\u00e4ssa p\u00e5 \u00d6cker\u00f6 gymnasieskola<\/span><\/a><\/p>\n","protected":false},"author":2,"featured_media":0,"parent":0,"menu_order":0,"comment_status":"closed","ping_status":"closed","template":"","meta":{"footnotes":""},"class_list":["post-1723","page","type-page","status-publish","hentry"],"_links":{"self":[{"href":"https:\/\/www.konstkluster.se\/konstforening\/wp-json\/wp\/v2\/pages\/1723","targetHints":{"allow":["GET"]}}],"collection":[{"href":"https:\/\/www.konstkluster.se\/konstforening\/wp-json\/wp\/v2\/pages"}],"about":[{"href":"https:\/\/www.konstkluster.se\/konstforening\/wp-json\/wp\/v2\/types\/page"}],"author":[{"embeddable":true,"href":"https:\/\/www.konstkluster.se\/konstforening\/wp-json\/wp\/v2\/users\/2"}],"replies":[{"embeddable":true,"href":"https:\/\/www.konstkluster.se\/konstforening\/wp-json\/wp\/v2\/comments?post=1723"}],"version-history":[{"count":1,"href":"https:\/\/www.konstkluster.se\/konstforening\/wp-json\/wp\/v2\/pages\/1723\/revisions"}],"predecessor-version":[{"id":1724,"href":"https:\/\/www.konstkluster.se\/konstforening\/wp-json\/wp\/v2\/pages\/1723\/revisions\/1724"}],"wp:attachment":[{"href":"https:\/\/www.konstkluster.se\/konstforening\/wp-json\/wp\/v2\/media?parent=1723"}],"curies":[{"name":"wp","href":"https:\/\/api.w.org\/{rel}","templated":true}]}}