{"id":157,"date":"2016-01-25T18:20:19","date_gmt":"2016-01-25T17:20:19","guid":{"rendered":"http:\/\/www.konstkluster.se\/konstforening\/?page_id=157"},"modified":"2016-02-12T14:36:59","modified_gmt":"2016-02-12T13:36:59","slug":"arr","status":"publish","type":"page","link":"https:\/\/www.konstkluster.se\/konstforening\/arr\/","title":{"rendered":"Kick-off   10\/2-16 kl 18:30"},"content":{"rendered":"<p>Varmt v\u00e4lkomna till den allra f\u00f6rsta aktiviteten, som vi inom Norra Sk\u00e4rg\u00e5rdens Allm\u00e4nna Konstf\u00f6rening\u00a0anordnar!<\/p>\n<p><strong>N\u00e4r?<\/strong> kl 18:30 onsdag 10 februari 2016<br \/>\n<strong>Var?<\/strong> T\u00f6ns-Annas (samlingslokal p\u00e5 \u00d6cker\u00f6 hembygdsg\u00e5rd, se <a href=\"https:\/\/www.google.se\/maps\/place\/Bygdev%C3%A4gen+17,+475+32+%C3%96cker%C3%B6\/@57.7068634,11.642286,17z\/data=!3m1!4b1!4m7!1m4!3m3!1s0x464f8f7c5bccc195:0x8feaed50463d139e!2zw5Zja2Vyw7Yga3lya2E!3b1!3m1!1s0x464f8f7c68e4087b:0xd922249c5ffde11a\" target=\"_blank\">karta<\/a>)<\/p>\n<p><a href=\"https:\/\/www.konstkluster.se\/konstforening\/wp-content\/uploads\/2016\/01\/Sk\u00e4rmklipKeramiskol_detalj.jpg\" rel=\"attachment wp-att-166\"><img loading=\"lazy\" decoding=\"async\" class=\"size-full wp-image-166 alignright\" src=\"https:\/\/www.konstkluster.se\/konstforening\/wp-content\/uploads\/2016\/01\/Sk\u00e4rmklipKeramiskol_detalj.jpg\" alt=\"Sk\u00e4rmklipKeramiskol_detalj\" width=\"278\" height=\"299\" \/><\/a><\/p>\n<ul>\n<li>G\u00e4stf\u00f6rel\u00e4sare: keramiker <b>Erik <\/b><b>Krouth\u00e9n<\/b><b><br \/>\n<\/b><\/li>\n<li>Informationsstund omkring arrangemang som \u00e4r p\u00e5 g\u00e5ng.<\/li>\n<li>Vi bjuder p\u00e5 lite f\u00f6rt\u00e4ring.<\/li>\n<\/ul>\n<p>Alla konstintresserade \u00e4r hj\u00e4rtligt v\u00e4lkomna!<\/p>\n<p>&nbsp;<\/p>\n<p><a href=\"https:\/\/www.konstkluster.se\/konstforening\/wp-content\/uploads\/2015\/08\/FUlogoKV-Gbg.png\" rel=\"attachment wp-att-82\"><img loading=\"lazy\" decoding=\"async\" class=\"size-medium wp-image-82 alignleft\" src=\"https:\/\/www.konstkluster.se\/konstforening\/wp-content\/uploads\/2015\/08\/FUlogoKV-Gbg-300x37.png\" alt=\"Folkuniversitetet i G\u00f6teborg\" width=\"300\" height=\"37\" srcset=\"https:\/\/www.konstkluster.se\/konstforening\/wp-content\/uploads\/2015\/08\/FUlogoKV-Gbg-300x37.png 300w, https:\/\/www.konstkluster.se\/konstforening\/wp-content\/uploads\/2015\/08\/FUlogoKV-Gbg-825x105.png 825w, https:\/\/www.konstkluster.se\/konstforening\/wp-content\/uploads\/2015\/08\/FUlogoKV-Gbg.png 855w\" sizes=\"auto, (max-width: 300px) 100vw, 300px\" \/><\/a><\/p>\n<p>&nbsp;<\/p>\n<hr \/>\n<hr \/>\n<p>Intressant info f\u00f6r dig som inte hade m\u00f6jlighet att n\u00e4rvara under kv\u00e4llen:<br \/>\n<a href=\"https:\/\/www.konstkluster.se\/konstforening\/wp-content\/uploads\/2016\/01\/NOAK_Kick-off-presentation2016-02-10.pptx\" class=\"mtli_attachment mtli_pptx\" target=\"_blank\" rel=\"\">Presentation<\/a>. (Powerpoint-fil som laddas ner till din h\u00e5rddisk)<\/p>\n<hr \/>\n","protected":false},"excerpt":{"rendered":"<p>Varmt v\u00e4lkomna till den allra f\u00f6rsta aktiviteten, som vi inom Norra Sk\u00e4rg\u00e5rdens Allm\u00e4nna Konstf\u00f6rening\u00a0anordnar! N\u00e4r? kl 18:30 onsdag 10 februari 2016 Var? T\u00f6ns-Annas (samlingslokal p\u00e5 \u00d6cker\u00f6 hembygdsg\u00e5rd, se karta) G\u00e4stf\u00f6rel\u00e4sare: keramiker Erik Krouth\u00e9n Informationsstund omkring arrangemang som \u00e4r p\u00e5 g\u00e5ng. Vi bjuder p\u00e5 lite f\u00f6rt\u00e4ring. Alla konstintresserade \u00e4r hj\u00e4rtligt v\u00e4lkomna! &nbsp; &nbsp; Intressant info f\u00f6r &hellip; <a href=\"https:\/\/www.konstkluster.se\/konstforening\/arr\/\" class=\"more-link\">Forts\u00e4tt l\u00e4sa <span class=\"screen-reader-text\">Kick-off   10\/2-16 kl 18:30<\/span><\/a><\/p>\n","protected":false},"author":2,"featured_media":0,"parent":0,"menu_order":0,"comment_status":"closed","ping_status":"closed","template":"","meta":{"footnotes":""},"class_list":["post-157","page","type-page","status-publish","hentry"],"_links":{"self":[{"href":"https:\/\/www.konstkluster.se\/konstforening\/wp-json\/wp\/v2\/pages\/157","targetHints":{"allow":["GET"]}}],"collection":[{"href":"https:\/\/www.konstkluster.se\/konstforening\/wp-json\/wp\/v2\/pages"}],"about":[{"href":"https:\/\/www.konstkluster.se\/konstforening\/wp-json\/wp\/v2\/types\/page"}],"author":[{"embeddable":true,"href":"https:\/\/www.konstkluster.se\/konstforening\/wp-json\/wp\/v2\/users\/2"}],"replies":[{"embeddable":true,"href":"https:\/\/www.konstkluster.se\/konstforening\/wp-json\/wp\/v2\/comments?post=157"}],"version-history":[{"count":17,"href":"https:\/\/www.konstkluster.se\/konstforening\/wp-json\/wp\/v2\/pages\/157\/revisions"}],"predecessor-version":[{"id":208,"href":"https:\/\/www.konstkluster.se\/konstforening\/wp-json\/wp\/v2\/pages\/157\/revisions\/208"}],"wp:attachment":[{"href":"https:\/\/www.konstkluster.se\/konstforening\/wp-json\/wp\/v2\/media?parent=157"}],"curies":[{"name":"wp","href":"https:\/\/api.w.org\/{rel}","templated":true}]}}