{"id":1503,"date":"2018-07-19T18:10:30","date_gmt":"2018-07-19T16:10:30","guid":{"rendered":"http:\/\/www.konstkluster.se\/konstforening\/?page_id=1503"},"modified":"2021-03-21T15:04:00","modified_gmt":"2021-03-21T14:04:00","slug":"lite-axplock-fran-vara-aktiviteter","status":"publish","type":"page","link":"https:\/\/www.konstkluster.se\/konstforening\/lite-axplock-fran-vara-aktiviteter\/","title":{"rendered":"Lite axplock fr\u00e5n v\u00e5ra aktiviteter"},"content":{"rendered":"<p><strong>2016<\/strong><\/p>\n<p>Vi startar upp v\u00e5r verksamhet med en Kick-off, d\u00e5 vi hade f\u00f6rm\u00e5nen att f\u00e5 lyssna till den duktige keramikern Erik Krouth\u00e9n, som h\u00e4rstammar fr\u00e5n b\u00e5de H\u00f6n\u00f6 och H\u00e4ls\u00f6. En extra touch p\u00e5 v\u00e5rt f\u00f6rsta arrangemang var att det uppm\u00e4rksammades \u00e4ven av Lokalbladet. Vi f\u00f6rgyllde v\u00e5rt f\u00f6rsta \u00e5rsm\u00f6te med ett f\u00f6redrag av m\u00e5ng\u00e5rige konstn\u00e4ren och f\u00f6rfattaren Anita Steiner, som pratade om sin gedigna konstn\u00e4rliga bakgrund och sitt engagemang ocks\u00e5 l\u00e5ngt borta i Orienten. I mitten av februari blev ordf\u00f6randen intervjuad f\u00f6r en liten artikel i Torslandatidningen. Under sommaren drev vi h\u00e4rliga m\u00e5lningskurser p\u00e5 Kalvsund, med en inrest akvarellist fr\u00e5n Sydafrika &#8211; vilket innebar f\u00f6r m\u00e5nga av oss ett annorlunda s\u00e4tt att se p\u00e5 akvarellm\u00e5lning. Ut\u00f6ver detta genomf\u00f6rde vi flera intressanta atelj\u00e9bes\u00f6k. (klicka p\u00e5 fotot, f\u00f6r att se hela)<\/p>\n<div id='gallery-1' class='gallery galleryid-1503 gallery-columns-5 gallery-size-thumbnail'><figure class='gallery-item'>\n\t\t\t<div class='gallery-icon landscape'>\n\t\t\t\t<a href='https:\/\/www.konstkluster.se\/konstforening\/lite-axplock-fran-vara-aktiviteter\/skarmklipp-3\/'><img loading=\"lazy\" decoding=\"async\" width=\"150\" height=\"150\" src=\"https:\/\/www.konstkluster.se\/konstforening\/wp-content\/uploads\/2018\/07\/Sk\u00e4rmklipp-150x150.jpg\" class=\"attachment-thumbnail size-thumbnail\" alt=\"\" \/><\/a>\n\t\t\t<\/div><\/figure><figure class='gallery-item'>\n\t\t\t<div class='gallery-icon portrait'>\n\t\t\t\t<a href='https:\/\/www.konstkluster.se\/konstforening\/liten-aterblick-pa-2016\/13556043_1151287121577598_538057252_o\/'><img loading=\"lazy\" decoding=\"async\" width=\"150\" height=\"150\" src=\"https:\/\/www.konstkluster.se\/konstforening\/wp-content\/uploads\/2018\/07\/13556043_1151287121577598_538057252_o-150x150.jpg\" class=\"attachment-thumbnail size-thumbnail\" alt=\"\" \/><\/a>\n\t\t\t<\/div><\/figure><figure class='gallery-item'>\n\t\t\t<div class='gallery-icon portrait'>\n\t\t\t\t<a href='https:\/\/www.konstkluster.se\/konstforening\/lite-axplock-fran-vara-aktiviteter\/i285134164326571156-_szw440h440_\/'><img loading=\"lazy\" decoding=\"async\" width=\"150\" height=\"150\" src=\"https:\/\/www.konstkluster.se\/konstforening\/wp-content\/uploads\/2018\/07\/i285134164326571156._szw440h440_-150x150.jpg\" class=\"attachment-thumbnail size-thumbnail\" alt=\"\" \/><\/a>\n\t\t\t<\/div><\/figure><figure class='gallery-item'>\n\t\t\t<div class='gallery-icon landscape'>\n\t\t\t\t<a href='https:\/\/www.konstkluster.se\/konstforening\/lite-axplock-fran-vara-aktiviteter\/img_20160812_105802-2\/'><img loading=\"lazy\" decoding=\"async\" width=\"150\" height=\"150\" src=\"https:\/\/www.konstkluster.se\/konstforening\/wp-content\/uploads\/2018\/07\/IMG_20160812_105802-150x150.jpg\" class=\"attachment-thumbnail size-thumbnail\" alt=\"\" srcset=\"https:\/\/www.konstkluster.se\/konstforening\/wp-content\/uploads\/2018\/07\/IMG_20160812_105802-150x150.jpg 150w, https:\/\/www.konstkluster.se\/konstforening\/wp-content\/uploads\/2018\/07\/IMG_20160812_105802-300x300.jpg 300w, https:\/\/www.konstkluster.se\/konstforening\/wp-content\/uploads\/2018\/07\/IMG_20160812_105802-768x768.jpg 768w, https:\/\/www.konstkluster.se\/konstforening\/wp-content\/uploads\/2018\/07\/IMG_20160812_105802-1024x1024.jpg 1024w, https:\/\/www.konstkluster.se\/konstforening\/wp-content\/uploads\/2018\/07\/IMG_20160812_105802.jpg 1268w\" sizes=\"auto, (max-width: 150px) 100vw, 150px\" \/><\/a>\n\t\t\t<\/div><\/figure><figure class='gallery-item'>\n\t\t\t<div class='gallery-icon portrait'>\n\t\t\t\t<a href='https:\/\/www.konstkluster.se\/konstforening\/klippt_klistrat_tofoto-5\/'><img loading=\"lazy\" decoding=\"async\" width=\"150\" height=\"150\" src=\"https:\/\/www.konstkluster.se\/konstforening\/wp-content\/uploads\/2018\/07\/Klippt_klistrat_toFoto-4-150x150.jpg\" class=\"attachment-thumbnail size-thumbnail\" alt=\"\" \/><\/a>\n\t\t\t<\/div><\/figure>\n\t\t<\/div>\n\n<p>F\u00f6r fler \u00e5terblickar p\u00e5 2016, klicka <a href=\"https:\/\/www.konstkluster.se\/konstforening\/liten-aterblick-pa-2016\/\">h\u00e4r<\/a>.<\/p>\n<hr \/>\n<p><strong>2017<\/strong><\/p>\n<p>Under \u00e5ret genomf\u00f6rde vi s\u00e5 m\u00e5nga som 5 st atelj\u00e9bes\u00f6k. Vi avslutade t\u00e4vlingen om en logga f\u00f6r v\u00e5r f\u00f6rening och vi arrangerade v\u00e5ra f\u00f6rsta m\u00e5la-teckna-tr\u00e4ffar i bildsalen p\u00e5 Hedens skola.\u00a0(klicka p\u00e5 fotot, f\u00f6r att se hela)<\/p>\n<div id='gallery-2' class='gallery galleryid-1503 gallery-columns-5 gallery-size-thumbnail'><figure class='gallery-item'>\n\t\t\t<div class='gallery-icon portrait'>\n\t\t\t\t<a href='https:\/\/www.konstkluster.se\/konstforening\/lite-axplock-fran-vara-aktiviteter\/img_1218\/'><img loading=\"lazy\" decoding=\"async\" width=\"150\" height=\"150\" src=\"https:\/\/www.konstkluster.se\/konstforening\/wp-content\/uploads\/2018\/07\/IMG_1218-150x150.jpg\" class=\"attachment-thumbnail size-thumbnail\" alt=\"\" \/><\/a>\n\t\t\t<\/div><\/figure><figure class='gallery-item'>\n\t\t\t<div class='gallery-icon landscape'>\n\t\t\t\t<a href='https:\/\/www.konstkluster.se\/konstforening\/lite-axplock-fran-vara-aktiviteter\/arsmote2017\/'><img loading=\"lazy\" decoding=\"async\" width=\"150\" height=\"150\" src=\"https:\/\/www.konstkluster.se\/konstforening\/wp-content\/uploads\/2018\/07\/arsmote2017-150x150.jpg\" class=\"attachment-thumbnail size-thumbnail\" alt=\"\" srcset=\"https:\/\/www.konstkluster.se\/konstforening\/wp-content\/uploads\/2018\/07\/arsmote2017-150x150.jpg 150w, https:\/\/www.konstkluster.se\/konstforening\/wp-content\/uploads\/2018\/07\/arsmote2017-300x300.jpg 300w, https:\/\/www.konstkluster.se\/konstforening\/wp-content\/uploads\/2018\/07\/arsmote2017.jpg 640w\" sizes=\"auto, (max-width: 150px) 100vw, 150px\" \/><\/a>\n\t\t\t<\/div><\/figure><figure class='gallery-item'>\n\t\t\t<div class='gallery-icon landscape'>\n\t\t\t\t<a href='https:\/\/www.konstkluster.se\/konstforening\/lite-axplock-fran-vara-aktiviteter\/20170405_184945\/'><img loading=\"lazy\" decoding=\"async\" width=\"150\" height=\"150\" src=\"https:\/\/www.konstkluster.se\/konstforening\/wp-content\/uploads\/2018\/07\/20170405_184945-150x150.jpg\" class=\"attachment-thumbnail size-thumbnail\" alt=\"\" \/><\/a>\n\t\t\t<\/div><\/figure><figure class='gallery-item'>\n\t\t\t<div class='gallery-icon portrait'>\n\t\t\t\t<a href='https:\/\/www.konstkluster.se\/konstforening\/lite-axplock-fran-vara-aktiviteter\/20170903_153400\/'><img loading=\"lazy\" decoding=\"async\" width=\"150\" height=\"150\" src=\"https:\/\/www.konstkluster.se\/konstforening\/wp-content\/uploads\/2018\/07\/20170903_153400-e1532020798900-150x150.jpg\" class=\"attachment-thumbnail size-thumbnail\" alt=\"\" \/><\/a>\n\t\t\t<\/div><\/figure><figure class='gallery-item'>\n\t\t\t<div class='gallery-icon landscape'>\n\t\t\t\t<a href='https:\/\/www.konstkluster.se\/konstforening\/lite-axplock-fran-vara-aktiviteter\/20171119_144811\/'><img loading=\"lazy\" decoding=\"async\" width=\"150\" height=\"150\" src=\"https:\/\/www.konstkluster.se\/konstforening\/wp-content\/uploads\/2018\/07\/20171119_144811-150x150.jpg\" class=\"attachment-thumbnail size-thumbnail\" alt=\"\" \/><\/a>\n\t\t\t<\/div><\/figure>\n\t\t<\/div>\n\n<p>F\u00f6r fler \u00e5terblickar p\u00e5 2017, klicka <a href=\"https:\/\/www.konstkluster.se\/konstforening\/liten-aterblick-pa-2017\/\">h\u00e4r<\/a>.<\/p>\n<hr \/>\n<p><strong>2018<\/strong><\/p>\n<p>Se v\u00e5ra genomf\u00f6rda aktiviteter, via denna <a href=\"https:\/\/www.konstkluster.se\/konstforening\/arrangemang-2018\/\">l\u00e4nk<\/a>.<\/p>\n<hr \/>\n<p><strong>2019<\/strong><\/p>\n<p>Se v\u00e5ra genomf\u00f6rda aktiviteter, via denna <a href=\"https:\/\/www.konstkluster.se\/konstforening\/arrangemang-2019\/\">l\u00e4nk<\/a>.<\/p>\n<hr \/>\n<p><strong>2020<\/strong><\/p>\n<p>Se v\u00e5ra genomf\u00f6rda aktiviteter, via denna <a href=\"https:\/\/www.konstkluster.se\/konstforening\/arrangemang-2020\/\">l\u00e4nk<\/a>.<\/p>\n<hr \/>\n<p><strong>2021<\/strong><\/p>\n<p>Se v\u00e5ra p\u00e5g\u00e5ende aktiviteter, via denna <a href=\"https:\/\/www.konstkluster.se\/konstforening\/arrangemang-2021\/\">l\u00e4nk<\/a>.<\/p>\n<hr \/>\n","protected":false},"excerpt":{"rendered":"<p>2016 Vi startar upp v\u00e5r verksamhet med en Kick-off, d\u00e5 vi hade f\u00f6rm\u00e5nen att f\u00e5 lyssna till den duktige keramikern Erik Krouth\u00e9n, som h\u00e4rstammar fr\u00e5n b\u00e5de H\u00f6n\u00f6 och H\u00e4ls\u00f6. En extra touch p\u00e5 v\u00e5rt f\u00f6rsta arrangemang var att det uppm\u00e4rksammades \u00e4ven av Lokalbladet. Vi f\u00f6rgyllde v\u00e5rt f\u00f6rsta \u00e5rsm\u00f6te med ett f\u00f6redrag av m\u00e5ng\u00e5rige konstn\u00e4ren och &hellip; <a href=\"https:\/\/www.konstkluster.se\/konstforening\/lite-axplock-fran-vara-aktiviteter\/\" class=\"more-link\">Forts\u00e4tt l\u00e4sa <span class=\"screen-reader-text\">Lite axplock fr\u00e5n v\u00e5ra aktiviteter<\/span><\/a><\/p>\n","protected":false},"author":2,"featured_media":0,"parent":0,"menu_order":0,"comment_status":"closed","ping_status":"closed","template":"","meta":{"footnotes":""},"class_list":["post-1503","page","type-page","status-publish","hentry"],"_links":{"self":[{"href":"https:\/\/www.konstkluster.se\/konstforening\/wp-json\/wp\/v2\/pages\/1503","targetHints":{"allow":["GET"]}}],"collection":[{"href":"https:\/\/www.konstkluster.se\/konstforening\/wp-json\/wp\/v2\/pages"}],"about":[{"href":"https:\/\/www.konstkluster.se\/konstforening\/wp-json\/wp\/v2\/types\/page"}],"author":[{"embeddable":true,"href":"https:\/\/www.konstkluster.se\/konstforening\/wp-json\/wp\/v2\/users\/2"}],"replies":[{"embeddable":true,"href":"https:\/\/www.konstkluster.se\/konstforening\/wp-json\/wp\/v2\/comments?post=1503"}],"version-history":[{"count":52,"href":"https:\/\/www.konstkluster.se\/konstforening\/wp-json\/wp\/v2\/pages\/1503\/revisions"}],"predecessor-version":[{"id":2674,"href":"https:\/\/www.konstkluster.se\/konstforening\/wp-json\/wp\/v2\/pages\/1503\/revisions\/2674"}],"wp:attachment":[{"href":"https:\/\/www.konstkluster.se\/konstforening\/wp-json\/wp\/v2\/media?parent=1503"}],"curies":[{"name":"wp","href":"https:\/\/api.w.org\/{rel}","templated":true}]}}