{"id":1466,"date":"2018-07-13T20:03:47","date_gmt":"2018-07-13T18:03:47","guid":{"rendered":"http:\/\/www.konstkluster.se\/konstforening\/?page_id=1466"},"modified":"2018-09-18T14:54:31","modified_gmt":"2018-09-18T12:54:31","slug":"intensivkurs-i-akvarellmalning","status":"publish","type":"page","link":"https:\/\/www.konstkluster.se\/konstforening\/intensivkurs-i-akvarellmalning\/","title":{"rendered":"Intensivkurs i akvarellm\u00e5lning"},"content":{"rendered":"<p>Vi har nu f\u00f6rm\u00e5nen att kunna erbjuda <strong>Morgan Eker\u00e5s<\/strong>, som kursledare i akvarellm\u00e5lning. Med start i september blir det en intensivkurs p\u00e5 totalt fyra kurstillf\u00e4llen under onsdagsf\u00f6rmiddagar i hans sprillans nya atelj\u00e9 p\u00e5 Bangatan i G\u00f6teborg.<\/p>\n<p>I kursen kommer Morgan att visa olika tekniker inom akvarellm\u00e5lning och kursdeltagarna kommer att med sitt eget medhavda material ges pedagogisk ledning och tips. Kursen v\u00e4nder sig till s\u00e5v\u00e4l erfarna akvarellm\u00e5lare, som vill f\u00f6rfina sin teknik, som till nyb\u00f6rjare som uppskattar v\u00e4gledning i sina nya stapplande steg.<\/p>\n<p>Se exempel p\u00e5 Morgans m\u00e5lningar <a href=\"http:\/\/morganekeras.se\/Galleri\/\" target=\"_blank\" rel=\"noopener\">h\u00e4r<\/a>.<\/p>\n<h2>Bokning<\/h2>\n<p><strong>Kursledare:<\/strong>\u00a0Morgan Eker\u00e5s<br \/>\n<strong>Lokal<\/strong>: Atelj\u00e9 Eker\u00e5s, vid Stigbergstorget p\u00e5 Bangatan 10 i G\u00f6teborg (se <a href=\"https:\/\/www.google.se\/maps\/place\/Bangatan+10,+414+63+G%C3%B6teborg\/@57.6975848,11.9330225,17z\/data=!3m1!4b1!4m5!3m4!1s0x464ff3462b2aae79:0x74bec73f29df2f8f!8m2!3d57.6975848!4d11.9352165?hl=en&amp;authuser=0\">karta<\/a>)<br \/>\n<strong>Startdatum:<\/strong>\u00a0onsdag 19 september 2018<br \/>\n<strong>Antal sammankomster:<\/strong>\u00a04 st<br \/>\n<strong>Kurstillf\u00e4llen<\/strong>: 19\/9,\u00a026\/9, 3\/10, 10\/10 2018<br \/>\n<strong>Tid:<\/strong> kl 09:30 &#8212; 12:30<br \/>\n<strong>Kursavgift f\u00f6r medlem:<\/strong>\u00a01400\u00a0SEK<br \/>\n<strong>Kursavgift f\u00f6r icke medlem:<\/strong>\u00a01700 SEK<br \/>\n<strong>Kursavgift f\u00f6r deltagare i Fritidskollen:<\/strong>\u00a0gratis (begr\u00e4nsat till 2 st platser)<\/p>\n<p><strong>Minst antal deltagare:<\/strong> 7 st<br \/>\n<strong>H\u00f6gst antal deltagare:<\/strong> 12 st\u00a0 <strong><span style=\"color: #ff0000;\">KURSEN \u00c4R FULLTECKNAD!<\/span><\/strong><\/p>\n<p><strong>Anm\u00e4lan<\/strong>\u00a0sker via <a href=\"https:\/\/www.konstkluster.se\/konstforening\/anmalan-till-intensivkurs-i-akvarell\/\">formul\u00e4r<\/a>. Anm\u00e4lan \u00e4r bindande.<\/p>\n<p>Avgiften ska betalas omg\u00e5ende efter det att svarsmail skickats ut om erh\u00e5llen deltagarplats, se inbetalningsalternativ <a href=\"https:\/\/www.konstkluster.se\/konstforening\/inbetalning\/\">h\u00e4r<\/a>.<\/p>\n<p>Morgan har utbildat sig p\u00e5 ett flertal konstskolor bl a i G\u00f6teborg och i Paris, se hans <a href=\"http:\/\/morganekeras.se\/Om-mig\/\" target=\"_blank\" rel=\"noopener\">CV och utst\u00e4llningar<\/a>.\u00a0L\u00e4s mera om Morgans atelj\u00e9er,<br \/>\nAtelj\u00e9 Eker\u00e5s och F\u00e4rjen\u00e4s konstverkstad:\u00a0<a href=\"http:\/\/morganekeras.se\/\" target=\"_blank\" rel=\"noopener noreferrer\">hemsida<\/a>\u00a0respektive\u00a0<a href=\"https:\/\/www.facebook.com\/F%C3%A4rjen%C3%A4s-Konstverkstad-1439739696328789\/?fref=ts\" target=\"_blank\" rel=\"noopener noreferrer\">Facebook<\/a><\/p>\n<p><a href=\"http:\/\/kkvgbg.se\/\" target=\"_blank\" rel=\"noopener noreferrer\">KKV<\/a>, Konstn\u00e4rernas Kollektivverkstad<br \/>\n<a href=\"http:\/\/www.kc-vast.se\/index.php\/Kcvast\/soek_konstnaer\/vald\/110\/\" target=\"_blank\" rel=\"noopener noreferrer\">KC-V\u00e4st<\/a>, Konstn\u00e4rscentrum V\u00e4st<br \/>\n<a href=\"http:\/\/www.kro.se\/\" target=\"_blank\" rel=\"noopener noreferrer\">KRO<\/a>, Konstn\u00e4rernas Riksorganisation<\/p>\n<p><a href=\"https:\/\/www.konstkluster.se\/konstforening\/wp-content\/uploads\/2015\/08\/FUlogoKV-Gbg.png\" rel=\"attachment wp-att-82\"><img loading=\"lazy\" decoding=\"async\" class=\"size-medium wp-image-82 alignleft\" src=\"https:\/\/www.konstkluster.se\/konstforening\/wp-content\/uploads\/2015\/08\/FUlogoKV-Gbg-300x37.png\" alt=\"Folkuniversitetet i G\u00f6teborg\" width=\"300\" height=\"37\" srcset=\"https:\/\/www.konstkluster.se\/konstforening\/wp-content\/uploads\/2015\/08\/FUlogoKV-Gbg-300x37.png 300w, https:\/\/www.konstkluster.se\/konstforening\/wp-content\/uploads\/2015\/08\/FUlogoKV-Gbg-825x105.png 825w, https:\/\/www.konstkluster.se\/konstforening\/wp-content\/uploads\/2015\/08\/FUlogoKV-Gbg.png 855w\" sizes=\"auto, (max-width: 300px) 100vw, 300px\" \/><\/a><\/p>\n<p><a href=\"https:\/\/www.konstkluster.se\/konstforening\/wp-content\/uploads\/2018\/02\/fritidskollen_logga.jpg\"><img loading=\"lazy\" decoding=\"async\" class=\"size-thumbnail wp-image-1233 alignnone\" src=\"https:\/\/www.konstkluster.se\/konstforening\/wp-content\/uploads\/2018\/02\/fritidskollen_logga-150x150.jpg\" alt=\"\" width=\"150\" height=\"150\" \/><\/a><\/p>\n<hr \/>\n","protected":false},"excerpt":{"rendered":"<p>Vi har nu f\u00f6rm\u00e5nen att kunna erbjuda Morgan Eker\u00e5s, som kursledare i akvarellm\u00e5lning. Med start i september blir det en intensivkurs p\u00e5 totalt fyra kurstillf\u00e4llen under onsdagsf\u00f6rmiddagar i hans sprillans nya atelj\u00e9 p\u00e5 Bangatan i G\u00f6teborg. I kursen kommer Morgan att visa olika tekniker inom akvarellm\u00e5lning och kursdeltagarna kommer att med sitt eget medhavda material &hellip; <a href=\"https:\/\/www.konstkluster.se\/konstforening\/intensivkurs-i-akvarellmalning\/\" class=\"more-link\">Forts\u00e4tt l\u00e4sa <span class=\"screen-reader-text\">Intensivkurs i akvarellm\u00e5lning<\/span><\/a><\/p>\n","protected":false},"author":2,"featured_media":0,"parent":0,"menu_order":0,"comment_status":"closed","ping_status":"closed","template":"","meta":{"footnotes":""},"class_list":["post-1466","page","type-page","status-publish","hentry"],"_links":{"self":[{"href":"https:\/\/www.konstkluster.se\/konstforening\/wp-json\/wp\/v2\/pages\/1466","targetHints":{"allow":["GET"]}}],"collection":[{"href":"https:\/\/www.konstkluster.se\/konstforening\/wp-json\/wp\/v2\/pages"}],"about":[{"href":"https:\/\/www.konstkluster.se\/konstforening\/wp-json\/wp\/v2\/types\/page"}],"author":[{"embeddable":true,"href":"https:\/\/www.konstkluster.se\/konstforening\/wp-json\/wp\/v2\/users\/2"}],"replies":[{"embeddable":true,"href":"https:\/\/www.konstkluster.se\/konstforening\/wp-json\/wp\/v2\/comments?post=1466"}],"version-history":[{"count":20,"href":"https:\/\/www.konstkluster.se\/konstforening\/wp-json\/wp\/v2\/pages\/1466\/revisions"}],"predecessor-version":[{"id":1778,"href":"https:\/\/www.konstkluster.se\/konstforening\/wp-json\/wp\/v2\/pages\/1466\/revisions\/1778"}],"wp:attachment":[{"href":"https:\/\/www.konstkluster.se\/konstforening\/wp-json\/wp\/v2\/media?parent=1466"}],"curies":[{"name":"wp","href":"https:\/\/api.w.org\/{rel}","templated":true}]}}