{"id":1367,"date":"2018-04-23T13:53:54","date_gmt":"2018-04-23T11:53:54","guid":{"rendered":"http:\/\/www.konstkluster.se\/konstforening\/?page_id=1367"},"modified":"2021-09-05T17:49:32","modified_gmt":"2021-09-05T15:49:32","slug":"noak-integritetspolicy","status":"publish","type":"page","link":"https:\/\/www.konstkluster.se\/konstforening\/noak-integritetspolicy\/","title":{"rendered":"NOAK integritetspolicy"},"content":{"rendered":"<p>En ny lag, GDPR, tr\u00e4der i kraft 25 maj 2018, vilket inneb\u00e4r att skyddet f\u00f6r din personliga integritet kommer att f\u00f6rst\u00e4rkas och att du f\u00e5r st\u00f6rre kontroll \u00f6ver dina uppgifter. Mycket \u00e4r sig likt fr\u00e5n Personuppgiftslagen, PuL, vilken vi i NOAK konstf\u00f6rening tidigare har f\u00f6ljt.<\/p>\n<p><strong>Vad \u00e4r GDPR?<\/strong><\/p>\n<p>GDPR \u00e4r en dataskyddsf\u00f6rordning (General Data Protection Regulation 2066\/679), som b\u00f6rjar g\u00e4lla inom hela EU den 25 maj 2018. Lyssna till ett kort videoklipp fr\u00e5n <a href=\"https:\/\/www.datainspektionen.se\/dataskyddsreformen\/dataskyddsforordningen\/introduktion-till-dataskyddsforordningen\/\" target=\"_blank\" rel=\"noopener\">Datainspektionens <\/a>introduktion till den nya dataskyddsf\u00f6rordningen, eller l\u00e4s mera p\u00e5 <a href=\"https:\/\/www.verksamt.se\/driva\/gdpr-dataskyddsregler\" target=\"_blank\" rel=\"noopener\">Verksamts <\/a>hemsida. L\u00e4s ocks\u00e5 v\u00e5r egen sammanst\u00e4llning av\u00a0<a href=\"https:\/\/www.konstkluster.se\/konstforening\/viktiga-skillnader-mellan-pul-och-gdpr\/\" rel=\"noopener\">viktiga skillnader<\/a> mellan PuL och GDPR.<\/p>\n<p style=\"text-align: center;\"><strong><span style=\"color: #0000ff;\">~\u00a0 \u00a0~\u00a0 \u00a0~<\/span><\/strong><\/p>\n<p>Konstkluster med sin ideella f\u00f6rening NOAK respekterar din personliga integritet och ser till att du kan k\u00e4nna dig trygg med hur dina personuppgifter behandlas hos oss. S\u00e5 h\u00e4r g\u00f6r vi:<\/p>\n<p><strong>Typ av data som vi samlar in<\/strong><\/p>\n<p>Vi samlar endast in de personliga data som du frivilligt f\u00f6rser oss med. De data vi samlar in \u00e4r namn, postadress, land, e-mailadress, telefonnummer, samt vilket \u00e5r medlemmen intr\u00e4dde som medlem i NOAK. Vi registrerar ocks\u00e5 inbetalda medlemsavgifter. F\u00f6r medlemmar och \u00f6vriga som deltar i v\u00e5ra arrangemang registrerar vi \u00e4ven personnummer och inbetalda studiecirkels-\/kursavgifter.<\/p>\n<p>I de fall f\u00f6reningen tar foton f\u00f6r att l\u00e4gga upp p\u00e5 genomf\u00f6rda arrangemang p\u00e5 v\u00e5r egen hemsida och i f\u00f6reningens Facebook-\/Instagramprofil, s\u00e5 efterfr\u00e5gas alltid f\u00f6rst om lov. F\u00f6r medlemmar efterfr\u00e5gas till\u00e5telse i samband med ans\u00f6kan om medlemskap. F\u00f6r \u00f6vriga deltagare i v\u00e5ra arrangemang fr\u00e5gar vi om ett muntligt godk\u00e4nnade under det aktuella arrangemanget.<\/p>\n<p><strong>R\u00e4ttslig grund f\u00f6r lagring av personlig data<\/strong><\/p>\n<p>Vi lagrar personliga data f\u00f6r att uppr\u00e4tth\u00e5lla f\u00f6reningens medlemsregister, f\u00f6r att administrera inbetalning av medlemsavgift och f\u00f6r att kommunicera med v\u00e5ra medlemmar kring f\u00f6reningens arrangemang. Namn, postadress, land, e-mailadress samt telefonnummer anv\u00e4nds f\u00f6r utskick av inbjudningar och information kring f\u00f6reningens arrangemang. Intr\u00e4des\u00e5r lagras f\u00f6r att ser hur l\u00e4nge medlemmar stannar kvar i f\u00f6reningen. Personnummer anv\u00e4nds till registrering av v\u00e5ra studiecirklar och kurser, som vi ger i samarbete med <a href=\"http:\/\/www.folkuniversitetet.se\/Har-finns-vi\/Goteborg\/?gclid=CjwKCAjwzoDXBRBbEiwAGZRIeAlf2PYz5RLAZLv-VhXvs6uSzprETQpOIVRuYdCosULhyA_kMT-piRoCV60QAvD_BwE\" target=\"_blank\" rel=\"noopener\">Folkuniversitetet <\/a>i G\u00f6teborg.<\/p>\n<p>F\u00f6reningens syfte med att l\u00e4gga upp foton fr\u00e5n genomf\u00f6rda arrangemang p\u00e5 webben \u00e4r att visa intresserade vilken typ av arrangemang vi som f\u00f6rening anordnar. V\u00e5r intention med att l\u00e4gga upp foton p\u00e5 webben \u00e4r allts\u00e5 att bilderna\u00a0 skall representera de sammanhang vi tar bilderna vid och inte enskilda personer.\u00a0 V\u00e5r f\u00f6rhoppning \u00e4r att vi med denna typ av marknadsf\u00f6ring sprider intresset f\u00f6r v\u00e5r verksamhet och att fler deltagare s\u00f6ker sig till v\u00e5r f\u00f6rening.<\/p>\n<p><strong>Lagring av personliga data<\/strong><\/p>\n<p>Dina personliga data sparas s\u00e5 l\u00e4nge du \u00e4r medlem i NOAK. Om medlemsavgift inte betalas under en period p\u00e5 tv\u00e5 \u00e5r i rad, raderas din data fr\u00e5n v\u00e5rt medlemsregister.<\/p>\n<p>N\u00e4r det g\u00e4ller foton som en g\u00e5ng lagts ut p\u00e5 webben, s\u00e5 \u00e4r sannolikheten stor att dessa f\u00f6r alltid kommer att p\u00e5 n\u00e5got s\u00e4tt finnas kvar, vilket ligger utanf\u00f6r NOAKs ansvarsomr\u00e5de.<\/p>\n<p><strong>S\u00e4kerhet<\/strong><\/p>\n<p>NOAK anv\u00e4nder Visma bokf\u00f6ringsprogram f\u00f6r internt medlemsregister. V\u00e5r kass\u00f6r sammanst\u00e4ller aktuell medlemsmatrikel till Microsoft Excel, f\u00f6r \u00f6vriga styrelsemedlemmar att anv\u00e4nda inf\u00f6r kommunikation med medlemmarna. Vid mailutskick anv\u00e4nds endast NOAKs mail, medan d\u00e4remot medlemmarna sj\u00e4lva kan v\u00e4lja fritt mellan att maila till f\u00f6reningen eller direkt till n\u00e5gon utav styrelseledamoterna. S\u00e5v\u00e4l medlemmarnas ifyllda medlemsanm\u00e4lningsblankett, som medlemsregistret i Excel sparas p\u00e5 plattformen Dropbox, vilken \u00e4r l\u00e5st och begr\u00e4nsad f\u00f6r \u00e5tkomst endast av medlemmar i NOAK styrelse.<\/p>\n<p><strong>Rutiner vid eventuell personuppgiftsincident<\/strong><\/p>\n<p>Om NOAK skulle bli utsatt f\u00f6r datintr\u00e5ng eller p\u00e5 annat s\u00e4tt f\u00f6rlora kontrollen \u00f6ver dina personuppgifter s\u00e5 lovar vi inrapportera till Datainspektionen inom 72 timmar. Om vi bed\u00f6mer att behov finns, s\u00e5 informerar vi \u00e4ven medlemmarna om h\u00e4ndelsen.<\/p>\n<p><strong>Dina r\u00e4ttigheter<\/strong><\/p>\n<p>Du har alltid r\u00e4tt att f\u00e5 veta vilka personliga data vi lagrar och anv\u00e4nder r\u00f6rande dig. Du har r\u00e4tt att beg\u00e4ra ut en kopia av denna data. Du har ocks\u00e5 r\u00e4tt att beg\u00e4ra r\u00e4ttning av felaktiga data som lagrats om dig. Du har ocks\u00e5 r\u00e4tt att beg\u00e4ra att din personliga data raderas i samband med eget uttr\u00e4de.<\/p>\n<p>Vid fr\u00e5gor v\u00e4nligen kontakta NOAK konstf\u00f6renings kass\u00f6r p\u00e5 mailadress <a href=\"mailto:kassor@noak-ockero.se\">kassor@noak-ockero.se<\/a><\/p>\n<p style=\"text-align: center;\"><span style=\"color: #0000ff;\"><strong>~\u00a0 \u00a0~\u00a0 \u00a0~<\/strong><\/span><\/p>\n<p><strong>Beh\u00f6ver du g\u00f6ra n\u00e5got?<\/strong><\/p>\n<p>Du beh\u00f6ver godk\u00e4nna att vi lagrar dina uppgifter. Befintliga medlemmar g\u00f6r detta enklast via ett mail som skickas ut i b\u00f6rjan av maj 2018. Nya medlemmar beh\u00f6ver markera sitt godk\u00e4nnande av v\u00e5rt s\u00e4tt att hantera personliga data i samband med sin ans\u00f6kan om medlemskap.<\/p>\n<p>Du kan vara trygg med att NOAK \u00e4ven i forts\u00e4ttningen kommer v\u00e4rna om din integritet.<\/p>\n<p><i>\u00a0[Dessa villkor g\u00e4ller fr o m den 25 maj 2018 och ska g\u00e4lla tillsvidare] \u00a0<\/i><\/p>\n<p>\/H\u00f6n\u00f6 2018-03-27<br \/>\nNOAK styrelse<\/p>\n","protected":false},"excerpt":{"rendered":"<p>En ny lag, GDPR, tr\u00e4der i kraft 25 maj 2018, vilket inneb\u00e4r att skyddet f\u00f6r din personliga integritet kommer att f\u00f6rst\u00e4rkas och att du f\u00e5r st\u00f6rre kontroll \u00f6ver dina uppgifter. Mycket \u00e4r sig likt fr\u00e5n Personuppgiftslagen, PuL, vilken vi i NOAK konstf\u00f6rening tidigare har f\u00f6ljt. Vad \u00e4r GDPR? GDPR \u00e4r en dataskyddsf\u00f6rordning (General Data Protection &hellip; <a href=\"https:\/\/www.konstkluster.se\/konstforening\/noak-integritetspolicy\/\" class=\"more-link\">Forts\u00e4tt l\u00e4sa <span class=\"screen-reader-text\">NOAK integritetspolicy<\/span><\/a><\/p>\n","protected":false},"author":2,"featured_media":0,"parent":0,"menu_order":0,"comment_status":"closed","ping_status":"closed","template":"","meta":{"footnotes":""},"class_list":["post-1367","page","type-page","status-publish","hentry"],"_links":{"self":[{"href":"https:\/\/www.konstkluster.se\/konstforening\/wp-json\/wp\/v2\/pages\/1367","targetHints":{"allow":["GET"]}}],"collection":[{"href":"https:\/\/www.konstkluster.se\/konstforening\/wp-json\/wp\/v2\/pages"}],"about":[{"href":"https:\/\/www.konstkluster.se\/konstforening\/wp-json\/wp\/v2\/types\/page"}],"author":[{"embeddable":true,"href":"https:\/\/www.konstkluster.se\/konstforening\/wp-json\/wp\/v2\/users\/2"}],"replies":[{"embeddable":true,"href":"https:\/\/www.konstkluster.se\/konstforening\/wp-json\/wp\/v2\/comments?post=1367"}],"version-history":[{"count":39,"href":"https:\/\/www.konstkluster.se\/konstforening\/wp-json\/wp\/v2\/pages\/1367\/revisions"}],"predecessor-version":[{"id":2735,"href":"https:\/\/www.konstkluster.se\/konstforening\/wp-json\/wp\/v2\/pages\/1367\/revisions\/2735"}],"wp:attachment":[{"href":"https:\/\/www.konstkluster.se\/konstforening\/wp-json\/wp\/v2\/media?parent=1367"}],"curies":[{"name":"wp","href":"https:\/\/api.w.org\/{rel}","templated":true}]}}