{"id":1317,"date":"2018-04-20T15:20:39","date_gmt":"2018-04-20T13:20:39","guid":{"rendered":"http:\/\/www.konstkluster.se\/konstforening\/?page_id=1317"},"modified":"2019-06-28T10:25:41","modified_gmt":"2019-06-28T08:25:41","slug":"konsthantverksdag-i-honohembygdsforenings-tradgard","status":"publish","type":"page","link":"https:\/\/www.konstkluster.se\/konstforening\/konsthantverksdag-i-honohembygdsforenings-tradgard\/","title":{"rendered":"Konsthantverksdag i H\u00f6n\u00f6hembygdsf\u00f6renings tr\u00e4dg\u00e5rd"},"content":{"rendered":"<p>Alla NOAKs medlemmar som\u00a0\u00e4r intresserade av att visa\/s\u00e4lja sin konst\u00a0\u00e4r varmt v\u00e4lkomna att st\u00e4lla ut sina alster.<\/p>\n<p><strong>Tid:<\/strong> L\u00f6rdag\u00a016\u00a0juni\u00a02018 kl 14:00-17:00<br \/>\n<strong>Plats:<\/strong> Hembygdsg\u00e5rden p\u00e5 H\u00f6n\u00f6 (G\u00e5rdav\u00e4gen 17. Korsningen R\u00f6dv\u00e4gen\/Hemv\u00e4rnsv\u00e4gen, se <a href=\"https:\/\/www.google.se\/maps\/place\/G%C3%A5rdav%C3%A4gen+17,+475+42+H%C3%B6n%C3%B6\/@57.6923956,11.6491765,17z\/data=!3m1!4b1!4m5!3m4!1s0x464f8f9b63fc8671:0x3455ee6e353d4e07!8m2!3d57.6923956!4d11.6513652?hl=sv&amp;authuser=0\" target=\"_blank\" rel=\"noopener noreferrer\">karta<\/a>)<br \/>\n<strong>Kostnad:\u00a0<\/strong>Gratis<\/p>\n<p><strong>Anm\u00e4lan &amp; \u00f6vrig info:<br \/>\n<\/strong>Skriv ett\u00a0mail till\u00a0<a href=\"mailto:kickijonasson@hotmail.com\">Kristina Jonasson<\/a> eller ring tfn 0706059694. Tala g\u00e4rna om vad du kommer att ha med dig.<br \/>\nSista anm\u00e4lningsdatum: 2018-06-10<\/p>\n<p>OBS!VID REGN INST\u00c4LLT!<\/p>\n<p>Hembygdsf\u00f6reningen st\u00e4ller ut bord i tr\u00e4dg\u00e5rden som du som st\u00e4ller ut kan anv\u00e4nda f\u00f6r dina alster, det finns \u00e4ven stolar som man t ex kan luta tavlor mot. \u00d6vrigt som utst\u00e4llare beh\u00f6ver f\u00f6r att visa sin konst tar man med sj\u00e4lv. Hembygdsf\u00f6reningen \u00e4r p\u00e5 plats fr\u00e5n kl 12:00 f\u00f6r att iordningst\u00e4lla allt, hoppas p\u00e5 ett gott samarbete och en lyckad dag.<\/p>\n<div>G\u00e5rden \u00e4r \u00f6ppen f\u00f6r visning, som vanligt denna l\u00f6rdag: kl 14:00-17:00<\/div>\n<div>Det finns f\u00f6rs\u00e4ljning av kaffe med dopp och ett lotteri med fina vinster.<\/p>\n<\/div>\n<div><\/div>\n<div>\n<div id='gallery-1' class='gallery galleryid-1317 gallery-columns-2 gallery-size-medium'><figure class='gallery-item'>\n\t\t\t<div class='gallery-icon landscape'>\n\t\t\t\t<a href='https:\/\/www.konstkluster.se\/konstforening\/konsthantverksdag-i-honohembygdsforenings-tradgard\/tradgarden\/'><img loading=\"lazy\" decoding=\"async\" width=\"300\" height=\"225\" src=\"https:\/\/www.konstkluster.se\/konstforening\/wp-content\/uploads\/2018\/04\/Tr\u00e4dg\u00e5rden-300x225.jpg\" class=\"attachment-medium size-medium\" alt=\"\" aria-describedby=\"gallery-1-1329\" srcset=\"https:\/\/www.konstkluster.se\/konstforening\/wp-content\/uploads\/2018\/04\/Tr\u00e4dg\u00e5rden-300x225.jpg 300w, https:\/\/www.konstkluster.se\/konstforening\/wp-content\/uploads\/2018\/04\/Tr\u00e4dg\u00e5rden.jpg 500w\" sizes=\"auto, (max-width: 300px) 100vw, 300px\" \/><\/a>\n\t\t\t<\/div>\n\t\t\t\t<figcaption class='wp-caption-text gallery-caption' id='gallery-1-1329'>\n\t\t\t\tH\u00f6n\u00f6 hembygdsg\u00e5rd i G\u00e5rda p\u00e5 H\u00f6n\u00f6\n\t\t\t\t<\/figcaption><\/figure><figure class='gallery-item'>\n\t\t\t<div class='gallery-icon landscape'>\n\t\t\t\t<a href='https:\/\/www.konstkluster.se\/konstforening\/konsthantverksdag-i-honohembygdsforenings-tradgard\/hembygdsgard\/'><img loading=\"lazy\" decoding=\"async\" width=\"300\" height=\"146\" src=\"https:\/\/www.konstkluster.se\/konstforening\/wp-content\/uploads\/2018\/04\/Hembygdsg\u00e5rd-300x146.jpg\" class=\"attachment-medium size-medium\" alt=\"\" aria-describedby=\"gallery-1-1328\" srcset=\"https:\/\/www.konstkluster.se\/konstforening\/wp-content\/uploads\/2018\/04\/Hembygdsg\u00e5rd-300x146.jpg 300w, https:\/\/www.konstkluster.se\/konstforening\/wp-content\/uploads\/2018\/04\/Hembygdsg\u00e5rd-768x372.jpg 768w, https:\/\/www.konstkluster.se\/konstforening\/wp-content\/uploads\/2018\/04\/Hembygdsg\u00e5rd.jpg 800w\" sizes=\"auto, (max-width: 300px) 100vw, 300px\" \/><\/a>\n\t\t\t<\/div>\n\t\t\t\t<figcaption class='wp-caption-text gallery-caption' id='gallery-1-1328'>\n\t\t\t\t\u00d6ppet\u00a0f\u00f6r visning under alla l\u00f6rdagar i juni, juli och augusti\u00a0kl 14:00-17:00\n\t\t\t\t<\/figcaption><\/figure>\n\t\t<\/div>\n\n<\/div>\n<div>H\u00f6n\u00f6 Hembygdsf\u00f6rening bildades 1954 och \u00f6vertog G\u00e5rden 1961 som byggdes under b\u00f6rjan av 1850-talet. D\u00e4r finns t ex &#8221;T\u00f6sernas&#8221; hem, d\u00e4r de ogifta d\u00f6ttrarna Anna och Olga levde hela sitt liv. G\u00e5rden inrymmer \u00e4ven August i Lyckas Diverseaff\u00e4r fr\u00e5n 1914, d\u00e4r de flesta av varorna kommer fr\u00e5n den gamla aff\u00e4ren i Kl\u00e5va. Det finns mycket mer att se fr\u00e5n f\u00f6rr i tiden p\u00e5 g\u00e5rden, v\u00e4l v\u00e4rt ett bes\u00f6k!<\/p>\n<\/div>\n<div><\/div>\n<p><a href=\"https:\/\/www.konstkluster.se\/konstforening\/wp-content\/uploads\/2015\/08\/FUlogoKV-Gbg.png\" rel=\"attachment wp-att-82\"><img loading=\"lazy\" decoding=\"async\" class=\"size-medium wp-image-82 alignleft\" src=\"https:\/\/www.konstkluster.se\/konstforening\/wp-content\/uploads\/2015\/08\/FUlogoKV-Gbg-300x37.png\" alt=\"Folkuniversitetet i G\u00f6teborg\" width=\"300\" height=\"37\" srcset=\"https:\/\/www.konstkluster.se\/konstforening\/wp-content\/uploads\/2015\/08\/FUlogoKV-Gbg-300x37.png 300w, https:\/\/www.konstkluster.se\/konstforening\/wp-content\/uploads\/2015\/08\/FUlogoKV-Gbg-825x105.png 825w, https:\/\/www.konstkluster.se\/konstforening\/wp-content\/uploads\/2015\/08\/FUlogoKV-Gbg.png 855w\" sizes=\"auto, (max-width: 300px) 100vw, 300px\" \/><\/a><\/p>\n<h1><\/h1>\n<hr \/>\n","protected":false},"excerpt":{"rendered":"<p>Alla NOAKs medlemmar som\u00a0\u00e4r intresserade av att visa\/s\u00e4lja sin konst\u00a0\u00e4r varmt v\u00e4lkomna att st\u00e4lla ut sina alster. Tid: L\u00f6rdag\u00a016\u00a0juni\u00a02018 kl 14:00-17:00 Plats: Hembygdsg\u00e5rden p\u00e5 H\u00f6n\u00f6 (G\u00e5rdav\u00e4gen 17. Korsningen R\u00f6dv\u00e4gen\/Hemv\u00e4rnsv\u00e4gen, se karta) Kostnad:\u00a0Gratis Anm\u00e4lan &amp; \u00f6vrig info: Skriv ett\u00a0mail till\u00a0Kristina Jonasson eller ring tfn 0706059694. Tala g\u00e4rna om vad du kommer att ha med dig. Sista &hellip; <a href=\"https:\/\/www.konstkluster.se\/konstforening\/konsthantverksdag-i-honohembygdsforenings-tradgard\/\" class=\"more-link\">Forts\u00e4tt l\u00e4sa <span class=\"screen-reader-text\">Konsthantverksdag i H\u00f6n\u00f6hembygdsf\u00f6renings tr\u00e4dg\u00e5rd<\/span><\/a><\/p>\n","protected":false},"author":2,"featured_media":0,"parent":0,"menu_order":0,"comment_status":"closed","ping_status":"closed","template":"","meta":{"footnotes":""},"class_list":["post-1317","page","type-page","status-publish","hentry"],"_links":{"self":[{"href":"https:\/\/www.konstkluster.se\/konstforening\/wp-json\/wp\/v2\/pages\/1317","targetHints":{"allow":["GET"]}}],"collection":[{"href":"https:\/\/www.konstkluster.se\/konstforening\/wp-json\/wp\/v2\/pages"}],"about":[{"href":"https:\/\/www.konstkluster.se\/konstforening\/wp-json\/wp\/v2\/types\/page"}],"author":[{"embeddable":true,"href":"https:\/\/www.konstkluster.se\/konstforening\/wp-json\/wp\/v2\/users\/2"}],"replies":[{"embeddable":true,"href":"https:\/\/www.konstkluster.se\/konstforening\/wp-json\/wp\/v2\/comments?post=1317"}],"version-history":[{"count":35,"href":"https:\/\/www.konstkluster.se\/konstforening\/wp-json\/wp\/v2\/pages\/1317\/revisions"}],"predecessor-version":[{"id":2156,"href":"https:\/\/www.konstkluster.se\/konstforening\/wp-json\/wp\/v2\/pages\/1317\/revisions\/2156"}],"wp:attachment":[{"href":"https:\/\/www.konstkluster.se\/konstforening\/wp-json\/wp\/v2\/media?parent=1317"}],"curies":[{"name":"wp","href":"https:\/\/api.w.org\/{rel}","templated":true}]}}