{"id":1285,"date":"2018-02-20T16:12:57","date_gmt":"2018-02-20T15:12:57","guid":{"rendered":"http:\/\/www.konstkluster.se\/konstforening\/?page_id=1285"},"modified":"2019-01-15T05:33:08","modified_gmt":"2019-01-15T04:33:08","slug":"konstutstallning-av-noaks-medlemmar","status":"publish","type":"page","link":"https:\/\/www.konstkluster.se\/konstforening\/konstutstallning-av-noaks-medlemmar\/","title":{"rendered":"Konstutst\u00e4llning av NOAKs medlemmar"},"content":{"rendered":"<hr \/>\n<p style=\"text-align: center;\"><strong>Vintersalong 2019 p\u00e5 \u00d6cker\u00f6 bibliotek<\/strong><\/p>\n<p style=\"text-align: center;\">Det \u00e4r fantastiskt roligt att s\u00e5 m\u00e5nga av NOAKs medlemmar vill vara med i konstutst\u00e4llningen i \u00d6cker\u00f6bibliotekets utst\u00e4llningshall 19 januari \u2013 18 februari. Vi blir 26 deltagare.<\/p>\n<p style=\"text-align: center;\"><strong>Vernissage<\/strong> \u00e4ger rum l\u00f6rdag 19 jan kl 12 \u2013 14<\/p>\n<p style=\"text-align: center;\">NOAK kommer att bjuda p\u00e5 n\u00e5got drickbart och n\u00e5got att tugga p\u00e5.<\/p>\n<hr \/>\n<p style=\"text-align: center;\"><strong>Utst\u00e4llningens \u00f6ppettider<\/strong><\/p>\n<p style=\"text-align: center;\"><strong>Tid:<\/strong>\u00a0Utst\u00e4llningen kommer att f\u00f6lja bibliotekets \u00f6ppettider (se dessa <a href=\"https:\/\/www.ockero.se\/upplevagora\/bibliotek\/oppettider.4.1f06bf2713ad42693b8dc4.html\" target=\"_blank\" rel=\"noopener\">h\u00e4r<\/a>)<br \/>\n<strong>Plats:<\/strong> Utst\u00e4llningshallen i \u00d6cker\u00f6 bibliotek (se\u00a0<a href=\"https:\/\/www.google.se\/maps\/place\/%C3%96cker%C3%B6+bibliotek\/@57.7090226,11.6522781,17z\/data=!3m1!4b1!4m5!3m4!1s0x464f8f7ab74c407d:0xa7e5bfc102be7246!8m2!3d57.7090226!4d11.6544721?hl=sv\" target=\"_blank\" rel=\"noopener\">karta<\/a>)<\/p>\n<hr \/>\n<hr \/>\n<p>&nbsp;<\/p>\n<p>L\u00e4nk till information f\u00f6r <a href=\"https:\/\/www.konstkluster.se\/konstforening\/information-till-utstallare\/\">utst\u00e4llare<\/a>.<\/p>\n<p><a href=\"https:\/\/www.konstkluster.se\/konstforening\/wp-content\/uploads\/2015\/08\/FUlogoKV-Gbg.png\" rel=\"attachment wp-att-82\"><img loading=\"lazy\" decoding=\"async\" class=\"size-medium wp-image-82 alignleft\" src=\"https:\/\/www.konstkluster.se\/konstforening\/wp-content\/uploads\/2015\/08\/FUlogoKV-Gbg-300x37.png\" alt=\"Folkuniversitetet i G\u00f6teborg\" width=\"300\" height=\"37\" srcset=\"https:\/\/www.konstkluster.se\/konstforening\/wp-content\/uploads\/2015\/08\/FUlogoKV-Gbg-300x37.png 300w, https:\/\/www.konstkluster.se\/konstforening\/wp-content\/uploads\/2015\/08\/FUlogoKV-Gbg-825x105.png 825w, https:\/\/www.konstkluster.se\/konstforening\/wp-content\/uploads\/2015\/08\/FUlogoKV-Gbg.png 855w\" sizes=\"auto, (max-width: 300px) 100vw, 300px\" \/><\/a><\/p>\n<p>&nbsp;<br \/>\n&nbsp;<\/p>\n<hr \/>\n","protected":false},"excerpt":{"rendered":"<p>Vintersalong 2019 p\u00e5 \u00d6cker\u00f6 bibliotek Det \u00e4r fantastiskt roligt att s\u00e5 m\u00e5nga av NOAKs medlemmar vill vara med i konstutst\u00e4llningen i \u00d6cker\u00f6bibliotekets utst\u00e4llningshall 19 januari \u2013 18 februari. Vi blir 26 deltagare. Vernissage \u00e4ger rum l\u00f6rdag 19 jan kl 12 \u2013 14 NOAK kommer att bjuda p\u00e5 n\u00e5got drickbart och n\u00e5got att tugga p\u00e5. Utst\u00e4llningens &hellip; <a href=\"https:\/\/www.konstkluster.se\/konstforening\/konstutstallning-av-noaks-medlemmar\/\" class=\"more-link\">Forts\u00e4tt l\u00e4sa <span class=\"screen-reader-text\">Konstutst\u00e4llning av NOAKs medlemmar<\/span><\/a><\/p>\n","protected":false},"author":2,"featured_media":0,"parent":0,"menu_order":0,"comment_status":"closed","ping_status":"closed","template":"","meta":{"footnotes":""},"class_list":["post-1285","page","type-page","status-publish","hentry"],"_links":{"self":[{"href":"https:\/\/www.konstkluster.se\/konstforening\/wp-json\/wp\/v2\/pages\/1285","targetHints":{"allow":["GET"]}}],"collection":[{"href":"https:\/\/www.konstkluster.se\/konstforening\/wp-json\/wp\/v2\/pages"}],"about":[{"href":"https:\/\/www.konstkluster.se\/konstforening\/wp-json\/wp\/v2\/types\/page"}],"author":[{"embeddable":true,"href":"https:\/\/www.konstkluster.se\/konstforening\/wp-json\/wp\/v2\/users\/2"}],"replies":[{"embeddable":true,"href":"https:\/\/www.konstkluster.se\/konstforening\/wp-json\/wp\/v2\/comments?post=1285"}],"version-history":[{"count":25,"href":"https:\/\/www.konstkluster.se\/konstforening\/wp-json\/wp\/v2\/pages\/1285\/revisions"}],"predecessor-version":[{"id":2005,"href":"https:\/\/www.konstkluster.se\/konstforening\/wp-json\/wp\/v2\/pages\/1285\/revisions\/2005"}],"wp:attachment":[{"href":"https:\/\/www.konstkluster.se\/konstforening\/wp-json\/wp\/v2\/media?parent=1285"}],"curies":[{"name":"wp","href":"https:\/\/api.w.org\/{rel}","templated":true}]}}