{"id":1267,"date":"2018-02-20T15:09:34","date_gmt":"2018-02-20T14:09:34","guid":{"rendered":"http:\/\/www.konstkluster.se\/konstforening\/?page_id=1267"},"modified":"2018-04-23T11:28:09","modified_gmt":"2018-04-23T09:28:09","slug":"ateljebesok-hos-ingrid-leornadsson","status":"publish","type":"page","link":"https:\/\/www.konstkluster.se\/konstforening\/ateljebesok-hos-ingrid-leornadsson\/","title":{"rendered":"Atelj\u00e9bes\u00f6k hos Ingrid Leonardsson"},"content":{"rendered":"<p>S\u00e5v\u00e4l medlemmar som \u00f6vriga intresserade \u00e4r varmt v\u00e4lkomna till ett studiebes\u00f6k hos glaskonstn\u00e4r\u00a0<strong>Ingrid Leonardsson<\/strong> i hennes atelj\u00e9.<\/p>\n<p><strong>Tid:<\/strong>\u00a0<span style=\"color: #000000;\">torsdag 26\u00a0april 2018 kl 18:00<\/span><br \/>\n<strong>Plats:<\/strong><span style=\"color: #000000;\">\u00a0Glasatelj\u00e9n\u00a0<\/span>(Gr\u00f6nah\u00f6gsv\u00e4gen 5b, Torslanda, se <span style=\"color: #ff0000;\"><a href=\"https:\/\/www.google.se\/maps\/place\/Gr%C3%B6nah%C3%B6gsv%C3%A4gen+5B,+423+61+Torslanda\/@57.7608701,11.8194803,17z\/data=!3m1!4b1!4m5!3m4!1s0x464f8bdad27534db:0xbaa7443d36e96094!8m2!3d57.7608701!4d11.821669?hl=sv&amp;authuser=0\" target=\"_blank\" rel=\"noopener\">kar<\/a><\/span><a href=\"https:\/\/www.google.se\/maps\/place\/Gr%C3%B6nah%C3%B6gsv%C3%A4gen+5B,+423+61+Torslanda\/@57.7608701,11.8194803,17z\/data=!3m1!4b1!4m5!3m4!1s0x464f8bdad27534db:0xbaa7443d36e96094!8m2!3d57.7608701!4d11.821669?hl=sv&amp;authuser=0\" target=\"_blank\" rel=\"noopener\">ta<\/a><span style=\"color: #000000;\">)<\/span><br \/>\n<strong>Kostnad <\/strong>(betalas med\u00a0Swish eller\u00a0kontant direkt p\u00e5 plats)<strong>:<\/strong><br \/>\nF\u00f6r medlemmar: 80 SEK<br \/>\nF\u00f6r icke-medlemmar: 100 SEK<br \/>\nF\u00f6r deltagare i Fritidskollen: gratis<\/p>\n<p><strong>Anm\u00e4lan &amp; \u00f6vrig info:<\/strong><br \/>\nSkriv ett\u00a0<a href=\"mailto:konstforening@konstkluster.se\">mail<\/a> till konstf\u00f6reningen eller ring till Margareta Frid p\u00e5 tfn 0709 93 93 01.<br \/>\nSista anm\u00e4lningsdatu<span style=\"color: #000000;\">m: 2018-04-24<\/span><\/p>\n<p>Ingrid Leonardsson \u00e4r f\u00f6dd i Urshult i Sm\u00e5land men bor sedan flera \u00e5r i Bj\u00f6rlanda p\u00e5 Hisingen, d\u00e4r\u00a0hon ocks\u00e5 har sin glasugn och atelj\u00e9.<\/p>\n<div id='gallery-1' class='gallery galleryid-1267 gallery-columns-3 gallery-size-thumbnail'><figure class='gallery-item'>\n\t\t\t<div class='gallery-icon portrait'>\n\t\t\t\t<a href='https:\/\/www.konstkluster.se\/konstforening\/ateljebesok-hos-ingrid-leornadsson\/1-2\/'><img loading=\"lazy\" decoding=\"async\" width=\"150\" height=\"150\" src=\"https:\/\/www.konstkluster.se\/konstforening\/wp-content\/uploads\/2018\/02\/1-1-150x150.jpg\" class=\"attachment-thumbnail size-thumbnail\" alt=\"\" \/><\/a>\n\t\t\t<\/div><\/figure><figure class='gallery-item'>\n\t\t\t<div class='gallery-icon portrait'>\n\t\t\t\t<a href='https:\/\/www.konstkluster.se\/konstforening\/ateljebesok-hos-ingrid-leornadsson\/attachment\/2\/'><img loading=\"lazy\" decoding=\"async\" width=\"150\" height=\"150\" src=\"https:\/\/www.konstkluster.se\/konstforening\/wp-content\/uploads\/2018\/02\/2-150x150.jpg\" class=\"attachment-thumbnail size-thumbnail\" alt=\"\" \/><\/a>\n\t\t\t<\/div><\/figure><figure class='gallery-item'>\n\t\t\t<div class='gallery-icon portrait'>\n\t\t\t\t<a href='https:\/\/www.konstkluster.se\/konstforening\/ateljebesok-hos-ingrid-leornadsson\/attachment\/3\/'><img loading=\"lazy\" decoding=\"async\" width=\"138\" height=\"150\" src=\"https:\/\/www.konstkluster.se\/konstforening\/wp-content\/uploads\/2018\/02\/3-138x150.jpg\" class=\"attachment-thumbnail size-thumbnail\" alt=\"\" \/><\/a>\n\t\t\t<\/div><\/figure>\n\t\t<\/div>\n\n<p>Natur, v\u00e4xtlighet och m\u00e4nniskor i livets olika skiftningar \u00e4r stora inspirationsk\u00e4llor b\u00e5de vad\u00a0det g\u00e4ller f\u00e4rg, form och m\u00f6nster.\u00a0Glaset fascinerar och bjuder hela tiden p\u00e5 nya utmaningar och m\u00f6jligheter.\u00a0Ingrid arbetar oftast med glaset i flera skikt och anv\u00e4nder glaspulver och metaller, bl a guld\u00a0och silver f\u00f6r att uppn\u00e5 de m\u00f6nster och djupeffekter som hon \u00f6nskar.<\/p>\n<p>Det konstglas Ingrid arbetar med \u00e4r ett handkavlat glas som heter Bullseye-glas och teknikerna hon anv\u00e4nder \u00e4r\u00a0glasfusing (ugnsformat glas) samt glasgjutning.<\/p>\n<p>Det bju<span style=\"color: #000000;\">ds p\u00e5 fika.<\/span><\/p>\n<p><strong>L\u00e4s mer om Ingrid Leonardssons glaskonst:<\/strong>\u00a0<a href=\"http:\/\/www.ingridleonardsson-glaskonst.se\/\" target=\"_blank\" rel=\"noopener\">hemsida<\/a><\/p>\n<p><strong>Medlemsskap<\/strong><br \/>\n\u2022 Konsthantverkscentrum <a href=\"https:\/\/www.konsthantverkscentrum.se\/\" target=\"_blank\" rel=\"noopener\">www.konsthantverkscentrum.se<\/a><br \/>\n\u2022 BUS (Bildkonst Upphovsr\u00e4tt i Sverige) <a href=\"http:\/\/www.bildupphovsratt.se\/\" target=\"_blank\" rel=\"noopener\">www.bus.se<\/a><br \/>\n\u2022 Konstaxet (ordf\u00f6rande i f\u00f6reningen Konstaxet som startat och \u00e5rligen arrangerar konstrunda p\u00e5\u00a0V\u00e4stra Hisingen) <a href=\"http:\/\/konstrundanvastrahisingen.blogspot.se\/\" target=\"_blank\" rel=\"noopener\">www.konstrundanvastrahisingen.blogspot.se<\/a><br \/>\nKonstaxet tilldelades V\u00e4stra Hisingens Kulturpris 2014<\/p>\n<p><a href=\"https:\/\/www.konstkluster.se\/konstforening\/wp-content\/uploads\/2015\/08\/FUlogoKV-Gbg.png\" rel=\"attachment wp-att-82\"><img loading=\"lazy\" decoding=\"async\" class=\"size-medium wp-image-82 alignleft\" src=\"https:\/\/www.konstkluster.se\/konstforening\/wp-content\/uploads\/2015\/08\/FUlogoKV-Gbg-300x37.png\" alt=\"Folkuniversitetet i G\u00f6teborg\" width=\"300\" height=\"37\" srcset=\"https:\/\/www.konstkluster.se\/konstforening\/wp-content\/uploads\/2015\/08\/FUlogoKV-Gbg-300x37.png 300w, https:\/\/www.konstkluster.se\/konstforening\/wp-content\/uploads\/2015\/08\/FUlogoKV-Gbg-825x105.png 825w, https:\/\/www.konstkluster.se\/konstforening\/wp-content\/uploads\/2015\/08\/FUlogoKV-Gbg.png 855w\" sizes=\"auto, (max-width: 300px) 100vw, 300px\" \/><\/a><\/p>\n<p><a href=\"https:\/\/www.konstkluster.se\/konstforening\/wp-content\/uploads\/2018\/02\/fritidskollen_logga.jpg\"><img loading=\"lazy\" decoding=\"async\" class=\"size-thumbnail wp-image-1233 alignnone\" src=\"https:\/\/www.konstkluster.se\/konstforening\/wp-content\/uploads\/2018\/02\/fritidskollen_logga-150x150.jpg\" alt=\"\" width=\"150\" height=\"150\" \/><\/a><\/p>\n<hr \/>\n","protected":false},"excerpt":{"rendered":"<p>S\u00e5v\u00e4l medlemmar som \u00f6vriga intresserade \u00e4r varmt v\u00e4lkomna till ett studiebes\u00f6k hos glaskonstn\u00e4r\u00a0Ingrid Leonardsson i hennes atelj\u00e9. Tid:\u00a0torsdag 26\u00a0april 2018 kl 18:00 Plats:\u00a0Glasatelj\u00e9n\u00a0(Gr\u00f6nah\u00f6gsv\u00e4gen 5b, Torslanda, se karta) Kostnad (betalas med\u00a0Swish eller\u00a0kontant direkt p\u00e5 plats): F\u00f6r medlemmar: 80 SEK F\u00f6r icke-medlemmar: 100 SEK F\u00f6r deltagare i Fritidskollen: gratis Anm\u00e4lan &amp; \u00f6vrig info: Skriv ett\u00a0mail till konstf\u00f6reningen &hellip; <a href=\"https:\/\/www.konstkluster.se\/konstforening\/ateljebesok-hos-ingrid-leornadsson\/\" class=\"more-link\">Forts\u00e4tt l\u00e4sa <span class=\"screen-reader-text\">Atelj\u00e9bes\u00f6k hos Ingrid Leonardsson<\/span><\/a><\/p>\n","protected":false},"author":2,"featured_media":0,"parent":0,"menu_order":0,"comment_status":"closed","ping_status":"closed","template":"","meta":{"footnotes":""},"class_list":["post-1267","page","type-page","status-publish","hentry"],"_links":{"self":[{"href":"https:\/\/www.konstkluster.se\/konstforening\/wp-json\/wp\/v2\/pages\/1267","targetHints":{"allow":["GET"]}}],"collection":[{"href":"https:\/\/www.konstkluster.se\/konstforening\/wp-json\/wp\/v2\/pages"}],"about":[{"href":"https:\/\/www.konstkluster.se\/konstforening\/wp-json\/wp\/v2\/types\/page"}],"author":[{"embeddable":true,"href":"https:\/\/www.konstkluster.se\/konstforening\/wp-json\/wp\/v2\/users\/2"}],"replies":[{"embeddable":true,"href":"https:\/\/www.konstkluster.se\/konstforening\/wp-json\/wp\/v2\/comments?post=1267"}],"version-history":[{"count":15,"href":"https:\/\/www.konstkluster.se\/konstforening\/wp-json\/wp\/v2\/pages\/1267\/revisions"}],"predecessor-version":[{"id":1354,"href":"https:\/\/www.konstkluster.se\/konstforening\/wp-json\/wp\/v2\/pages\/1267\/revisions\/1354"}],"wp:attachment":[{"href":"https:\/\/www.konstkluster.se\/konstforening\/wp-json\/wp\/v2\/media?parent=1267"}],"curies":[{"name":"wp","href":"https:\/\/api.w.org\/{rel}","templated":true}]}}